{"id":1927,"date":"2021-07-02T11:24:47","date_gmt":"2021-07-02T11:24:47","guid":{"rendered":"https:\/\/locaterisk.com\/?page_id=1927"},"modified":"2025-07-02T07:48:43","modified_gmt":"2025-07-02T07:48:43","slug":"about","status":"publish","type":"page","link":"https:\/\/locaterisk.com\/de\/about\/","title":{"rendered":"\u00dcber LocateRisk"},"content":{"rendered":"\n<div class=\"wp-block-lr-landing-header-container\"><div class=\"content\"><div class=\"content-container\"><p class=\"pre-headline\">\u00dcber LocateRisk<\/p><h1 class=\"headline\">High-Tech-Cybersecurity-Power f\u00fcr mehr Sicherheit<\/h1><p class=\"subline\">Weniger Angriffsfl\u00e4che von au\u00dfen, mehr Sicherheit nach Innen. Unsere hochaktuellen Cybersecurity-Analysen, -Monitorings und -Ratings beschleunigen den IT-Sicherheitsprozess von Unternehmen aller Branchen und helfen, Cyberrisiken effizient zu minimieren.<\/p><a id=\"landing-button-ghost\" class=\"pr-2\"><\/a><a id=\"landing-button\" class=\"pr-2\" target=\"\" href=\"#lr-contact-form\" rel=\"noopener\">Kontakt aufnehmen<\/a><\/div><\/div><\/div>\n\n\n\n<div class=\"wp-block-lr-image-text-module undefined light right\"><div class=\"content\"><div class=\"column-2 pad-right-128\"><h3>Unsere Mission<\/h3><h4>Wir transformieren den IT-Sicherheitsprozess<\/h4><p>Komplexe IT-Infrastrukturen und automatisierte Angriffe machen IT-Sicherheit zur Herkulesaufgabe. Dem Tempo und Ausma\u00df der Entwicklungen sind herk\u00f6mmliche Test- und Schutzma\u00dfnahmen nicht mehr gewachsen \u2013 die IT-Sicherheitslage ger\u00e4t au\u00dfer Kontrolle.<br><br>LocateRisk \u00e4ndert das. Unsere Analysen erfassen, bewerten und komprimieren die organisationsweite, externe IT-Angriffsfl\u00e4che in einem KPI-basierten Sicherheits-Score. Das macht die organisationsweite IT-Sicherheitslage transparent und hilft bei der schnellen Optimierung.<br><br>So behalten Sie ganze IT-Landschaften m\u00fchelos im Blick und k\u00f6nnen den Status mit einem Klick nachweisen.<\/p><a class=\"pr-4\" target=\"\" rel=\"noopener\"><\/a><\/div><div class=\"column-2\"><img decoding=\"async\" src=\"https:\/\/locaterisk.com\/wp-content\/uploads\/2022\/06\/LocateRisk-Beitrag-zur-IT-Sicherheit.png\" class=\"image\"\/><\/div><\/div><\/div>\n\n\n\n<div class=\"wp-block-lr-image-text-module undefined dark right\"><div class=\"content\"><div class=\"column-2 pad-right-128\"><h3>Wir sind LocateRisk<\/h3><h4>Lernen Sie das Core-Team kennen<\/h4><p>Uns alle eint der Wille, die IT-Sicherheit in Deutschland voranzubringen.<\/p><a class=\"pr-4\" target=\"\" rel=\"noopener\"><\/a><\/div><div class=\"column-2\"><img class=\"image\"\/><\/div><\/div><\/div>\n\n\n<div class=\"wp-block-lr-image-text-module undefined dark left teamImage\">\n<div class=\"content\">\n<div class=\"column-2\"><img decoding=\"async\" class=\"image\" src=\"https:\/\/locaterisk.com\/wp-content\/uploads\/2021\/07\/Lukas_RundHellFrei-Kopie.png\" \/><\/div>\n<div class=\"column-2 pad-left-128\">\n<h3>Lukas Baumann<\/h3>\n<h4>Unser CEO und Gr\u00fcnder<\/h4>\n<p>Nicht lange fackeln, machen! \u2013 das ist seine Devise. Lukas hat 2018 angefangen die Technologie zu entwickeln und erste Partnerschaften aufzubauen. Seine Energie gepaart mit Wissen und Entschlossenheit macht ihn zum Treiber der Entwicklungen und begehrten Sparringspartner vieler Kunden. Als studierter Informatiker hat er gro\u00dfe Datenmengen sicher im Griff und transferiert komplexe Strukturen in kurze Prozesse.<\/p>\n<p><a class=\"pr-4\" href=\"https:\/\/www.linkedin.com\/in\/lukas-baumann-476aa9b2\/\" target=\"_blank\" rel=\"noopener\">LinkedIn<\/a><\/p>\n<\/div>\n<\/div>\n<\/div>\n\n\n<div class=\"wp-block-columns is-layout-flex wp-container-core-columns-is-layout-9d6595d7 wp-block-columns-is-layout-flex\">\n<div class=\"wp-block-column is-layout-flow wp-block-column-is-layout-flow\" style=\"flex-basis:100%\">\n<div class=\"wp-block-group\"><div class=\"wp-block-group__inner-container is-layout-flow wp-block-group-is-layout-flow\">\n<div class=\"wp-block-lr-image-text-module undefined dark right teamImage\"><div class=\"content\"><div class=\"column-2 pad-right-128\"><h3>Team Entwicklung<\/h3><h4>Peter <\/h4><p>Peter ist unser Experte f\u00fcr Entwicklung und IT Operation. Der studierte Informatiker besch\u00e4ftigt sich seit 10 Jahren mit modernen Tech-Stacks. Er leitet das Entwicklungs-Team bei LocateRisk und treibt die Weiterentwicklung unserer SaaS-Plattform voran.<\/p><a class=\"pr-4\" target=\"\" href=\"\" rel=\"noopener\"><\/a><\/div><div class=\"column-2\"><img decoding=\"async\" src=\"https:\/\/locaterisk.com\/wp-content\/uploads\/2021\/09\/Portrait_Peter_Beck-_700x700.png\" class=\"image\"\/><\/div><\/div><\/div>\n\n\n\n<div class=\"wp-block-lr-image-text-module undefined dark left teamImage\"><div class=\"content\"><div class=\"column-2\"><img decoding=\"async\" src=\"https:\/\/locaterisk.com\/wp-content\/uploads\/2021\/07\/Portrait_KristinaBreuer_700x700.png\" class=\"image\"\/><\/div><div class=\"column-2 pad-left-128\"><h3>Marketing &#038; Kommunikation<\/h3><h4>Kristina<\/h4><p>Kristina hat viele Jahre Konzepte und Kampagnen f\u00fcr Marken wie SICK AG, SAG, BASF, HPE, LEONI, BECHTLE, P&#038;G etc. entwickelt. Bis sie, begeistert von einem RHENUS Startup-Projekt, die Seiten wechselte. Jetzt h\u00e4lt sie bei uns die Marketingf\u00e4den in der Hand. Und sorgt gemeinsam mit Team Sales daf\u00fcr, dass jede Kundenreise ein durchweg positives Erlebnis wird.\n<p><a class=\"pr-4\" href=\"https:\/\/www.linkedin.com\/in\/kristina-breuer\/?originalSubdomain=de\" target=\"_blank\" rel=\"noopener\">LinkedIn<\/a><\/p>\n<\/div>\n<\/div>\n<\/div>\n<\/div><\/div>\n\n\n\n<div class=\"wp-block-lr-image-text-module undefined dark left\"><div class=\"content\"><div class=\"column-2\"><img decoding=\"async\" src=\"https:\/\/locaterisk.com\/wp-content\/uploads\/2020\/11\/Ziele.svg\" class=\"image\"><\/div><div class=\"column-2 pad-left-128\"><h3>Die LocateRisk Story<\/h3><p>Der Start von LocateRisk geht auf einen Hackathon der Sparkassen Versicherung in 2018 zur\u00fcck. Die Idee: eine Softwarel\u00f6sung zur Einsch\u00e4tzung von Cyber-Risiken im B2B-Kundenbereich zu realisieren. Das Ergebnis wurde mit dem ersten Platz pr\u00e4miert und die Leistung fortan im engen Austausch mit IT-Verantwortlichen weiterentwickelt.<br><br>Inzwischen ist die L\u00f6sung zu einer Cybersecurity Saas Plattform avanciert, die IT-Angriffsfl\u00e4chen analysiert und kontinuierlich \u00fcberpr\u00fcft. Zur Entlastung der Admins und beschleunigten Verbesserung der IT-Sicherheit, gibt es Supportfunktionen mit Handlungsempfehlungen sowie anschauliche Reports f\u00fcr das Management.<br><br>Auf diese Weise unterst\u00fctzen wir Organisationen aller Gr\u00f6\u00dfen \u2013 vom kleinen und mittelst\u00e4ndischen Unternehmen \u00fcber KRITIS-Betreiber und Ministerien bis zum Energiekonzern. Unser Ziel: Wir wollen das Bewusstsein f\u00fcr IT-Sicherheit sch\u00e4rfen und die Cyber-Resilienz privater und \u00f6ffentlicher Einrichtungen st\u00e4rken.<\/p><a class=\"pr-4\" target=\"\" rel=\"noopener\"><\/a><\/div><\/div><\/div>\n<\/div>\n<\/div>\n\n\n\n<div class=\"wp-block-group\"><div class=\"wp-block-group__inner-container is-layout-flow wp-block-group-is-layout-flow\">\n<div class=\"wp-block-columns is-layout-flex wp-container-core-columns-is-layout-9d6595d7 wp-block-columns-is-layout-flex\">\n<div class=\"wp-block-column is-vertically-aligned-center is-layout-flow wp-block-column-is-layout-flow\"><\/div>\n\n\n\n<div class=\"wp-block-column is-layout-flow wp-block-column-is-layout-flow\"><\/div>\n<\/div>\n<\/div><\/div>\n\n\n\n<div class=\"wp-block-lr-contact-post-module\">\n\t<div id=\"lr-contact-form\" class=\"wp-block-lr-contact-post-module\">\n\t\t<div id=\"formular\" class=\"content\">\n\t\t\t<div class=\"inner-content\">\n\t\t\t\t<div class=\"column-2 feature-mode\">\n\t\t\t\t\t<h2>Fragen Sie jetzt Ihre pers\u00f6nliche Live-Demo an<\/h2>\n\t\t\t\t\t\n\t\t\t\t\t\t\t\t\t\t\t\t\t<div>\n\t\t\t\t\t\t\t\t<p class=\"margin-b-36\">Erkennen und reduzieren Sie Ihre Cyberrisiken durch einen vergleichbaren und verst\u00e4ndlichen \u00dcberblick Ihrer IT-Sicherheit. Lassen Sie sich von unseren Experten beraten und finden Sie heraus, wie LocateRisk Ihnen bei der L\u00f6sung Ihrer Cyberrisiken helfen kann.<\/p>\n\t\t\t\t\t\t\t<\/div>\t\n\t\t\t\t\t\t\t\t\n\t\t\t\t\t\t\n\t\t\t\t\t\t\t\t\t<\/div> \n\t\t\t\t<div class=\"column-2\">\n\t\t\t\t\t<form action=\"\" class=\"form\" method=\"post\" role=\"form\" novalidate >\n\t\t\t\t\t\t<input type=\"text\" id=\"successmessage\" name=\"successmessage\" value=\"\" hidden\/>\n\t\t\t\t\t\t<input type=\"text\" id=\"errormessage\" name=\"errormessage\" value=\"\" hidden\/>\n\t\t\t\t\t\t<input type=\"text\" id=\"slug\" name=\"slug\" value=\"about\" hidden\/>\n\n\t\t\t\t\t\t\t\t\t\t\t\t\t<input\n\t\t\t\t\t\t\t\ttype=\"text\"\n\t\t\t\t\t\t\t\tid=\"name\"\n\t\t\t\t\t\t\t\tname=\"name\"\n\t\t\t\t\t\t\t\tplaceholder=\"Vorname\"\n\t\t\t\t\t\t\t\trequired \n\t\t\t\t\t\t\t\tmaxlength=\"50\"\/>\n\n\t\t\t\t\t\t\t<input\n\t\t\t\t\t\t\t\ttype=\"text\"\n\t\t\t\t\t\t\t\tid=\"surname\"\n\t\t\t\t\t\t\t\tname=\"surname\"\n\t\t\t\t\t\t\t\tplaceholder=\"Nachname\"\n\t\t\t\t\t\t\t\trequired\n\t\t\t\t\t\t\t\tmaxlength=\"50\"\/>\n\t\t\t\t\t\t\n\t\t\t\t\t\t<input\n\t\t\t\t\t\t\ttype=\"email\"\n\t\t\t\t\t\t\tid=\"email\"\n\t\t\t\t\t\t\tname=\"email\"\n\t\t\t\t\t\t\tplaceholder=\"E-Mail\"\n\t\t\t\t\t\t\trequired\n\t\t\t\t\t\t\tmaxlength=\"50\"\/>\n\n\t\t\t\t\t\t<input\n\t\t\t\t\t\t\ttype=\"text\"\n\t\t\t\t\t\t\tid=\"phone\"\n\t\t\t\t\t\t\tname=\"phone\"\n\t\t\t\t\t\t\tplaceholder=\"Telefon\"\n\t\t\t\t\t\t\trequired\n\t\t\t\t\t\t\tmaxlength=\"50\"\/>\n\t\t\t\t\t\t\t\n\t\t\t\t\t\t\t\t\t\t\t\t\n\t\t\t\t\t\t<h6 class=\"error-message\" hidden>...<\/h6>\n\t\t\t\t\t\t<div class=\"checkbox_container\">\n\t\t\t\t\t\t\t<div class=\"checkbox\">\n\t\t\t\t\t\t\t\t<input\n\t\t\t\t\t\t\t\t\ttype=\"checkbox\"\n\t\t\t\t\t\t\t\t\tid=\"checkbox\"\n\t\t\t\t\t\t\t\t\tname=\"checkbox\" \/>\n\n\t\t\t\t\t\t\t\t<label for=\"checkbox\"><\/label>\n\t\t\t\t\t\t\t<\/div>\n\t\t\t\t\t\t\t<p>Ich habe die <a href=\"https:\/\/locaterisk.com\/de\/datenschutz\/\" target=\"_blank\" rel=\"noreferrer noopener\">Datenschutzbestimmungen<\/a> gelesen<\/p> \n\t\t\t\t\t\t<\/div>\n\t\t\t\t\t\t\n\t\t\t\t\t<div class=\"g-recaptcha\" data-sitekey=\"6LdErNoZAAAAAD1Re2jNxtDFfcDaL9iED5MRBzjR\" data-callback=\"verifyRecaptchaCallback\" data-expired-callback=\"expiredRecaptchaCallback\"><\/div>\n\t\t\t\t\t<input type=\"hidden\" name=\"g-recaptcha-response\" data-recaptcha \/>\n\n\t\t\t\t\t\t<button class=\"lr-button-link\" type=\"submit\">Live-Demo-Termin vereinbaren<\/button>\n\t\t\t\t\t<\/form>\n\t\t\t\t<\/div>\n\t\t\t<\/div>\n\t\t<\/div>\n\t<\/div>\n\t\n\t<\/div>\n\n\n\n<hr class=\"wp-block-separator has-css-opacity is-style-wide\"\/>\n\n\n\n<div class=\"wp-block-lr-contact-module\"><div class=\"content\"><h2>Mehr erfahren, Demo buchen oder einfach mal kurz austauschen? Wir freuen uns!<\/h2><div class=\"contact-info-row\"><div class=\"contact-person-info\"><div class=\"avatar\"><img decoding=\"async\" src=\"https:\/\/locaterisk.com\/wp-content\/uploads\/2025\/06\/Lukas_Baumann_LocateRisk-300.png\"><\/div><p><span class=\"text before\">Ihr Ansprechpartner<\/span><span class=\"bold name\"><strong>Lukas<\/strong><\/span> <span class=\"lastname\"><strong>Baumann<strong><\/strong><\/strong><\/span><strong><strong><span class=\"separator\"><\/span><span class=\"role\">CEO<\/span><\/strong><\/strong><\/p><\/div><p class=\"bold phone\"><strong><strong>+49 6151 6290246<\/strong><\/strong><\/p><strong><strong><a class=\"pr-1\" href=\"mailto: sales@locaterisk.com\">Jetzt Kontakt aufnehmen<\/a><\/strong><\/strong><\/div><\/div><\/div>\n\n\n\n<p><\/p>\n\n\n\n<div class=\"wp-block-lr-footer-module lr-footer-block\"><div class=\"content\"><div class=\"column0\"><img decoding=\"async\" src=\"https:\/\/locaterisk.com\/wp-content\/plugins\/locate-risk-prod\/lr-blocks\/assets\/img\/lr-logo.svg\"\/><\/div><div class=\"categories\"><div class=\"categories-element\"><a class=\"pr-4\" href=\"https:\/\/locaterisk.com\/\">Home<\/a><\/div><div class=\"categories-element\"><a class=\"pr-4\" href=\"\/blog\">Blog<\/a><\/div><div class=\"categories-element\"><a class=\"pr-4\" href=\"\/about\">\u00dcber uns<\/a><\/div><div class=\"categories-element\"><a class=\"pr-4\" href=\"\/kontakt\">Kontakt<\/a><\/div><div class=\"categories-element\"><a class=\"pr-4\" href=\"\/impressum\">Impressum<\/a><\/div><div class=\"categories-break\"><\/div><div class=\"categories-element\"><a class=\"pr-4\" href=\"\/datenschutz\">Datenschutz<\/a><\/div><div class=\"categories-element\"><a class=\"pr-4\" href=\"\/files\/agb.pdf\">AGB<\/a><\/div><div class=\"categories-element\"><a class=\"pr-4\" href=\"\/jobs\">Jobs<\/a><\/div><div class=\"categories-element\"><a class=\"pr-4\" href=\"\/files\/sec-information.pdf\">Security<\/a><\/div><div class=\"categories-element\"><a class=\"pr-4\" href=\"https:\/\/app.secfix.com\/trust\/locaterisk\/d1e7d433b33643aea1880bfbfeab9f60\">Trust Center<\/a><\/div><\/div><div class=\"social\"><div class=\"social-element\"><a target=\"_blank\" href=\"https:\/\/www.linkedin.com\/company\/locaterisk\/\"><img decoding=\"async\" src=\"https:\/\/locaterisk.com\/wp-content\/uploads\/2020\/10\/gruppe-230@3x.png\"\/><\/a><\/div><div class=\"social-element\"><a target=\"_blank\" href=\"https:\/\/www.instagram.com\/locaterisk\/\"><img decoding=\"async\" src=\"https:\/\/locaterisk.com\/wp-content\/uploads\/2020\/11\/Instagram.png\"\/><\/a><\/div><div class=\"social-element\"><a target=\"_blank\" href=\"https:\/\/twitter.com\/locaterisk\"><img decoding=\"async\" src=\"https:\/\/locaterisk.com\/wp-content\/uploads\/2020\/11\/twitter.png\"\/><\/a><\/div><\/div><div class=\"description\"><h6>\u00a9 LocateRisk 2026<\/h6><\/div><\/div><\/div>\n","protected":false},"excerpt":{"rendered":"<p>Lukas Baumann Unser CEO und Gr\u00fcnder Nicht lange fackeln, machen! \u2013 das ist seine Devise. Lukas hat 2018 angefangen die Technologie zu entwickeln und erste Partnerschaften aufzubauen. Seine Energie gepaart mit Wissen und Entschlossenheit macht ihn zum Treiber der Entwicklungen und begehrten Sparringspartner vieler Kunden. Als studierter Informatiker hat er gro\u00dfe Datenmengen sicher im Griff [&hellip;]<\/p>\n","protected":false},"author":8,"featured_media":0,"parent":0,"menu_order":0,"comment_status":"closed","ping_status":"closed","template":"","meta":{"footnotes":""},"class_list":["post-1927","page","type-page","status-publish","hentry"],"yoast_head":"<!-- This site is optimized with the Yoast SEO plugin v27.4 - https:\/\/yoast.com\/product\/yoast-seo-wordpress\/ -->\n<title>\u00dcber LocateRisk - LocateRisk<\/title>\n<meta name=\"description\" content=\"Ihr Team f\u00fcr mehr IT-Sicherheit. Lernen Sie uns kennen. Wir sind ein Hightech-Unternehmen aus der Cybersecurity-Hochburg Darmstadt.\" \/>\n<meta name=\"robots\" content=\"index, follow, max-snippet:-1, max-image-preview:large, max-video-preview:-1\" \/>\n<link rel=\"canonical\" href=\"https:\/\/locaterisk.com\/de\/about\/\" \/>\n<meta property=\"og:locale\" content=\"de_DE\" \/>\n<meta property=\"og:type\" content=\"article\" \/>\n<meta property=\"og:title\" content=\"\u00dcber LocateRisk - LocateRisk\" \/>\n<meta property=\"og:description\" content=\"Ihr Team f\u00fcr mehr IT-Sicherheit. Lernen Sie uns kennen. Wir sind ein Hightech-Unternehmen aus der Cybersecurity-Hochburg Darmstadt.\" \/>\n<meta property=\"og:url\" content=\"https:\/\/locaterisk.com\/de\/about\/\" \/>\n<meta property=\"og:site_name\" content=\"LocateRisk\" \/>\n<meta property=\"article:modified_time\" content=\"2025-07-02T07:48:43+00:00\" \/>\n<meta property=\"og:image\" content=\"https:\/\/locaterisk.com\/wp-content\/uploads\/2022\/06\/LocateRisk-Beitrag-zur-IT-Sicherheit.png\" \/>\n<meta name=\"twitter:card\" content=\"summary_large_image\" \/>\n<meta name=\"twitter:label1\" content=\"Gesch\u00e4tzte Lesezeit\" \/>\n\t<meta name=\"twitter:data1\" content=\"6\u00a0Minuten\" \/>\n<script type=\"application\/ld+json\" class=\"yoast-schema-graph\">{\"@context\":\"https:\\\/\\\/schema.org\",\"@graph\":[{\"@type\":[\"WebPage\",\"AboutPage\"],\"@id\":\"https:\\\/\\\/locaterisk.com\\\/about\\\/\",\"url\":\"https:\\\/\\\/locaterisk.com\\\/about\\\/\",\"name\":\"\u00dcber LocateRisk - LocateRisk\",\"isPartOf\":{\"@id\":\"https:\\\/\\\/locaterisk.com\\\/de\\\/#website\"},\"primaryImageOfPage\":{\"@id\":\"https:\\\/\\\/locaterisk.com\\\/about\\\/#primaryimage\"},\"image\":{\"@id\":\"https:\\\/\\\/locaterisk.com\\\/about\\\/#primaryimage\"},\"thumbnailUrl\":\"https:\\\/\\\/locaterisk.com\\\/wp-content\\\/uploads\\\/2022\\\/06\\\/LocateRisk-Beitrag-zur-IT-Sicherheit.png\",\"datePublished\":\"2021-07-02T11:24:47+00:00\",\"dateModified\":\"2025-07-02T07:48:43+00:00\",\"description\":\"Ihr Team f\u00fcr mehr IT-Sicherheit. Lernen Sie uns kennen. Wir sind ein Hightech-Unternehmen aus der Cybersecurity-Hochburg Darmstadt.\",\"breadcrumb\":{\"@id\":\"https:\\\/\\\/locaterisk.com\\\/about\\\/#breadcrumb\"},\"inLanguage\":\"de\",\"potentialAction\":[{\"@type\":\"ReadAction\",\"target\":[\"https:\\\/\\\/locaterisk.com\\\/about\\\/\"]}]},{\"@type\":\"ImageObject\",\"inLanguage\":\"de\",\"@id\":\"https:\\\/\\\/locaterisk.com\\\/about\\\/#primaryimage\",\"url\":\"https:\\\/\\\/locaterisk.com\\\/wp-content\\\/uploads\\\/2022\\\/06\\\/LocateRisk-Beitrag-zur-IT-Sicherheit.png\",\"contentUrl\":\"https:\\\/\\\/locaterisk.com\\\/wp-content\\\/uploads\\\/2022\\\/06\\\/LocateRisk-Beitrag-zur-IT-Sicherheit.png\"},{\"@type\":\"BreadcrumbList\",\"@id\":\"https:\\\/\\\/locaterisk.com\\\/about\\\/#breadcrumb\",\"itemListElement\":[{\"@type\":\"ListItem\",\"position\":1,\"name\":\"Home\",\"item\":\"https:\\\/\\\/locaterisk.com\\\/\"},{\"@type\":\"ListItem\",\"position\":2,\"name\":\"\u00dcber LocateRisk\"}]},{\"@type\":\"WebSite\",\"@id\":\"https:\\\/\\\/locaterisk.com\\\/de\\\/#website\",\"url\":\"https:\\\/\\\/locaterisk.com\\\/de\\\/\",\"name\":\"LocateRisk\",\"description\":\"IT-Sicherheit messen und vergleichen\",\"publisher\":{\"@id\":\"https:\\\/\\\/locaterisk.com\\\/de\\\/#organization\"},\"potentialAction\":[{\"@type\":\"SearchAction\",\"target\":{\"@type\":\"EntryPoint\",\"urlTemplate\":\"https:\\\/\\\/locaterisk.com\\\/de\\\/?s={search_term_string}\"},\"query-input\":{\"@type\":\"PropertyValueSpecification\",\"valueRequired\":true,\"valueName\":\"search_term_string\"}}],\"inLanguage\":\"de\"},{\"@type\":\"Organization\",\"@id\":\"https:\\\/\\\/locaterisk.com\\\/de\\\/#organization\",\"name\":\"LocateRisk\",\"url\":\"https:\\\/\\\/locaterisk.com\\\/de\\\/\",\"logo\":{\"@type\":\"ImageObject\",\"inLanguage\":\"de\",\"@id\":\"https:\\\/\\\/locaterisk.com\\\/de\\\/#\\\/schema\\\/logo\\\/image\\\/\",\"url\":\"https:\\\/\\\/locaterisk.com\\\/wp-content\\\/uploads\\\/2020\\\/11\\\/Kettenglieder_V0216-9.jpg\",\"contentUrl\":\"https:\\\/\\\/locaterisk.com\\\/wp-content\\\/uploads\\\/2020\\\/11\\\/Kettenglieder_V0216-9.jpg\",\"width\":1920,\"height\":1080,\"caption\":\"LocateRisk\"},\"image\":{\"@id\":\"https:\\\/\\\/locaterisk.com\\\/de\\\/#\\\/schema\\\/logo\\\/image\\\/\"},\"sameAs\":[\"https:\\\/\\\/www.linkedin.com\\\/company\\\/locaterisk\\\/\"]}]}<\/script>\n<!-- \/ Yoast SEO plugin. -->","yoast_head_json":{"title":"\u00dcber LocateRisk - LocateRisk","description":"Ihr Team f\u00fcr mehr IT-Sicherheit. Lernen Sie uns kennen. Wir sind ein Hightech-Unternehmen aus der Cybersecurity-Hochburg Darmstadt.","robots":{"index":"index","follow":"follow","max-snippet":"max-snippet:-1","max-image-preview":"max-image-preview:large","max-video-preview":"max-video-preview:-1"},"canonical":"https:\/\/locaterisk.com\/de\/about\/","og_locale":"de_DE","og_type":"article","og_title":"\u00dcber LocateRisk - LocateRisk","og_description":"Ihr Team f\u00fcr mehr IT-Sicherheit. Lernen Sie uns kennen. Wir sind ein Hightech-Unternehmen aus der Cybersecurity-Hochburg Darmstadt.","og_url":"https:\/\/locaterisk.com\/de\/about\/","og_site_name":"LocateRisk","article_modified_time":"2025-07-02T07:48:43+00:00","og_image":[{"url":"https:\/\/locaterisk.com\/wp-content\/uploads\/2022\/06\/LocateRisk-Beitrag-zur-IT-Sicherheit.png","type":"","width":"","height":""}],"twitter_card":"summary_large_image","twitter_misc":{"Gesch\u00e4tzte Lesezeit":"6\u00a0Minuten"},"schema":{"@context":"https:\/\/schema.org","@graph":[{"@type":["WebPage","AboutPage"],"@id":"https:\/\/locaterisk.com\/about\/","url":"https:\/\/locaterisk.com\/about\/","name":"\u00dcber LocateRisk - LocateRisk","isPartOf":{"@id":"https:\/\/locaterisk.com\/de\/#website"},"primaryImageOfPage":{"@id":"https:\/\/locaterisk.com\/about\/#primaryimage"},"image":{"@id":"https:\/\/locaterisk.com\/about\/#primaryimage"},"thumbnailUrl":"https:\/\/locaterisk.com\/wp-content\/uploads\/2022\/06\/LocateRisk-Beitrag-zur-IT-Sicherheit.png","datePublished":"2021-07-02T11:24:47+00:00","dateModified":"2025-07-02T07:48:43+00:00","description":"Ihr Team f\u00fcr mehr IT-Sicherheit. Lernen Sie uns kennen. Wir sind ein Hightech-Unternehmen aus der Cybersecurity-Hochburg Darmstadt.","breadcrumb":{"@id":"https:\/\/locaterisk.com\/about\/#breadcrumb"},"inLanguage":"de","potentialAction":[{"@type":"ReadAction","target":["https:\/\/locaterisk.com\/about\/"]}]},{"@type":"ImageObject","inLanguage":"de","@id":"https:\/\/locaterisk.com\/about\/#primaryimage","url":"https:\/\/locaterisk.com\/wp-content\/uploads\/2022\/06\/LocateRisk-Beitrag-zur-IT-Sicherheit.png","contentUrl":"https:\/\/locaterisk.com\/wp-content\/uploads\/2022\/06\/LocateRisk-Beitrag-zur-IT-Sicherheit.png"},{"@type":"BreadcrumbList","@id":"https:\/\/locaterisk.com\/about\/#breadcrumb","itemListElement":[{"@type":"ListItem","position":1,"name":"Home","item":"https:\/\/locaterisk.com\/"},{"@type":"ListItem","position":2,"name":"\u00dcber LocateRisk"}]},{"@type":"WebSite","@id":"https:\/\/locaterisk.com\/de\/#website","url":"https:\/\/locaterisk.com\/de\/","name":"LocateRisk","description":"IT-Sicherheit messen und vergleichen","publisher":{"@id":"https:\/\/locaterisk.com\/de\/#organization"},"potentialAction":[{"@type":"SearchAction","target":{"@type":"EntryPoint","urlTemplate":"https:\/\/locaterisk.com\/de\/?s={search_term_string}"},"query-input":{"@type":"PropertyValueSpecification","valueRequired":true,"valueName":"search_term_string"}}],"inLanguage":"de"},{"@type":"Organization","@id":"https:\/\/locaterisk.com\/de\/#organization","name":"LocateRisk","url":"https:\/\/locaterisk.com\/de\/","logo":{"@type":"ImageObject","inLanguage":"de","@id":"https:\/\/locaterisk.com\/de\/#\/schema\/logo\/image\/","url":"https:\/\/locaterisk.com\/wp-content\/uploads\/2020\/11\/Kettenglieder_V0216-9.jpg","contentUrl":"https:\/\/locaterisk.com\/wp-content\/uploads\/2020\/11\/Kettenglieder_V0216-9.jpg","width":1920,"height":1080,"caption":"LocateRisk"},"image":{"@id":"https:\/\/locaterisk.com\/de\/#\/schema\/logo\/image\/"},"sameAs":["https:\/\/www.linkedin.com\/company\/locaterisk\/"]}]}},"_links":{"self":[{"href":"https:\/\/locaterisk.com\/de\/wp-json\/wp\/v2\/pages\/1927","targetHints":{"allow":["GET"]}}],"collection":[{"href":"https:\/\/locaterisk.com\/de\/wp-json\/wp\/v2\/pages"}],"about":[{"href":"https:\/\/locaterisk.com\/de\/wp-json\/wp\/v2\/types\/page"}],"author":[{"embeddable":true,"href":"https:\/\/locaterisk.com\/de\/wp-json\/wp\/v2\/users\/8"}],"replies":[{"embeddable":true,"href":"https:\/\/locaterisk.com\/de\/wp-json\/wp\/v2\/comments?post=1927"}],"version-history":[{"count":101,"href":"https:\/\/locaterisk.com\/de\/wp-json\/wp\/v2\/pages\/1927\/revisions"}],"predecessor-version":[{"id":6343,"href":"https:\/\/locaterisk.com\/de\/wp-json\/wp\/v2\/pages\/1927\/revisions\/6343"}],"wp:attachment":[{"href":"https:\/\/locaterisk.com\/de\/wp-json\/wp\/v2\/media?parent=1927"}],"curies":[{"name":"wp","href":"https:\/\/api.w.org\/{rel}","templated":true}]}}