{"id":2042,"date":"2021-07-21T11:43:25","date_gmt":"2021-07-21T11:43:25","guid":{"rendered":"https:\/\/locaterisk.com\/?page_id=2042"},"modified":"2026-01-05T12:22:39","modified_gmt":"2026-01-05T12:22:39","slug":"partner","status":"publish","type":"page","link":"https:\/\/locaterisk.com\/de\/partner\/","title":{"rendered":"Partner"},"content":{"rendered":"\n<div class=\"wp-block-lr-landing-header-container\"><div class=\"content\"><div class=\"content-container\"><p class=\"pre-headline\"><\/p><h1 class=\"headline\">Unsere Partner \u2013<br>Gemeinsam im Einsatz f\u00fcr mehr Cybersicherheit<\/h1><p class=\"subline\">Mit dem Aufbau eines starken Partner-Netzwerks erg\u00e4nzen wir die St\u00e4rken unserer Technologie und beschleunigen die IT-Sicherheitserfolge unserer Kunden. Zu unseren Partnern z\u00e4hlen renommierte, regionale und internationale Beratungsunternehmen, IT-Dienstleister und Managed Security Service Provider.<\/p><a id=\"landing-button-ghost\" class=\"pr-2\"><\/a><a id=\"landing-button\" class=\"pr-2\" target=\"\" href=\"#lr-contact-form\">Jetzt Partnerschaft anfragen<\/a><\/div><\/div><\/div>\n\n\n\n<p><\/p>\n\n\n\n<div class=\"wp-block-lr-partner-module\"><div class=\"content\"><div class=\"partner-row\"><div class=\"partner-column\"><div class=\"icon-container\"><img decoding=\"async\" src=\"https:\/\/locaterisk.com\/wp-content\/uploads\/2021\/07\/Bildschirmfoto-2021-07-30-um-11.29.44-Kopie.png\"\/><\/div><p class=\"partner-title\">metafinanz Business &#038; IT Consulting<\/p><p class=\"partner-description\">Die metafinanz IT-Sicherheitsexperten helfen im Gro\u00dfen wie im Kleinen. Ob bei der Analyse und Bewertung von Cyber-Risiken oder beim Aufbau und der Implementierung geeigneter Ma\u00dfnahmen und Prozessen in Ihrem Unternehmen.<br><br>Denn Cyberattacken oder Unachtsamkeit k\u00f6nnen schnell zu einer existenziellen Frage werden. Die beste Abwehr:\u00a0mehr Risikobewusstsein schaffen sowie wirksame technische L\u00f6sungen und optimierte Prozesse.<br>Auf Wunsch unterst\u00fctzt metafinanz Sie kompetent und praxisorientiert. Mit einzelnen Security-Leistungen oder mit einem 720\u00b0-Risk-&#038;-Security-Angebot.<\/p><div class=\"partner-link-container\"><div class=\"partner-link\"> <a href=\"https:\/\/metafinanz.de\/services\/risk-and-security\/\" target=\"_blank\" rel=\"noreferrer noopener\">Zur Website metafinanz Risk and Security<\/a><\/div><\/div><\/div><div class=\"partner-column\"><div class=\"icon-container\"><img decoding=\"async\" src=\"https:\/\/locaterisk.com\/wp-content\/uploads\/2024\/04\/Datagroup_logo.svg-300x133.png\"\/><\/div><p class=\"partner-title\">DATAGROUP Cyber Security<\/p><p class=\"partner-description\">Als Full Service Provider f\u00fcr mittelst\u00e4ndische und gro\u00dfe Unternehmen sowie \u00f6ffentliche Auftraggeber bietet die DATAGROUP alle Leistungen des IT-Betriebs aus einer Hand. Zu den Schwerpunkten z\u00e4hlen das Konzipieren, Implementieren und Betreiben von IT-Infrastrukturen und Business-Applikationen. Zudem liegt der Fokus des Unternehmens auf K\u00fcnstlicher Intelligenz, Cloud-Services und Cybersicherheit.<br><br>DATAGROUP Security Services bietet zus\u00e4tzlichen Schutz vor Bedrohungen und Hackern: durch hochwirksame, ganzheitliche Sicherheitskonzepte sind Sie Angreifern einen Schritt voraus. \u200b<\/p><div class=\"partner-link-container\"><div class=\"partner-link\"><a href=\"https:\/\/www.datagroup.de\/leistungen\/it-outsourcing\/security-services\/\" target=\"_blank\" rel=\"noreferrer noopener\">Zur Website DATAGROUP Security Services<\/a><\/div><\/div><\/div><\/div><\/div><\/div>\n\n\n\n<div class=\"wp-block-lr-logo4-module\"><div class=\"content\"><div class=\"content-row\"><div class=\"logo-container\"><a href=\"https:\/\/dss-connect.de\/\" target=\"_blank\"><img decoding=\"async\" src=\"https:\/\/locaterisk.com\/wp-content\/uploads\/2022\/05\/DSS.png\"\/><\/a><\/div><div class=\"logo-container\"><a href=\"https:\/\/www.fornax.biz\/\" target=\"_blank\"><img decoding=\"async\" src=\"https:\/\/locaterisk.com\/wp-content\/uploads\/2022\/05\/Fornax.png\"\/><\/a><\/div><div class=\"logo-container\"><a href=\"https:\/\/dokumenta.de\/\" target=\"_blank\"><img decoding=\"async\" src=\"https:\/\/locaterisk.com\/wp-content\/uploads\/2023\/02\/Documenta_Logo.png\"\/><\/a><\/div><div class=\"logo-container\"><a href=\"https:\/\/smartsecgmbh.de\/\" target=\"_blank\"><img decoding=\"async\" src=\"https:\/\/locaterisk.com\/wp-content\/uploads\/2022\/05\/SmartSec.png\"\/><\/a><\/div><\/div><\/div><\/div>\n\n\n\n<div class=\"wp-block-lr-logo4-module\"><div class=\"content\"><div class=\"content-row\"><div class=\"logo-container\"><a href=\"https:\/\/www.ibykus.de\/\" target=\"_blank\"><img decoding=\"async\" src=\"https:\/\/locaterisk.com\/wp-content\/uploads\/2022\/01\/Ibykus-Logo.png\"\/><\/a><\/div><div class=\"logo-container\"><a href=\"https:\/\/www.isec.gmbh\/\" target=\"_blank\"><img decoding=\"async\" src=\"https:\/\/locaterisk.com\/wp-content\/uploads\/2025\/02\/Isec-GmbH-3.png\"\/><\/a><\/div><div class=\"logo-container\"><a href=\"https:\/\/www.neumeier-edv.de\/\" target=\"_blank\"><img decoding=\"async\" src=\"https:\/\/locaterisk.com\/wp-content\/uploads\/2022\/01\/neumeier-AG-Logo.png\"\/><\/a><\/div><div class=\"logo-container\"><a href=\"https:\/\/www.pegreen.de\/\" target=\"_blank\"><img decoding=\"async\" src=\"https:\/\/locaterisk.com\/wp-content\/uploads\/2024\/10\/peg-reworkes-logo-2.png\"\/><\/a><\/div><\/div><\/div><\/div>\n\n\n\n<div class=\"wp-block-lr-logo4-module\"><div class=\"content\"><div class=\"content-row\"><div class=\"logo-container\"><a href=\"https:\/\/www.netz16.de\/\" target=\"_blank\"><img decoding=\"async\" src=\"https:\/\/locaterisk.com\/wp-content\/uploads\/2022\/05\/Netz16_Logo.png\"\/><\/a><\/div><div class=\"logo-container\"><a href=\"https:\/\/www.protektis.de\/\" target=\"_blank\"><img decoding=\"async\" src=\"https:\/\/locaterisk.com\/wp-content\/uploads\/2022\/05\/Protektis.png\"\/><\/a><\/div><div class=\"logo-container\"><a href=\"https:\/\/list-lohr.de\/\" target=\"_blank\"><img decoding=\"async\" src=\"https:\/\/locaterisk.com\/wp-content\/uploads\/2022\/05\/List_Lohr.png\"\/><\/a><\/div><div class=\"logo-container\"><a href=\"https:\/\/www.protectyourit.de\/\" target=\"_blank\"><img decoding=\"async\" src=\"https:\/\/locaterisk.com\/wp-content\/uploads\/2022\/05\/ProtectYourIT_Logo.png\"\/><\/a><\/div><\/div><\/div><\/div>\n\n\n\n<div class=\"wp-block-lr-logo4-module\"><div class=\"content\"><div class=\"content-row\"><div class=\"logo-container\"><a href=\"https:\/\/intargia.com\/\" target=\"_blank\"><img decoding=\"async\" src=\"https:\/\/locaterisk.com\/wp-content\/uploads\/2023\/06\/Intargia_Logo-1.png\"\/><\/a><\/div><div class=\"logo-container\"><a href=\"https:\/\/www.consecur.de\/\" target=\"_blank\"><img decoding=\"async\" src=\"https:\/\/locaterisk.com\/wp-content\/uploads\/2023\/06\/ConSecur.png\"\/><\/a><\/div><div class=\"logo-container\"><a href=\"https:\/\/alphasolid.de\/\" target=\"_blank\"><img decoding=\"async\" src=\"https:\/\/locaterisk.com\/wp-content\/uploads\/2023\/06\/Aplphasolid-1.png\"\/><\/a><\/div><div class=\"logo-container\"><a href=\"https:\/\/www.cio-solutions.de\/\" target=\"_blank\"><img decoding=\"async\" src=\"https:\/\/locaterisk.com\/wp-content\/uploads\/2025\/02\/CIO-Solutions-Logo.png\"\/><\/a><\/div><\/div><\/div><\/div>\n\n\n\n<div class=\"wp-block-lr-logo4-module\"><div class=\"content\"><div class=\"content-row\"><div class=\"logo-container\"><a href=\"https:\/\/www.m8it.io\/\" target=\"_blank\"><img decoding=\"async\" src=\"https:\/\/locaterisk.com\/wp-content\/uploads\/2025\/05\/m8IT-Logo.jpg\"\/><\/a><\/div><div class=\"logo-container\"><a href=\"https:\/\/www.enbw.com\/cyber-security\/\" target=\"_blank\"><img decoding=\"async\" src=\"https:\/\/locaterisk.com\/wp-content\/uploads\/2025\/05\/EnBW-Cyber-Security-Loho.jpg\"\/><\/a><\/div><div class=\"logo-container\"><a href=\"https:\/\/www.lan-security.de\/\" target=\"_blank\"><img decoding=\"async\" src=\"https:\/\/locaterisk.com\/wp-content\/uploads\/2025\/05\/LAN-Security-Logo.jpg\"\/><\/a><\/div><div class=\"logo-container\"><a href=\"https:\/\/www.nexia.de\/services\/unternehmensberatung\/cyber-advisory-services\" target=\"_blank\"><img decoding=\"async\" src=\"https:\/\/locaterisk.com\/wp-content\/uploads\/2025\/09\/Nexia-Logo.jpg\"\/><\/a><\/div><\/div><\/div><\/div>\n\n\n\n<div class=\"wp-block-lr-logo4-module\"><div class=\"content\"><div class=\"content-row\"><div class=\"logo-container\"><a href=\"https:\/\/www.cc-it.de\/\" target=\"_blank\"><img decoding=\"async\" src=\"https:\/\/locaterisk.com\/wp-content\/uploads\/2025\/12\/CC-IT-Logo-1.jpg\"\/><\/a><\/div><div class=\"logo-container\"><a href=\"https:\/\/www.auxiliumcybersec.com\/\" target=\"_blank\"><img decoding=\"async\" src=\"https:\/\/locaterisk.com\/wp-content\/uploads\/2025\/12\/Auxilium-Logo-1.jpg\"\/><\/a><\/div><div class=\"logo-container\"><a href=\"https:\/\/prime-telecom.de\/\" target=\"_blank\"><img decoding=\"async\" src=\"https:\/\/locaterisk.com\/wp-content\/uploads\/2026\/01\/Partner-von-LocaterRisk-\u2013-PrimeTelecom.png\"\/><\/a><\/div><div class=\"logo-container\"><a target=\"_blank\"><img decoding=\"async\" src=\"https:\/\/locaterisk.com\/wp-content\/uploads\/2025\/05\/V2-Website-Partner-Referenz-Logos-Screenshot-einpassen-1768-x-490.jpg\"\/><\/a><\/div><\/div><\/div><\/div>\n\n\n\n<div class=\"wp-block-lr-contact-post-module\">\n\t<div id=\"lr-contact-form\" class=\"wp-block-lr-contact-post-module\">\n\t\t<div id=\"formular\" class=\"content\">\n\t\t\t<div class=\"inner-content\">\n\t\t\t\t<div class=\"column-2 feature-mode\">\n\t\t\t\t\t<h2>Jetzt als Partner bewerben<\/h2>\n\t\t\t\t\t\n\t\t\t\t\t\t\t\t\t\t\t\t\t<div>\n\t\t\t\t\t\t\t\t<p class=\"margin-b-36\">Sie bieten Services, L\u00f6sungen oder Technologien, die helfen die Cybersicherheit von Unternehmen effizient voranzutreiben? Dann sollten wir miteinander reden. Wir bauen unser Netzwerk mit IT-Sicherheitsexperten und Technologiepartnern aktiv aus und freuen uns auf Ihre Anfrage!<\/p>\n\t\t\t\t\t\t\t<\/div>\t\n\t\t\t\t\t\t\t\t\n\t\t\t\t\t\t\t\t\t\t\t\t\t<div class=\"feature-containers\">\n\t\t\t\t\t\t\t\t\t\t\t\t\t\t\t\t\t<div class=\"feature-container\">\n\t\t\t\t\t\t\t\t\t\t<div class=\"icon-container\">\n\t\t\t\t\t\t\t\t\t\t\t<img decoding=\"async\" src=\"https:\/\/locaterisk.com\/wp-content\/plugins\/locate-risk-prod\/lr-blocks\/contact-post-module\/img\/check@3x.png\"\/>\n\t\t\t\t\t\t\t\t\t\t<\/div>\n\t\t\t\t\t\t\t\t\t\t<div class=\"feature-text\">\n\t\t\t\t\t\t\t\t\t\t\t<p class=\"feature-title\">Nutzen Sie die M\u00f6glichkeit, eigene Angebote zu erweitern und Ihre Rentabilit\u00e4t mit LocateRisk L\u00f6sungen zu steigern<\/p>\n\t\t\t\t\t\t\t\t\t\t<\/div>\n\t\t\t\t\t\t\t\t\t<\/div>\n\t\t\t\t\t\t\t\t\t\t\t\t\t\t\t\t\t<div class=\"feature-container\">\n\t\t\t\t\t\t\t\t\t\t<div class=\"icon-container\">\n\t\t\t\t\t\t\t\t\t\t\t<img decoding=\"async\" src=\"https:\/\/locaterisk.com\/wp-content\/plugins\/locate-risk-prod\/lr-blocks\/contact-post-module\/img\/check@3x.png\"\/>\n\t\t\t\t\t\t\t\t\t\t<\/div>\n\t\t\t\t\t\t\t\t\t\t<div class=\"feature-text\">\n\t\t\t\t\t\t\t\t\t\t\t<p class=\"feature-title\">Kostenfreie Online-Team-Schulungen f\u00fcr einen schnellen und nachhaltigen Verkaufserfolg<\/p>\n\t\t\t\t\t\t\t\t\t\t<\/div>\n\t\t\t\t\t\t\t\t\t<\/div>\n\t\t\t\t\t\t\t\t\t\t\t\t\t\t\t\t\t<div class=\"feature-container\">\n\t\t\t\t\t\t\t\t\t\t<div class=\"icon-container\">\n\t\t\t\t\t\t\t\t\t\t\t<img decoding=\"async\" src=\"https:\/\/locaterisk.com\/wp-content\/plugins\/locate-risk-prod\/lr-blocks\/contact-post-module\/img\/check@3x.png\"\/>\n\t\t\t\t\t\t\t\t\t\t<\/div>\n\t\t\t\t\t\t\t\t\t\t<div class=\"feature-text\">\n\t\t\t\t\t\t\t\t\t\t\t<p class=\"feature-title\">Co-Marketing- und Salesmaterial f\u00fcr Social Media Posts, ADs, Newsletter und vieles mehr<\/p>\n\t\t\t\t\t\t\t\t\t\t<\/div>\n\t\t\t\t\t\t\t\t\t<\/div>\n\t\t\t\t\t\t\t\t\t\t\t\t\t\t\t<\/div>\n\t\t\t\t\t\t\n\t\t\t\t\t\t\t\t\t<\/div> \n\t\t\t\t<div class=\"column-2\">\n\t\t\t\t\t<form action=\"\" class=\"form\" method=\"post\" role=\"form\" novalidate >\n\t\t\t\t\t\t<input type=\"text\" id=\"successmessage\" name=\"successmessage\" value=\"\" hidden\/>\n\t\t\t\t\t\t<input type=\"text\" id=\"errormessage\" name=\"errormessage\" value=\"\" hidden\/>\n\t\t\t\t\t\t<input type=\"text\" id=\"slug\" name=\"slug\" value=\"partner\" hidden\/>\n\n\t\t\t\t\t\t\t\t\t\t\t\t\t<input\n\t\t\t\t\t\t\t\ttype=\"text\"\n\t\t\t\t\t\t\t\tid=\"name\"\n\t\t\t\t\t\t\t\tname=\"name\"\n\t\t\t\t\t\t\t\tplaceholder=\"Vorname\"\n\t\t\t\t\t\t\t\trequired \n\t\t\t\t\t\t\t\tmaxlength=\"50\"\/>\n\n\t\t\t\t\t\t\t<input\n\t\t\t\t\t\t\t\ttype=\"text\"\n\t\t\t\t\t\t\t\tid=\"surname\"\n\t\t\t\t\t\t\t\tname=\"surname\"\n\t\t\t\t\t\t\t\tplaceholder=\"Nachname\"\n\t\t\t\t\t\t\t\trequired\n\t\t\t\t\t\t\t\tmaxlength=\"50\"\/>\n\t\t\t\t\t\t\n\t\t\t\t\t\t<input\n\t\t\t\t\t\t\ttype=\"email\"\n\t\t\t\t\t\t\tid=\"email\"\n\t\t\t\t\t\t\tname=\"email\"\n\t\t\t\t\t\t\tplaceholder=\"E-Mail\"\n\t\t\t\t\t\t\trequired\n\t\t\t\t\t\t\tmaxlength=\"50\"\/>\n\n\t\t\t\t\t\t<input\n\t\t\t\t\t\t\ttype=\"text\"\n\t\t\t\t\t\t\tid=\"phone\"\n\t\t\t\t\t\t\tname=\"phone\"\n\t\t\t\t\t\t\tplaceholder=\"Telefon\"\n\t\t\t\t\t\t\trequired\n\t\t\t\t\t\t\tmaxlength=\"50\"\/>\n\t\t\t\t\t\t\t\n\t\t\t\t\t\t\t\t\t\t\t\t\n\t\t\t\t\t\t<h6 class=\"error-message\" hidden>...<\/h6>\n\t\t\t\t\t\t<div class=\"checkbox_container\">\n\t\t\t\t\t\t\t<div class=\"checkbox\">\n\t\t\t\t\t\t\t\t<input\n\t\t\t\t\t\t\t\t\ttype=\"checkbox\"\n\t\t\t\t\t\t\t\t\tid=\"checkbox\"\n\t\t\t\t\t\t\t\t\tname=\"checkbox\" \/>\n\n\t\t\t\t\t\t\t\t<label for=\"checkbox\"><\/label>\n\t\t\t\t\t\t\t<\/div>\n\t\t\t\t\t\t\t<p>Ich bin mit den <a href=\"https:\/\/locaterisk.com\/de\/datenschutz\/\" target=\"_blank\" rel=\"noreferrer noopener\">Datenschutzbestimmungen<\/a> einverstanden<\/p> \n\t\t\t\t\t\t<\/div>\n\t\t\t\t\t\t\n\t\t\t\t\t<div class=\"g-recaptcha\" data-sitekey=\"6LdErNoZAAAAAD1Re2jNxtDFfcDaL9iED5MRBzjR\" data-callback=\"verifyRecaptchaCallback\" data-expired-callback=\"expiredRecaptchaCallback\"><\/div>\n\t\t\t\t\t<input type=\"hidden\" name=\"g-recaptcha-response\" data-recaptcha \/>\n\n\t\t\t\t\t\t<button class=\"lr-button-link\" type=\"submit\">Partnerschaft anfragen<\/button>\n\t\t\t\t\t<\/form>\n\t\t\t\t<\/div>\n\t\t\t<\/div>\n\t\t<\/div>\n\t<\/div>\n\t\n\t<\/div>\n\n\n\n<hr class=\"wp-block-separator has-css-opacity is-style-wide\"\/>\n\n\n\n<div class=\"wp-block-lr-contact-module\"><div class=\"content\"><h2>Mehr erfahren, Demo buchen oder einfach mal kurz austauschen? Wir freuen uns!<\/h2><div class=\"contact-info-row\"><div class=\"contact-person-info\"><div class=\"avatar\"><img decoding=\"async\" src=\"https:\/\/locaterisk.com\/wp-content\/uploads\/2025\/06\/Lukas_Baumann_LocateRisk-300.png\"><\/div><p><span class=\"text before\">Ihr Ansprechpartner<\/span><span class=\"bold name\"><strong>Lukas<\/strong><\/span> <span class=\"lastname\"><strong>Baumann<strong><\/strong><\/strong><\/span><strong><strong><span class=\"separator\"><\/span><span class=\"role\">CEO<\/span><\/strong><\/strong><\/p><\/div><p class=\"bold phone\"><strong><strong>+49 6151 6290246<\/strong><\/strong><\/p><strong><strong><a class=\"pr-1\" href=\"mailto: sales@locaterisk.com\">Jetzt Kontakt aufnehmen<\/a><\/strong><\/strong><\/div><\/div><\/div>\n\n\n\n<p><\/p>\n\n\n\n<div class=\"wp-block-lr-footer-module lr-footer-block\"><div class=\"content\"><div class=\"column0\"><img decoding=\"async\" src=\"https:\/\/locaterisk.com\/wp-content\/plugins\/locate-risk-prod\/lr-blocks\/assets\/img\/lr-logo.svg\"\/><\/div><div class=\"categories\"><div class=\"categories-element\"><a class=\"pr-4\" href=\"https:\/\/locaterisk.com\/\">Home<\/a><\/div><div class=\"categories-element\"><a class=\"pr-4\" href=\"\/blog\">Blog<\/a><\/div><div class=\"categories-element\"><a class=\"pr-4\" href=\"\/about\">\u00dcber uns<\/a><\/div><div class=\"categories-element\"><a class=\"pr-4\" href=\"\/kontakt\">Kontakt<\/a><\/div><div class=\"categories-element\"><a class=\"pr-4\" href=\"\/impressum\">Impressum<\/a><\/div><div class=\"categories-break\"><\/div><div class=\"categories-element\"><a class=\"pr-4\" href=\"\/datenschutz\">Datenschutz<\/a><\/div><div class=\"categories-element\"><a class=\"pr-4\" href=\"\/files\/agb.pdf\">AGB<\/a><\/div><div class=\"categories-element\"><a class=\"pr-4\" href=\"\/jobs\">Jobs<\/a><\/div><div class=\"categories-element\"><a class=\"pr-4\" href=\"\/files\/sec-information.pdf\">Security<\/a><\/div><div class=\"categories-element\"><a class=\"pr-4\" href=\"https:\/\/app.secfix.com\/trust\/locaterisk\/d1e7d433b33643aea1880bfbfeab9f60\">Trust Center<\/a><\/div><\/div><div class=\"social\"><div class=\"social-element\"><a target=\"_blank\" href=\"https:\/\/www.linkedin.com\/company\/locaterisk\/\"><img decoding=\"async\" src=\"https:\/\/locaterisk.com\/wp-content\/uploads\/2020\/10\/gruppe-230@3x.png\"\/><\/a><\/div><div class=\"social-element\"><a target=\"_blank\" href=\"https:\/\/www.instagram.com\/locaterisk\/\"><img decoding=\"async\" src=\"https:\/\/locaterisk.com\/wp-content\/uploads\/2020\/11\/Instagram.png\"\/><\/a><\/div><div class=\"social-element\"><a target=\"_blank\" href=\"https:\/\/twitter.com\/locaterisk\"><img decoding=\"async\" src=\"https:\/\/locaterisk.com\/wp-content\/uploads\/2020\/11\/twitter.png\"\/><\/a><\/div><\/div><div class=\"description\"><h6>\u00a9 LocateRisk 2026<\/h6><\/div><\/div><\/div>\n","protected":false},"excerpt":{"rendered":"","protected":false},"author":8,"featured_media":0,"parent":0,"menu_order":0,"comment_status":"closed","ping_status":"closed","template":"","meta":{"footnotes":""},"class_list":["post-2042","page","type-page","status-publish","hentry"],"yoast_head":"<!-- This site is optimized with the Yoast SEO plugin v27.4 - https:\/\/yoast.com\/product\/yoast-seo-wordpress\/ -->\n<title>Partner - LocateRisk<\/title>\n<meta name=\"description\" content=\"LocateRisk Partner sind renommierte IT-Serviceanbieter und Cybersecurity-Spezialisten, die Sie mit Expertise bei der Optimierung Ihrer IT-Sicherheit unterst\u00fctzen.\" \/>\n<meta name=\"robots\" content=\"index, follow, max-snippet:-1, max-image-preview:large, max-video-preview:-1\" \/>\n<link rel=\"canonical\" href=\"https:\/\/locaterisk.com\/de\/partner\/\" \/>\n<meta property=\"og:locale\" content=\"de_DE\" \/>\n<meta property=\"og:type\" content=\"article\" \/>\n<meta property=\"og:title\" content=\"Partner - LocateRisk\" \/>\n<meta property=\"og:description\" content=\"LocateRisk Partner sind renommierte IT-Serviceanbieter und Cybersecurity-Spezialisten, die Sie mit Expertise bei der Optimierung Ihrer IT-Sicherheit unterst\u00fctzen.\" \/>\n<meta property=\"og:url\" content=\"https:\/\/locaterisk.com\/de\/partner\/\" \/>\n<meta property=\"og:site_name\" content=\"LocateRisk\" \/>\n<meta property=\"article:modified_time\" content=\"2026-01-05T12:22:39+00:00\" \/>\n<meta property=\"og:image\" content=\"https:\/\/locaterisk.com\/wp-content\/uploads\/2021\/07\/Bildschirmfoto-2021-07-30-um-11.29.44-Kopie.png\" \/>\n<meta name=\"twitter:card\" content=\"summary_large_image\" \/>\n<meta name=\"twitter:label1\" content=\"Gesch\u00e4tzte Lesezeit\" \/>\n\t<meta name=\"twitter:data1\" content=\"9\u00a0Minuten\" \/>\n<script type=\"application\/ld+json\" class=\"yoast-schema-graph\">{\"@context\":\"https:\\\/\\\/schema.org\",\"@graph\":[{\"@type\":\"WebPage\",\"@id\":\"https:\\\/\\\/locaterisk.com\\\/partner\\\/\",\"url\":\"https:\\\/\\\/locaterisk.com\\\/partner\\\/\",\"name\":\"Partner - LocateRisk\",\"isPartOf\":{\"@id\":\"https:\\\/\\\/locaterisk.com\\\/de\\\/#website\"},\"primaryImageOfPage\":{\"@id\":\"https:\\\/\\\/locaterisk.com\\\/partner\\\/#primaryimage\"},\"image\":{\"@id\":\"https:\\\/\\\/locaterisk.com\\\/partner\\\/#primaryimage\"},\"thumbnailUrl\":\"https:\\\/\\\/locaterisk.com\\\/wp-content\\\/uploads\\\/2021\\\/07\\\/Bildschirmfoto-2021-07-30-um-11.29.44-Kopie.png\",\"datePublished\":\"2021-07-21T11:43:25+00:00\",\"dateModified\":\"2026-01-05T12:22:39+00:00\",\"description\":\"LocateRisk Partner sind renommierte IT-Serviceanbieter und Cybersecurity-Spezialisten, die Sie mit Expertise bei der Optimierung Ihrer IT-Sicherheit unterst\u00fctzen.\",\"breadcrumb\":{\"@id\":\"https:\\\/\\\/locaterisk.com\\\/partner\\\/#breadcrumb\"},\"inLanguage\":\"de\",\"potentialAction\":[{\"@type\":\"ReadAction\",\"target\":[\"https:\\\/\\\/locaterisk.com\\\/partner\\\/\"]}]},{\"@type\":\"ImageObject\",\"inLanguage\":\"de\",\"@id\":\"https:\\\/\\\/locaterisk.com\\\/partner\\\/#primaryimage\",\"url\":\"https:\\\/\\\/locaterisk.com\\\/wp-content\\\/uploads\\\/2021\\\/07\\\/Bildschirmfoto-2021-07-30-um-11.29.44-Kopie.png\",\"contentUrl\":\"https:\\\/\\\/locaterisk.com\\\/wp-content\\\/uploads\\\/2021\\\/07\\\/Bildschirmfoto-2021-07-30-um-11.29.44-Kopie.png\"},{\"@type\":\"BreadcrumbList\",\"@id\":\"https:\\\/\\\/locaterisk.com\\\/partner\\\/#breadcrumb\",\"itemListElement\":[{\"@type\":\"ListItem\",\"position\":1,\"name\":\"Home\",\"item\":\"https:\\\/\\\/locaterisk.com\\\/\"},{\"@type\":\"ListItem\",\"position\":2,\"name\":\"Partner\"}]},{\"@type\":\"WebSite\",\"@id\":\"https:\\\/\\\/locaterisk.com\\\/de\\\/#website\",\"url\":\"https:\\\/\\\/locaterisk.com\\\/de\\\/\",\"name\":\"LocateRisk\",\"description\":\"IT-Sicherheit messen und vergleichen\",\"publisher\":{\"@id\":\"https:\\\/\\\/locaterisk.com\\\/de\\\/#organization\"},\"potentialAction\":[{\"@type\":\"SearchAction\",\"target\":{\"@type\":\"EntryPoint\",\"urlTemplate\":\"https:\\\/\\\/locaterisk.com\\\/de\\\/?s={search_term_string}\"},\"query-input\":{\"@type\":\"PropertyValueSpecification\",\"valueRequired\":true,\"valueName\":\"search_term_string\"}}],\"inLanguage\":\"de\"},{\"@type\":\"Organization\",\"@id\":\"https:\\\/\\\/locaterisk.com\\\/de\\\/#organization\",\"name\":\"LocateRisk\",\"url\":\"https:\\\/\\\/locaterisk.com\\\/de\\\/\",\"logo\":{\"@type\":\"ImageObject\",\"inLanguage\":\"de\",\"@id\":\"https:\\\/\\\/locaterisk.com\\\/de\\\/#\\\/schema\\\/logo\\\/image\\\/\",\"url\":\"https:\\\/\\\/locaterisk.com\\\/wp-content\\\/uploads\\\/2020\\\/11\\\/Kettenglieder_V0216-9.jpg\",\"contentUrl\":\"https:\\\/\\\/locaterisk.com\\\/wp-content\\\/uploads\\\/2020\\\/11\\\/Kettenglieder_V0216-9.jpg\",\"width\":1920,\"height\":1080,\"caption\":\"LocateRisk\"},\"image\":{\"@id\":\"https:\\\/\\\/locaterisk.com\\\/de\\\/#\\\/schema\\\/logo\\\/image\\\/\"},\"sameAs\":[\"https:\\\/\\\/www.linkedin.com\\\/company\\\/locaterisk\\\/\"]}]}<\/script>\n<!-- \/ Yoast SEO plugin. -->","yoast_head_json":{"title":"Partner - LocateRisk","description":"LocateRisk Partner sind renommierte IT-Serviceanbieter und Cybersecurity-Spezialisten, die Sie mit Expertise bei der Optimierung Ihrer IT-Sicherheit unterst\u00fctzen.","robots":{"index":"index","follow":"follow","max-snippet":"max-snippet:-1","max-image-preview":"max-image-preview:large","max-video-preview":"max-video-preview:-1"},"canonical":"https:\/\/locaterisk.com\/de\/partner\/","og_locale":"de_DE","og_type":"article","og_title":"Partner - LocateRisk","og_description":"LocateRisk Partner sind renommierte IT-Serviceanbieter und Cybersecurity-Spezialisten, die Sie mit Expertise bei der Optimierung Ihrer IT-Sicherheit unterst\u00fctzen.","og_url":"https:\/\/locaterisk.com\/de\/partner\/","og_site_name":"LocateRisk","article_modified_time":"2026-01-05T12:22:39+00:00","og_image":[{"url":"https:\/\/locaterisk.com\/wp-content\/uploads\/2021\/07\/Bildschirmfoto-2021-07-30-um-11.29.44-Kopie.png","type":"","width":"","height":""}],"twitter_card":"summary_large_image","twitter_misc":{"Gesch\u00e4tzte Lesezeit":"9\u00a0Minuten"},"schema":{"@context":"https:\/\/schema.org","@graph":[{"@type":"WebPage","@id":"https:\/\/locaterisk.com\/partner\/","url":"https:\/\/locaterisk.com\/partner\/","name":"Partner - LocateRisk","isPartOf":{"@id":"https:\/\/locaterisk.com\/de\/#website"},"primaryImageOfPage":{"@id":"https:\/\/locaterisk.com\/partner\/#primaryimage"},"image":{"@id":"https:\/\/locaterisk.com\/partner\/#primaryimage"},"thumbnailUrl":"https:\/\/locaterisk.com\/wp-content\/uploads\/2021\/07\/Bildschirmfoto-2021-07-30-um-11.29.44-Kopie.png","datePublished":"2021-07-21T11:43:25+00:00","dateModified":"2026-01-05T12:22:39+00:00","description":"LocateRisk Partner sind renommierte IT-Serviceanbieter und Cybersecurity-Spezialisten, die Sie mit Expertise bei der Optimierung Ihrer IT-Sicherheit unterst\u00fctzen.","breadcrumb":{"@id":"https:\/\/locaterisk.com\/partner\/#breadcrumb"},"inLanguage":"de","potentialAction":[{"@type":"ReadAction","target":["https:\/\/locaterisk.com\/partner\/"]}]},{"@type":"ImageObject","inLanguage":"de","@id":"https:\/\/locaterisk.com\/partner\/#primaryimage","url":"https:\/\/locaterisk.com\/wp-content\/uploads\/2021\/07\/Bildschirmfoto-2021-07-30-um-11.29.44-Kopie.png","contentUrl":"https:\/\/locaterisk.com\/wp-content\/uploads\/2021\/07\/Bildschirmfoto-2021-07-30-um-11.29.44-Kopie.png"},{"@type":"BreadcrumbList","@id":"https:\/\/locaterisk.com\/partner\/#breadcrumb","itemListElement":[{"@type":"ListItem","position":1,"name":"Home","item":"https:\/\/locaterisk.com\/"},{"@type":"ListItem","position":2,"name":"Partner"}]},{"@type":"WebSite","@id":"https:\/\/locaterisk.com\/de\/#website","url":"https:\/\/locaterisk.com\/de\/","name":"LocateRisk","description":"IT-Sicherheit messen und vergleichen","publisher":{"@id":"https:\/\/locaterisk.com\/de\/#organization"},"potentialAction":[{"@type":"SearchAction","target":{"@type":"EntryPoint","urlTemplate":"https:\/\/locaterisk.com\/de\/?s={search_term_string}"},"query-input":{"@type":"PropertyValueSpecification","valueRequired":true,"valueName":"search_term_string"}}],"inLanguage":"de"},{"@type":"Organization","@id":"https:\/\/locaterisk.com\/de\/#organization","name":"LocateRisk","url":"https:\/\/locaterisk.com\/de\/","logo":{"@type":"ImageObject","inLanguage":"de","@id":"https:\/\/locaterisk.com\/de\/#\/schema\/logo\/image\/","url":"https:\/\/locaterisk.com\/wp-content\/uploads\/2020\/11\/Kettenglieder_V0216-9.jpg","contentUrl":"https:\/\/locaterisk.com\/wp-content\/uploads\/2020\/11\/Kettenglieder_V0216-9.jpg","width":1920,"height":1080,"caption":"LocateRisk"},"image":{"@id":"https:\/\/locaterisk.com\/de\/#\/schema\/logo\/image\/"},"sameAs":["https:\/\/www.linkedin.com\/company\/locaterisk\/"]}]}},"_links":{"self":[{"href":"https:\/\/locaterisk.com\/de\/wp-json\/wp\/v2\/pages\/2042","targetHints":{"allow":["GET"]}}],"collection":[{"href":"https:\/\/locaterisk.com\/de\/wp-json\/wp\/v2\/pages"}],"about":[{"href":"https:\/\/locaterisk.com\/de\/wp-json\/wp\/v2\/types\/page"}],"author":[{"embeddable":true,"href":"https:\/\/locaterisk.com\/de\/wp-json\/wp\/v2\/users\/8"}],"replies":[{"embeddable":true,"href":"https:\/\/locaterisk.com\/de\/wp-json\/wp\/v2\/comments?post=2042"}],"version-history":[{"count":72,"href":"https:\/\/locaterisk.com\/de\/wp-json\/wp\/v2\/pages\/2042\/revisions"}],"predecessor-version":[{"id":7203,"href":"https:\/\/locaterisk.com\/de\/wp-json\/wp\/v2\/pages\/2042\/revisions\/7203"}],"wp:attachment":[{"href":"https:\/\/locaterisk.com\/de\/wp-json\/wp\/v2\/media?parent=2042"}],"curies":[{"name":"wp","href":"https:\/\/api.w.org\/{rel}","templated":true}]}}