{"id":2716,"date":"2022-01-06T12:55:33","date_gmt":"2022-01-06T12:55:33","guid":{"rendered":"https:\/\/locaterisk.com\/?page_id=2716"},"modified":"2022-06-28T09:56:37","modified_gmt":"2022-06-28T09:56:37","slug":"case-study-mit-it-monitoring-in-richtung-sichere-stadt","status":"publish","type":"page","link":"https:\/\/locaterisk.com\/de\/case-study-mit-it-monitoring-in-richtung-sichere-stadt\/","title":{"rendered":"Case Study: Mit IT-Monitoring in Richtung sichere Stadt"},"content":{"rendered":"\n<h1 class=\"blog-title wp-block-heading\" id=\"case-study-mit-it-monitoring-in-richtung-sichere-stadt\"> Case Study: Mit IT-Monitoring in Richtung sichere Stadt <\/h1>\n\n\n\n<p>Sicherheit statt Blindflug: Das IT-Team einer Gro\u00dfstadt setzt auf IT-Monitoring zur Pr\u00e4vention und bringt mit regelm\u00e4\u00dfigen Schwachstellenanalysen die Angriffsfl\u00e4che unter Kontrolle. <\/p>\n\n\n<h3 style=\"text-align: left;\">Hintergrund<\/h3>\n<p>Den IT-Verantwortlichen einer hessischen Gro\u00dfstadt mit \u00fcber 1000 Angestellten ging es wie vielen anderen Administratoren in Beh\u00f6rden und \u00f6ffentlichen Einrichtungen. Sie erledigten ihre Arbeit gut und taten ihr Bestes, um alles sicher zu machen. Doch ob das ausreichend war, wussten sie nicht. Das lag unter anderem daran, dass die Sicht von au\u00dfen fehlte. Es gab keine verl\u00e4sslichen Informationen \u00fcber die IT-Sicherheitsleistung von Dienstleistern, wie beispielsweise Webserver-Betreibern. Somit blieben viele Schwachstellen unerkannt und die IT-Sicherheitslage im Dunkeln. Um das zu \u00e4ndern, sorgt das Admin-Team jetzt mit einem IT-Monitoring der extern zug\u00e4nglichen IT-Infrastruktur f\u00fcr Transparenz \u2013 und kann umgehend erste Erfolge verzeichnen.<\/p>\n<p>\u00a0<\/p>\n\n\n<div class=\"wp-block-columns is-layout-flex wp-container-core-columns-is-layout-9d6595d7 wp-block-columns-is-layout-flex\">\n<div class=\"wp-block-column is-layout-flow wp-block-column-is-layout-flow\" style=\"flex-basis:100%\">\n<div class=\"wp-block-group\"><div class=\"wp-block-group__inner-container is-layout-flow wp-block-group-is-layout-flow\">\n<div class=\"wp-block-columns is-layout-flex wp-container-core-columns-is-layout-9d6595d7 wp-block-columns-is-layout-flex\">\n<div class=\"wp-block-column is-layout-flow wp-block-column-is-layout-flow\" style=\"flex-basis:100%\">\n<div class=\"wp-block-group\"><div class=\"wp-block-group__inner-container is-layout-flow wp-block-group-is-layout-flow\"><div class=\"wp-block-image is-style-default\">\n<figure class=\"aligncenter size-full is-resized\"><img loading=\"lazy\" decoding=\"async\" src=\"https:\/\/locaterisk.com\/wp-content\/uploads\/2022\/01\/LocateRisk_Ampel.png\" alt=\"\" class=\"wp-image-2739\" width=\"840\" height=\"560\" srcset=\"https:\/\/locaterisk.com\/wp-content\/uploads\/2022\/01\/LocateRisk_Ampel.png 800w, https:\/\/locaterisk.com\/wp-content\/uploads\/2022\/01\/LocateRisk_Ampel-300x200.png 300w, https:\/\/locaterisk.com\/wp-content\/uploads\/2022\/01\/LocateRisk_Ampel-768x512.png 768w, https:\/\/locaterisk.com\/wp-content\/uploads\/2022\/01\/LocateRisk_Ampel-18x12.png 18w\" sizes=\"auto, (max-width: 840px) 100vw, 840px\" \/><\/figure><\/div><\/div><\/div>\n<\/div>\n<\/div>\n<\/div><\/div>\n<\/div>\n<\/div>\n\n\n\n<h3 class=\"wp-block-heading\" id=\"losung\">L\u00f6sung<\/h3>\n\n\n\n<p>Der erste LocateRisk Analysebericht war eine schmerzhafte \u00dcberraschung. \u201eEigentlich waren wir uns sicher\u201c, so der stellvertretende IT-Leiter. Das Ergebnis sei schon ein Nadelstich gewesen. Aber eben auch der Ansto\u00df, um die Gr\u00fcnde daf\u00fcr zu entdecken. Im ersten Schritt wurde der Hostinganbieter der st\u00e4dtischen Hauptdomain \u00fcber einen sicherheitskritischen Befund informiert. Dieser zeigte sich dankbar und optimierte umgehend, womit die zweite Analyse auch schon viel besser aussah. \u00c4hnlich verhielt es sich mit den Kollegen. Dank den Berichten konnten einzelne Schwachstellen, zum Beispiel im Applikationsbereich oder hinsichtlich gef\u00fcrchteter Schatten-IT, konkret thematisiert und optimiert werden.<\/p>\n\n\n\n<p>Die stadtpolitischen Entscheidungstr\u00e4ger \u00fcberzeugte vor allem die objektive Sicht auf die IT und die professionelle Aufbereitung der Daten. Um die Lage dauerhaft im Griff zu behalten, werden die Analysen nun regelm\u00e4\u00dfig als IT-Monitoring durchgef\u00fchrt. Damit die Menge der identifizierten Schwachstellen das Team nicht \u00fcberlasten, unterteilt die Leitung das Ergebnis in kleine Aufgaben und verteilt sie zur Optimierung an die entsprechenden Server-Betreuer.<\/p>\n\n\n\n<p><\/p>\n\n\n<div class=\"wp-block-image\">\n<figure class=\"aligncenter size-large is-resized\"><img loading=\"lazy\" decoding=\"async\" src=\"https:\/\/locaterisk.com\/wp-content\/uploads\/2022\/01\/CBildschirmfoto-2022-01-06-um-11.23-1024x547.png\" alt=\"\" class=\"wp-image-2734\" width=\"844\" height=\"451\" srcset=\"https:\/\/locaterisk.com\/wp-content\/uploads\/2022\/01\/CBildschirmfoto-2022-01-06-um-11.23-1024x547.png 1024w, https:\/\/locaterisk.com\/wp-content\/uploads\/2022\/01\/CBildschirmfoto-2022-01-06-um-11.23-300x160.png 300w, https:\/\/locaterisk.com\/wp-content\/uploads\/2022\/01\/CBildschirmfoto-2022-01-06-um-11.23-768x410.png 768w, https:\/\/locaterisk.com\/wp-content\/uploads\/2022\/01\/CBildschirmfoto-2022-01-06-um-11.23-18x10.png 18w, https:\/\/locaterisk.com\/wp-content\/uploads\/2022\/01\/CBildschirmfoto-2022-01-06-um-11.23.png 1080w\" sizes=\"auto, (max-width: 844px) 100vw, 844px\" \/><figcaption>IT-Monitoring Ergebnis-Report: Der interaktive Bericht liefert IT-Verantwortlichen detaillierte Informationen zu kritischen Funden sowie Handlungsempfehlungen zur Behebung. Dar\u00fcber hinaus beschleunigen n\u00fctzliche Funktionen wie ein integrierter Aktionsplan, eine automatische Ver\u00e4nderungserkennung mit E-Mail-Benachrichtigung und die Differenzfunktion den Optimierungsprozess.<\/figcaption><\/figure><\/div>\n\n\n<h3 class=\"wp-block-heading\" id=\"ergebnis\">Ergebnis<\/h3>\n\n\n\n<p>Die IT-Risikobewertungen aus externer Sicht werden als Baustein in das st\u00e4dtische IT-Sicherheitskonzept \u00fcbernommen. Das IT-Team nutzt die Ergebnisse als sportliche Herausforderung, um mit jedem Scan besser und damit sicherer zu werden. Nat\u00fcrlich ist allen klar, dass es keine hundertprozentige Sicherheit gibt. Doch mit jedem neuen Score steigt auch die Motivation. Dar\u00fcber hinaus werden die Berichte als Nachweis gegen\u00fcber Dritten, wie beispielsweise Cyberversicherungen, eingesetzt. Die Anwender berwerten die SaaS-Platform als besonders hilfreich im t\u00e4glichen Arbeitsprozess. \u201eDie nutzerfreundliche Oberfl\u00e4che \u00fcber alle Ebenen, von den Servern \u00fcber die Schwachstellen bis zu den Handlungsempfehlungen, beschleunigt die Arbeit und ist ein echter Mehrwert.\u201c<\/p>\n\n\n\n<p><\/p>\n\n\n\n<h3 class=\"wp-block-heading\">Mehr zum Thema<\/h3>\n\n\n\n<p><a href=\"https:\/\/locaterisk.com\/de\/it-sicherheit-kommunen\/\">Mehr IT-Sicherheit f\u00fcr Kommunen: Automatisierte Unterst\u00fctzung f\u00fcr IT-Verantwortliche<\/a><\/p>\n\n\n\n<p><\/p>\n\n\n\n<div class=\"wp-block-lr-blog-image-text-article-module blog-image-text-article\"><div class=\"content\"><div class=\"image\"><img decoding=\"async\" src=\"https:\/\/locaterisk.com\/wp-content\/uploads\/2022\/01\/LocateRisk_CaseStudy2_Zitat.png\"\/><\/div><h6><\/h6><\/div><\/div>\n\n\n\n<div class=\"wp-block-lr-contact-post-module\">\n\t<div id=\"lr-contact-form\" class=\"wp-block-lr-contact-post-module\">\n\t\t<div id=\"formular\" class=\"content\">\n\t\t\t<div class=\"inner-content\">\n\t\t\t\t<div class=\"column-2 feature-mode\">\n\t\t\t\t\t<h2>Fragen Sie jetzt Ihre pers\u00f6nliche Live-Demo an<\/h2>\n\t\t\t\t\t\n\t\t\t\t\t\t\t\t\t\t\t\t\t<div>\n\t\t\t\t\t\t\t\t<p class=\"margin-b-36\">Erkennen und reduzieren Sie Ihre Cyberrisiken durch einen vergleichbaren und verst\u00e4ndlichen \u00dcberblick Ihrer IT-Sicherheit. Lassen Sie sich von unseren Experten beraten und finden Sie heraus, wie LocateRisk Ihnen bei der L\u00f6sung Ihrer Cyberrisiken helfen kann.<\/p>\n\t\t\t\t\t\t\t<\/div>\t\n\t\t\t\t\t\t\t\t\n\t\t\t\t\t\t\n\t\t\t\t\t\t\t\t\t<\/div> \n\t\t\t\t<div class=\"column-2\">\n\t\t\t\t\t<form action=\"\" class=\"form\" method=\"post\" role=\"form\" novalidate >\n\t\t\t\t\t\t<input type=\"text\" id=\"successmessage\" name=\"successmessage\" value=\"\" hidden\/>\n\t\t\t\t\t\t<input type=\"text\" id=\"errormessage\" name=\"errormessage\" value=\"\" hidden\/>\n\t\t\t\t\t\t<input type=\"text\" id=\"slug\" name=\"slug\" value=\"case-study-mit-it-monitoring-in-richtung-sichere-stadt\" hidden\/>\n\n\t\t\t\t\t\t\t\t\t\t\t\t\t<input\n\t\t\t\t\t\t\t\ttype=\"text\"\n\t\t\t\t\t\t\t\tid=\"name\"\n\t\t\t\t\t\t\t\tname=\"name\"\n\t\t\t\t\t\t\t\tplaceholder=\"Vorname\"\n\t\t\t\t\t\t\t\trequired \n\t\t\t\t\t\t\t\tmaxlength=\"50\"\/>\n\n\t\t\t\t\t\t\t<input\n\t\t\t\t\t\t\t\ttype=\"text\"\n\t\t\t\t\t\t\t\tid=\"surname\"\n\t\t\t\t\t\t\t\tname=\"surname\"\n\t\t\t\t\t\t\t\tplaceholder=\"Nachname\"\n\t\t\t\t\t\t\t\trequired\n\t\t\t\t\t\t\t\tmaxlength=\"50\"\/>\n\t\t\t\t\t\t\n\t\t\t\t\t\t<input\n\t\t\t\t\t\t\ttype=\"email\"\n\t\t\t\t\t\t\tid=\"email\"\n\t\t\t\t\t\t\tname=\"email\"\n\t\t\t\t\t\t\tplaceholder=\"E-Mail\"\n\t\t\t\t\t\t\trequired\n\t\t\t\t\t\t\tmaxlength=\"50\"\/>\n\n\t\t\t\t\t\t<input\n\t\t\t\t\t\t\ttype=\"text\"\n\t\t\t\t\t\t\tid=\"phone\"\n\t\t\t\t\t\t\tname=\"phone\"\n\t\t\t\t\t\t\tplaceholder=\"Telefon\"\n\t\t\t\t\t\t\trequired\n\t\t\t\t\t\t\tmaxlength=\"50\"\/>\n\t\t\t\t\t\t\t\n\t\t\t\t\t\t\t\t\t\t\t\t\n\t\t\t\t\t\t<h6 class=\"error-message\" hidden>...<\/h6>\n\t\t\t\t\t\t<div class=\"checkbox_container\">\n\t\t\t\t\t\t\t<div class=\"checkbox\">\n\t\t\t\t\t\t\t\t<input\n\t\t\t\t\t\t\t\t\ttype=\"checkbox\"\n\t\t\t\t\t\t\t\t\tid=\"checkbox\"\n\t\t\t\t\t\t\t\t\tname=\"checkbox\" \/>\n\n\t\t\t\t\t\t\t\t<label for=\"checkbox\"><\/label>\n\t\t\t\t\t\t\t<\/div>\n\t\t\t\t\t\t\t<p>Ich habe die <a href=\"https:\/\/locaterisk.com\/de\/datenschutz\/\" target=\"_blank\" rel=\"noreferrer noopener\">Datenschutzbestimmungen<\/a> gelesen<\/p> \n\t\t\t\t\t\t<\/div>\n\t\t\t\t\t\t\n\t\t\t\t\t<div class=\"g-recaptcha\" data-sitekey=\"6LdErNoZAAAAAD1Re2jNxtDFfcDaL9iED5MRBzjR\" data-callback=\"verifyRecaptchaCallback\" data-expired-callback=\"expiredRecaptchaCallback\"><\/div>\n\t\t\t\t\t<input type=\"hidden\" name=\"g-recaptcha-response\" data-recaptcha \/>\n\n\t\t\t\t\t\t<button class=\"lr-button-link\" type=\"submit\">Live-Demo-Termin vereinbaren<\/button>\n\t\t\t\t\t<\/form>\n\t\t\t\t<\/div>\n\t\t\t<\/div>\n\t\t<\/div>\n\t<\/div>\n\t\n\t<\/div>\n\n\n\n<hr class=\"wp-block-separator has-css-opacity is-style-wide\"\/>\n\n\n\n<div class=\"wp-block-lr-contact-module\"><div class=\"content\"><h2>Mehr erfahren, Demo buchen oder einfach mal kurz austauschen? Wir freuen uns!<\/h2><div class=\"contact-info-row\"><div class=\"contact-person-info\"><div class=\"avatar\"><img decoding=\"async\" src=\"https:\/\/locaterisk.com\/wp-content\/uploads\/2025\/06\/Lukas_Baumann_LocateRisk-300.png\"><\/div><p><span class=\"text before\">Ihr Ansprechpartner<\/span><span class=\"bold name\"><strong>Lukas<\/strong><\/span> <span class=\"lastname\"><strong>Baumann<strong><\/strong><\/strong><\/span><strong><strong><span class=\"separator\"><\/span><span class=\"role\">CEO<\/span><\/strong><\/strong><\/p><\/div><p class=\"bold phone\"><strong><strong>+49 6151 6290246<\/strong><\/strong><\/p><strong><strong><a class=\"pr-1\" href=\"mailto: sales@locaterisk.com\">Jetzt Kontakt aufnehmen<\/a><\/strong><\/strong><\/div><\/div><\/div>\n\n\n\n<p><\/p>\n\n\n\n<div class=\"wp-block-lr-footer-module lr-footer-block\"><div class=\"content\"><div class=\"column0\"><img decoding=\"async\" src=\"https:\/\/locaterisk.com\/wp-content\/plugins\/locate-risk-prod\/lr-blocks\/assets\/img\/lr-logo.svg\"\/><\/div><div class=\"categories\"><div class=\"categories-element\"><a class=\"pr-4\" href=\"https:\/\/locaterisk.com\/\">Home<\/a><\/div><div class=\"categories-element\"><a class=\"pr-4\" href=\"\/blog\">Blog<\/a><\/div><div class=\"categories-element\"><a class=\"pr-4\" href=\"\/about\">\u00dcber uns<\/a><\/div><div class=\"categories-element\"><a class=\"pr-4\" href=\"\/kontakt\">Kontakt<\/a><\/div><div class=\"categories-element\"><a class=\"pr-4\" href=\"\/impressum\">Impressum<\/a><\/div><div class=\"categories-break\"><\/div><div class=\"categories-element\"><a class=\"pr-4\" href=\"\/datenschutz\">Datenschutz<\/a><\/div><div class=\"categories-element\"><a class=\"pr-4\" href=\"\/files\/agb.pdf\">AGB<\/a><\/div><div class=\"categories-element\"><a class=\"pr-4\" href=\"\/jobs\">Jobs<\/a><\/div><div class=\"categories-element\"><a class=\"pr-4\" href=\"\/files\/sec-information.pdf\">Security<\/a><\/div><div class=\"categories-element\"><a class=\"pr-4\" href=\"https:\/\/app.secfix.com\/trust\/locaterisk\/d1e7d433b33643aea1880bfbfeab9f60\">Trust Center<\/a><\/div><\/div><div class=\"social\"><div class=\"social-element\"><a target=\"_blank\" href=\"https:\/\/www.linkedin.com\/company\/locaterisk\/\"><img decoding=\"async\" src=\"https:\/\/locaterisk.com\/wp-content\/uploads\/2020\/10\/gruppe-230@3x.png\"\/><\/a><\/div><div class=\"social-element\"><a target=\"_blank\" href=\"https:\/\/www.instagram.com\/locaterisk\/\"><img decoding=\"async\" src=\"https:\/\/locaterisk.com\/wp-content\/uploads\/2020\/11\/Instagram.png\"\/><\/a><\/div><div class=\"social-element\"><a target=\"_blank\" href=\"https:\/\/twitter.com\/locaterisk\"><img decoding=\"async\" src=\"https:\/\/locaterisk.com\/wp-content\/uploads\/2020\/11\/twitter.png\"\/><\/a><\/div><\/div><div class=\"description\"><h6>\u00a9 LocateRisk 2026<\/h6><\/div><\/div><\/div>\n","protected":false},"excerpt":{"rendered":"<p>Case Study: Mit IT-Monitoring in Richtung sichere Stadt Sicherheit statt Blindflug: Das IT-Team einer Gro\u00dfstadt setzt auf IT-Monitoring zur Pr\u00e4vention und bringt mit regelm\u00e4\u00dfigen Schwachstellenanalysen die Angriffsfl\u00e4che unter Kontrolle. Hintergrund Den IT-Verantwortlichen einer hessischen Gro\u00dfstadt mit \u00fcber 1000 Angestellten ging es wie vielen anderen Administratoren in Beh\u00f6rden und \u00f6ffentlichen Einrichtungen. Sie erledigten ihre Arbeit gut [&hellip;]<\/p>\n","protected":false},"author":8,"featured_media":2739,"parent":0,"menu_order":0,"comment_status":"closed","ping_status":"closed","template":"","meta":{"footnotes":""},"class_list":["post-2716","page","type-page","status-publish","has-post-thumbnail","hentry"],"yoast_head":"<!-- This site is optimized with the Yoast SEO plugin v27.4 - https:\/\/yoast.com\/product\/yoast-seo-wordpress\/ -->\n<title>Case Study: Mit IT-Monitoring in Richtung sichere Stadt - LocateRisk<\/title>\n<meta name=\"description\" content=\"Case Study LocateRisk \u00b7 Wie IT-Monitoring das Admin-Team einer hessischen Gro\u00dfstadt beim Schutz der IT-Infrastruktur unterst\u00fctzt. Eine Erfolgsgeschichte.\" \/>\n<meta name=\"robots\" content=\"index, follow, max-snippet:-1, max-image-preview:large, max-video-preview:-1\" \/>\n<link rel=\"canonical\" href=\"https:\/\/locaterisk.com\/de\/case-study-mit-it-monitoring-in-richtung-sichere-stadt\/\" \/>\n<meta property=\"og:locale\" content=\"de_DE\" \/>\n<meta property=\"og:type\" content=\"article\" \/>\n<meta property=\"og:title\" content=\"Case Study: Mit IT-Monitoring in Richtung sichere Stadt - LocateRisk\" \/>\n<meta property=\"og:description\" content=\"Case Study LocateRisk \u00b7 Wie IT-Monitoring das Admin-Team einer hessischen Gro\u00dfstadt beim Schutz der IT-Infrastruktur unterst\u00fctzt. Eine Erfolgsgeschichte.\" \/>\n<meta property=\"og:url\" content=\"https:\/\/locaterisk.com\/de\/case-study-mit-it-monitoring-in-richtung-sichere-stadt\/\" \/>\n<meta property=\"og:site_name\" content=\"LocateRisk\" \/>\n<meta property=\"article:modified_time\" content=\"2022-06-28T09:56:37+00:00\" \/>\n<meta property=\"og:image\" content=\"https:\/\/locaterisk.com\/wp-content\/uploads\/2022\/01\/LocateRisk_Ampel.png\" \/>\n\t<meta property=\"og:image:width\" content=\"800\" \/>\n\t<meta property=\"og:image:height\" content=\"533\" \/>\n\t<meta property=\"og:image:type\" content=\"image\/png\" \/>\n<meta name=\"twitter:card\" content=\"summary_large_image\" \/>\n<meta name=\"twitter:label1\" content=\"Gesch\u00e4tzte Lesezeit\" \/>\n\t<meta name=\"twitter:data1\" content=\"3\u00a0Minuten\" \/>\n<script type=\"application\/ld+json\" class=\"yoast-schema-graph\">{\"@context\":\"https:\\\/\\\/schema.org\",\"@graph\":[{\"@type\":\"WebPage\",\"@id\":\"https:\\\/\\\/locaterisk.com\\\/case-study-mit-it-monitoring-in-richtung-sichere-stadt\\\/\",\"url\":\"https:\\\/\\\/locaterisk.com\\\/case-study-mit-it-monitoring-in-richtung-sichere-stadt\\\/\",\"name\":\"Case Study: Mit IT-Monitoring in Richtung sichere Stadt - LocateRisk\",\"isPartOf\":{\"@id\":\"https:\\\/\\\/locaterisk.com\\\/de\\\/#website\"},\"primaryImageOfPage\":{\"@id\":\"https:\\\/\\\/locaterisk.com\\\/case-study-mit-it-monitoring-in-richtung-sichere-stadt\\\/#primaryimage\"},\"image\":{\"@id\":\"https:\\\/\\\/locaterisk.com\\\/case-study-mit-it-monitoring-in-richtung-sichere-stadt\\\/#primaryimage\"},\"thumbnailUrl\":\"https:\\\/\\\/locaterisk.com\\\/wp-content\\\/uploads\\\/2022\\\/01\\\/LocateRisk_Ampel.png\",\"datePublished\":\"2022-01-06T12:55:33+00:00\",\"dateModified\":\"2022-06-28T09:56:37+00:00\",\"description\":\"Case Study LocateRisk \u00b7 Wie IT-Monitoring das Admin-Team einer hessischen Gro\u00dfstadt beim Schutz der IT-Infrastruktur unterst\u00fctzt. Eine Erfolgsgeschichte.\",\"breadcrumb\":{\"@id\":\"https:\\\/\\\/locaterisk.com\\\/case-study-mit-it-monitoring-in-richtung-sichere-stadt\\\/#breadcrumb\"},\"inLanguage\":\"de\",\"potentialAction\":[{\"@type\":\"ReadAction\",\"target\":[\"https:\\\/\\\/locaterisk.com\\\/case-study-mit-it-monitoring-in-richtung-sichere-stadt\\\/\"]}]},{\"@type\":\"ImageObject\",\"inLanguage\":\"de\",\"@id\":\"https:\\\/\\\/locaterisk.com\\\/case-study-mit-it-monitoring-in-richtung-sichere-stadt\\\/#primaryimage\",\"url\":\"https:\\\/\\\/locaterisk.com\\\/wp-content\\\/uploads\\\/2022\\\/01\\\/LocateRisk_Ampel.png\",\"contentUrl\":\"https:\\\/\\\/locaterisk.com\\\/wp-content\\\/uploads\\\/2022\\\/01\\\/LocateRisk_Ampel.png\",\"width\":800,\"height\":533,\"caption\":\"Photo by Moritz Kindler\\\/Unsplash\"},{\"@type\":\"BreadcrumbList\",\"@id\":\"https:\\\/\\\/locaterisk.com\\\/case-study-mit-it-monitoring-in-richtung-sichere-stadt\\\/#breadcrumb\",\"itemListElement\":[{\"@type\":\"ListItem\",\"position\":1,\"name\":\"Home\",\"item\":\"https:\\\/\\\/locaterisk.com\\\/\"},{\"@type\":\"ListItem\",\"position\":2,\"name\":\"Case Study: Mit IT-Monitoring in Richtung sichere Stadt\"}]},{\"@type\":\"WebSite\",\"@id\":\"https:\\\/\\\/locaterisk.com\\\/de\\\/#website\",\"url\":\"https:\\\/\\\/locaterisk.com\\\/de\\\/\",\"name\":\"LocateRisk\",\"description\":\"IT-Sicherheit messen und vergleichen\",\"publisher\":{\"@id\":\"https:\\\/\\\/locaterisk.com\\\/de\\\/#organization\"},\"potentialAction\":[{\"@type\":\"SearchAction\",\"target\":{\"@type\":\"EntryPoint\",\"urlTemplate\":\"https:\\\/\\\/locaterisk.com\\\/de\\\/?s={search_term_string}\"},\"query-input\":{\"@type\":\"PropertyValueSpecification\",\"valueRequired\":true,\"valueName\":\"search_term_string\"}}],\"inLanguage\":\"de\"},{\"@type\":\"Organization\",\"@id\":\"https:\\\/\\\/locaterisk.com\\\/de\\\/#organization\",\"name\":\"LocateRisk\",\"url\":\"https:\\\/\\\/locaterisk.com\\\/de\\\/\",\"logo\":{\"@type\":\"ImageObject\",\"inLanguage\":\"de\",\"@id\":\"https:\\\/\\\/locaterisk.com\\\/de\\\/#\\\/schema\\\/logo\\\/image\\\/\",\"url\":\"https:\\\/\\\/locaterisk.com\\\/wp-content\\\/uploads\\\/2020\\\/11\\\/Kettenglieder_V0216-9.jpg\",\"contentUrl\":\"https:\\\/\\\/locaterisk.com\\\/wp-content\\\/uploads\\\/2020\\\/11\\\/Kettenglieder_V0216-9.jpg\",\"width\":1920,\"height\":1080,\"caption\":\"LocateRisk\"},\"image\":{\"@id\":\"https:\\\/\\\/locaterisk.com\\\/de\\\/#\\\/schema\\\/logo\\\/image\\\/\"},\"sameAs\":[\"https:\\\/\\\/www.linkedin.com\\\/company\\\/locaterisk\\\/\"]}]}<\/script>\n<!-- \/ Yoast SEO plugin. -->","yoast_head_json":{"title":"Case Study: Mit IT-Monitoring in Richtung sichere Stadt - LocateRisk","description":"Case Study LocateRisk \u00b7 Wie IT-Monitoring das Admin-Team einer hessischen Gro\u00dfstadt beim Schutz der IT-Infrastruktur unterst\u00fctzt. Eine Erfolgsgeschichte.","robots":{"index":"index","follow":"follow","max-snippet":"max-snippet:-1","max-image-preview":"max-image-preview:large","max-video-preview":"max-video-preview:-1"},"canonical":"https:\/\/locaterisk.com\/de\/case-study-mit-it-monitoring-in-richtung-sichere-stadt\/","og_locale":"de_DE","og_type":"article","og_title":"Case Study: Mit IT-Monitoring in Richtung sichere Stadt - LocateRisk","og_description":"Case Study LocateRisk \u00b7 Wie IT-Monitoring das Admin-Team einer hessischen Gro\u00dfstadt beim Schutz der IT-Infrastruktur unterst\u00fctzt. Eine Erfolgsgeschichte.","og_url":"https:\/\/locaterisk.com\/de\/case-study-mit-it-monitoring-in-richtung-sichere-stadt\/","og_site_name":"LocateRisk","article_modified_time":"2022-06-28T09:56:37+00:00","og_image":[{"width":800,"height":533,"url":"https:\/\/locaterisk.com\/wp-content\/uploads\/2022\/01\/LocateRisk_Ampel.png","type":"image\/png"}],"twitter_card":"summary_large_image","twitter_misc":{"Gesch\u00e4tzte Lesezeit":"3\u00a0Minuten"},"schema":{"@context":"https:\/\/schema.org","@graph":[{"@type":"WebPage","@id":"https:\/\/locaterisk.com\/case-study-mit-it-monitoring-in-richtung-sichere-stadt\/","url":"https:\/\/locaterisk.com\/case-study-mit-it-monitoring-in-richtung-sichere-stadt\/","name":"Case Study: Mit IT-Monitoring in Richtung sichere Stadt - LocateRisk","isPartOf":{"@id":"https:\/\/locaterisk.com\/de\/#website"},"primaryImageOfPage":{"@id":"https:\/\/locaterisk.com\/case-study-mit-it-monitoring-in-richtung-sichere-stadt\/#primaryimage"},"image":{"@id":"https:\/\/locaterisk.com\/case-study-mit-it-monitoring-in-richtung-sichere-stadt\/#primaryimage"},"thumbnailUrl":"https:\/\/locaterisk.com\/wp-content\/uploads\/2022\/01\/LocateRisk_Ampel.png","datePublished":"2022-01-06T12:55:33+00:00","dateModified":"2022-06-28T09:56:37+00:00","description":"Case Study LocateRisk \u00b7 Wie IT-Monitoring das Admin-Team einer hessischen Gro\u00dfstadt beim Schutz der IT-Infrastruktur unterst\u00fctzt. Eine Erfolgsgeschichte.","breadcrumb":{"@id":"https:\/\/locaterisk.com\/case-study-mit-it-monitoring-in-richtung-sichere-stadt\/#breadcrumb"},"inLanguage":"de","potentialAction":[{"@type":"ReadAction","target":["https:\/\/locaterisk.com\/case-study-mit-it-monitoring-in-richtung-sichere-stadt\/"]}]},{"@type":"ImageObject","inLanguage":"de","@id":"https:\/\/locaterisk.com\/case-study-mit-it-monitoring-in-richtung-sichere-stadt\/#primaryimage","url":"https:\/\/locaterisk.com\/wp-content\/uploads\/2022\/01\/LocateRisk_Ampel.png","contentUrl":"https:\/\/locaterisk.com\/wp-content\/uploads\/2022\/01\/LocateRisk_Ampel.png","width":800,"height":533,"caption":"Photo by Moritz Kindler\/Unsplash"},{"@type":"BreadcrumbList","@id":"https:\/\/locaterisk.com\/case-study-mit-it-monitoring-in-richtung-sichere-stadt\/#breadcrumb","itemListElement":[{"@type":"ListItem","position":1,"name":"Home","item":"https:\/\/locaterisk.com\/"},{"@type":"ListItem","position":2,"name":"Case Study: Mit IT-Monitoring in Richtung sichere Stadt"}]},{"@type":"WebSite","@id":"https:\/\/locaterisk.com\/de\/#website","url":"https:\/\/locaterisk.com\/de\/","name":"LocateRisk","description":"IT-Sicherheit messen und vergleichen","publisher":{"@id":"https:\/\/locaterisk.com\/de\/#organization"},"potentialAction":[{"@type":"SearchAction","target":{"@type":"EntryPoint","urlTemplate":"https:\/\/locaterisk.com\/de\/?s={search_term_string}"},"query-input":{"@type":"PropertyValueSpecification","valueRequired":true,"valueName":"search_term_string"}}],"inLanguage":"de"},{"@type":"Organization","@id":"https:\/\/locaterisk.com\/de\/#organization","name":"LocateRisk","url":"https:\/\/locaterisk.com\/de\/","logo":{"@type":"ImageObject","inLanguage":"de","@id":"https:\/\/locaterisk.com\/de\/#\/schema\/logo\/image\/","url":"https:\/\/locaterisk.com\/wp-content\/uploads\/2020\/11\/Kettenglieder_V0216-9.jpg","contentUrl":"https:\/\/locaterisk.com\/wp-content\/uploads\/2020\/11\/Kettenglieder_V0216-9.jpg","width":1920,"height":1080,"caption":"LocateRisk"},"image":{"@id":"https:\/\/locaterisk.com\/de\/#\/schema\/logo\/image\/"},"sameAs":["https:\/\/www.linkedin.com\/company\/locaterisk\/"]}]}},"_links":{"self":[{"href":"https:\/\/locaterisk.com\/de\/wp-json\/wp\/v2\/pages\/2716","targetHints":{"allow":["GET"]}}],"collection":[{"href":"https:\/\/locaterisk.com\/de\/wp-json\/wp\/v2\/pages"}],"about":[{"href":"https:\/\/locaterisk.com\/de\/wp-json\/wp\/v2\/types\/page"}],"author":[{"embeddable":true,"href":"https:\/\/locaterisk.com\/de\/wp-json\/wp\/v2\/users\/8"}],"replies":[{"embeddable":true,"href":"https:\/\/locaterisk.com\/de\/wp-json\/wp\/v2\/comments?post=2716"}],"version-history":[{"count":45,"href":"https:\/\/locaterisk.com\/de\/wp-json\/wp\/v2\/pages\/2716\/revisions"}],"predecessor-version":[{"id":7426,"href":"https:\/\/locaterisk.com\/de\/wp-json\/wp\/v2\/pages\/2716\/revisions\/7426"}],"wp:featuredmedia":[{"embeddable":true,"href":"https:\/\/locaterisk.com\/de\/wp-json\/wp\/v2\/media\/2739"}],"wp:attachment":[{"href":"https:\/\/locaterisk.com\/de\/wp-json\/wp\/v2\/media?parent=2716"}],"curies":[{"name":"wp","href":"https:\/\/api.w.org\/{rel}","templated":true}]}}