{"id":4046,"date":"2022-08-03T12:14:07","date_gmt":"2022-08-03T12:14:07","guid":{"rendered":"https:\/\/locaterisk.com\/?page_id=4046"},"modified":"2022-08-03T16:31:12","modified_gmt":"2022-08-03T16:31:12","slug":"it-sicherheit-automobilzulieferer","status":"publish","type":"page","link":"https:\/\/locaterisk.com\/de\/it-sicherheit-automobilzulieferer\/","title":{"rendered":"IT-Sicherheit: Automobilzulieferer"},"content":{"rendered":"\n<h1 class=\"blog-title wp-block-heading\" id=\"case-study-mit-it-monitoring-in-richtung-sichere-stadt\">IT-Sicherheit f\u00fcr Automobilzulieferer: Vorausschauend Cyber-Risiken minimieren<\/h1>\n\n\n\n<p>Zulieferer der Automobilindustrie sind dauerhaft im Visier von Angreifern. Durch ihre enge Verzahnung mit den Herstellern gelten sie als leichtes Ziel mit gro\u00dfem Einfluss auf die Lieferkette. Eine St\u00f6rung im Betrieb, eine Produktionsunterbrechung oder ein Stillstand k\u00f6nnen verheerende Auswirkungen haben und sind ein ideales Druckmittel f\u00fcr L\u00f6segeld. F\u00fcr die Unternehmen ist es deshalb essenziell, die Sicherheit ihrer IT-Systeme kontinuierlich zu \u00fcberwachen, um anhaltend hohen Schutz zu gew\u00e4hrleisten. Dar\u00fcber hinaus gilt es, m\u00f6gliche Risiken bei Gesch\u00e4ftspartnern fr\u00fchzeitig zu erkennen und anzumahnen. <\/p>\n\n\n\n<p>Die IT-Sicherheitsanalysen und  Monitorings von LocateRisk sorgen hierbei f\u00fcr die notwendige Transparenz im \u00d6kosystem und erm\u00f6glichen eine beschleunigten Minimierung der Angriffsfl\u00e4chen. Sie k\u00f6nnen den Fortschritt der Sicherheitsaktivit\u00e4ten m\u00fchelos verfolgen und den jeweiligen Status gegen\u00fcber Dritten nachweisen.<\/p>\n\n\n\n<p><\/p>\n\n\n<div class=\"wp-block-image\">\n<figure class=\"aligncenter size-large is-resized\"><img loading=\"lazy\" decoding=\"async\" src=\"https:\/\/locaterisk.com\/wp-content\/uploads\/2022\/08\/IT-Sicherheit-Automobilzulieferer-1-1024x436.png\" alt=\"\" class=\"wp-image-4061\" width=\"837\" height=\"355\" srcset=\"https:\/\/locaterisk.com\/wp-content\/uploads\/2022\/08\/IT-Sicherheit-Automobilzulieferer-1-1024x436.png 1024w, https:\/\/locaterisk.com\/wp-content\/uploads\/2022\/08\/IT-Sicherheit-Automobilzulieferer-1-300x128.png 300w, https:\/\/locaterisk.com\/wp-content\/uploads\/2022\/08\/IT-Sicherheit-Automobilzulieferer-1-768x327.png 768w, https:\/\/locaterisk.com\/wp-content\/uploads\/2022\/08\/IT-Sicherheit-Automobilzulieferer-1-18x8.png 18w\" sizes=\"auto, (max-width: 837px) 100vw, 837px\" \/><\/figure><\/div>\n\n<h3>IT-Sicherheit aus externer Perspektive: Automobilzulieferer in Deutschland<\/h3>\n<p style=\"text-align: left;\">Der Strukturwandel in der Automobilindustrie gewinnt an Fahrt. Elektromobilit\u00e4t, Carsharing, vernetzte Fahrzeuge und autonomes Fahren sind Megatrends, die unseren mobilen Alltag zunehmend bereichern. Die damit einhergehende Vernetzung \u2013 seien es die Schnittstellen der Nutzer, Autos, Produktionswege oder Lieferketten \u2013 birgt jedoch erhebliche Risiken. Spionage, Sabotage, Datendiebstahl und L\u00f6segelderpressungen stellen die Hersteller sowie Komponenten- und Systemzulieferer vor neue Herausforderungen, da sie einen ganzheitlichen IT-Sicherheitsansatz erfordern. Welche Tragweite der Cybersecurity in dieser Branche beigemessen wird, bekr\u00e4ftigen international g\u00fcltige Regularien der UNECE sowie die branchen-spezifische Anpassung der ISO-Norm 27001 durch den TISAX Standard f\u00fcr Informationssicherheit im Automobilbereich.<\/p>\n<p class=\"p1\" style=\"text-align: left;\"><span class=\"s1\"><strong>Trotz erkennbarer Fortschritte noch Verbesserungspotenziale<br \/><\/strong><\/span><span class=\"s1\">Unsere Analyse von 252 Automobilzulieferern ergab, dass es im Hinblick auf Software-Updates und Erreichbarkeit der Systemschnittstellen sichtbare Fortschritte gibt. Bei der Sicherheit der Daten\u00fcbertragung dagegen, besteht noch deutlicher Handlungsbedarf. <\/span><span class=\"s1\">Die Datenerhebung erfolgte durch die Erfassung und Aufbereitung von Informationen aus \u00f6ffentlich zug\u00e4nglichen Quellen.<span class=\"Apple-converted-space\">\u00a0<\/span><\/span><\/p>\n<h3>Die Ergebnisse im Einzelnen<\/h3>\n<p><strong>Gesch\u00fctzter Mailversand<\/strong><br \/>52 Prozent der \u00fcberpr\u00fcften Gro\u00dfst\u00e4dte versendeten E-Mails teilweise ungesch\u00fctzt (ohne SPF-Eintrag), was Angreifern Spam- und Phishing-Attacken durch Mail-F\u00e4lschung erleichtert.<\/p>\n<p><strong>Erreichbarkeit der Systemschnittstellen<\/strong><br \/>Dass nicht alle zum Unternehmen z\u00e4hlenden Datenbanksysteme angemessen vor Cyberangriffen gesch\u00fctzt waren, zeigte sich bei 41 Prozent. Von au\u00dfen erreichbare, ungesicherte Systeme vereinfachen Hackern den Zugang zu sensiblen Daten.<\/p>\n<p><strong>Sicherheit der Daten\u00fcbertragung<br \/><\/strong>87 Prozent erlaubten die Daten\u00fcbertragung mit veralteter Transportverschl\u00fcsselung, was Datendiebstahl beg\u00fcnstigt.<\/p>\n<p><strong>Veraltete Anwendungen<br \/><\/strong>Bei 29 Prozent wurde mindestens eine Applikation mit potenzieller Sicherheitsl\u00fccke hoher Kritikalit\u00e4t gefunden. Anwendungen mit fehlenden Sicherheits-Updates sind ein willkommenes Einfallstor f\u00fcr Angreifer.<\/p>\n<p><strong>DSGVO-Konformit\u00e4t<br \/><\/strong>45 Prozent der Gro\u00dfst\u00e4dte verwendeten Tracking-Cookies ohne Nutzererlaubnis. In diesen F\u00e4llen k\u00f6nnen Abmahnungen und Bu\u00dfgelder drohen.<\/p>\n<p>\u00a0<\/p>\n<h3>Gewinnen Sie Einblick in die externe IT-Angriffsfl\u00e4che Ihres Unternehmens<\/h3>\n<p>IT-Verantwortliche tun ihr Bestes, um die IT-Sicherheit Ihrer Systeme zu gew\u00e4hrleisten. Aber wie l\u00e4sst sich der aktuelle Status der IT-Sicherheitsperformance kontinuierlich nachweisen? Mit der IT-Sicherheitsanalyse von LocateRisk geht das einfach und schnell. \u00dcberzeugen Sie sich selbst: Interessierte Organisationen erhalten eine Sicherheitsbewertung ihrer IT-Landschaft inklusive 30-Minuten-Einblick in die Detail-Analyse kostenfrei unter: Tel. 06151 6290246 oder E-Mail an: em@LocateRisk.com<\/p>\n<p>\u00a0<\/p>\n\n\n<div class=\"wp-block-lr-contact-post-module\">\n\t<div id=\"lr-contact-form\" class=\"wp-block-lr-contact-post-module\">\n\t\t<div id=\"formular\" class=\"content\">\n\t\t\t<div class=\"inner-content\">\n\t\t\t\t<div class=\"column-2 feature-mode\">\n\t\t\t\t\t<h2>Fragen Sie jetzt Ihre pers\u00f6nliche Live-Demo an<\/h2>\n\t\t\t\t\t\n\t\t\t\t\t\t\t\t\t\t\t\t\t<div>\n\t\t\t\t\t\t\t\t<p class=\"margin-b-36\">Erkennen und reduzieren Sie Ihre Cyberrisiken durch einen vergleichbaren und verst\u00e4ndlichen \u00dcberblick Ihrer IT-Sicherheit. Lassen Sie sich von unseren Experten beraten und finden Sie heraus, wie LocateRisk Ihnen bei der L\u00f6sung Ihrer Cyberrisiken helfen kann.<\/p>\n\t\t\t\t\t\t\t<\/div>\t\n\t\t\t\t\t\t\t\t\n\t\t\t\t\t\t\n\t\t\t\t\t\t\t\t\t<\/div> \n\t\t\t\t<div class=\"column-2\">\n\t\t\t\t\t<form action=\"\" class=\"form\" method=\"post\" role=\"form\" novalidate >\n\t\t\t\t\t\t<input type=\"text\" id=\"successmessage\" name=\"successmessage\" value=\"\" hidden\/>\n\t\t\t\t\t\t<input type=\"text\" id=\"errormessage\" name=\"errormessage\" value=\"\" hidden\/>\n\t\t\t\t\t\t<input type=\"text\" id=\"slug\" name=\"slug\" value=\"it-sicherheit-automobilzulieferer\" hidden\/>\n\n\t\t\t\t\t\t\t\t\t\t\t\t\t<input\n\t\t\t\t\t\t\t\ttype=\"text\"\n\t\t\t\t\t\t\t\tid=\"name\"\n\t\t\t\t\t\t\t\tname=\"name\"\n\t\t\t\t\t\t\t\tplaceholder=\"Vorname\"\n\t\t\t\t\t\t\t\trequired \n\t\t\t\t\t\t\t\tmaxlength=\"50\"\/>\n\n\t\t\t\t\t\t\t<input\n\t\t\t\t\t\t\t\ttype=\"text\"\n\t\t\t\t\t\t\t\tid=\"surname\"\n\t\t\t\t\t\t\t\tname=\"surname\"\n\t\t\t\t\t\t\t\tplaceholder=\"Nachname\"\n\t\t\t\t\t\t\t\trequired\n\t\t\t\t\t\t\t\tmaxlength=\"50\"\/>\n\t\t\t\t\t\t\n\t\t\t\t\t\t<input\n\t\t\t\t\t\t\ttype=\"email\"\n\t\t\t\t\t\t\tid=\"email\"\n\t\t\t\t\t\t\tname=\"email\"\n\t\t\t\t\t\t\tplaceholder=\"E-Mail\"\n\t\t\t\t\t\t\trequired\n\t\t\t\t\t\t\tmaxlength=\"50\"\/>\n\n\t\t\t\t\t\t<input\n\t\t\t\t\t\t\ttype=\"text\"\n\t\t\t\t\t\t\tid=\"phone\"\n\t\t\t\t\t\t\tname=\"phone\"\n\t\t\t\t\t\t\tplaceholder=\"Telefon\"\n\t\t\t\t\t\t\trequired\n\t\t\t\t\t\t\tmaxlength=\"50\"\/>\n\t\t\t\t\t\t\t\n\t\t\t\t\t\t\t\t\t\t\t\t\n\t\t\t\t\t\t<h6 class=\"error-message\" hidden>...<\/h6>\n\t\t\t\t\t\t<div class=\"checkbox_container\">\n\t\t\t\t\t\t\t<div class=\"checkbox\">\n\t\t\t\t\t\t\t\t<input\n\t\t\t\t\t\t\t\t\ttype=\"checkbox\"\n\t\t\t\t\t\t\t\t\tid=\"checkbox\"\n\t\t\t\t\t\t\t\t\tname=\"checkbox\" \/>\n\n\t\t\t\t\t\t\t\t<label for=\"checkbox\"><\/label>\n\t\t\t\t\t\t\t<\/div>\n\t\t\t\t\t\t\t<p>Ich habe die <a href=\"https:\/\/locaterisk.com\/de\/datenschutz\/\" target=\"_blank\" rel=\"noreferrer noopener\">Datenschutzbestimmungen<\/a> gelesen<\/p> \n\t\t\t\t\t\t<\/div>\n\t\t\t\t\t\t\n\t\t\t\t\t<div class=\"g-recaptcha\" data-sitekey=\"6LdErNoZAAAAAD1Re2jNxtDFfcDaL9iED5MRBzjR\" data-callback=\"verifyRecaptchaCallback\" data-expired-callback=\"expiredRecaptchaCallback\"><\/div>\n\t\t\t\t\t<input type=\"hidden\" name=\"g-recaptcha-response\" data-recaptcha \/>\n\n\t\t\t\t\t\t<button class=\"lr-button-link\" type=\"submit\">Live-Demo-Termin vereinbaren<\/button>\n\t\t\t\t\t<\/form>\n\t\t\t\t<\/div>\n\t\t\t<\/div>\n\t\t<\/div>\n\t<\/div>\n\t\n\t<\/div>\n\n\n\n<hr class=\"wp-block-separator has-css-opacity is-style-wide\"\/>\n\n\n\n<div class=\"wp-block-lr-contact-module\"><div class=\"content\"><h2>Mehr erfahren, Demo buchen oder einfach mal kurz austauschen? Wir freuen uns!<\/h2><div class=\"contact-info-row\"><div class=\"contact-person-info\"><div class=\"avatar\"><img decoding=\"async\" src=\"https:\/\/locaterisk.com\/wp-content\/uploads\/2025\/06\/Lukas_Baumann_LocateRisk-300.png\"><\/div><p><span class=\"text before\">Ihr Ansprechpartner<\/span><span class=\"bold name\"><strong>Lukas<\/strong><\/span> <span class=\"lastname\"><strong>Baumann<strong><\/strong><\/strong><\/span><strong><strong><span class=\"separator\"><\/span><span class=\"role\">CEO<\/span><\/strong><\/strong><\/p><\/div><p class=\"bold phone\"><strong><strong>+49 6151 6290246<\/strong><\/strong><\/p><strong><strong><a class=\"pr-1\" href=\"mailto: sales@locaterisk.com\">Jetzt Kontakt aufnehmen<\/a><\/strong><\/strong><\/div><\/div><\/div>\n\n\n\n<p><\/p>\n\n\n\n<div class=\"wp-block-lr-footer-module lr-footer-block\"><div class=\"content\"><div class=\"column0\"><img decoding=\"async\" src=\"https:\/\/locaterisk.com\/wp-content\/plugins\/locate-risk-prod\/lr-blocks\/assets\/img\/lr-logo.svg\"\/><\/div><div class=\"categories\"><div class=\"categories-element\"><a class=\"pr-4\" href=\"https:\/\/locaterisk.com\/\">Home<\/a><\/div><div class=\"categories-element\"><a class=\"pr-4\" href=\"\/blog\">Blog<\/a><\/div><div class=\"categories-element\"><a class=\"pr-4\" href=\"\/about\">\u00dcber uns<\/a><\/div><div class=\"categories-element\"><a class=\"pr-4\" href=\"\/kontakt\">Kontakt<\/a><\/div><div class=\"categories-element\"><a class=\"pr-4\" href=\"\/impressum\">Impressum<\/a><\/div><div class=\"categories-break\"><\/div><div class=\"categories-element\"><a class=\"pr-4\" href=\"\/datenschutz\">Datenschutz<\/a><\/div><div class=\"categories-element\"><a class=\"pr-4\" href=\"\/files\/agb.pdf\">AGB<\/a><\/div><div class=\"categories-element\"><a class=\"pr-4\" href=\"\/jobs\">Jobs<\/a><\/div><div class=\"categories-element\"><a class=\"pr-4\" href=\"\/files\/sec-information.pdf\">Security<\/a><\/div><div class=\"categories-element\"><a class=\"pr-4\" href=\"https:\/\/app.secfix.com\/trust\/locaterisk\/d1e7d433b33643aea1880bfbfeab9f60\">Trust Center<\/a><\/div><\/div><div class=\"social\"><div class=\"social-element\"><a target=\"_blank\" href=\"https:\/\/www.linkedin.com\/company\/locaterisk\/\"><img decoding=\"async\" src=\"https:\/\/locaterisk.com\/wp-content\/uploads\/2020\/10\/gruppe-230@3x.png\"\/><\/a><\/div><div class=\"social-element\"><a target=\"_blank\" href=\"https:\/\/www.instagram.com\/locaterisk\/\"><img decoding=\"async\" src=\"https:\/\/locaterisk.com\/wp-content\/uploads\/2020\/11\/Instagram.png\"\/><\/a><\/div><div class=\"social-element\"><a target=\"_blank\" href=\"https:\/\/twitter.com\/locaterisk\"><img decoding=\"async\" src=\"https:\/\/locaterisk.com\/wp-content\/uploads\/2020\/11\/twitter.png\"\/><\/a><\/div><\/div><div class=\"description\"><h6>\u00a9 LocateRisk 2026<\/h6><\/div><\/div><\/div>\n","protected":false},"excerpt":{"rendered":"<p>IT-Sicherheit f\u00fcr Automobilzulieferer: Vorausschauend Cyber-Risiken minimieren Zulieferer der Automobilindustrie sind dauerhaft im Visier von Angreifern. Durch ihre enge Verzahnung mit den Herstellern gelten sie als leichtes Ziel mit gro\u00dfem Einfluss auf die Lieferkette. Eine St\u00f6rung im Betrieb, eine Produktionsunterbrechung oder ein Stillstand k\u00f6nnen verheerende Auswirkungen haben und sind ein ideales Druckmittel f\u00fcr L\u00f6segeld. F\u00fcr die [&hellip;]<\/p>\n","protected":false},"author":8,"featured_media":4061,"parent":0,"menu_order":0,"comment_status":"closed","ping_status":"closed","template":"","meta":{"footnotes":""},"class_list":["post-4046","page","type-page","status-publish","has-post-thumbnail","hentry"],"yoast_head":"<!-- This site is optimized with the Yoast SEO plugin v27.4 - https:\/\/yoast.com\/product\/yoast-seo-wordpress\/ -->\n<title>IT-Sicherheit: Automobilzulieferer - LocateRisk<\/title>\n<meta name=\"description\" content=\"F\u00fcr Zulieferer der Automobilindustrie ist ein hohes IT-Sicherheitsniveau essenziell. Das gilt auch f\u00fcr die externe, digitalen Angriffsfl\u00e4chen. IT-Sicherheitsanalysen sorgen f\u00fcr die n\u00f6tige Transparenz.\" \/>\n<meta name=\"robots\" content=\"index, follow, max-snippet:-1, max-image-preview:large, max-video-preview:-1\" \/>\n<link rel=\"canonical\" href=\"https:\/\/locaterisk.com\/de\/it-sicherheit-automobilzulieferer\/\" \/>\n<meta property=\"og:locale\" content=\"de_DE\" \/>\n<meta property=\"og:type\" content=\"article\" \/>\n<meta property=\"og:title\" content=\"IT-Sicherheit: Automobilzulieferer - LocateRisk\" \/>\n<meta property=\"og:description\" content=\"F\u00fcr Zulieferer der Automobilindustrie ist ein hohes IT-Sicherheitsniveau essenziell. Das gilt auch f\u00fcr die externe, digitalen Angriffsfl\u00e4chen. IT-Sicherheitsanalysen sorgen f\u00fcr die n\u00f6tige Transparenz.\" \/>\n<meta property=\"og:url\" content=\"https:\/\/locaterisk.com\/de\/it-sicherheit-automobilzulieferer\/\" \/>\n<meta property=\"og:site_name\" content=\"LocateRisk\" \/>\n<meta property=\"article:modified_time\" content=\"2022-08-03T16:31:12+00:00\" \/>\n<meta property=\"og:image\" content=\"https:\/\/locaterisk.com\/wp-content\/uploads\/2022\/08\/IT-Sicherheit-Automobilzulieferer-1.png\" \/>\n\t<meta property=\"og:image:width\" content=\"1080\" \/>\n\t<meta property=\"og:image:height\" content=\"460\" \/>\n\t<meta property=\"og:image:type\" content=\"image\/png\" \/>\n<meta name=\"twitter:card\" content=\"summary_large_image\" \/>\n<meta name=\"twitter:label1\" content=\"Gesch\u00e4tzte Lesezeit\" \/>\n\t<meta name=\"twitter:data1\" content=\"3\u00a0Minuten\" \/>\n<script type=\"application\/ld+json\" class=\"yoast-schema-graph\">{\"@context\":\"https:\\\/\\\/schema.org\",\"@graph\":[{\"@type\":\"WebPage\",\"@id\":\"https:\\\/\\\/locaterisk.com\\\/it-sicherheit-automobilzulieferer\\\/\",\"url\":\"https:\\\/\\\/locaterisk.com\\\/it-sicherheit-automobilzulieferer\\\/\",\"name\":\"IT-Sicherheit: Automobilzulieferer - LocateRisk\",\"isPartOf\":{\"@id\":\"https:\\\/\\\/locaterisk.com\\\/de\\\/#website\"},\"primaryImageOfPage\":{\"@id\":\"https:\\\/\\\/locaterisk.com\\\/it-sicherheit-automobilzulieferer\\\/#primaryimage\"},\"image\":{\"@id\":\"https:\\\/\\\/locaterisk.com\\\/it-sicherheit-automobilzulieferer\\\/#primaryimage\"},\"thumbnailUrl\":\"https:\\\/\\\/locaterisk.com\\\/wp-content\\\/uploads\\\/2022\\\/08\\\/IT-Sicherheit-Automobilzulieferer-1.png\",\"datePublished\":\"2022-08-03T12:14:07+00:00\",\"dateModified\":\"2022-08-03T16:31:12+00:00\",\"description\":\"F\u00fcr Zulieferer der Automobilindustrie ist ein hohes IT-Sicherheitsniveau essenziell. Das gilt auch f\u00fcr die externe, digitalen Angriffsfl\u00e4chen. IT-Sicherheitsanalysen sorgen f\u00fcr die n\u00f6tige Transparenz.\",\"breadcrumb\":{\"@id\":\"https:\\\/\\\/locaterisk.com\\\/it-sicherheit-automobilzulieferer\\\/#breadcrumb\"},\"inLanguage\":\"de\",\"potentialAction\":[{\"@type\":\"ReadAction\",\"target\":[\"https:\\\/\\\/locaterisk.com\\\/it-sicherheit-automobilzulieferer\\\/\"]}]},{\"@type\":\"ImageObject\",\"inLanguage\":\"de\",\"@id\":\"https:\\\/\\\/locaterisk.com\\\/it-sicherheit-automobilzulieferer\\\/#primaryimage\",\"url\":\"https:\\\/\\\/locaterisk.com\\\/wp-content\\\/uploads\\\/2022\\\/08\\\/IT-Sicherheit-Automobilzulieferer-1.png\",\"contentUrl\":\"https:\\\/\\\/locaterisk.com\\\/wp-content\\\/uploads\\\/2022\\\/08\\\/IT-Sicherheit-Automobilzulieferer-1.png\",\"width\":1080,\"height\":460,\"caption\":\"Photo by thisisengineering-raeng\\\/Unsplash\"},{\"@type\":\"BreadcrumbList\",\"@id\":\"https:\\\/\\\/locaterisk.com\\\/it-sicherheit-automobilzulieferer\\\/#breadcrumb\",\"itemListElement\":[{\"@type\":\"ListItem\",\"position\":1,\"name\":\"Home\",\"item\":\"https:\\\/\\\/locaterisk.com\\\/\"},{\"@type\":\"ListItem\",\"position\":2,\"name\":\"IT-Sicherheit: Automobilzulieferer\"}]},{\"@type\":\"WebSite\",\"@id\":\"https:\\\/\\\/locaterisk.com\\\/de\\\/#website\",\"url\":\"https:\\\/\\\/locaterisk.com\\\/de\\\/\",\"name\":\"LocateRisk\",\"description\":\"IT-Sicherheit messen und vergleichen\",\"publisher\":{\"@id\":\"https:\\\/\\\/locaterisk.com\\\/de\\\/#organization\"},\"potentialAction\":[{\"@type\":\"SearchAction\",\"target\":{\"@type\":\"EntryPoint\",\"urlTemplate\":\"https:\\\/\\\/locaterisk.com\\\/de\\\/?s={search_term_string}\"},\"query-input\":{\"@type\":\"PropertyValueSpecification\",\"valueRequired\":true,\"valueName\":\"search_term_string\"}}],\"inLanguage\":\"de\"},{\"@type\":\"Organization\",\"@id\":\"https:\\\/\\\/locaterisk.com\\\/de\\\/#organization\",\"name\":\"LocateRisk\",\"url\":\"https:\\\/\\\/locaterisk.com\\\/de\\\/\",\"logo\":{\"@type\":\"ImageObject\",\"inLanguage\":\"de\",\"@id\":\"https:\\\/\\\/locaterisk.com\\\/de\\\/#\\\/schema\\\/logo\\\/image\\\/\",\"url\":\"https:\\\/\\\/locaterisk.com\\\/wp-content\\\/uploads\\\/2020\\\/11\\\/Kettenglieder_V0216-9.jpg\",\"contentUrl\":\"https:\\\/\\\/locaterisk.com\\\/wp-content\\\/uploads\\\/2020\\\/11\\\/Kettenglieder_V0216-9.jpg\",\"width\":1920,\"height\":1080,\"caption\":\"LocateRisk\"},\"image\":{\"@id\":\"https:\\\/\\\/locaterisk.com\\\/de\\\/#\\\/schema\\\/logo\\\/image\\\/\"},\"sameAs\":[\"https:\\\/\\\/www.linkedin.com\\\/company\\\/locaterisk\\\/\"]}]}<\/script>\n<!-- \/ Yoast SEO plugin. -->","yoast_head_json":{"title":"IT-Sicherheit: Automobilzulieferer - LocateRisk","description":"F\u00fcr Zulieferer der Automobilindustrie ist ein hohes IT-Sicherheitsniveau essenziell. Das gilt auch f\u00fcr die externe, digitalen Angriffsfl\u00e4chen. IT-Sicherheitsanalysen sorgen f\u00fcr die n\u00f6tige Transparenz.","robots":{"index":"index","follow":"follow","max-snippet":"max-snippet:-1","max-image-preview":"max-image-preview:large","max-video-preview":"max-video-preview:-1"},"canonical":"https:\/\/locaterisk.com\/de\/it-sicherheit-automobilzulieferer\/","og_locale":"de_DE","og_type":"article","og_title":"IT-Sicherheit: Automobilzulieferer - LocateRisk","og_description":"F\u00fcr Zulieferer der Automobilindustrie ist ein hohes IT-Sicherheitsniveau essenziell. Das gilt auch f\u00fcr die externe, digitalen Angriffsfl\u00e4chen. IT-Sicherheitsanalysen sorgen f\u00fcr die n\u00f6tige Transparenz.","og_url":"https:\/\/locaterisk.com\/de\/it-sicherheit-automobilzulieferer\/","og_site_name":"LocateRisk","article_modified_time":"2022-08-03T16:31:12+00:00","og_image":[{"width":1080,"height":460,"url":"https:\/\/locaterisk.com\/wp-content\/uploads\/2022\/08\/IT-Sicherheit-Automobilzulieferer-1.png","type":"image\/png"}],"twitter_card":"summary_large_image","twitter_misc":{"Gesch\u00e4tzte Lesezeit":"3\u00a0Minuten"},"schema":{"@context":"https:\/\/schema.org","@graph":[{"@type":"WebPage","@id":"https:\/\/locaterisk.com\/it-sicherheit-automobilzulieferer\/","url":"https:\/\/locaterisk.com\/it-sicherheit-automobilzulieferer\/","name":"IT-Sicherheit: Automobilzulieferer - LocateRisk","isPartOf":{"@id":"https:\/\/locaterisk.com\/de\/#website"},"primaryImageOfPage":{"@id":"https:\/\/locaterisk.com\/it-sicherheit-automobilzulieferer\/#primaryimage"},"image":{"@id":"https:\/\/locaterisk.com\/it-sicherheit-automobilzulieferer\/#primaryimage"},"thumbnailUrl":"https:\/\/locaterisk.com\/wp-content\/uploads\/2022\/08\/IT-Sicherheit-Automobilzulieferer-1.png","datePublished":"2022-08-03T12:14:07+00:00","dateModified":"2022-08-03T16:31:12+00:00","description":"F\u00fcr Zulieferer der Automobilindustrie ist ein hohes IT-Sicherheitsniveau essenziell. Das gilt auch f\u00fcr die externe, digitalen Angriffsfl\u00e4chen. IT-Sicherheitsanalysen sorgen f\u00fcr die n\u00f6tige Transparenz.","breadcrumb":{"@id":"https:\/\/locaterisk.com\/it-sicherheit-automobilzulieferer\/#breadcrumb"},"inLanguage":"de","potentialAction":[{"@type":"ReadAction","target":["https:\/\/locaterisk.com\/it-sicherheit-automobilzulieferer\/"]}]},{"@type":"ImageObject","inLanguage":"de","@id":"https:\/\/locaterisk.com\/it-sicherheit-automobilzulieferer\/#primaryimage","url":"https:\/\/locaterisk.com\/wp-content\/uploads\/2022\/08\/IT-Sicherheit-Automobilzulieferer-1.png","contentUrl":"https:\/\/locaterisk.com\/wp-content\/uploads\/2022\/08\/IT-Sicherheit-Automobilzulieferer-1.png","width":1080,"height":460,"caption":"Photo by thisisengineering-raeng\/Unsplash"},{"@type":"BreadcrumbList","@id":"https:\/\/locaterisk.com\/it-sicherheit-automobilzulieferer\/#breadcrumb","itemListElement":[{"@type":"ListItem","position":1,"name":"Home","item":"https:\/\/locaterisk.com\/"},{"@type":"ListItem","position":2,"name":"IT-Sicherheit: Automobilzulieferer"}]},{"@type":"WebSite","@id":"https:\/\/locaterisk.com\/de\/#website","url":"https:\/\/locaterisk.com\/de\/","name":"LocateRisk","description":"IT-Sicherheit messen und vergleichen","publisher":{"@id":"https:\/\/locaterisk.com\/de\/#organization"},"potentialAction":[{"@type":"SearchAction","target":{"@type":"EntryPoint","urlTemplate":"https:\/\/locaterisk.com\/de\/?s={search_term_string}"},"query-input":{"@type":"PropertyValueSpecification","valueRequired":true,"valueName":"search_term_string"}}],"inLanguage":"de"},{"@type":"Organization","@id":"https:\/\/locaterisk.com\/de\/#organization","name":"LocateRisk","url":"https:\/\/locaterisk.com\/de\/","logo":{"@type":"ImageObject","inLanguage":"de","@id":"https:\/\/locaterisk.com\/de\/#\/schema\/logo\/image\/","url":"https:\/\/locaterisk.com\/wp-content\/uploads\/2020\/11\/Kettenglieder_V0216-9.jpg","contentUrl":"https:\/\/locaterisk.com\/wp-content\/uploads\/2020\/11\/Kettenglieder_V0216-9.jpg","width":1920,"height":1080,"caption":"LocateRisk"},"image":{"@id":"https:\/\/locaterisk.com\/de\/#\/schema\/logo\/image\/"},"sameAs":["https:\/\/www.linkedin.com\/company\/locaterisk\/"]}]}},"_links":{"self":[{"href":"https:\/\/locaterisk.com\/de\/wp-json\/wp\/v2\/pages\/4046","targetHints":{"allow":["GET"]}}],"collection":[{"href":"https:\/\/locaterisk.com\/de\/wp-json\/wp\/v2\/pages"}],"about":[{"href":"https:\/\/locaterisk.com\/de\/wp-json\/wp\/v2\/types\/page"}],"author":[{"embeddable":true,"href":"https:\/\/locaterisk.com\/de\/wp-json\/wp\/v2\/users\/8"}],"replies":[{"embeddable":true,"href":"https:\/\/locaterisk.com\/de\/wp-json\/wp\/v2\/comments?post=4046"}],"version-history":[{"count":34,"href":"https:\/\/locaterisk.com\/de\/wp-json\/wp\/v2\/pages\/4046\/revisions"}],"predecessor-version":[{"id":4806,"href":"https:\/\/locaterisk.com\/de\/wp-json\/wp\/v2\/pages\/4046\/revisions\/4806"}],"wp:featuredmedia":[{"embeddable":true,"href":"https:\/\/locaterisk.com\/de\/wp-json\/wp\/v2\/media\/4061"}],"wp:attachment":[{"href":"https:\/\/locaterisk.com\/de\/wp-json\/wp\/v2\/media?parent=4046"}],"curies":[{"name":"wp","href":"https:\/\/api.w.org\/{rel}","templated":true}]}}