{"id":4495,"date":"2023-01-10T16:49:39","date_gmt":"2023-01-10T16:49:39","guid":{"rendered":"https:\/\/locaterisk.com\/?page_id=4495"},"modified":"2023-01-11T14:39:57","modified_gmt":"2023-01-11T14:39:57","slug":"it-sicherheit-krankenhaeuser","status":"publish","type":"page","link":"https:\/\/locaterisk.com\/de\/it-sicherheit-krankenhaeuser\/","title":{"rendered":"Krankenh\u00e4user &#038; Kliniken"},"content":{"rendered":"\n<h1 class=\"blog-title wp-block-heading\" id=\"case-study-mit-it-monitoring-in-richtung-sichere-stadt\">IT im Krankenhaus: Mehr Schutz dringend erforderlich<\/h1>\n\n\n\n<p><\/p>\n\n\n\n<p>Gesundheitsdaten sind besonders sensibel und dennoch in vielen F\u00e4llen nicht angemessen gesch\u00fctzt. Dies ergab eine statistische Erhebung zur IT-Sicherheit der Krankenh\u00e4user in Deutschland von LocateRisk. Neben bestehenden Normen im Gesundheitswesen nimmt die EU Richtlinie NIS2 ab 2023 Betreiber kritischer Infrastrukturen noch st\u00e4rker in die Pflicht. Die neuen Anforderungen sollen sicherstellen, dass die Patientendaten in Krankenh\u00e4usern und anderen medizinischen Einrichtungen vor Cyberangriffen und Datenschutzverst\u00f6\u00dfen besser gesichert sind. Zu den Verpflichtungen z\u00e4hlen unter anderem zeitnahe Updates, die Durchf\u00fchrung von Sicherheits\u00fcberpr\u00fcfungen, Schulungen zur Cybersicherheit sowie Ma\u00dfnahmen f\u00fcr mehr Sicherheit in der Lieferkette. <\/p>\n\n\n\n<p><\/p>\n\n\n<div class=\"wp-block-image\">\n<figure class=\"aligncenter size-full is-resized\"><img loading=\"lazy\" decoding=\"async\" src=\"https:\/\/locaterisk.com\/wp-content\/uploads\/2023\/01\/LocateRisk_IT-Sicherheit-Krankenhaus-1.png\" alt=\"\" class=\"wp-image-4502\" width=\"840\" height=\"358\" srcset=\"https:\/\/locaterisk.com\/wp-content\/uploads\/2023\/01\/LocateRisk_IT-Sicherheit-Krankenhaus-1.png 800w, https:\/\/locaterisk.com\/wp-content\/uploads\/2023\/01\/LocateRisk_IT-Sicherheit-Krankenhaus-1-300x128.png 300w, https:\/\/locaterisk.com\/wp-content\/uploads\/2023\/01\/LocateRisk_IT-Sicherheit-Krankenhaus-1-768x327.png 768w, https:\/\/locaterisk.com\/wp-content\/uploads\/2023\/01\/LocateRisk_IT-Sicherheit-Krankenhaus-1-18x8.png 18w\" sizes=\"auto, (max-width: 840px) 100vw, 840px\" \/><\/figure><\/div>\n\n<h3 style=\"text-align: left;\">IT-Sicherheit aus externer Perspektive: Krankenh\u00e4user in Deutschland<\/h3>\n<p><strong>Datenerhebung zur IT-Sicherheitslage von Kliniken macht Schw\u00e4chen sichtbar<br \/><\/strong><span class=\"s1\">Je zentraler die systemerhaltende und gesellschaftliche Bedeutung einer Einrichtung ist, desto ho\u0308her ist auch die Gefahr, dass diese ins Visier von Cyberkriminellen gera\u0308t \u2013 oft verbunden mit hohen Lo\u0308segeldforderungen. Ein nicht erst seit der Corona-Pandemie rasanter Anstieg an Hackerangriffen auf Gesundheitseinrichtungen zeigt, wie reell die Bedrohung ist. Seit Januar 2022 verpflichtet das Patientendaten-Schutz-Gesetz (PDSG) medizinische Einrichtungen dazu, nach dem Stand der Technik angemessene organisatorische und technische Vorkehrungen der IT-Sicherheit zu treffen.<br \/><\/span><\/p>\n<p class=\"p1\"><span class=\"s1\">Die Pr\u00fcfung von 1.286 Krankenh\u00e4user zeigt erheblichen Handlungsbedarf bei der IT-Sicherheit.\u00a0 Die Datenerhebung erfolgte durch die Erfassung und Aufbereitung von Informationen aus \u00f6ffentlich zug\u00e4nglichen Quellen.<span class=\"Apple-converted-space\">\u00a0<\/span><\/span><\/p>\n<h3 style=\"text-align: left;\">Die Ergebnisse\u00a0<\/h3>\n<p><strong>Gesch\u00fctzter Mailversand<\/strong><br \/>58 Prozent der \u00fcberpr\u00fcften Krankenh\u00e4user versendeten E-Mails teilweise ungesch\u00fctzt (ohne SPF-Eintrag), was Angreifern Spam- und Phishing-Attacken durch Mail-F\u00e4lschung erleichtert.<\/p>\n<p><strong>Erreichbarkeit der Systemschnittstellen<\/strong><br \/><span style=\"font-weight: 400;\">44 Prozent sch\u00fctzen nicht alle zum Krankenhaus z\u00e4hlenden Datenbanksysteme angemessen vor Cyberangriffen. <\/span>Von au\u00dfen erreichbare, ungesicherte Systeme vereinfachen Hackern den Zugang zu sensiblen Daten.<\/p>\n<p><strong>Sicherheit der Daten\u00fcbertragung<br \/><\/strong>Dar\u00fcber hinaus erlaubten 90 Prozent die Daten\u00fcbertragung mit veralteter Transportverschl\u00fcsselung, was Datendiebstahl beg\u00fcnstigt.<\/p>\n<p><strong>Veraltete Anwendungen<br \/><\/strong>Bei 41 Prozent wurde mindestens eine Applikation mit potenzieller Sicherheitsl\u00fccke hoher Kritikalit\u00e4t gefunden. Anwendungen mit fehlenden Sicherheits-Updates sind ein willkommenes Einfallstor f\u00fcr Angreifer.<\/p>\n<p><strong>DSGVO-Konformit\u00e4t<br \/><\/strong>20 Prozent der Krankenh\u00e4user verwendeten Tracking-Cookies ohne Nutzererlaubnis. In diesen F\u00e4llen k\u00f6nnen Abmahnungen und Bu\u00dfgelder drohen.<\/p>\n<p>\u00a0<\/p>\n<h3>Gewinnen Sie Klarheit \u00fcber die externe IT-Angriffsfl\u00e4che Ihrer medizinischen Einrichtung<\/h3>\n<p>IT-Verantwortliche tun ihr Bestes, um die Sicherheit Ihrer IT-Infrastruktur zu gew\u00e4hrleisten. Doch wie l\u00e4sst sich der aktuelle Sicherheitsstatus kontinuierlich nachweisen? Mit der IT-Sicherheitsanalyse von LocateRisk geht das einfach, sicher und schnell. Interessierte Organisationen erhalten eine Sicherheitsbewertung ihrer IT-Landschaft inklusive einer 30-min\u00fctigen Erstbesprechung mit Einblick in die Details kostenfrei unter: Tel. 06151 6290246 oder E-Mail an: <a href=\"mailto:em@LocateRisk.com\">em@LocateRisk.com<\/a><\/p>\n<h3>\u00a0<\/h3>\n<p>\u00a0<\/p>\n\n\n<div class=\"wp-block-lr-contact-post-module\">\n\t<div id=\"lr-contact-form\" class=\"wp-block-lr-contact-post-module\">\n\t\t<div id=\"formular\" class=\"content\">\n\t\t\t<div class=\"inner-content\">\n\t\t\t\t<div class=\"column-2 feature-mode\">\n\t\t\t\t\t<h2>Fragen Sie jetzt Ihre pers\u00f6nliche Live-Demo an<\/h2>\n\t\t\t\t\t\n\t\t\t\t\t\t\t\t\t\t\t\t\t<div>\n\t\t\t\t\t\t\t\t<p class=\"margin-b-36\">Erkennen und reduzieren Sie Ihre Cyberrisiken durch einen vergleichbaren und verst\u00e4ndlichen \u00dcberblick Ihrer IT-Sicherheit. Lassen Sie sich von unseren Experten beraten und finden Sie heraus, wie LocateRisk Ihnen bei der L\u00f6sung Ihrer Cyberrisiken helfen kann.<\/p>\n\t\t\t\t\t\t\t<\/div>\t\n\t\t\t\t\t\t\t\t\n\t\t\t\t\t\t\n\t\t\t\t\t\t\t\t\t<\/div> \n\t\t\t\t<div class=\"column-2\">\n\t\t\t\t\t<form action=\"\" class=\"form\" method=\"post\" role=\"form\" novalidate >\n\t\t\t\t\t\t<input type=\"text\" id=\"successmessage\" name=\"successmessage\" value=\"\" hidden\/>\n\t\t\t\t\t\t<input type=\"text\" id=\"errormessage\" name=\"errormessage\" value=\"\" hidden\/>\n\t\t\t\t\t\t<input type=\"text\" id=\"slug\" name=\"slug\" value=\"it-sicherheit-krankenhaeuser\" hidden\/>\n\n\t\t\t\t\t\t\t\t\t\t\t\t\t<input\n\t\t\t\t\t\t\t\ttype=\"text\"\n\t\t\t\t\t\t\t\tid=\"name\"\n\t\t\t\t\t\t\t\tname=\"name\"\n\t\t\t\t\t\t\t\tplaceholder=\"Vorname\"\n\t\t\t\t\t\t\t\trequired \n\t\t\t\t\t\t\t\tmaxlength=\"50\"\/>\n\n\t\t\t\t\t\t\t<input\n\t\t\t\t\t\t\t\ttype=\"text\"\n\t\t\t\t\t\t\t\tid=\"surname\"\n\t\t\t\t\t\t\t\tname=\"surname\"\n\t\t\t\t\t\t\t\tplaceholder=\"Nachname\"\n\t\t\t\t\t\t\t\trequired\n\t\t\t\t\t\t\t\tmaxlength=\"50\"\/>\n\t\t\t\t\t\t\n\t\t\t\t\t\t<input\n\t\t\t\t\t\t\ttype=\"email\"\n\t\t\t\t\t\t\tid=\"email\"\n\t\t\t\t\t\t\tname=\"email\"\n\t\t\t\t\t\t\tplaceholder=\"E-Mail\"\n\t\t\t\t\t\t\trequired\n\t\t\t\t\t\t\tmaxlength=\"50\"\/>\n\n\t\t\t\t\t\t<input\n\t\t\t\t\t\t\ttype=\"text\"\n\t\t\t\t\t\t\tid=\"phone\"\n\t\t\t\t\t\t\tname=\"phone\"\n\t\t\t\t\t\t\tplaceholder=\"Telefon\"\n\t\t\t\t\t\t\trequired\n\t\t\t\t\t\t\tmaxlength=\"50\"\/>\n\t\t\t\t\t\t\t\n\t\t\t\t\t\t\t\t\t\t\t\t\n\t\t\t\t\t\t<h6 class=\"error-message\" hidden>...<\/h6>\n\t\t\t\t\t\t<div class=\"checkbox_container\">\n\t\t\t\t\t\t\t<div class=\"checkbox\">\n\t\t\t\t\t\t\t\t<input\n\t\t\t\t\t\t\t\t\ttype=\"checkbox\"\n\t\t\t\t\t\t\t\t\tid=\"checkbox\"\n\t\t\t\t\t\t\t\t\tname=\"checkbox\" \/>\n\n\t\t\t\t\t\t\t\t<label for=\"checkbox\"><\/label>\n\t\t\t\t\t\t\t<\/div>\n\t\t\t\t\t\t\t<p>Ich habe die <a href=\"https:\/\/locaterisk.com\/de\/datenschutz\/\" target=\"_blank\" rel=\"noreferrer noopener\">Datenschutzbestimmungen<\/a> gelesen<\/p> \n\t\t\t\t\t\t<\/div>\n\t\t\t\t\t\t\n\t\t\t\t\t<div class=\"g-recaptcha\" data-sitekey=\"6LdErNoZAAAAAD1Re2jNxtDFfcDaL9iED5MRBzjR\" data-callback=\"verifyRecaptchaCallback\" data-expired-callback=\"expiredRecaptchaCallback\"><\/div>\n\t\t\t\t\t<input type=\"hidden\" name=\"g-recaptcha-response\" data-recaptcha \/>\n\n\t\t\t\t\t\t<button class=\"lr-button-link\" type=\"submit\">Live-Demo-Termin vereinbaren<\/button>\n\t\t\t\t\t<\/form>\n\t\t\t\t<\/div>\n\t\t\t<\/div>\n\t\t<\/div>\n\t<\/div>\n\t\n\t<\/div>\n\n\n\n<hr class=\"wp-block-separator has-css-opacity is-style-wide\"\/>\n\n\n\n<div class=\"wp-block-lr-contact-module\"><div class=\"content\"><h2>Mehr erfahren, Demo buchen oder einfach mal kurz austauschen? Wir freuen uns!<\/h2><div class=\"contact-info-row\"><div class=\"contact-person-info\"><div class=\"avatar\"><img decoding=\"async\" src=\"https:\/\/locaterisk.com\/wp-content\/uploads\/2025\/06\/Lukas_Baumann_LocateRisk-300.png\"><\/div><p><span class=\"text before\">Ihr Ansprechpartner<\/span><span class=\"bold name\"><strong>Lukas<\/strong><\/span> <span class=\"lastname\"><strong>Baumann<strong><\/strong><\/strong><\/span><strong><strong><span class=\"separator\"><\/span><span class=\"role\">CEO<\/span><\/strong><\/strong><\/p><\/div><p class=\"bold phone\"><strong><strong>+49 6151 6290246<\/strong><\/strong><\/p><strong><strong><a class=\"pr-1\" href=\"mailto: sales@locaterisk.com\">Jetzt Kontakt aufnehmen<\/a><\/strong><\/strong><\/div><\/div><\/div>\n\n\n\n<p><\/p>\n\n\n\n<div class=\"wp-block-lr-footer-module lr-footer-block\"><div class=\"content\"><div class=\"column0\"><img decoding=\"async\" src=\"https:\/\/locaterisk.com\/wp-content\/plugins\/locate-risk-prod\/lr-blocks\/assets\/img\/lr-logo.svg\"\/><\/div><div class=\"categories\"><div class=\"categories-element\"><a class=\"pr-4\" href=\"https:\/\/locaterisk.com\/\">Home<\/a><\/div><div class=\"categories-element\"><a class=\"pr-4\" href=\"\/blog\">Blog<\/a><\/div><div class=\"categories-element\"><a class=\"pr-4\" href=\"\/about\">\u00dcber uns<\/a><\/div><div class=\"categories-element\"><a class=\"pr-4\" href=\"\/kontakt\">Kontakt<\/a><\/div><div class=\"categories-element\"><a class=\"pr-4\" href=\"\/impressum\">Impressum<\/a><\/div><div class=\"categories-break\"><\/div><div class=\"categories-element\"><a class=\"pr-4\" href=\"\/datenschutz\">Datenschutz<\/a><\/div><div class=\"categories-element\"><a class=\"pr-4\" href=\"\/files\/agb.pdf\">AGB<\/a><\/div><div class=\"categories-element\"><a class=\"pr-4\" href=\"\/jobs\">Jobs<\/a><\/div><div class=\"categories-element\"><a class=\"pr-4\" href=\"\/files\/sec-information.pdf\">Security<\/a><\/div><div class=\"categories-element\"><a class=\"pr-4\" href=\"https:\/\/app.secfix.com\/trust\/locaterisk\/d1e7d433b33643aea1880bfbfeab9f60\">Trust Center<\/a><\/div><\/div><div class=\"social\"><div class=\"social-element\"><a target=\"_blank\" href=\"https:\/\/www.linkedin.com\/company\/locaterisk\/\"><img decoding=\"async\" src=\"https:\/\/locaterisk.com\/wp-content\/uploads\/2020\/10\/gruppe-230@3x.png\"\/><\/a><\/div><div class=\"social-element\"><a target=\"_blank\" href=\"https:\/\/www.instagram.com\/locaterisk\/\"><img decoding=\"async\" src=\"https:\/\/locaterisk.com\/wp-content\/uploads\/2020\/11\/Instagram.png\"\/><\/a><\/div><div class=\"social-element\"><a target=\"_blank\" href=\"https:\/\/twitter.com\/locaterisk\"><img decoding=\"async\" src=\"https:\/\/locaterisk.com\/wp-content\/uploads\/2020\/11\/twitter.png\"\/><\/a><\/div><\/div><div class=\"description\"><h6>\u00a9 LocateRisk 2026<\/h6><\/div><\/div><\/div>\n","protected":false},"excerpt":{"rendered":"<p>IT im Krankenhaus: Mehr Schutz dringend erforderlich Gesundheitsdaten sind besonders sensibel und dennoch in vielen F\u00e4llen nicht angemessen gesch\u00fctzt. Dies ergab eine statistische Erhebung zur IT-Sicherheit der Krankenh\u00e4user in Deutschland von LocateRisk. Neben bestehenden Normen im Gesundheitswesen nimmt die EU Richtlinie NIS2 ab 2023 Betreiber kritischer Infrastrukturen noch st\u00e4rker in die Pflicht. Die neuen Anforderungen [&hellip;]<\/p>\n","protected":false},"author":8,"featured_media":4502,"parent":0,"menu_order":0,"comment_status":"closed","ping_status":"closed","template":"","meta":{"footnotes":""},"class_list":["post-4495","page","type-page","status-publish","has-post-thumbnail","hentry"],"yoast_head":"<!-- This site is optimized with the Yoast SEO plugin v27.4 - https:\/\/yoast.com\/product\/yoast-seo-wordpress\/ -->\n<title>Krankenh\u00e4user &amp; Kliniken - LocateRisk<\/title>\n<meta name=\"description\" content=\"Patientendaten sind besonders sensibel und erfordern h\u00f6chsten Schutz. Erfahren Sie wie es um die IT-Sicherheit in Krankenh\u00e4usern steht und was Sie tun k\u00f6nnen, um Cyberrisiken zu minimieren.\" \/>\n<meta name=\"robots\" content=\"index, follow, max-snippet:-1, max-image-preview:large, max-video-preview:-1\" \/>\n<link rel=\"canonical\" href=\"https:\/\/locaterisk.com\/de\/it-sicherheit-krankenhaeuser\/\" \/>\n<meta property=\"og:locale\" content=\"de_DE\" \/>\n<meta property=\"og:type\" content=\"article\" \/>\n<meta property=\"og:title\" content=\"Krankenh\u00e4user &amp; Kliniken - LocateRisk\" \/>\n<meta property=\"og:description\" content=\"Patientendaten sind besonders sensibel und erfordern h\u00f6chsten Schutz. Erfahren Sie wie es um die IT-Sicherheit in Krankenh\u00e4usern steht und was Sie tun k\u00f6nnen, um Cyberrisiken zu minimieren.\" \/>\n<meta property=\"og:url\" content=\"https:\/\/locaterisk.com\/de\/it-sicherheit-krankenhaeuser\/\" \/>\n<meta property=\"og:site_name\" content=\"LocateRisk\" \/>\n<meta property=\"article:modified_time\" content=\"2023-01-11T14:39:57+00:00\" \/>\n<meta property=\"og:image\" content=\"https:\/\/locaterisk.com\/wp-content\/uploads\/2023\/01\/LocateRisk_IT-Sicherheit-Krankenhaus-1.png\" \/>\n\t<meta property=\"og:image:width\" content=\"800\" \/>\n\t<meta property=\"og:image:height\" content=\"341\" \/>\n\t<meta property=\"og:image:type\" content=\"image\/png\" \/>\n<meta name=\"twitter:card\" content=\"summary_large_image\" \/>\n<meta name=\"twitter:label1\" content=\"Gesch\u00e4tzte Lesezeit\" \/>\n\t<meta name=\"twitter:data1\" content=\"3\u00a0Minuten\" \/>\n<script type=\"application\/ld+json\" class=\"yoast-schema-graph\">{\"@context\":\"https:\\\/\\\/schema.org\",\"@graph\":[{\"@type\":\"WebPage\",\"@id\":\"https:\\\/\\\/locaterisk.com\\\/it-sicherheit-krankenhaeuser\\\/\",\"url\":\"https:\\\/\\\/locaterisk.com\\\/it-sicherheit-krankenhaeuser\\\/\",\"name\":\"Krankenh\u00e4user & Kliniken - LocateRisk\",\"isPartOf\":{\"@id\":\"https:\\\/\\\/locaterisk.com\\\/de\\\/#website\"},\"primaryImageOfPage\":{\"@id\":\"https:\\\/\\\/locaterisk.com\\\/it-sicherheit-krankenhaeuser\\\/#primaryimage\"},\"image\":{\"@id\":\"https:\\\/\\\/locaterisk.com\\\/it-sicherheit-krankenhaeuser\\\/#primaryimage\"},\"thumbnailUrl\":\"https:\\\/\\\/locaterisk.com\\\/wp-content\\\/uploads\\\/2023\\\/01\\\/LocateRisk_IT-Sicherheit-Krankenhaus-1.png\",\"datePublished\":\"2023-01-10T16:49:39+00:00\",\"dateModified\":\"2023-01-11T14:39:57+00:00\",\"description\":\"Patientendaten sind besonders sensibel und erfordern h\u00f6chsten Schutz. Erfahren Sie wie es um die IT-Sicherheit in Krankenh\u00e4usern steht und was Sie tun k\u00f6nnen, um Cyberrisiken zu minimieren.\",\"breadcrumb\":{\"@id\":\"https:\\\/\\\/locaterisk.com\\\/it-sicherheit-krankenhaeuser\\\/#breadcrumb\"},\"inLanguage\":\"de\",\"potentialAction\":[{\"@type\":\"ReadAction\",\"target\":[\"https:\\\/\\\/locaterisk.com\\\/it-sicherheit-krankenhaeuser\\\/\"]}]},{\"@type\":\"ImageObject\",\"inLanguage\":\"de\",\"@id\":\"https:\\\/\\\/locaterisk.com\\\/it-sicherheit-krankenhaeuser\\\/#primaryimage\",\"url\":\"https:\\\/\\\/locaterisk.com\\\/wp-content\\\/uploads\\\/2023\\\/01\\\/LocateRisk_IT-Sicherheit-Krankenhaus-1.png\",\"contentUrl\":\"https:\\\/\\\/locaterisk.com\\\/wp-content\\\/uploads\\\/2023\\\/01\\\/LocateRisk_IT-Sicherheit-Krankenhaus-1.png\",\"width\":800,\"height\":341,\"caption\":\"Wegweiser-Schild zur Krankenhaus-Notaufnahme\"},{\"@type\":\"BreadcrumbList\",\"@id\":\"https:\\\/\\\/locaterisk.com\\\/it-sicherheit-krankenhaeuser\\\/#breadcrumb\",\"itemListElement\":[{\"@type\":\"ListItem\",\"position\":1,\"name\":\"Home\",\"item\":\"https:\\\/\\\/locaterisk.com\\\/\"},{\"@type\":\"ListItem\",\"position\":2,\"name\":\"Krankenh\u00e4user &#038; Kliniken\"}]},{\"@type\":\"WebSite\",\"@id\":\"https:\\\/\\\/locaterisk.com\\\/de\\\/#website\",\"url\":\"https:\\\/\\\/locaterisk.com\\\/de\\\/\",\"name\":\"LocateRisk\",\"description\":\"IT-Sicherheit messen und vergleichen\",\"publisher\":{\"@id\":\"https:\\\/\\\/locaterisk.com\\\/de\\\/#organization\"},\"potentialAction\":[{\"@type\":\"SearchAction\",\"target\":{\"@type\":\"EntryPoint\",\"urlTemplate\":\"https:\\\/\\\/locaterisk.com\\\/de\\\/?s={search_term_string}\"},\"query-input\":{\"@type\":\"PropertyValueSpecification\",\"valueRequired\":true,\"valueName\":\"search_term_string\"}}],\"inLanguage\":\"de\"},{\"@type\":\"Organization\",\"@id\":\"https:\\\/\\\/locaterisk.com\\\/de\\\/#organization\",\"name\":\"LocateRisk\",\"url\":\"https:\\\/\\\/locaterisk.com\\\/de\\\/\",\"logo\":{\"@type\":\"ImageObject\",\"inLanguage\":\"de\",\"@id\":\"https:\\\/\\\/locaterisk.com\\\/de\\\/#\\\/schema\\\/logo\\\/image\\\/\",\"url\":\"https:\\\/\\\/locaterisk.com\\\/wp-content\\\/uploads\\\/2020\\\/11\\\/Kettenglieder_V0216-9.jpg\",\"contentUrl\":\"https:\\\/\\\/locaterisk.com\\\/wp-content\\\/uploads\\\/2020\\\/11\\\/Kettenglieder_V0216-9.jpg\",\"width\":1920,\"height\":1080,\"caption\":\"LocateRisk\"},\"image\":{\"@id\":\"https:\\\/\\\/locaterisk.com\\\/de\\\/#\\\/schema\\\/logo\\\/image\\\/\"},\"sameAs\":[\"https:\\\/\\\/www.linkedin.com\\\/company\\\/locaterisk\\\/\"]}]}<\/script>\n<!-- \/ Yoast SEO plugin. -->","yoast_head_json":{"title":"Krankenh\u00e4user & Kliniken - LocateRisk","description":"Patientendaten sind besonders sensibel und erfordern h\u00f6chsten Schutz. Erfahren Sie wie es um die IT-Sicherheit in Krankenh\u00e4usern steht und was Sie tun k\u00f6nnen, um Cyberrisiken zu minimieren.","robots":{"index":"index","follow":"follow","max-snippet":"max-snippet:-1","max-image-preview":"max-image-preview:large","max-video-preview":"max-video-preview:-1"},"canonical":"https:\/\/locaterisk.com\/de\/it-sicherheit-krankenhaeuser\/","og_locale":"de_DE","og_type":"article","og_title":"Krankenh\u00e4user & Kliniken - LocateRisk","og_description":"Patientendaten sind besonders sensibel und erfordern h\u00f6chsten Schutz. Erfahren Sie wie es um die IT-Sicherheit in Krankenh\u00e4usern steht und was Sie tun k\u00f6nnen, um Cyberrisiken zu minimieren.","og_url":"https:\/\/locaterisk.com\/de\/it-sicherheit-krankenhaeuser\/","og_site_name":"LocateRisk","article_modified_time":"2023-01-11T14:39:57+00:00","og_image":[{"width":800,"height":341,"url":"https:\/\/locaterisk.com\/wp-content\/uploads\/2023\/01\/LocateRisk_IT-Sicherheit-Krankenhaus-1.png","type":"image\/png"}],"twitter_card":"summary_large_image","twitter_misc":{"Gesch\u00e4tzte Lesezeit":"3\u00a0Minuten"},"schema":{"@context":"https:\/\/schema.org","@graph":[{"@type":"WebPage","@id":"https:\/\/locaterisk.com\/it-sicherheit-krankenhaeuser\/","url":"https:\/\/locaterisk.com\/it-sicherheit-krankenhaeuser\/","name":"Krankenh\u00e4user & Kliniken - LocateRisk","isPartOf":{"@id":"https:\/\/locaterisk.com\/de\/#website"},"primaryImageOfPage":{"@id":"https:\/\/locaterisk.com\/it-sicherheit-krankenhaeuser\/#primaryimage"},"image":{"@id":"https:\/\/locaterisk.com\/it-sicherheit-krankenhaeuser\/#primaryimage"},"thumbnailUrl":"https:\/\/locaterisk.com\/wp-content\/uploads\/2023\/01\/LocateRisk_IT-Sicherheit-Krankenhaus-1.png","datePublished":"2023-01-10T16:49:39+00:00","dateModified":"2023-01-11T14:39:57+00:00","description":"Patientendaten sind besonders sensibel und erfordern h\u00f6chsten Schutz. Erfahren Sie wie es um die IT-Sicherheit in Krankenh\u00e4usern steht und was Sie tun k\u00f6nnen, um Cyberrisiken zu minimieren.","breadcrumb":{"@id":"https:\/\/locaterisk.com\/it-sicherheit-krankenhaeuser\/#breadcrumb"},"inLanguage":"de","potentialAction":[{"@type":"ReadAction","target":["https:\/\/locaterisk.com\/it-sicherheit-krankenhaeuser\/"]}]},{"@type":"ImageObject","inLanguage":"de","@id":"https:\/\/locaterisk.com\/it-sicherheit-krankenhaeuser\/#primaryimage","url":"https:\/\/locaterisk.com\/wp-content\/uploads\/2023\/01\/LocateRisk_IT-Sicherheit-Krankenhaus-1.png","contentUrl":"https:\/\/locaterisk.com\/wp-content\/uploads\/2023\/01\/LocateRisk_IT-Sicherheit-Krankenhaus-1.png","width":800,"height":341,"caption":"Wegweiser-Schild zur Krankenhaus-Notaufnahme"},{"@type":"BreadcrumbList","@id":"https:\/\/locaterisk.com\/it-sicherheit-krankenhaeuser\/#breadcrumb","itemListElement":[{"@type":"ListItem","position":1,"name":"Home","item":"https:\/\/locaterisk.com\/"},{"@type":"ListItem","position":2,"name":"Krankenh\u00e4user &#038; Kliniken"}]},{"@type":"WebSite","@id":"https:\/\/locaterisk.com\/de\/#website","url":"https:\/\/locaterisk.com\/de\/","name":"LocateRisk","description":"IT-Sicherheit messen und vergleichen","publisher":{"@id":"https:\/\/locaterisk.com\/de\/#organization"},"potentialAction":[{"@type":"SearchAction","target":{"@type":"EntryPoint","urlTemplate":"https:\/\/locaterisk.com\/de\/?s={search_term_string}"},"query-input":{"@type":"PropertyValueSpecification","valueRequired":true,"valueName":"search_term_string"}}],"inLanguage":"de"},{"@type":"Organization","@id":"https:\/\/locaterisk.com\/de\/#organization","name":"LocateRisk","url":"https:\/\/locaterisk.com\/de\/","logo":{"@type":"ImageObject","inLanguage":"de","@id":"https:\/\/locaterisk.com\/de\/#\/schema\/logo\/image\/","url":"https:\/\/locaterisk.com\/wp-content\/uploads\/2020\/11\/Kettenglieder_V0216-9.jpg","contentUrl":"https:\/\/locaterisk.com\/wp-content\/uploads\/2020\/11\/Kettenglieder_V0216-9.jpg","width":1920,"height":1080,"caption":"LocateRisk"},"image":{"@id":"https:\/\/locaterisk.com\/de\/#\/schema\/logo\/image\/"},"sameAs":["https:\/\/www.linkedin.com\/company\/locaterisk\/"]}]}},"_links":{"self":[{"href":"https:\/\/locaterisk.com\/de\/wp-json\/wp\/v2\/pages\/4495","targetHints":{"allow":["GET"]}}],"collection":[{"href":"https:\/\/locaterisk.com\/de\/wp-json\/wp\/v2\/pages"}],"about":[{"href":"https:\/\/locaterisk.com\/de\/wp-json\/wp\/v2\/types\/page"}],"author":[{"embeddable":true,"href":"https:\/\/locaterisk.com\/de\/wp-json\/wp\/v2\/users\/8"}],"replies":[{"embeddable":true,"href":"https:\/\/locaterisk.com\/de\/wp-json\/wp\/v2\/comments?post=4495"}],"version-history":[{"count":23,"href":"https:\/\/locaterisk.com\/de\/wp-json\/wp\/v2\/pages\/4495\/revisions"}],"predecessor-version":[{"id":4937,"href":"https:\/\/locaterisk.com\/de\/wp-json\/wp\/v2\/pages\/4495\/revisions\/4937"}],"wp:featuredmedia":[{"embeddable":true,"href":"https:\/\/locaterisk.com\/de\/wp-json\/wp\/v2\/media\/4502"}],"wp:attachment":[{"href":"https:\/\/locaterisk.com\/de\/wp-json\/wp\/v2\/media?parent=4495"}],"curies":[{"name":"wp","href":"https:\/\/api.w.org\/{rel}","templated":true}]}}