{"id":2716,"date":"2022-01-06T12:55:33","date_gmt":"2022-01-06T12:55:33","guid":{"rendered":"https:\/\/locaterisk.com\/?page_id=2716"},"modified":"2022-06-28T09:56:37","modified_gmt":"2022-06-28T09:56:37","slug":"case-study-mit-it-monitoring-in-richtung-sichere-stadt","status":"publish","type":"page","link":"https:\/\/locaterisk.com\/en\/case-study-mit-it-monitoring-in-richtung-sichere-stadt\/","title":{"rendered":"Case Study: Efficient Monitoring of an Municipal IT Landscape"},"content":{"rendered":"<h1 class=\"blog-title wp-block-heading\" id=\"case-study-mit-it-monitoring-in-richtung-sichere-stadt\"> Case Study: Efficient Monitoring of an Municipal IT Landscape <\/h1>\n\n\n\n<p>Security instead of flying blind: The IT team of a major city relies on IT monitoring for prevention and brings the attack surface under control with regular vulnerability analyses. <\/p>\n\n\n<h3 style=\"text-align: left;\">Background<\/h3>\n<p>The IT managers of a large city in Hesse with over 1,000 employees felt the same way as many other administrators in government agencies and public institutions. They did their job well and did their best to make everything secure. But whether that was enough, they didn't know. One of the reasons was that there was no outside view. There was no reliable information about the IT security performance of service providers, such as web server operators. As a result, many vulnerabilities went undetected and the IT security situation remained in the dark. To change this, the admin team now ensures transparency with IT monitoring of the externally accessible IT infrastructure - and can immediately report initial successes.<\/p>\n<p>\u00a0<\/p>\n\n\n<div class=\"wp-block-columns is-layout-flex wp-container-core-columns-is-layout-9d6595d7 wp-block-columns-is-layout-flex\">\n<div class=\"wp-block-column is-layout-flow wp-block-column-is-layout-flow\" style=\"flex-basis:100%\">\n<div class=\"wp-block-group\"><div class=\"wp-block-group__inner-container is-layout-flow wp-block-group-is-layout-flow\">\n<div class=\"wp-block-columns is-layout-flex wp-container-core-columns-is-layout-9d6595d7 wp-block-columns-is-layout-flex\">\n<div class=\"wp-block-column is-layout-flow wp-block-column-is-layout-flow\" style=\"flex-basis:100%\">\n<div class=\"wp-block-group\"><div class=\"wp-block-group__inner-container is-layout-flow wp-block-group-is-layout-flow\"><div class=\"wp-block-image is-style-default\">\n<figure class=\"aligncenter size-full is-resized\"><img loading=\"lazy\" decoding=\"async\" src=\"https:\/\/locaterisk.com\/wp-content\/uploads\/2022\/01\/LocateRisk_Ampel.png\" alt=\"\" class=\"wp-image-2739\" width=\"840\" height=\"560\" srcset=\"https:\/\/locaterisk.com\/wp-content\/uploads\/2022\/01\/LocateRisk_Ampel.png 800w, https:\/\/locaterisk.com\/wp-content\/uploads\/2022\/01\/LocateRisk_Ampel-300x200.png 300w, https:\/\/locaterisk.com\/wp-content\/uploads\/2022\/01\/LocateRisk_Ampel-768x512.png 768w, https:\/\/locaterisk.com\/wp-content\/uploads\/2022\/01\/LocateRisk_Ampel-18x12.png 18w\" sizes=\"auto, (max-width: 840px) 100vw, 840px\" \/><\/figure><\/div><\/div><\/div>\n<\/div>\n<\/div>\n<\/div><\/div>\n<\/div>\n<\/div>\n\n\n\n<h3 class=\"wp-block-heading\" id=\"losung\">Solution<\/h3>\n\n\n\n<p>The first LocateRisk analysis report was a painful surprise. \"Actually, we were sure,\" says the deputy IT manager. The result was already a pinprick, he says. But it was also the impetus to discover the reasons. The first step was to inform the hosting provider of the city's main domain about a security-critical finding. The latter was grateful and optimized immediately, which made the second analysis look much better. The situation was similar with the colleagues. Thanks to the reports, individual vulnerabilities, for example in the application area or with regard to dreaded shadow IT, could be specifically addressed and optimized.<\/p>\n\n\n\n<p>The city's political decision-makers were particularly impressed by the objective view of IT and the professional preparation of the data. In order to keep the situation permanently under control, the analyses are now regularly carried out as IT monitoring. To ensure that the volume of identified weak points does not overload the team, the management divides the result into small tasks and distributes them to the appropriate server maintainers for optimization.<\/p>\n\n\n\n<p><\/p>\n\n\n<div class=\"wp-block-image\">\n<figure class=\"aligncenter size-large is-resized\"><img loading=\"lazy\" decoding=\"async\" src=\"https:\/\/locaterisk.com\/wp-content\/uploads\/2022\/01\/CBildschirmfoto-2022-01-06-um-11.23-1024x547.png\" alt=\"\" class=\"wp-image-2734\" width=\"844\" height=\"451\" srcset=\"https:\/\/locaterisk.com\/wp-content\/uploads\/2022\/01\/CBildschirmfoto-2022-01-06-um-11.23-1024x547.png 1024w, https:\/\/locaterisk.com\/wp-content\/uploads\/2022\/01\/CBildschirmfoto-2022-01-06-um-11.23-300x160.png 300w, https:\/\/locaterisk.com\/wp-content\/uploads\/2022\/01\/CBildschirmfoto-2022-01-06-um-11.23-768x410.png 768w, https:\/\/locaterisk.com\/wp-content\/uploads\/2022\/01\/CBildschirmfoto-2022-01-06-um-11.23-18x10.png 18w, https:\/\/locaterisk.com\/wp-content\/uploads\/2022\/01\/CBildschirmfoto-2022-01-06-um-11.23.png 1080w\" sizes=\"auto, (max-width: 844px) 100vw, 844px\" \/><figcaption>IT monitoring results report: The interactive report provides IT managers with detailed information on critical findings as well as recommended actions for remediation. In addition, useful functions such as an integrated action plan, automatic change detection with e-mail notification and the difference function accelerate the optimization process.<\/figcaption><\/figure><\/div>\n\n\n<h3 class=\"wp-block-heading\" id=\"ergebnis\">Result<\/h3>\n\n\n\n<p>The IT risk assessments from an external perspective are adopted as a building block in the city's IT security concept. The IT team uses the results as a sporting challenge to get better and therefore more secure with every scan. Of course, everyone is aware that there is no such thing as one hundred percent security. But with each new score, motivation also increases. In addition, the reports are used as proof to third parties, such as cyber insurance companies. Users rate the SaaS platform as particularly helpful in the daily work process. \"The user-friendly interface across all levels, from servers to vulnerabilities to recommended actions, speeds up work and is a real added value.\"<\/p>\n\n\n\n<p><\/p>\n\n\n\n<h3 class=\"wp-block-heading\">More on the Topic<\/h3>\n\n\n\n<p><a href=\"https:\/\/locaterisk.com\/en\/it-sicherheit-kommunen\/\">More IT Security for Municipalities: Automated Support for IT Managers<\/a><\/p>\n\n\n\n<p><\/p>\n\n\n\n<div class=\"wp-block-lr-blog-image-text-article-module blog-image-text-article\"><div class=\"content\"><div class=\"image\"><img decoding=\"async\" src=\"https:\/\/locaterisk.com\/wp-content\/uploads\/2022\/01\/LocateRisk_CaseStudy2_Zitat_EN.png\"\/><\/div><h6><\/h6><\/div><\/div>\n\n\n\n<div class=\"wp-block-lr-contact-post-module\">\n\t<div id=\"lr-contact-form\" class=\"wp-block-lr-contact-post-module\">\n\t\t<div id=\"formular\" class=\"content\">\n\t\t\t<div class=\"inner-content\">\n\t\t\t\t<div class=\"column-2 feature-mode\">\n\t\t\t\t\t<h2>Request your personal Live-Demo now<\/h2>\n\t\t\t\t\t\n\t\t\t\t\t\t\t\t\t\t\t\t\t<div>\n\t\t\t\t\t\t\t\t<p class=\"margin-b-36\">Identify and reduce your cyber risks through a comparable and understandable overview of your IT security. Let our experts advise you and find out how LocateRisk can help you solve your cyber risks.<\/p>\n\t\t\t\t\t\t\t<\/div>\t\n\t\t\t\t\t\t\t\t\n\t\t\t\t\t\t\n\t\t\t\t\t\t\t\t\t<\/div> \n\t\t\t\t<div class=\"column-2\">\n\t\t\t\t\t<form action=\"\" class=\"form\" method=\"post\" role=\"form\" novalidate data-trp-original-action=\"\">\n\t\t\t\t\t\t<input type=\"text\" id=\"successmessage\" name=\"successmessage\" value=\"\" hidden>\n\t\t\t\t\t\t<input type=\"text\" id=\"errormessage\" name=\"errormessage\" value=\"\" hidden>\n\t\t\t\t\t\t<input type=\"text\" id=\"slug\" name=\"slug\" value=\"case-study-mit-it-monitoring-in-richtung-sichere-stadt\" hidden>\n\n\t\t\t\t\t\t\t\t\t\t\t\t\t<input\n\t\t\t\t\t\t\t\ttype=\"text\"\n\t\t\t\t\t\t\t\tid=\"name\"\n\t\t\t\t\t\t\t\tname=\"name\"\n\t\t\t\t\t\t\t\tplaceholder=\"first name\"\n\t\t\t\t\t\t\t\trequired\tmaxlength=\"50\"\/>\n\n\t\t\t\t\t\t\t<input\n\t\t\t\t\t\t\t\ttype=\"text\"\n\t\t\t\t\t\t\t\tid=\"surname\"\n\t\t\t\t\t\t\t\tname=\"surname\"\n\t\t\t\t\t\t\t\tplaceholder=\"last name\"\n\t\t\t\t\t\t\t\trequired\n\t\t\t\t\t\t\t\tmaxlength=\"50\"\/>\n\t\t\t\t\t\t\n\t\t\t\t\t\t<input\n\t\t\t\t\t\t\ttype=\"email\"\n\t\t\t\t\t\t\tid=\"email\"\n\t\t\t\t\t\t\tname=\"email\"\n\t\t\t\t\t\t\tplaceholder=\"Email\"\n\t\t\t\t\t\t\trequired\n\t\t\t\t\t\t\tmaxlength=\"50\"\/>\n\n\t\t\t\t\t\t<input\n\t\t\t\t\t\t\ttype=\"text\"\n\t\t\t\t\t\t\tid=\"phone\"\n\t\t\t\t\t\t\tname=\"phone\"\n\t\t\t\t\t\t\tplaceholder=\"phone\"\n\t\t\t\t\t\t\trequired\n\t\t\t\t\t\t\tmaxlength=\"50\"\/>\n\t\t\t\t\t\t\t\n\t\t\t\t\t\t\t\t\t\t\t\t\n\t\t\t\t\t\t<h6 class=\"error-message\" hidden>...<\/h6>\n\t\t\t\t\t\t<div class=\"checkbox_container\">\n\t\t\t\t\t\t\t<div class=\"checkbox\">\n\t\t\t\t\t\t\t\t<input\n\t\t\t\t\t\t\t\t\ttype=\"checkbox\"\n\t\t\t\t\t\t\t\t\tid=\"checkbox\"\n\t\t\t\t\t\t\t\t\tname=\"checkbox\" \/>\n\n\t\t\t\t\t\t\t\t<label for=\"checkbox\"><\/label>\n\t\t\t\t\t\t\t<\/div>\n\t\t\t\t\t\t\t<p>I agree to the <a href=\"https:\/\/locaterisk.com\/en\/datenschutz\/\" target=\"_blank\" rel=\"noreferrer noopener\">privacy policy.<\/a> read<\/p> \n\t\t\t\t\t\t<\/div>\n\t\t\t\t\t\t\n\t\t\t\t\t<div class=\"g-recaptcha\" data-sitekey=\"6LdErNoZAAAAAD1Re2jNxtDFfcDaL9iED5MRBzjR\" data-callback=\"verifyRecaptchaCallback\" data-expired-callback=\"expiredRecaptchaCallback\"><\/div>\n\t\t\t\t\t<input type=\"hidden\" name=\"g-recaptcha-response\" data-recaptcha \/>\n\n\t\t\t\t\t\t<button class=\"lr-button-link\" type=\"submit\">Schedule a Live Demo<\/button>\n\t\t\t\t\t<input type=\"hidden\" name=\"trp-form-language\" value=\"en\"\/><\/form>\n\t\t\t\t<\/div>\n\t\t\t<\/div>\n\t\t<\/div>\n\t<\/div>\n\t\n\t<\/div>\n\n\n\n<hr class=\"wp-block-separator has-css-opacity is-style-wide\"\/>\n\n\n\n<div class=\"wp-block-lr-contact-module\"><div class=\"content\"><h2>Want to find out more, book a demo or simply exchange ideas? We look forward to hearing from you!<\/h2><div class=\"contact-info-row\"><div class=\"contact-person-info\"><div class=\"avatar\"><img decoding=\"async\" src=\"https:\/\/locaterisk.com\/wp-content\/uploads\/2025\/06\/Lukas_Baumann_LocateRisk-300.png\"><\/div><p><span class=\"text before\">Your personal consultant<\/span><span class=\"bold name\"><strong>Lukas<\/strong><\/span> <span class=\"lastname\"><strong>Baumann<strong><\/strong><\/strong><\/span><strong><strong><span class=\"separator\"><\/span><span class=\"role\">CEO<\/span><\/strong><\/strong><\/p><\/div><p class=\"bold phone\"><strong><strong>+49 6151 6290246<\/strong><\/strong><\/p><strong><strong><a class=\"pr-1\" href=\"mailto: sales@locaterisk.com\">Get in Touch Now<\/a><\/strong><\/strong><\/div><\/div><\/div>\n\n\n\n<p><\/p>\n\n\n\n<div class=\"wp-block-lr-footer-module lr-footer-block\"><div class=\"content\"><div class=\"column0\"><img decoding=\"async\" src=\"https:\/\/locaterisk.com\/wp-content\/plugins\/locate-risk-prod\/lr-blocks\/assets\/img\/lr-logo.svg\"\/><\/div><div class=\"categories\"><div class=\"categories-element\"><a class=\"pr-4\" href=\"https:\/\/locaterisk.com\/en\/\">Home<\/a><\/div><div class=\"categories-element\"><a class=\"pr-4\" href=\"\/en\/blog\/\">Blog<\/a><\/div><div class=\"categories-element\"><a class=\"pr-4\" href=\"\/en\/about\/\">About Us<\/a><\/div><div class=\"categories-element\"><a class=\"pr-4\" href=\"\/en\/kontakt\/\">Contact<\/a><\/div><div class=\"categories-element\"><a class=\"pr-4\" href=\"\/en\/impressum\/\">Legal Notice<\/a><\/div><div class=\"categories-break\"><\/div><div class=\"categories-element\"><a class=\"pr-4\" href=\"\/en\/datenschutz\/\">Privacy<\/a><\/div><div class=\"categories-element\"><a class=\"pr-4\" href=\"\/files\/gtc.pdf\">General Terms and Conditions<\/a><\/div><div class=\"categories-element\"><a class=\"pr-4\" href=\"\/en\/jobs\/\">Jobs<\/a><\/div><div class=\"categories-element\"><a class=\"pr-4\" href=\"\/files\/sec-information.pdf\">Security<\/a><\/div><div class=\"categories-element\"><a class=\"pr-4\" href=\"https:\/\/app.secfix.com\/trust\/locaterisk\/d1e7d433b33643aea1880bfbfeab9f60\">Trust Center<\/a><\/div><\/div><div class=\"social\"><div class=\"social-element\"><a target=\"_blank\" href=\"https:\/\/www.linkedin.com\/company\/locaterisk\/\"><img decoding=\"async\" src=\"https:\/\/locaterisk.com\/wp-content\/uploads\/2020\/10\/gruppe-230@3x.png\"\/><\/a><\/div><div class=\"social-element\"><a target=\"_blank\" href=\"https:\/\/www.instagram.com\/locaterisk\/\"><img decoding=\"async\" src=\"https:\/\/locaterisk.com\/wp-content\/uploads\/2020\/11\/Instagram.png\"\/><\/a><\/div><div class=\"social-element\"><a target=\"_blank\" href=\"https:\/\/twitter.com\/locaterisk\"><img decoding=\"async\" src=\"https:\/\/locaterisk.com\/wp-content\/uploads\/2020\/11\/twitter.png\"\/><\/a><\/div><\/div><div class=\"description\"><h6>\u00a9 LocateRisk 2026<\/h6><\/div><\/div><\/div>","protected":false},"excerpt":{"rendered":"<p>Case Study: Mit IT-Monitoring in Richtung sichere Stadt Sicherheit statt Blindflug: Das IT-Team einer Gro\u00dfstadt setzt auf IT-Monitoring zur Pr\u00e4vention und bringt mit regelm\u00e4\u00dfigen Schwachstellenanalysen die Angriffsfl\u00e4che unter Kontrolle. Hintergrund Den IT-Verantwortlichen einer hessischen Gro\u00dfstadt mit \u00fcber 1000 Angestellten ging es wie vielen anderen Administratoren in Beh\u00f6rden und \u00f6ffentlichen Einrichtungen. Sie erledigten ihre Arbeit gut [&hellip;]<\/p>\n","protected":false},"author":8,"featured_media":2739,"parent":0,"menu_order":0,"comment_status":"closed","ping_status":"closed","template":"","meta":{"footnotes":""},"class_list":["post-2716","page","type-page","status-publish","has-post-thumbnail","hentry"],"yoast_head":"<!-- This site is optimized with the Yoast SEO plugin v27.5 - https:\/\/yoast.com\/product\/yoast-seo-wordpress\/ -->\n<title>Case Study: Mit IT-Monitoring in Richtung sichere Stadt - LocateRisk<\/title>\n<meta name=\"description\" content=\"Case Study LocateRisk \u00b7 Wie IT-Monitoring das Admin-Team einer hessischen Gro\u00dfstadt beim Schutz der IT-Infrastruktur unterst\u00fctzt. Eine Erfolgsgeschichte.\" \/>\n<meta name=\"robots\" content=\"index, follow, max-snippet:-1, max-image-preview:large, max-video-preview:-1\" \/>\n<link rel=\"canonical\" href=\"https:\/\/locaterisk.com\/en\/case-study-mit-it-monitoring-in-richtung-sichere-stadt\/\" \/>\n<meta property=\"og:locale\" content=\"en_US\" \/>\n<meta property=\"og:type\" content=\"article\" \/>\n<meta property=\"og:title\" content=\"Case Study: Mit IT-Monitoring in Richtung sichere Stadt - LocateRisk\" \/>\n<meta property=\"og:description\" content=\"Case Study LocateRisk \u00b7 Wie IT-Monitoring das Admin-Team einer hessischen Gro\u00dfstadt beim Schutz der IT-Infrastruktur unterst\u00fctzt. Eine Erfolgsgeschichte.\" \/>\n<meta property=\"og:url\" content=\"https:\/\/locaterisk.com\/en\/case-study-mit-it-monitoring-in-richtung-sichere-stadt\/\" \/>\n<meta property=\"og:site_name\" content=\"LocateRisk\" \/>\n<meta property=\"article:modified_time\" content=\"2022-06-28T09:56:37+00:00\" \/>\n<meta property=\"og:image\" content=\"https:\/\/locaterisk.com\/wp-content\/uploads\/2022\/01\/LocateRisk_Ampel.png\" \/>\n\t<meta property=\"og:image:width\" content=\"800\" \/>\n\t<meta property=\"og:image:height\" content=\"533\" \/>\n\t<meta property=\"og:image:type\" content=\"image\/png\" \/>\n<meta name=\"twitter:card\" content=\"summary_large_image\" \/>\n<meta name=\"twitter:label1\" content=\"Est. reading time\" \/>\n\t<meta name=\"twitter:data1\" content=\"3 minutes\" \/>\n<script type=\"application\/ld+json\" class=\"yoast-schema-graph\">{\"@context\":\"https:\\\/\\\/schema.org\",\"@graph\":[{\"@type\":\"WebPage\",\"@id\":\"https:\\\/\\\/locaterisk.com\\\/case-study-mit-it-monitoring-in-richtung-sichere-stadt\\\/\",\"url\":\"https:\\\/\\\/locaterisk.com\\\/case-study-mit-it-monitoring-in-richtung-sichere-stadt\\\/\",\"name\":\"Case Study: Mit IT-Monitoring in Richtung sichere Stadt - LocateRisk\",\"isPartOf\":{\"@id\":\"https:\\\/\\\/locaterisk.com\\\/de\\\/#website\"},\"primaryImageOfPage\":{\"@id\":\"https:\\\/\\\/locaterisk.com\\\/case-study-mit-it-monitoring-in-richtung-sichere-stadt\\\/#primaryimage\"},\"image\":{\"@id\":\"https:\\\/\\\/locaterisk.com\\\/case-study-mit-it-monitoring-in-richtung-sichere-stadt\\\/#primaryimage\"},\"thumbnailUrl\":\"https:\\\/\\\/locaterisk.com\\\/wp-content\\\/uploads\\\/2022\\\/01\\\/LocateRisk_Ampel.png\",\"datePublished\":\"2022-01-06T12:55:33+00:00\",\"dateModified\":\"2022-06-28T09:56:37+00:00\",\"description\":\"Case Study LocateRisk \u00b7 Wie IT-Monitoring das Admin-Team einer hessischen Gro\u00dfstadt beim Schutz der IT-Infrastruktur unterst\u00fctzt. Eine Erfolgsgeschichte.\",\"breadcrumb\":{\"@id\":\"https:\\\/\\\/locaterisk.com\\\/case-study-mit-it-monitoring-in-richtung-sichere-stadt\\\/#breadcrumb\"},\"inLanguage\":\"en-US\",\"potentialAction\":[{\"@type\":\"ReadAction\",\"target\":[\"https:\\\/\\\/locaterisk.com\\\/case-study-mit-it-monitoring-in-richtung-sichere-stadt\\\/\"]}]},{\"@type\":\"ImageObject\",\"inLanguage\":\"en-US\",\"@id\":\"https:\\\/\\\/locaterisk.com\\\/case-study-mit-it-monitoring-in-richtung-sichere-stadt\\\/#primaryimage\",\"url\":\"https:\\\/\\\/locaterisk.com\\\/wp-content\\\/uploads\\\/2022\\\/01\\\/LocateRisk_Ampel.png\",\"contentUrl\":\"https:\\\/\\\/locaterisk.com\\\/wp-content\\\/uploads\\\/2022\\\/01\\\/LocateRisk_Ampel.png\",\"width\":800,\"height\":533,\"caption\":\"Photo by Moritz Kindler\\\/Unsplash\"},{\"@type\":\"BreadcrumbList\",\"@id\":\"https:\\\/\\\/locaterisk.com\\\/case-study-mit-it-monitoring-in-richtung-sichere-stadt\\\/#breadcrumb\",\"itemListElement\":[{\"@type\":\"ListItem\",\"position\":1,\"name\":\"Home\",\"item\":\"https:\\\/\\\/locaterisk.com\\\/\"},{\"@type\":\"ListItem\",\"position\":2,\"name\":\"Case Study: Mit IT-Monitoring in Richtung sichere Stadt\"}]},{\"@type\":\"WebSite\",\"@id\":\"https:\\\/\\\/locaterisk.com\\\/de\\\/#website\",\"url\":\"https:\\\/\\\/locaterisk.com\\\/de\\\/\",\"name\":\"LocateRisk\",\"description\":\"IT-Sicherheit messen und vergleichen\",\"publisher\":{\"@id\":\"https:\\\/\\\/locaterisk.com\\\/de\\\/#organization\"},\"potentialAction\":[{\"@type\":\"SearchAction\",\"target\":{\"@type\":\"EntryPoint\",\"urlTemplate\":\"https:\\\/\\\/locaterisk.com\\\/de\\\/?s={search_term_string}\"},\"query-input\":{\"@type\":\"PropertyValueSpecification\",\"valueRequired\":true,\"valueName\":\"search_term_string\"}}],\"inLanguage\":\"en-US\"},{\"@type\":\"Organization\",\"@id\":\"https:\\\/\\\/locaterisk.com\\\/de\\\/#organization\",\"name\":\"LocateRisk\",\"url\":\"https:\\\/\\\/locaterisk.com\\\/de\\\/\",\"logo\":{\"@type\":\"ImageObject\",\"inLanguage\":\"en-US\",\"@id\":\"https:\\\/\\\/locaterisk.com\\\/de\\\/#\\\/schema\\\/logo\\\/image\\\/\",\"url\":\"https:\\\/\\\/locaterisk.com\\\/wp-content\\\/uploads\\\/2020\\\/11\\\/Kettenglieder_V0216-9.jpg\",\"contentUrl\":\"https:\\\/\\\/locaterisk.com\\\/wp-content\\\/uploads\\\/2020\\\/11\\\/Kettenglieder_V0216-9.jpg\",\"width\":1920,\"height\":1080,\"caption\":\"LocateRisk\"},\"image\":{\"@id\":\"https:\\\/\\\/locaterisk.com\\\/de\\\/#\\\/schema\\\/logo\\\/image\\\/\"},\"sameAs\":[\"https:\\\/\\\/www.linkedin.com\\\/company\\\/locaterisk\\\/\"]}]}<\/script>\n<!-- \/ Yoast SEO plugin. -->","yoast_head_json":{"title":"Case study: Towards a safe city with IT monitoring - LocateRisk","description":"Case Study LocateRisk - How IT monitoring supports the admin team of a major Hessian city in protecting its IT infrastructure. A success story.","robots":{"index":"index","follow":"follow","max-snippet":"max-snippet:-1","max-image-preview":"max-image-preview:large","max-video-preview":"max-video-preview:-1"},"canonical":"https:\/\/locaterisk.com\/en\/case-study-mit-it-monitoring-in-richtung-sichere-stadt\/","og_locale":"en_US","og_type":"article","og_title":"Case Study: Mit IT-Monitoring in Richtung sichere Stadt - LocateRisk","og_description":"Case Study LocateRisk \u00b7 Wie IT-Monitoring das Admin-Team einer hessischen Gro\u00dfstadt beim Schutz der IT-Infrastruktur unterst\u00fctzt. Eine Erfolgsgeschichte.","og_url":"https:\/\/locaterisk.com\/en\/case-study-mit-it-monitoring-in-richtung-sichere-stadt\/","og_site_name":"LocateRisk","article_modified_time":"2022-06-28T09:56:37+00:00","og_image":[{"width":800,"height":533,"url":"https:\/\/locaterisk.com\/wp-content\/uploads\/2022\/01\/LocateRisk_Ampel.png","type":"image\/png"}],"twitter_card":"summary_large_image","twitter_misc":{"Est. reading time":"3 minutes"},"schema":{"@context":"https:\/\/schema.org","@graph":[{"@type":"WebPage","@id":"https:\/\/locaterisk.com\/case-study-mit-it-monitoring-in-richtung-sichere-stadt\/","url":"https:\/\/locaterisk.com\/case-study-mit-it-monitoring-in-richtung-sichere-stadt\/","name":"Case study: Towards a safe city with IT monitoring - LocateRisk","isPartOf":{"@id":"https:\/\/locaterisk.com\/de\/#website"},"primaryImageOfPage":{"@id":"https:\/\/locaterisk.com\/case-study-mit-it-monitoring-in-richtung-sichere-stadt\/#primaryimage"},"image":{"@id":"https:\/\/locaterisk.com\/case-study-mit-it-monitoring-in-richtung-sichere-stadt\/#primaryimage"},"thumbnailUrl":"https:\/\/locaterisk.com\/wp-content\/uploads\/2022\/01\/LocateRisk_Ampel.png","datePublished":"2022-01-06T12:55:33+00:00","dateModified":"2022-06-28T09:56:37+00:00","description":"Case Study LocateRisk - How IT monitoring supports the admin team of a major Hessian city in protecting its IT infrastructure. A success story.","breadcrumb":{"@id":"https:\/\/locaterisk.com\/case-study-mit-it-monitoring-in-richtung-sichere-stadt\/#breadcrumb"},"inLanguage":"en-US","potentialAction":[{"@type":"ReadAction","target":["https:\/\/locaterisk.com\/case-study-mit-it-monitoring-in-richtung-sichere-stadt\/"]}]},{"@type":"ImageObject","inLanguage":"en-US","@id":"https:\/\/locaterisk.com\/case-study-mit-it-monitoring-in-richtung-sichere-stadt\/#primaryimage","url":"https:\/\/locaterisk.com\/wp-content\/uploads\/2022\/01\/LocateRisk_Ampel.png","contentUrl":"https:\/\/locaterisk.com\/wp-content\/uploads\/2022\/01\/LocateRisk_Ampel.png","width":800,"height":533,"caption":"Photo by Moritz Kindler\/Unsplash"},{"@type":"BreadcrumbList","@id":"https:\/\/locaterisk.com\/case-study-mit-it-monitoring-in-richtung-sichere-stadt\/#breadcrumb","itemListElement":[{"@type":"ListItem","position":1,"name":"Home","item":"https:\/\/locaterisk.com\/"},{"@type":"ListItem","position":2,"name":"Case Study: Mit IT-Monitoring in Richtung sichere Stadt"}]},{"@type":"WebSite","@id":"https:\/\/locaterisk.com\/de\/#website","url":"https:\/\/locaterisk.com\/de\/","name":"LocateRisk","description":"Measure and compare IT security","publisher":{"@id":"https:\/\/locaterisk.com\/de\/#organization"},"potentialAction":[{"@type":"SearchAction","target":{"@type":"EntryPoint","urlTemplate":"https:\/\/locaterisk.com\/de\/?s={search_term_string}"},"query-input":{"@type":"PropertyValueSpecification","valueRequired":true,"valueName":"search_term_string"}}],"inLanguage":"en-US"},{"@type":"Organization","@id":"https:\/\/locaterisk.com\/de\/#organization","name":"LocateRisk","url":"https:\/\/locaterisk.com\/de\/","logo":{"@type":"ImageObject","inLanguage":"en-US","@id":"https:\/\/locaterisk.com\/de\/#\/schema\/logo\/image\/","url":"https:\/\/locaterisk.com\/wp-content\/uploads\/2020\/11\/Kettenglieder_V0216-9.jpg","contentUrl":"https:\/\/locaterisk.com\/wp-content\/uploads\/2020\/11\/Kettenglieder_V0216-9.jpg","width":1920,"height":1080,"caption":"LocateRisk"},"image":{"@id":"https:\/\/locaterisk.com\/de\/#\/schema\/logo\/image\/"},"sameAs":["https:\/\/www.linkedin.com\/company\/locaterisk\/"]}]}},"_links":{"self":[{"href":"https:\/\/locaterisk.com\/en\/wp-json\/wp\/v2\/pages\/2716","targetHints":{"allow":["GET"]}}],"collection":[{"href":"https:\/\/locaterisk.com\/en\/wp-json\/wp\/v2\/pages"}],"about":[{"href":"https:\/\/locaterisk.com\/en\/wp-json\/wp\/v2\/types\/page"}],"author":[{"embeddable":true,"href":"https:\/\/locaterisk.com\/en\/wp-json\/wp\/v2\/users\/8"}],"replies":[{"embeddable":true,"href":"https:\/\/locaterisk.com\/en\/wp-json\/wp\/v2\/comments?post=2716"}],"version-history":[{"count":45,"href":"https:\/\/locaterisk.com\/en\/wp-json\/wp\/v2\/pages\/2716\/revisions"}],"predecessor-version":[{"id":7426,"href":"https:\/\/locaterisk.com\/en\/wp-json\/wp\/v2\/pages\/2716\/revisions\/7426"}],"wp:featuredmedia":[{"embeddable":true,"href":"https:\/\/locaterisk.com\/en\/wp-json\/wp\/v2\/media\/2739"}],"wp:attachment":[{"href":"https:\/\/locaterisk.com\/en\/wp-json\/wp\/v2\/media?parent=2716"}],"curies":[{"name":"wp","href":"https:\/\/api.w.org\/{rel}","templated":true}]}}