{"id":3491,"date":"2022-06-27T16:00:07","date_gmt":"2022-06-27T16:00:07","guid":{"rendered":"https:\/\/locaterisk.com\/?page_id=3491"},"modified":"2022-06-28T09:05:05","modified_gmt":"2022-06-28T09:05:05","slug":"it-sicherheit-kommunen","status":"publish","type":"page","link":"https:\/\/locaterisk.com\/en\/it-sicherheit-kommunen\/","title":{"rendered":"IT Security: Municipalities"},"content":{"rendered":"<h1 class=\"blog-title wp-block-heading\" id=\"case-study-mit-it-monitoring-in-richtung-sichere-stadt\">More IT Security for Municipalities: Automated Support for IT Managers<\/h1>\n\n\n\n<p>Digitization is challenging municipalities across the country. Automated attacks on cities and municipalities are increasingly successful. The consequences are serious, and administrations and their services are sometimes incapacitated or severely restricted for weeks or months. It is well known that authorities and public institutions are particularly vulnerable. Traditional administrative structures, decentralized services, numerous outdated systems and software applications, and the shortage of skilled workers all contribute to the critical situation. <\/p>\n\n\n\n<p>Many IT managers work at the limit and are still challenged to increase the IT security of entire municipalities on the basis of manageable budgets. With IT security monitoring, LocateRisk helps municipal IT teams monitor and minimize the external IT attack surface. The analyses accelerate the security process, help with budget discussions and serve as proof of successfully implemented protective measures.<\/p>\n\n\n<div class=\"wp-block-image\">\n<figure class=\"aligncenter size-large is-resized\"><img loading=\"lazy\" decoding=\"async\" src=\"https:\/\/locaterisk.com\/wp-content\/uploads\/2022\/06\/bdana-rivers-kirby-7cgLyMPk0CE-unsplash-1024x437.png\" alt=\"\" class=\"wp-image-3517\" width=\"846\" height=\"361\" srcset=\"https:\/\/locaterisk.com\/wp-content\/uploads\/2022\/06\/bdana-rivers-kirby-7cgLyMPk0CE-unsplash-1024x437.png 1024w, https:\/\/locaterisk.com\/wp-content\/uploads\/2022\/06\/bdana-rivers-kirby-7cgLyMPk0CE-unsplash-300x128.png 300w, https:\/\/locaterisk.com\/wp-content\/uploads\/2022\/06\/bdana-rivers-kirby-7cgLyMPk0CE-unsplash-768x328.png 768w, https:\/\/locaterisk.com\/wp-content\/uploads\/2022\/06\/bdana-rivers-kirby-7cgLyMPk0CE-unsplash-18x8.png 18w, https:\/\/locaterisk.com\/wp-content\/uploads\/2022\/06\/bdana-rivers-kirby-7cgLyMPk0CE-unsplash.png 1080w\" sizes=\"auto, (max-width: 846px) 100vw, 846px\" \/><\/figure><\/div>\n\n<h3 style=\"text-align: left;\"><b>Digitization of Municipalities<\/b><\/h3>\n<p>By 2026, the market for smart cities in Germany will grow by more than 17 percent per year. Almost every area of urban life is to be digitized in the medium term in order to make life more pleasant for all citizens and to provide urban planning with tools for better decision-making. Automation and networking in transport infrastructure, mobility, healthcare and energy supply are associated with the exchange of enormous amounts of data and the management of countless, often incompatible or outdated interfaces of IoT and OT (operational technology). If networked cities lack adequate security, they are extremely vulnerable to cyberattacks. It is therefore essential for urban planners to work with engineers and IT architects to implement new security concepts.<\/p>\n<h3 style=\"text-align: left;\"><strong>Online Access Law and IT Security\u00a0<\/strong><\/h3>\n<p>By the end of 2022, the German federal and state governments are required by the Online Access Act (OZG) to offer their administrative services electronically as well. Benefits such as parental allowance, unemployment benefit, short-time working allowance, insolvency benefit, pension payments, orphan's pension, BAf\u00f6G and much more are all to be able to be applied for online. The associated increase in personal data and portal links places high demands on IT security. The BSI has drawn up a framework security concept for this, which, among other things, prescribes penetration tests every three years for systems that have interfaces to the Internet. In view of automated attacks and the constantly changing threat situation, this is far too little. The result of a single test is already outdated the next minute. Experts therefore recommend regular IT security monitoring at least once a month to keep an eye on the security situation and keep it under control.<\/p>\n<h3 style=\"text-align: left;\">IT Security of Major Cities in Germany<\/h3>\n<p class=\"p1\" style=\"text-align: left;\"><span class=\"s1\"><strong>Despite recognizable progress, there is still room for improvement<br \/><\/strong><\/span><span class=\"s1\">Our analysis of 81 major cities revealed that, despite recognizable progress (GDPR compliance), there is still plenty of room for improvement in terms of IT security<\/span><span class=\"s1\">. Data collection was done by collecting and processing information from publicly available sources.<span class=\"Apple-converted-space\">\u00a0<\/span><\/span><\/p>\n<h3>The Results\u00a0<\/h3>\n<p><strong>Protected Mail Dispatch<\/strong><br \/>62 percent of the major cities checked sent email partially unprotected (without an SPF record), making it easier for attackers to launch spam and phishing attacks through mail forgery.<\/p>\n<p><strong>Accessibility of the System Interfaces<\/strong><br \/>The fact that not all database systems belonging to the company were adequately protected against cyber attacks was revealed by 51 percent. Unsecured systems that can be accessed from outside make it easier for hackers to gain access to sensitive data.<\/p>\n<p><strong>Data Transmission Security<br \/><\/strong>98 percent allowed data transmission using outdated transport encryption, which encourages data theft.<\/p>\n<p><strong>Obsolete Applications<br \/><\/strong>At least one application with a potential security vulnerability of high criticality was found in 56 percent. Applications with missing security updates are a welcome gateway for attackers.<\/p>\n<p><strong>GDPR Compliance<br \/><\/strong>37 percent of major cities used tracking cookies without user permission. In these cases, warnings and fines can threaten.<\/p>\n<p>\u00a0<\/p>\n<h3>Gain Insight into Your Administration's External IT Attack Surface<\/h3>\n<p>IT managers do their best to ensure the IT security of their systems. But how can the current status of IT security performance be continuously proven? With LocateRisk's IT security analysis, it's quick and easy. See for yourself: Interested organizations can receive a security assessment of their IT landscape including a 30-minute insight into the detailed analysis free of charge at: Tel. 06151 6290246 or e-mail to: em@LocateRisk.com<\/p>\n<h3>Case Study Municipalities, Cities &amp; Communities<\/h3>\n<p>Read now: <a href=\"https:\/\/locaterisk.com\/en\/case-study-mit-it-monitoring-in-richtung-sichere-stadt\/\">Efficient Monitoring of an Municipal IT Landscape\u00a0<\/a><\/p>\n<p>\u00a0<\/p>\n\n\n<div class=\"wp-block-lr-contact-post-module\">\n\t<div id=\"lr-contact-form\" class=\"wp-block-lr-contact-post-module\">\n\t\t<div id=\"formular\" class=\"content\">\n\t\t\t<div class=\"inner-content\">\n\t\t\t\t<div class=\"column-2 feature-mode\">\n\t\t\t\t\t<h2>Request your personal Live-Demo now<\/h2>\n\t\t\t\t\t\n\t\t\t\t\t\t\t\t\t\t\t\t\t<div>\n\t\t\t\t\t\t\t\t<p class=\"margin-b-36\">Identify and reduce your cyber risks through a comparable and understandable overview of your IT security. Let our experts advise you and find out how LocateRisk can help you solve your cyber risks.<\/p>\n\t\t\t\t\t\t\t<\/div>\t\n\t\t\t\t\t\t\t\t\n\t\t\t\t\t\t\n\t\t\t\t\t\t\t\t\t<\/div> \n\t\t\t\t<div class=\"column-2\">\n\t\t\t\t\t<form action=\"\" class=\"form\" method=\"post\" role=\"form\" novalidate data-trp-original-action=\"\">\n\t\t\t\t\t\t<input type=\"text\" id=\"successmessage\" name=\"successmessage\" value=\"\" hidden>\n\t\t\t\t\t\t<input type=\"text\" id=\"errormessage\" name=\"errormessage\" value=\"\" hidden>\n\t\t\t\t\t\t<input type=\"text\" id=\"slug\" name=\"slug\" value=\"it-sicherheit-kommunen\" hidden>\n\n\t\t\t\t\t\t\t\t\t\t\t\t\t<input\n\t\t\t\t\t\t\t\ttype=\"text\"\n\t\t\t\t\t\t\t\tid=\"name\"\n\t\t\t\t\t\t\t\tname=\"name\"\n\t\t\t\t\t\t\t\tplaceholder=\"first name\"\n\t\t\t\t\t\t\t\trequired\tmaxlength=\"50\"\/>\n\n\t\t\t\t\t\t\t<input\n\t\t\t\t\t\t\t\ttype=\"text\"\n\t\t\t\t\t\t\t\tid=\"surname\"\n\t\t\t\t\t\t\t\tname=\"surname\"\n\t\t\t\t\t\t\t\tplaceholder=\"last name\"\n\t\t\t\t\t\t\t\trequired\n\t\t\t\t\t\t\t\tmaxlength=\"50\"\/>\n\t\t\t\t\t\t\n\t\t\t\t\t\t<input\n\t\t\t\t\t\t\ttype=\"email\"\n\t\t\t\t\t\t\tid=\"email\"\n\t\t\t\t\t\t\tname=\"email\"\n\t\t\t\t\t\t\tplaceholder=\"Email\"\n\t\t\t\t\t\t\trequired\n\t\t\t\t\t\t\tmaxlength=\"50\"\/>\n\n\t\t\t\t\t\t<input\n\t\t\t\t\t\t\ttype=\"text\"\n\t\t\t\t\t\t\tid=\"phone\"\n\t\t\t\t\t\t\tname=\"phone\"\n\t\t\t\t\t\t\tplaceholder=\"phone\"\n\t\t\t\t\t\t\trequired\n\t\t\t\t\t\t\tmaxlength=\"50\"\/>\n\t\t\t\t\t\t\t\n\t\t\t\t\t\t\t\t\t\t\t\t\n\t\t\t\t\t\t<h6 class=\"error-message\" hidden>...<\/h6>\n\t\t\t\t\t\t<div class=\"checkbox_container\">\n\t\t\t\t\t\t\t<div class=\"checkbox\">\n\t\t\t\t\t\t\t\t<input\n\t\t\t\t\t\t\t\t\ttype=\"checkbox\"\n\t\t\t\t\t\t\t\t\tid=\"checkbox\"\n\t\t\t\t\t\t\t\t\tname=\"checkbox\" \/>\n\n\t\t\t\t\t\t\t\t<label for=\"checkbox\"><\/label>\n\t\t\t\t\t\t\t<\/div>\n\t\t\t\t\t\t\t<p>I agree to the <a href=\"https:\/\/locaterisk.com\/en\/datenschutz\/\" target=\"_blank\" rel=\"noreferrer noopener\">privacy policy.<\/a> read<\/p> \n\t\t\t\t\t\t<\/div>\n\t\t\t\t\t\t\n\t\t\t\t\t<div class=\"g-recaptcha\" data-sitekey=\"6LdErNoZAAAAAD1Re2jNxtDFfcDaL9iED5MRBzjR\" data-callback=\"verifyRecaptchaCallback\" data-expired-callback=\"expiredRecaptchaCallback\"><\/div>\n\t\t\t\t\t<input type=\"hidden\" name=\"g-recaptcha-response\" data-recaptcha \/>\n\n\t\t\t\t\t\t<button class=\"lr-button-link\" type=\"submit\">Schedule a Live Demo<\/button>\n\t\t\t\t\t<input type=\"hidden\" name=\"trp-form-language\" value=\"en\"\/><\/form>\n\t\t\t\t<\/div>\n\t\t\t<\/div>\n\t\t<\/div>\n\t<\/div>\n\t\n\t<\/div>\n\n\n\n<hr class=\"wp-block-separator has-css-opacity is-style-wide\"\/>\n\n\n\n<div class=\"wp-block-lr-contact-module\"><div class=\"content\"><h2>Want to find out more, book a demo or simply exchange ideas? We look forward to hearing from you!<\/h2><div class=\"contact-info-row\"><div class=\"contact-person-info\"><div class=\"avatar\"><img decoding=\"async\" src=\"https:\/\/locaterisk.com\/wp-content\/uploads\/2025\/06\/Lukas_Baumann_LocateRisk-300.png\"><\/div><p><span class=\"text before\">Your personal consultant<\/span><span class=\"bold name\"><strong>Lukas<\/strong><\/span> <span class=\"lastname\"><strong>Baumann<strong><\/strong><\/strong><\/span><strong><strong><span class=\"separator\"><\/span><span class=\"role\">CEO<\/span><\/strong><\/strong><\/p><\/div><p class=\"bold phone\"><strong><strong>+49 6151 6290246<\/strong><\/strong><\/p><strong><strong><a class=\"pr-1\" href=\"mailto: sales@locaterisk.com\">Get in Touch Now<\/a><\/strong><\/strong><\/div><\/div><\/div>\n\n\n\n<p><\/p>\n\n\n\n<div class=\"wp-block-lr-footer-module lr-footer-block\"><div class=\"content\"><div class=\"column0\"><img decoding=\"async\" src=\"https:\/\/locaterisk.com\/wp-content\/plugins\/locate-risk-prod\/lr-blocks\/assets\/img\/lr-logo.svg\"\/><\/div><div class=\"categories\"><div class=\"categories-element\"><a class=\"pr-4\" href=\"https:\/\/locaterisk.com\/en\/\">Home<\/a><\/div><div class=\"categories-element\"><a class=\"pr-4\" href=\"\/en\/blog\/\">Blog<\/a><\/div><div class=\"categories-element\"><a class=\"pr-4\" href=\"\/en\/about\/\">About Us<\/a><\/div><div class=\"categories-element\"><a class=\"pr-4\" href=\"\/en\/kontakt\/\">Contact<\/a><\/div><div class=\"categories-element\"><a class=\"pr-4\" href=\"\/en\/impressum\/\">Legal Notice<\/a><\/div><div class=\"categories-break\"><\/div><div class=\"categories-element\"><a class=\"pr-4\" href=\"\/en\/datenschutz\/\">Privacy<\/a><\/div><div class=\"categories-element\"><a class=\"pr-4\" href=\"\/files\/gtc.pdf\">General Terms and Conditions<\/a><\/div><div class=\"categories-element\"><a class=\"pr-4\" href=\"\/en\/jobs\/\">Jobs<\/a><\/div><div class=\"categories-element\"><a class=\"pr-4\" href=\"\/files\/sec-information.pdf\">Security<\/a><\/div><div class=\"categories-element\"><a class=\"pr-4\" href=\"https:\/\/app.secfix.com\/trust\/locaterisk\/d1e7d433b33643aea1880bfbfeab9f60\">Trust Center<\/a><\/div><\/div><div class=\"social\"><div class=\"social-element\"><a target=\"_blank\" href=\"https:\/\/www.linkedin.com\/company\/locaterisk\/\"><img decoding=\"async\" src=\"https:\/\/locaterisk.com\/wp-content\/uploads\/2020\/10\/gruppe-230@3x.png\"\/><\/a><\/div><div class=\"social-element\"><a target=\"_blank\" href=\"https:\/\/www.instagram.com\/locaterisk\/\"><img decoding=\"async\" src=\"https:\/\/locaterisk.com\/wp-content\/uploads\/2020\/11\/Instagram.png\"\/><\/a><\/div><div class=\"social-element\"><a target=\"_blank\" href=\"https:\/\/twitter.com\/locaterisk\"><img decoding=\"async\" src=\"https:\/\/locaterisk.com\/wp-content\/uploads\/2020\/11\/twitter.png\"\/><\/a><\/div><\/div><div class=\"description\"><h6>\u00a9 LocateRisk 2026<\/h6><\/div><\/div><\/div>","protected":false},"excerpt":{"rendered":"<p>Mehr IT-Sicherheit f\u00fcr Kommunen: Automatisierte Unterst\u00fctzung f\u00fcr IT-Verantwortliche Die Digitalisierung fordert die Kommunen im ganzen Land. Automatisierte Angriffe auf St\u00e4dte und Gemeinden f\u00fchren immer \u00f6fter zum Erfolg. Die Folgen sind gravierend, die Verwaltungen und deren Dienste bisweilen f\u00fcr Wochen oder Monate handlungsunf\u00e4hig bzw. massiv eingeschr\u00e4nkt. Dass Beh\u00f6rden und \u00f6ffentlichen Einrichtungen besonders anf\u00e4llig sind, ist bekannt. [&hellip;]<\/p>\n","protected":false},"author":8,"featured_media":3456,"parent":0,"menu_order":0,"comment_status":"closed","ping_status":"closed","template":"","meta":{"footnotes":""},"class_list":["post-3491","page","type-page","status-publish","has-post-thumbnail","hentry"],"yoast_head":"<!-- This site is optimized with the Yoast SEO plugin v27.4 - https:\/\/yoast.com\/product\/yoast-seo-wordpress\/ -->\n<title>IT-Sicherheit: Kommunen - LocateRisk<\/title>\n<meta name=\"description\" content=\"Kommunen, St\u00e4dte und Gemeinde sind im Fadenkreuz der Cyberindustrie. Erfahren Sie, wie Sie die Sicherheitslage Ihrer kommunalen IT-Landschaft m\u00fchelos im Blick behalten.\" \/>\n<meta name=\"robots\" content=\"index, follow, max-snippet:-1, max-image-preview:large, max-video-preview:-1\" \/>\n<link rel=\"canonical\" href=\"https:\/\/locaterisk.com\/en\/it-sicherheit-kommunen\/\" \/>\n<meta property=\"og:locale\" content=\"en_US\" \/>\n<meta property=\"og:type\" content=\"article\" \/>\n<meta property=\"og:title\" content=\"IT-Sicherheit: Kommunen - LocateRisk\" \/>\n<meta property=\"og:description\" content=\"Kommunen, St\u00e4dte und Gemeinde sind im Fadenkreuz der Cyberindustrie. Erfahren Sie, wie Sie die Sicherheitslage Ihrer kommunalen IT-Landschaft m\u00fchelos im Blick behalten.\" \/>\n<meta property=\"og:url\" content=\"https:\/\/locaterisk.com\/en\/it-sicherheit-kommunen\/\" \/>\n<meta property=\"og:site_name\" content=\"LocateRisk\" \/>\n<meta property=\"article:modified_time\" content=\"2022-06-28T09:05:05+00:00\" \/>\n<meta property=\"og:image\" content=\"https:\/\/locaterisk.com\/wp-content\/uploads\/2022\/06\/nikola-johnny-mirkovic-Z_dnvde5wxc-unsplash.png\" \/>\n\t<meta property=\"og:image:width\" content=\"1080\" \/>\n\t<meta property=\"og:image:height\" content=\"461\" \/>\n\t<meta property=\"og:image:type\" content=\"image\/png\" \/>\n<meta name=\"twitter:card\" content=\"summary_large_image\" \/>\n<meta name=\"twitter:label1\" content=\"Est. reading time\" \/>\n\t<meta name=\"twitter:data1\" content=\"4 minutes\" \/>\n<script type=\"application\/ld+json\" class=\"yoast-schema-graph\">{\"@context\":\"https:\\\/\\\/schema.org\",\"@graph\":[{\"@type\":\"WebPage\",\"@id\":\"https:\\\/\\\/locaterisk.com\\\/it-sicherheit-kommunen\\\/\",\"url\":\"https:\\\/\\\/locaterisk.com\\\/it-sicherheit-kommunen\\\/\",\"name\":\"IT-Sicherheit: Kommunen - LocateRisk\",\"isPartOf\":{\"@id\":\"https:\\\/\\\/locaterisk.com\\\/de\\\/#website\"},\"primaryImageOfPage\":{\"@id\":\"https:\\\/\\\/locaterisk.com\\\/it-sicherheit-kommunen\\\/#primaryimage\"},\"image\":{\"@id\":\"https:\\\/\\\/locaterisk.com\\\/it-sicherheit-kommunen\\\/#primaryimage\"},\"thumbnailUrl\":\"https:\\\/\\\/locaterisk.com\\\/wp-content\\\/uploads\\\/2022\\\/06\\\/nikola-johnny-mirkovic-Z_dnvde5wxc-unsplash.png\",\"datePublished\":\"2022-06-27T16:00:07+00:00\",\"dateModified\":\"2022-06-28T09:05:05+00:00\",\"description\":\"Kommunen, St\u00e4dte und Gemeinde sind im Fadenkreuz der Cyberindustrie. Erfahren Sie, wie Sie die Sicherheitslage Ihrer kommunalen IT-Landschaft m\u00fchelos im Blick behalten.\",\"breadcrumb\":{\"@id\":\"https:\\\/\\\/locaterisk.com\\\/it-sicherheit-kommunen\\\/#breadcrumb\"},\"inLanguage\":\"en-US\",\"potentialAction\":[{\"@type\":\"ReadAction\",\"target\":[\"https:\\\/\\\/locaterisk.com\\\/it-sicherheit-kommunen\\\/\"]}]},{\"@type\":\"ImageObject\",\"inLanguage\":\"en-US\",\"@id\":\"https:\\\/\\\/locaterisk.com\\\/it-sicherheit-kommunen\\\/#primaryimage\",\"url\":\"https:\\\/\\\/locaterisk.com\\\/wp-content\\\/uploads\\\/2022\\\/06\\\/nikola-johnny-mirkovic-Z_dnvde5wxc-unsplash.png\",\"contentUrl\":\"https:\\\/\\\/locaterisk.com\\\/wp-content\\\/uploads\\\/2022\\\/06\\\/nikola-johnny-mirkovic-Z_dnvde5wxc-unsplash.png\",\"width\":1080,\"height\":461,\"caption\":\"Photo by Nikola Johnny Mirkovic\\\/Unsplash\"},{\"@type\":\"BreadcrumbList\",\"@id\":\"https:\\\/\\\/locaterisk.com\\\/it-sicherheit-kommunen\\\/#breadcrumb\",\"itemListElement\":[{\"@type\":\"ListItem\",\"position\":1,\"name\":\"Home\",\"item\":\"https:\\\/\\\/locaterisk.com\\\/\"},{\"@type\":\"ListItem\",\"position\":2,\"name\":\"IT-Sicherheit: Kommunen\"}]},{\"@type\":\"WebSite\",\"@id\":\"https:\\\/\\\/locaterisk.com\\\/de\\\/#website\",\"url\":\"https:\\\/\\\/locaterisk.com\\\/de\\\/\",\"name\":\"LocateRisk\",\"description\":\"IT-Sicherheit messen und vergleichen\",\"publisher\":{\"@id\":\"https:\\\/\\\/locaterisk.com\\\/de\\\/#organization\"},\"potentialAction\":[{\"@type\":\"SearchAction\",\"target\":{\"@type\":\"EntryPoint\",\"urlTemplate\":\"https:\\\/\\\/locaterisk.com\\\/de\\\/?s={search_term_string}\"},\"query-input\":{\"@type\":\"PropertyValueSpecification\",\"valueRequired\":true,\"valueName\":\"search_term_string\"}}],\"inLanguage\":\"en-US\"},{\"@type\":\"Organization\",\"@id\":\"https:\\\/\\\/locaterisk.com\\\/de\\\/#organization\",\"name\":\"LocateRisk\",\"url\":\"https:\\\/\\\/locaterisk.com\\\/de\\\/\",\"logo\":{\"@type\":\"ImageObject\",\"inLanguage\":\"en-US\",\"@id\":\"https:\\\/\\\/locaterisk.com\\\/de\\\/#\\\/schema\\\/logo\\\/image\\\/\",\"url\":\"https:\\\/\\\/locaterisk.com\\\/wp-content\\\/uploads\\\/2020\\\/11\\\/Kettenglieder_V0216-9.jpg\",\"contentUrl\":\"https:\\\/\\\/locaterisk.com\\\/wp-content\\\/uploads\\\/2020\\\/11\\\/Kettenglieder_V0216-9.jpg\",\"width\":1920,\"height\":1080,\"caption\":\"LocateRisk\"},\"image\":{\"@id\":\"https:\\\/\\\/locaterisk.com\\\/de\\\/#\\\/schema\\\/logo\\\/image\\\/\"},\"sameAs\":[\"https:\\\/\\\/www.linkedin.com\\\/company\\\/locaterisk\\\/\"]}]}<\/script>\n<!-- \/ Yoast SEO plugin. -->","yoast_head_json":{"title":"IT security: Municipalities - LocateRisk","description":"Local authorities, cities and municipalities are in the crosshairs of the cyber industry. Find out how you can easily keep an eye on the security situation of your municipal IT landscape.","robots":{"index":"index","follow":"follow","max-snippet":"max-snippet:-1","max-image-preview":"max-image-preview:large","max-video-preview":"max-video-preview:-1"},"canonical":"https:\/\/locaterisk.com\/en\/it-sicherheit-kommunen\/","og_locale":"en_US","og_type":"article","og_title":"IT-Sicherheit: Kommunen - LocateRisk","og_description":"Kommunen, St\u00e4dte und Gemeinde sind im Fadenkreuz der Cyberindustrie. Erfahren Sie, wie Sie die Sicherheitslage Ihrer kommunalen IT-Landschaft m\u00fchelos im Blick behalten.","og_url":"https:\/\/locaterisk.com\/en\/it-sicherheit-kommunen\/","og_site_name":"LocateRisk","article_modified_time":"2022-06-28T09:05:05+00:00","og_image":[{"width":1080,"height":461,"url":"https:\/\/locaterisk.com\/wp-content\/uploads\/2022\/06\/nikola-johnny-mirkovic-Z_dnvde5wxc-unsplash.png","type":"image\/png"}],"twitter_card":"summary_large_image","twitter_misc":{"Est. reading time":"4 minutes"},"schema":{"@context":"https:\/\/schema.org","@graph":[{"@type":"WebPage","@id":"https:\/\/locaterisk.com\/it-sicherheit-kommunen\/","url":"https:\/\/locaterisk.com\/it-sicherheit-kommunen\/","name":"IT security: Municipalities - LocateRisk","isPartOf":{"@id":"https:\/\/locaterisk.com\/de\/#website"},"primaryImageOfPage":{"@id":"https:\/\/locaterisk.com\/it-sicherheit-kommunen\/#primaryimage"},"image":{"@id":"https:\/\/locaterisk.com\/it-sicherheit-kommunen\/#primaryimage"},"thumbnailUrl":"https:\/\/locaterisk.com\/wp-content\/uploads\/2022\/06\/nikola-johnny-mirkovic-Z_dnvde5wxc-unsplash.png","datePublished":"2022-06-27T16:00:07+00:00","dateModified":"2022-06-28T09:05:05+00:00","description":"Local authorities, cities and municipalities are in the crosshairs of the cyber industry. Find out how you can easily keep an eye on the security situation of your municipal IT landscape.","breadcrumb":{"@id":"https:\/\/locaterisk.com\/it-sicherheit-kommunen\/#breadcrumb"},"inLanguage":"en-US","potentialAction":[{"@type":"ReadAction","target":["https:\/\/locaterisk.com\/it-sicherheit-kommunen\/"]}]},{"@type":"ImageObject","inLanguage":"en-US","@id":"https:\/\/locaterisk.com\/it-sicherheit-kommunen\/#primaryimage","url":"https:\/\/locaterisk.com\/wp-content\/uploads\/2022\/06\/nikola-johnny-mirkovic-Z_dnvde5wxc-unsplash.png","contentUrl":"https:\/\/locaterisk.com\/wp-content\/uploads\/2022\/06\/nikola-johnny-mirkovic-Z_dnvde5wxc-unsplash.png","width":1080,"height":461,"caption":"Photo by Nikola Johnny Mirkovic\/Unsplash"},{"@type":"BreadcrumbList","@id":"https:\/\/locaterisk.com\/it-sicherheit-kommunen\/#breadcrumb","itemListElement":[{"@type":"ListItem","position":1,"name":"Home","item":"https:\/\/locaterisk.com\/"},{"@type":"ListItem","position":2,"name":"IT-Sicherheit: Kommunen"}]},{"@type":"WebSite","@id":"https:\/\/locaterisk.com\/de\/#website","url":"https:\/\/locaterisk.com\/de\/","name":"LocateRisk","description":"Measure and compare IT security","publisher":{"@id":"https:\/\/locaterisk.com\/de\/#organization"},"potentialAction":[{"@type":"SearchAction","target":{"@type":"EntryPoint","urlTemplate":"https:\/\/locaterisk.com\/de\/?s={search_term_string}"},"query-input":{"@type":"PropertyValueSpecification","valueRequired":true,"valueName":"search_term_string"}}],"inLanguage":"en-US"},{"@type":"Organization","@id":"https:\/\/locaterisk.com\/de\/#organization","name":"LocateRisk","url":"https:\/\/locaterisk.com\/de\/","logo":{"@type":"ImageObject","inLanguage":"en-US","@id":"https:\/\/locaterisk.com\/de\/#\/schema\/logo\/image\/","url":"https:\/\/locaterisk.com\/wp-content\/uploads\/2020\/11\/Kettenglieder_V0216-9.jpg","contentUrl":"https:\/\/locaterisk.com\/wp-content\/uploads\/2020\/11\/Kettenglieder_V0216-9.jpg","width":1920,"height":1080,"caption":"LocateRisk"},"image":{"@id":"https:\/\/locaterisk.com\/de\/#\/schema\/logo\/image\/"},"sameAs":["https:\/\/www.linkedin.com\/company\/locaterisk\/"]}]}},"_links":{"self":[{"href":"https:\/\/locaterisk.com\/en\/wp-json\/wp\/v2\/pages\/3491","targetHints":{"allow":["GET"]}}],"collection":[{"href":"https:\/\/locaterisk.com\/en\/wp-json\/wp\/v2\/pages"}],"about":[{"href":"https:\/\/locaterisk.com\/en\/wp-json\/wp\/v2\/types\/page"}],"author":[{"embeddable":true,"href":"https:\/\/locaterisk.com\/en\/wp-json\/wp\/v2\/users\/8"}],"replies":[{"embeddable":true,"href":"https:\/\/locaterisk.com\/en\/wp-json\/wp\/v2\/comments?post=3491"}],"version-history":[{"count":26,"href":"https:\/\/locaterisk.com\/en\/wp-json\/wp\/v2\/pages\/3491\/revisions"}],"predecessor-version":[{"id":3565,"href":"https:\/\/locaterisk.com\/en\/wp-json\/wp\/v2\/pages\/3491\/revisions\/3565"}],"wp:featuredmedia":[{"embeddable":true,"href":"https:\/\/locaterisk.com\/en\/wp-json\/wp\/v2\/media\/3456"}],"wp:attachment":[{"href":"https:\/\/locaterisk.com\/en\/wp-json\/wp\/v2\/media?parent=3491"}],"curies":[{"name":"wp","href":"https:\/\/api.w.org\/{rel}","templated":true}]}}