{"id":4495,"date":"2023-01-10T16:49:39","date_gmt":"2023-01-10T16:49:39","guid":{"rendered":"https:\/\/locaterisk.com\/?page_id=4495"},"modified":"2023-01-11T14:39:57","modified_gmt":"2023-01-11T14:39:57","slug":"it-sicherheit-krankenhaeuser","status":"publish","type":"page","link":"https:\/\/locaterisk.com\/en\/it-sicherheit-krankenhaeuser\/","title":{"rendered":"Hospitals &amp; Clinics"},"content":{"rendered":"<h1 class=\"blog-title wp-block-heading\" id=\"case-study-mit-it-monitoring-in-richtung-sichere-stadt\">IT in Hospitals: More Protection Urgently Needed<\/h1>\n\n\n\n<p><\/p>\n\n\n\n<p>Healthcare data is particularly sensitive and yet in many cases not adequately protected. This was the result of a statistical survey on the IT security of hospitals in Germany by LocateRisk. In addition to existing standards in the healthcare sector, the EU directive NIS2 will place even greater obligations on operators of critical infrastructures from 2023. The new requirements are designed to ensure that patient data in hospitals and other medical facilities is better secured against cyberattacks and data breaches. Among the obligations are timely updates, conducting security audits, cybersecurity training, and measures to improve supply chain security. <\/p>\n\n\n\n<p><\/p>\n\n\n<div class=\"wp-block-image\">\n<figure class=\"aligncenter size-full is-resized\"><img loading=\"lazy\" decoding=\"async\" src=\"https:\/\/locaterisk.com\/wp-content\/uploads\/2023\/01\/LocateRisk_IT-Sicherheit-Krankenhaus-1.png\" alt=\"\" class=\"wp-image-4502\" width=\"840\" height=\"358\" srcset=\"https:\/\/locaterisk.com\/wp-content\/uploads\/2023\/01\/LocateRisk_IT-Sicherheit-Krankenhaus-1.png 800w, https:\/\/locaterisk.com\/wp-content\/uploads\/2023\/01\/LocateRisk_IT-Sicherheit-Krankenhaus-1-300x128.png 300w, https:\/\/locaterisk.com\/wp-content\/uploads\/2023\/01\/LocateRisk_IT-Sicherheit-Krankenhaus-1-768x327.png 768w, https:\/\/locaterisk.com\/wp-content\/uploads\/2023\/01\/LocateRisk_IT-Sicherheit-Krankenhaus-1-18x8.png 18w\" sizes=\"auto, (max-width: 840px) 100vw, 840px\" \/><\/figure><\/div>\n\n<h3 style=\"text-align: left;\">IT Security from an External Perspective: Hospitals in Germany<\/h3>\n<p><strong>Data survey on the IT security situation of hospitals reveals weaknesses<br \/><\/strong><span class=\"s1\">The more central the system-maintaining and social importance of a facility is, the higher the risk that it will be targeted by cybercriminals - often combined with high ransom demands. A rapid increase in hacking attacks on healthcare facilities, not just since the Corona pandemic, shows how real the threat is. Since January 2022, the Patient Data Protection Act (PDSG) has required medical facilities to take appropriate organizational and technical IT security precautions in accordance with the state of the art.<br \/><\/span><\/p>\n<p class=\"p1\"><span class=\"s1\">The audit of 1,286 hospitals shows considerable need for action in IT security.  Data was collected by gathering and processing information from publicly available sources.<span class=\"Apple-converted-space\">\u00a0<\/span><\/span><\/p>\n<h3 style=\"text-align: left;\">The Results\u00a0<\/h3>\n<p><strong>Protected Mail Dispatch<\/strong><br \/>Fifty-eight percent of the hospitals reviewed sent email partially unprotected (without an SPF record), making it easier for attackers to launch spam and phishing attacks through mail forgery.<\/p>\n<p><strong>Accessibility of the System Interfaces<\/strong><br \/><span style=\"font-weight: 400;\">44 percent do not adequately protect all database systems that belong to the hospital from cyberattacks. <\/span>Unsecured systems that can be accessed from the outside make it easier for hackers to gain access to sensitive data.<\/p>\n<p><strong>Data Transmission Security<br \/><\/strong>In addition, 90 percent allowed data transmission using outdated transport encryption, which encourages data theft.<\/p>\n<p><strong>Obsolete Applications<br \/><\/strong>At least one application with a potential security vulnerability of high criticality was found in 41 percent. Applications with missing security updates are a welcome gateway for attackers.<\/p>\n<p><strong>GDPR Compliance<br \/><\/strong>20 percent of hospitals used tracking cookies without user permission. In these cases, warnings and fines can threaten.<\/p>\n<p>\u00a0<\/p>\n<h3>Gain Clarity on Your Medical Facility's External IT Attack Surface<\/h3>\n<p>IT managers do their best to ensure the security of their IT infrastructure. But how can the current security status be continuously verified? With LocateRisk's IT security analysis, it's easy, safe and fast. Interested organizations can receive a security assessment of their IT landscape, including a 30-minute initial meeting with insight into the details, free of charge at: Tel. 06151 6290246 or email to: <a href=\"mailto:em@LocateRisk.com\">em@LocateRisk.com<\/a><\/p>\n<h3>\u00a0<\/h3>\n<p>\u00a0<\/p>\n\n\n<div class=\"wp-block-lr-contact-post-module\">\n\t<div id=\"lr-contact-form\" class=\"wp-block-lr-contact-post-module\">\n\t\t<div id=\"formular\" class=\"content\">\n\t\t\t<div class=\"inner-content\">\n\t\t\t\t<div class=\"column-2 feature-mode\">\n\t\t\t\t\t<h2>Request your personal Live-Demo now<\/h2>\n\t\t\t\t\t\n\t\t\t\t\t\t\t\t\t\t\t\t\t<div>\n\t\t\t\t\t\t\t\t<p class=\"margin-b-36\">Identify and reduce your cyber risks through a comparable and understandable overview of your IT security. Let our experts advise you and find out how LocateRisk can help you solve your cyber risks.<\/p>\n\t\t\t\t\t\t\t<\/div>\t\n\t\t\t\t\t\t\t\t\n\t\t\t\t\t\t\n\t\t\t\t\t\t\t\t\t<\/div> \n\t\t\t\t<div class=\"column-2\">\n\t\t\t\t\t<form action=\"\" class=\"form\" method=\"post\" role=\"form\" novalidate data-trp-original-action=\"\">\n\t\t\t\t\t\t<input type=\"text\" id=\"successmessage\" name=\"successmessage\" value=\"\" hidden>\n\t\t\t\t\t\t<input type=\"text\" id=\"errormessage\" name=\"errormessage\" value=\"\" hidden>\n\t\t\t\t\t\t<input type=\"text\" id=\"slug\" name=\"slug\" value=\"it-sicherheit-krankenhaeuser\" hidden>\n\n\t\t\t\t\t\t\t\t\t\t\t\t\t<input\n\t\t\t\t\t\t\t\ttype=\"text\"\n\t\t\t\t\t\t\t\tid=\"name\"\n\t\t\t\t\t\t\t\tname=\"name\"\n\t\t\t\t\t\t\t\tplaceholder=\"first name\"\n\t\t\t\t\t\t\t\trequired\tmaxlength=\"50\"\/>\n\n\t\t\t\t\t\t\t<input\n\t\t\t\t\t\t\t\ttype=\"text\"\n\t\t\t\t\t\t\t\tid=\"surname\"\n\t\t\t\t\t\t\t\tname=\"surname\"\n\t\t\t\t\t\t\t\tplaceholder=\"last name\"\n\t\t\t\t\t\t\t\trequired\n\t\t\t\t\t\t\t\tmaxlength=\"50\"\/>\n\t\t\t\t\t\t\n\t\t\t\t\t\t<input\n\t\t\t\t\t\t\ttype=\"email\"\n\t\t\t\t\t\t\tid=\"email\"\n\t\t\t\t\t\t\tname=\"email\"\n\t\t\t\t\t\t\tplaceholder=\"Email\"\n\t\t\t\t\t\t\trequired\n\t\t\t\t\t\t\tmaxlength=\"50\"\/>\n\n\t\t\t\t\t\t<input\n\t\t\t\t\t\t\ttype=\"text\"\n\t\t\t\t\t\t\tid=\"phone\"\n\t\t\t\t\t\t\tname=\"phone\"\n\t\t\t\t\t\t\tplaceholder=\"phone\"\n\t\t\t\t\t\t\trequired\n\t\t\t\t\t\t\tmaxlength=\"50\"\/>\n\t\t\t\t\t\t\t\n\t\t\t\t\t\t\t\t\t\t\t\t\n\t\t\t\t\t\t<h6 class=\"error-message\" hidden>...<\/h6>\n\t\t\t\t\t\t<div class=\"checkbox_container\">\n\t\t\t\t\t\t\t<div class=\"checkbox\">\n\t\t\t\t\t\t\t\t<input\n\t\t\t\t\t\t\t\t\ttype=\"checkbox\"\n\t\t\t\t\t\t\t\t\tid=\"checkbox\"\n\t\t\t\t\t\t\t\t\tname=\"checkbox\" \/>\n\n\t\t\t\t\t\t\t\t<label for=\"checkbox\"><\/label>\n\t\t\t\t\t\t\t<\/div>\n\t\t\t\t\t\t\t<p>I agree to the <a href=\"https:\/\/locaterisk.com\/en\/datenschutz\/\" target=\"_blank\" rel=\"noreferrer noopener\">privacy policy.<\/a> read<\/p> \n\t\t\t\t\t\t<\/div>\n\t\t\t\t\t\t\n\t\t\t\t\t<div class=\"g-recaptcha\" data-sitekey=\"6LdErNoZAAAAAD1Re2jNxtDFfcDaL9iED5MRBzjR\" data-callback=\"verifyRecaptchaCallback\" data-expired-callback=\"expiredRecaptchaCallback\"><\/div>\n\t\t\t\t\t<input type=\"hidden\" name=\"g-recaptcha-response\" data-recaptcha \/>\n\n\t\t\t\t\t\t<button class=\"lr-button-link\" type=\"submit\">Schedule a Live Demo<\/button>\n\t\t\t\t\t<input type=\"hidden\" name=\"trp-form-language\" value=\"en\"\/><\/form>\n\t\t\t\t<\/div>\n\t\t\t<\/div>\n\t\t<\/div>\n\t<\/div>\n\t\n\t<\/div>\n\n\n\n<hr class=\"wp-block-separator has-css-opacity is-style-wide\"\/>\n\n\n\n<div class=\"wp-block-lr-contact-module\"><div class=\"content\"><h2>Want to find out more, book a demo or simply exchange ideas? We look forward to hearing from you!<\/h2><div class=\"contact-info-row\"><div class=\"contact-person-info\"><div class=\"avatar\"><img decoding=\"async\" src=\"https:\/\/locaterisk.com\/wp-content\/uploads\/2025\/06\/Lukas_Baumann_LocateRisk-300.png\"><\/div><p><span class=\"text before\">Your personal consultant<\/span><span class=\"bold name\"><strong>Lukas<\/strong><\/span> <span class=\"lastname\"><strong>Baumann<strong><\/strong><\/strong><\/span><strong><strong><span class=\"separator\"><\/span><span class=\"role\">CEO<\/span><\/strong><\/strong><\/p><\/div><p class=\"bold phone\"><strong><strong>+49 6151 6290246<\/strong><\/strong><\/p><strong><strong><a class=\"pr-1\" href=\"mailto: sales@locaterisk.com\">Get in Touch Now<\/a><\/strong><\/strong><\/div><\/div><\/div>\n\n\n\n<p><\/p>\n\n\n\n<div class=\"wp-block-lr-footer-module lr-footer-block\"><div class=\"content\"><div class=\"column0\"><img decoding=\"async\" src=\"https:\/\/locaterisk.com\/wp-content\/plugins\/locate-risk-prod\/lr-blocks\/assets\/img\/lr-logo.svg\"\/><\/div><div class=\"categories\"><div class=\"categories-element\"><a class=\"pr-4\" href=\"https:\/\/locaterisk.com\/en\/\">Home<\/a><\/div><div class=\"categories-element\"><a class=\"pr-4\" href=\"\/en\/blog\/\">Blog<\/a><\/div><div class=\"categories-element\"><a class=\"pr-4\" href=\"\/en\/about\/\">About Us<\/a><\/div><div class=\"categories-element\"><a class=\"pr-4\" href=\"\/en\/kontakt\/\">Contact<\/a><\/div><div class=\"categories-element\"><a class=\"pr-4\" href=\"\/en\/impressum\/\">Legal Notice<\/a><\/div><div class=\"categories-break\"><\/div><div class=\"categories-element\"><a class=\"pr-4\" href=\"\/en\/datenschutz\/\">Privacy<\/a><\/div><div class=\"categories-element\"><a class=\"pr-4\" href=\"\/files\/gtc.pdf\">General Terms and Conditions<\/a><\/div><div class=\"categories-element\"><a class=\"pr-4\" href=\"\/en\/jobs\/\">Jobs<\/a><\/div><div class=\"categories-element\"><a class=\"pr-4\" href=\"\/files\/sec-information.pdf\">Security<\/a><\/div><div class=\"categories-element\"><a class=\"pr-4\" href=\"https:\/\/app.secfix.com\/trust\/locaterisk\/d1e7d433b33643aea1880bfbfeab9f60\">Trust Center<\/a><\/div><\/div><div class=\"social\"><div class=\"social-element\"><a target=\"_blank\" href=\"https:\/\/www.linkedin.com\/company\/locaterisk\/\"><img decoding=\"async\" src=\"https:\/\/locaterisk.com\/wp-content\/uploads\/2020\/10\/gruppe-230@3x.png\"\/><\/a><\/div><div class=\"social-element\"><a target=\"_blank\" href=\"https:\/\/www.instagram.com\/locaterisk\/\"><img decoding=\"async\" src=\"https:\/\/locaterisk.com\/wp-content\/uploads\/2020\/11\/Instagram.png\"\/><\/a><\/div><div class=\"social-element\"><a target=\"_blank\" href=\"https:\/\/twitter.com\/locaterisk\"><img decoding=\"async\" src=\"https:\/\/locaterisk.com\/wp-content\/uploads\/2020\/11\/twitter.png\"\/><\/a><\/div><\/div><div class=\"description\"><h6>\u00a9 LocateRisk 2026<\/h6><\/div><\/div><\/div>","protected":false},"excerpt":{"rendered":"<p>IT im Krankenhaus: Mehr Schutz dringend erforderlich Gesundheitsdaten sind besonders sensibel und dennoch in vielen F\u00e4llen nicht angemessen gesch\u00fctzt. Dies ergab eine statistische Erhebung zur IT-Sicherheit der Krankenh\u00e4user in Deutschland von LocateRisk. Neben bestehenden Normen im Gesundheitswesen nimmt die EU Richtlinie NIS2 ab 2023 Betreiber kritischer Infrastrukturen noch st\u00e4rker in die Pflicht. Die neuen Anforderungen [&hellip;]<\/p>\n","protected":false},"author":8,"featured_media":4502,"parent":0,"menu_order":0,"comment_status":"closed","ping_status":"closed","template":"","meta":{"footnotes":""},"class_list":["post-4495","page","type-page","status-publish","has-post-thumbnail","hentry"],"yoast_head":"<!-- This site is optimized with the Yoast SEO plugin v27.4 - https:\/\/yoast.com\/product\/yoast-seo-wordpress\/ -->\n<title>Krankenh\u00e4user &amp; Kliniken - LocateRisk<\/title>\n<meta name=\"description\" content=\"Patientendaten sind besonders sensibel und erfordern h\u00f6chsten Schutz. Erfahren Sie wie es um die IT-Sicherheit in Krankenh\u00e4usern steht und was Sie tun k\u00f6nnen, um Cyberrisiken zu minimieren.\" \/>\n<meta name=\"robots\" content=\"index, follow, max-snippet:-1, max-image-preview:large, max-video-preview:-1\" \/>\n<link rel=\"canonical\" href=\"https:\/\/locaterisk.com\/en\/it-sicherheit-krankenhaeuser\/\" \/>\n<meta property=\"og:locale\" content=\"en_US\" \/>\n<meta property=\"og:type\" content=\"article\" \/>\n<meta property=\"og:title\" content=\"Krankenh\u00e4user &amp; Kliniken - LocateRisk\" \/>\n<meta property=\"og:description\" content=\"Patientendaten sind besonders sensibel und erfordern h\u00f6chsten Schutz. Erfahren Sie wie es um die IT-Sicherheit in Krankenh\u00e4usern steht und was Sie tun k\u00f6nnen, um Cyberrisiken zu minimieren.\" \/>\n<meta property=\"og:url\" content=\"https:\/\/locaterisk.com\/en\/it-sicherheit-krankenhaeuser\/\" \/>\n<meta property=\"og:site_name\" content=\"LocateRisk\" \/>\n<meta property=\"article:modified_time\" content=\"2023-01-11T14:39:57+00:00\" \/>\n<meta property=\"og:image\" content=\"https:\/\/locaterisk.com\/wp-content\/uploads\/2023\/01\/LocateRisk_IT-Sicherheit-Krankenhaus-1.png\" \/>\n\t<meta property=\"og:image:width\" content=\"800\" \/>\n\t<meta property=\"og:image:height\" content=\"341\" \/>\n\t<meta property=\"og:image:type\" content=\"image\/png\" \/>\n<meta name=\"twitter:card\" content=\"summary_large_image\" \/>\n<meta name=\"twitter:label1\" content=\"Est. reading time\" \/>\n\t<meta name=\"twitter:data1\" content=\"3 minutes\" \/>\n<script type=\"application\/ld+json\" class=\"yoast-schema-graph\">{\"@context\":\"https:\\\/\\\/schema.org\",\"@graph\":[{\"@type\":\"WebPage\",\"@id\":\"https:\\\/\\\/locaterisk.com\\\/it-sicherheit-krankenhaeuser\\\/\",\"url\":\"https:\\\/\\\/locaterisk.com\\\/it-sicherheit-krankenhaeuser\\\/\",\"name\":\"Krankenh\u00e4user & Kliniken - LocateRisk\",\"isPartOf\":{\"@id\":\"https:\\\/\\\/locaterisk.com\\\/de\\\/#website\"},\"primaryImageOfPage\":{\"@id\":\"https:\\\/\\\/locaterisk.com\\\/it-sicherheit-krankenhaeuser\\\/#primaryimage\"},\"image\":{\"@id\":\"https:\\\/\\\/locaterisk.com\\\/it-sicherheit-krankenhaeuser\\\/#primaryimage\"},\"thumbnailUrl\":\"https:\\\/\\\/locaterisk.com\\\/wp-content\\\/uploads\\\/2023\\\/01\\\/LocateRisk_IT-Sicherheit-Krankenhaus-1.png\",\"datePublished\":\"2023-01-10T16:49:39+00:00\",\"dateModified\":\"2023-01-11T14:39:57+00:00\",\"description\":\"Patientendaten sind besonders sensibel und erfordern h\u00f6chsten Schutz. Erfahren Sie wie es um die IT-Sicherheit in Krankenh\u00e4usern steht und was Sie tun k\u00f6nnen, um Cyberrisiken zu minimieren.\",\"breadcrumb\":{\"@id\":\"https:\\\/\\\/locaterisk.com\\\/it-sicherheit-krankenhaeuser\\\/#breadcrumb\"},\"inLanguage\":\"en-US\",\"potentialAction\":[{\"@type\":\"ReadAction\",\"target\":[\"https:\\\/\\\/locaterisk.com\\\/it-sicherheit-krankenhaeuser\\\/\"]}]},{\"@type\":\"ImageObject\",\"inLanguage\":\"en-US\",\"@id\":\"https:\\\/\\\/locaterisk.com\\\/it-sicherheit-krankenhaeuser\\\/#primaryimage\",\"url\":\"https:\\\/\\\/locaterisk.com\\\/wp-content\\\/uploads\\\/2023\\\/01\\\/LocateRisk_IT-Sicherheit-Krankenhaus-1.png\",\"contentUrl\":\"https:\\\/\\\/locaterisk.com\\\/wp-content\\\/uploads\\\/2023\\\/01\\\/LocateRisk_IT-Sicherheit-Krankenhaus-1.png\",\"width\":800,\"height\":341,\"caption\":\"Wegweiser-Schild zur Krankenhaus-Notaufnahme\"},{\"@type\":\"BreadcrumbList\",\"@id\":\"https:\\\/\\\/locaterisk.com\\\/it-sicherheit-krankenhaeuser\\\/#breadcrumb\",\"itemListElement\":[{\"@type\":\"ListItem\",\"position\":1,\"name\":\"Home\",\"item\":\"https:\\\/\\\/locaterisk.com\\\/\"},{\"@type\":\"ListItem\",\"position\":2,\"name\":\"Krankenh\u00e4user &#038; Kliniken\"}]},{\"@type\":\"WebSite\",\"@id\":\"https:\\\/\\\/locaterisk.com\\\/de\\\/#website\",\"url\":\"https:\\\/\\\/locaterisk.com\\\/de\\\/\",\"name\":\"LocateRisk\",\"description\":\"IT-Sicherheit messen und vergleichen\",\"publisher\":{\"@id\":\"https:\\\/\\\/locaterisk.com\\\/de\\\/#organization\"},\"potentialAction\":[{\"@type\":\"SearchAction\",\"target\":{\"@type\":\"EntryPoint\",\"urlTemplate\":\"https:\\\/\\\/locaterisk.com\\\/de\\\/?s={search_term_string}\"},\"query-input\":{\"@type\":\"PropertyValueSpecification\",\"valueRequired\":true,\"valueName\":\"search_term_string\"}}],\"inLanguage\":\"en-US\"},{\"@type\":\"Organization\",\"@id\":\"https:\\\/\\\/locaterisk.com\\\/de\\\/#organization\",\"name\":\"LocateRisk\",\"url\":\"https:\\\/\\\/locaterisk.com\\\/de\\\/\",\"logo\":{\"@type\":\"ImageObject\",\"inLanguage\":\"en-US\",\"@id\":\"https:\\\/\\\/locaterisk.com\\\/de\\\/#\\\/schema\\\/logo\\\/image\\\/\",\"url\":\"https:\\\/\\\/locaterisk.com\\\/wp-content\\\/uploads\\\/2020\\\/11\\\/Kettenglieder_V0216-9.jpg\",\"contentUrl\":\"https:\\\/\\\/locaterisk.com\\\/wp-content\\\/uploads\\\/2020\\\/11\\\/Kettenglieder_V0216-9.jpg\",\"width\":1920,\"height\":1080,\"caption\":\"LocateRisk\"},\"image\":{\"@id\":\"https:\\\/\\\/locaterisk.com\\\/de\\\/#\\\/schema\\\/logo\\\/image\\\/\"},\"sameAs\":[\"https:\\\/\\\/www.linkedin.com\\\/company\\\/locaterisk\\\/\"]}]}<\/script>\n<!-- \/ Yoast SEO plugin. -->","yoast_head_json":{"title":"Hospitals &amp; clinics - LocateRisk","description":"Patient data is particularly sensitive and requires the highest level of protection. Find out about IT security in hospitals and what you can do to minimize cyber risks.","robots":{"index":"index","follow":"follow","max-snippet":"max-snippet:-1","max-image-preview":"max-image-preview:large","max-video-preview":"max-video-preview:-1"},"canonical":"https:\/\/locaterisk.com\/en\/it-sicherheit-krankenhaeuser\/","og_locale":"en_US","og_type":"article","og_title":"Krankenh\u00e4user & Kliniken - LocateRisk","og_description":"Patientendaten sind besonders sensibel und erfordern h\u00f6chsten Schutz. Erfahren Sie wie es um die IT-Sicherheit in Krankenh\u00e4usern steht und was Sie tun k\u00f6nnen, um Cyberrisiken zu minimieren.","og_url":"https:\/\/locaterisk.com\/en\/it-sicherheit-krankenhaeuser\/","og_site_name":"LocateRisk","article_modified_time":"2023-01-11T14:39:57+00:00","og_image":[{"width":800,"height":341,"url":"https:\/\/locaterisk.com\/wp-content\/uploads\/2023\/01\/LocateRisk_IT-Sicherheit-Krankenhaus-1.png","type":"image\/png"}],"twitter_card":"summary_large_image","twitter_misc":{"Est. reading time":"3 minutes"},"schema":{"@context":"https:\/\/schema.org","@graph":[{"@type":"WebPage","@id":"https:\/\/locaterisk.com\/it-sicherheit-krankenhaeuser\/","url":"https:\/\/locaterisk.com\/it-sicherheit-krankenhaeuser\/","name":"Hospitals &amp; clinics - LocateRisk","isPartOf":{"@id":"https:\/\/locaterisk.com\/de\/#website"},"primaryImageOfPage":{"@id":"https:\/\/locaterisk.com\/it-sicherheit-krankenhaeuser\/#primaryimage"},"image":{"@id":"https:\/\/locaterisk.com\/it-sicherheit-krankenhaeuser\/#primaryimage"},"thumbnailUrl":"https:\/\/locaterisk.com\/wp-content\/uploads\/2023\/01\/LocateRisk_IT-Sicherheit-Krankenhaus-1.png","datePublished":"2023-01-10T16:49:39+00:00","dateModified":"2023-01-11T14:39:57+00:00","description":"Patient data is particularly sensitive and requires the highest level of protection. Find out about IT security in hospitals and what you can do to minimize cyber risks.","breadcrumb":{"@id":"https:\/\/locaterisk.com\/it-sicherheit-krankenhaeuser\/#breadcrumb"},"inLanguage":"en-US","potentialAction":[{"@type":"ReadAction","target":["https:\/\/locaterisk.com\/it-sicherheit-krankenhaeuser\/"]}]},{"@type":"ImageObject","inLanguage":"en-US","@id":"https:\/\/locaterisk.com\/it-sicherheit-krankenhaeuser\/#primaryimage","url":"https:\/\/locaterisk.com\/wp-content\/uploads\/2023\/01\/LocateRisk_IT-Sicherheit-Krankenhaus-1.png","contentUrl":"https:\/\/locaterisk.com\/wp-content\/uploads\/2023\/01\/LocateRisk_IT-Sicherheit-Krankenhaus-1.png","width":800,"height":341,"caption":"Wegweiser-Schild zur Krankenhaus-Notaufnahme"},{"@type":"BreadcrumbList","@id":"https:\/\/locaterisk.com\/it-sicherheit-krankenhaeuser\/#breadcrumb","itemListElement":[{"@type":"ListItem","position":1,"name":"Home","item":"https:\/\/locaterisk.com\/"},{"@type":"ListItem","position":2,"name":"Krankenh\u00e4user &#038; Kliniken"}]},{"@type":"WebSite","@id":"https:\/\/locaterisk.com\/de\/#website","url":"https:\/\/locaterisk.com\/de\/","name":"LocateRisk","description":"Measure and compare IT security","publisher":{"@id":"https:\/\/locaterisk.com\/de\/#organization"},"potentialAction":[{"@type":"SearchAction","target":{"@type":"EntryPoint","urlTemplate":"https:\/\/locaterisk.com\/de\/?s={search_term_string}"},"query-input":{"@type":"PropertyValueSpecification","valueRequired":true,"valueName":"search_term_string"}}],"inLanguage":"en-US"},{"@type":"Organization","@id":"https:\/\/locaterisk.com\/de\/#organization","name":"LocateRisk","url":"https:\/\/locaterisk.com\/de\/","logo":{"@type":"ImageObject","inLanguage":"en-US","@id":"https:\/\/locaterisk.com\/de\/#\/schema\/logo\/image\/","url":"https:\/\/locaterisk.com\/wp-content\/uploads\/2020\/11\/Kettenglieder_V0216-9.jpg","contentUrl":"https:\/\/locaterisk.com\/wp-content\/uploads\/2020\/11\/Kettenglieder_V0216-9.jpg","width":1920,"height":1080,"caption":"LocateRisk"},"image":{"@id":"https:\/\/locaterisk.com\/de\/#\/schema\/logo\/image\/"},"sameAs":["https:\/\/www.linkedin.com\/company\/locaterisk\/"]}]}},"_links":{"self":[{"href":"https:\/\/locaterisk.com\/en\/wp-json\/wp\/v2\/pages\/4495","targetHints":{"allow":["GET"]}}],"collection":[{"href":"https:\/\/locaterisk.com\/en\/wp-json\/wp\/v2\/pages"}],"about":[{"href":"https:\/\/locaterisk.com\/en\/wp-json\/wp\/v2\/types\/page"}],"author":[{"embeddable":true,"href":"https:\/\/locaterisk.com\/en\/wp-json\/wp\/v2\/users\/8"}],"replies":[{"embeddable":true,"href":"https:\/\/locaterisk.com\/en\/wp-json\/wp\/v2\/comments?post=4495"}],"version-history":[{"count":23,"href":"https:\/\/locaterisk.com\/en\/wp-json\/wp\/v2\/pages\/4495\/revisions"}],"predecessor-version":[{"id":4937,"href":"https:\/\/locaterisk.com\/en\/wp-json\/wp\/v2\/pages\/4495\/revisions\/4937"}],"wp:featuredmedia":[{"embeddable":true,"href":"https:\/\/locaterisk.com\/en\/wp-json\/wp\/v2\/media\/4502"}],"wp:attachment":[{"href":"https:\/\/locaterisk.com\/en\/wp-json\/wp\/v2\/media?parent=4495"}],"curies":[{"name":"wp","href":"https:\/\/api.w.org\/{rel}","templated":true}]}}