{"id":4796,"date":"2023-05-17T12:58:22","date_gmt":"2023-05-17T12:58:22","guid":{"rendered":"https:\/\/locaterisk.com\/?page_id=4796"},"modified":"2023-05-17T13:34:30","modified_gmt":"2023-05-17T13:34:30","slug":"it-sicherheit-krankenkassen","status":"publish","type":"page","link":"https:\/\/locaterisk.com\/en\/it-sicherheit-krankenkassen\/","title":{"rendered":"IT security health insurance companies"},"content":{"rendered":"<h1 class=\"wp-block-heading blog-title\" id=\"case-study-mit-it-monitoring-in-richtung-sichere-stadt\">IT and data protection at health insurers: sensitive data requires maximum protection<\/h1>\n\n\n\n<p>Health information is extremely lucrative for cybercriminals, as they expect it to increase their willingness to pay ransoms. This makes health insurance companies a prime target for attack. They process and manage personal health data from digital applications such as health insurance and health apps, health trackers, online services and, more recently, the electronic patient record (ePA). The latter was already affected by precautionary measures in the wake of the Log4Shell vulnerability.<\/p>\n\n\n\n<p><\/p>\n\n\n<div class=\"wp-block-image\">\n<figure class=\"aligncenter size-large is-resized\"><img loading=\"lazy\" decoding=\"async\" src=\"https:\/\/locaterisk.com\/wp-content\/uploads\/2023\/05\/LocateRisk_IT-Sicherheit-Krankenkassen-Kopie-1-1024x437.png\" alt=\"\" class=\"wp-image-4801\" width=\"834\" height=\"356\" srcset=\"https:\/\/locaterisk.com\/wp-content\/uploads\/2023\/05\/LocateRisk_IT-Sicherheit-Krankenkassen-Kopie-1-1024x437.png 1024w, https:\/\/locaterisk.com\/wp-content\/uploads\/2023\/05\/LocateRisk_IT-Sicherheit-Krankenkassen-Kopie-1-300x128.png 300w, https:\/\/locaterisk.com\/wp-content\/uploads\/2023\/05\/LocateRisk_IT-Sicherheit-Krankenkassen-Kopie-1-768x328.png 768w, https:\/\/locaterisk.com\/wp-content\/uploads\/2023\/05\/LocateRisk_IT-Sicherheit-Krankenkassen-Kopie-1-18x8.png 18w, https:\/\/locaterisk.com\/wp-content\/uploads\/2023\/05\/LocateRisk_IT-Sicherheit-Krankenkassen-Kopie-1.png 1080w\" sizes=\"auto, (max-width: 834px) 100vw, 834px\" \/><\/figure><\/div>\n\n\n<h3 class=\"wp-block-heading\">IT Security and Data Protection from an External Perspective: Health Insurance Companies in Germany<\/h3>\n\n\n\n<p><strong>There is a clear need for action <br><\/strong>The requirements for security concepts that health insurance companies have to meet are proving to be particularly diverse and complex. Not only do they have to demonstrate compliance with stringent legal and regulatory requirements, they also have to avoid liability risks and reputational damage. U<span class=\"s1\">ur analysis of 144 health insurers revealed that there is still a clear need for action in terms of IT security. The data was collected by gathering and processing information from publicly available sources.<span class=\"Apple-converted-space\">&nbsp;<\/span><\/span><\/p>\n\n\n\n<h3 class=\"wp-block-heading\">The Results&nbsp;<\/h3>\n\n\n\n<p><strong>Protected Mail Dispatch<\/strong><br>69 percent of the checked health insurance companies sent e-mails partially unprotected (without SPF entry), which makes it easier for attackers to carry out spam and phishing attacks by forging mail.<\/p>\n\n\n\n<p><strong>Accessibility of the System Interfaces<\/strong><br><span style=\"font-weight: 400;\">42 percent do not adequately protect all database systems belonging to the company against cyber attacks. <\/span>Unsecured systems that can be accessed from the outside make it easier for hackers to gain access to sensitive data.<\/p>\n\n\n\n<p><strong>Data Transmission Security<br><\/strong>In addition, 85 percent allowed data transmission using outdated transport encryption, which encourages data theft.<\/p>\n\n\n\n<p><strong>Obsolete Applications<br><\/strong>At least one application with a potential security vulnerability of high criticality was found in 29 percent. Applications with missing security updates are a welcome gateway for attackers.<\/p>\n\n\n\n<p><strong>GDPR Compliance<br><\/strong>44 percent of health insurance companies used tracking cookies without user permission. In these cases, warnings and fines may be imposed.<\/p>\n\n\n\n<h3 class=\"wp-block-heading\">Gain Insight into Your Organization's External IT Attack Surface<\/h3>\n\n\n\n<p>IT managers do their best to ensure the security of their IT systems. But how can the current status of security performance continuously be proven? With LocateRisk's IT security analysis, it's quick and easy. See for yourself: Interested organizations can receive a security assessment of their IT landscape, including a 30minute insight into the detailed analysis, free of charge at: Tel. 06151 6290246 or e-mail to: <a href=\"mailto:em@LocateRisk.com\">em@LocateRisk.com<\/a><\/p>\n\n\n\n<h3 class=\"wp-block-heading\"><\/h3>\n\n\n\n<h3 class=\"wp-block-heading\">IT in Hospitals: More Protection Urgently Needed<\/h3>\n\n\n\n<p>Read now:&nbsp;<a href=\"https:\/\/locaterisk.com\/en\/it-sicherheit-krankenhaeuser\/\">Data collection on the IT security situation of hospitals<\/a><\/p>\n\n\n\n<p><\/p>\n\n\n\n<div class=\"wp-block-lr-contact-post-module\">\n\t<div id=\"lr-contact-form\" class=\"wp-block-lr-contact-post-module\">\n\t\t<div id=\"formular\" class=\"content\">\n\t\t\t<div class=\"inner-content\">\n\t\t\t\t<div class=\"column-2 feature-mode\">\n\t\t\t\t\t<h2>Request your personal Live-Demo now<\/h2>\n\t\t\t\t\t\n\t\t\t\t\t\t\t\t\t\t\t\t\t<div>\n\t\t\t\t\t\t\t\t<p class=\"margin-b-36\">Identify and reduce your cyber risks through a comparable and understandable overview of your IT security. Let our experts advise you and find out how LocateRisk can help you solve your cyber risks.<\/p>\n\t\t\t\t\t\t\t<\/div>\t\n\t\t\t\t\t\t\t\t\n\t\t\t\t\t\t\n\t\t\t\t\t\t\t\t\t<\/div> \n\t\t\t\t<div class=\"column-2\">\n\t\t\t\t\t<form action=\"\" class=\"form\" method=\"post\" role=\"form\" novalidate data-trp-original-action=\"\">\n\t\t\t\t\t\t<input type=\"text\" id=\"successmessage\" name=\"successmessage\" value=\"\" hidden>\n\t\t\t\t\t\t<input type=\"text\" id=\"errormessage\" name=\"errormessage\" value=\"\" hidden>\n\t\t\t\t\t\t<input type=\"text\" id=\"slug\" name=\"slug\" value=\"it-sicherheit-krankenkassen\" hidden>\n\n\t\t\t\t\t\t\t\t\t\t\t\t\t<input\n\t\t\t\t\t\t\t\ttype=\"text\"\n\t\t\t\t\t\t\t\tid=\"name\"\n\t\t\t\t\t\t\t\tname=\"name\"\n\t\t\t\t\t\t\t\tplaceholder=\"first name\"\n\t\t\t\t\t\t\t\trequired\tmaxlength=\"50\"\/>\n\n\t\t\t\t\t\t\t<input\n\t\t\t\t\t\t\t\ttype=\"text\"\n\t\t\t\t\t\t\t\tid=\"surname\"\n\t\t\t\t\t\t\t\tname=\"surname\"\n\t\t\t\t\t\t\t\tplaceholder=\"last name\"\n\t\t\t\t\t\t\t\trequired\n\t\t\t\t\t\t\t\tmaxlength=\"50\"\/>\n\t\t\t\t\t\t\n\t\t\t\t\t\t<input\n\t\t\t\t\t\t\ttype=\"email\"\n\t\t\t\t\t\t\tid=\"email\"\n\t\t\t\t\t\t\tname=\"email\"\n\t\t\t\t\t\t\tplaceholder=\"Email\"\n\t\t\t\t\t\t\trequired\n\t\t\t\t\t\t\tmaxlength=\"50\"\/>\n\n\t\t\t\t\t\t<input\n\t\t\t\t\t\t\ttype=\"text\"\n\t\t\t\t\t\t\tid=\"phone\"\n\t\t\t\t\t\t\tname=\"phone\"\n\t\t\t\t\t\t\tplaceholder=\"phone\"\n\t\t\t\t\t\t\trequired\n\t\t\t\t\t\t\tmaxlength=\"50\"\/>\n\t\t\t\t\t\t\t\n\t\t\t\t\t\t\t\t\t\t\t\t\n\t\t\t\t\t\t<h6 class=\"error-message\" hidden>...<\/h6>\n\t\t\t\t\t\t<div class=\"checkbox_container\">\n\t\t\t\t\t\t\t<div class=\"checkbox\">\n\t\t\t\t\t\t\t\t<input\n\t\t\t\t\t\t\t\t\ttype=\"checkbox\"\n\t\t\t\t\t\t\t\t\tid=\"checkbox\"\n\t\t\t\t\t\t\t\t\tname=\"checkbox\" \/>\n\n\t\t\t\t\t\t\t\t<label for=\"checkbox\"><\/label>\n\t\t\t\t\t\t\t<\/div>\n\t\t\t\t\t\t\t<p>I agree to the <a href=\"https:\/\/locaterisk.com\/en\/datenschutz\/\" target=\"_blank\" rel=\"noreferrer noopener\">privacy policy.<\/a> read<\/p> \n\t\t\t\t\t\t<\/div>\n\t\t\t\t\t\t\n\t\t\t\t\t<div class=\"g-recaptcha\" data-sitekey=\"6LdErNoZAAAAAD1Re2jNxtDFfcDaL9iED5MRBzjR\" data-callback=\"verifyRecaptchaCallback\" data-expired-callback=\"expiredRecaptchaCallback\"><\/div>\n\t\t\t\t\t<input type=\"hidden\" name=\"g-recaptcha-response\" data-recaptcha \/>\n\n\t\t\t\t\t\t<button class=\"lr-button-link\" type=\"submit\">Schedule a Live Demo<\/button>\n\t\t\t\t\t<input type=\"hidden\" name=\"trp-form-language\" value=\"en\"\/><\/form>\n\t\t\t\t<\/div>\n\t\t\t<\/div>\n\t\t<\/div>\n\t<\/div>\n\t\n\t<\/div>\n\n\n\n<hr class=\"wp-block-separator has-css-opacity is-style-wide\"\/>\n\n\n\n<div class=\"wp-block-lr-contact-module\"><div class=\"content\"><h2>Want to find out more, book a demo or simply exchange ideas? We look forward to hearing from you!<\/h2><div class=\"contact-info-row\"><div class=\"contact-person-info\"><div class=\"avatar\"><img decoding=\"async\" src=\"https:\/\/locaterisk.com\/wp-content\/uploads\/2025\/06\/Lukas_Baumann_LocateRisk-300.png\"><\/div><p><span class=\"text before\">Your personal consultant<\/span><span class=\"bold name\"><strong>Lukas<\/strong><\/span> <span class=\"lastname\"><strong>Baumann<strong><\/strong><\/strong><\/span><strong><strong><span class=\"separator\"><\/span><span class=\"role\">CEO<\/span><\/strong><\/strong><\/p><\/div><p class=\"bold phone\"><strong><strong>+49 6151 6290246<\/strong><\/strong><\/p><strong><strong><a class=\"pr-1\" href=\"mailto: sales@locaterisk.com\">Get in Touch Now<\/a><\/strong><\/strong><\/div><\/div><\/div>\n\n\n\n<p><\/p>\n\n\n\n<div class=\"wp-block-lr-footer-module lr-footer-block\"><div class=\"content\"><div class=\"column0\"><img decoding=\"async\" src=\"https:\/\/locaterisk.com\/wp-content\/plugins\/locate-risk-prod\/lr-blocks\/assets\/img\/lr-logo.svg\"\/><\/div><div class=\"categories\"><div class=\"categories-element\"><a class=\"pr-4\" href=\"https:\/\/locaterisk.com\/en\/\">Home<\/a><\/div><div class=\"categories-element\"><a class=\"pr-4\" href=\"\/en\/blog\/\">Blog<\/a><\/div><div class=\"categories-element\"><a class=\"pr-4\" href=\"\/en\/about\/\">About Us<\/a><\/div><div class=\"categories-element\"><a class=\"pr-4\" href=\"\/en\/kontakt\/\">Contact<\/a><\/div><div class=\"categories-element\"><a class=\"pr-4\" href=\"\/en\/impressum\/\">Legal Notice<\/a><\/div><div class=\"categories-break\"><\/div><div class=\"categories-element\"><a class=\"pr-4\" href=\"\/en\/datenschutz\/\">Privacy<\/a><\/div><div class=\"categories-element\"><a class=\"pr-4\" href=\"\/files\/gtc.pdf\">General Terms and Conditions<\/a><\/div><div class=\"categories-element\"><a class=\"pr-4\" href=\"\/en\/jobs\/\">Jobs<\/a><\/div><div class=\"categories-element\"><a class=\"pr-4\" href=\"\/files\/sec-information.pdf\">Security<\/a><\/div><div class=\"categories-element\"><a class=\"pr-4\" href=\"https:\/\/app.secfix.com\/trust\/locaterisk\/d1e7d433b33643aea1880bfbfeab9f60\">Trust Center<\/a><\/div><\/div><div class=\"social\"><div class=\"social-element\"><a target=\"_blank\" href=\"https:\/\/www.linkedin.com\/company\/locaterisk\/\"><img decoding=\"async\" src=\"https:\/\/locaterisk.com\/wp-content\/uploads\/2020\/10\/gruppe-230@3x.png\"\/><\/a><\/div><div class=\"social-element\"><a target=\"_blank\" href=\"https:\/\/www.instagram.com\/locaterisk\/\"><img decoding=\"async\" src=\"https:\/\/locaterisk.com\/wp-content\/uploads\/2020\/11\/Instagram.png\"\/><\/a><\/div><div class=\"social-element\"><a target=\"_blank\" href=\"https:\/\/twitter.com\/locaterisk\"><img decoding=\"async\" src=\"https:\/\/locaterisk.com\/wp-content\/uploads\/2020\/11\/twitter.png\"\/><\/a><\/div><\/div><div class=\"description\"><h6>\u00a9 LocateRisk 2026<\/h6><\/div><\/div><\/div>","protected":false},"excerpt":{"rendered":"<p>IT- und Datenschutz bei Krankenkassen: Sensible Daten erfordern maximalen Schutz Gesundheitsinformationen sind f\u00fcr Cyberkriminelle ausgesprochen lukrativ, da sie sich davon eine erh\u00f6hte Bereitschaft zur L\u00f6segeldzahlung versprechen. Das macht Krankenkassen zu einem bevorzugten Angriffsziel. Sie verarbeiten und verwalten personenbezogene Gesundheitsdaten aus digitalen Anwendungen wie Krankenkassen- und Gesundheits-Apps, Health-Trackern, Online-Services sowie neuerdings auch der elektronischen Patientenakte (ePA). [&hellip;]<\/p>\n","protected":false},"author":8,"featured_media":4801,"parent":0,"menu_order":0,"comment_status":"closed","ping_status":"closed","template":"","meta":{"footnotes":""},"class_list":["post-4796","page","type-page","status-publish","has-post-thumbnail","hentry"],"yoast_head":"<!-- This site is optimized with the Yoast SEO plugin v27.4 - https:\/\/yoast.com\/product\/yoast-seo-wordpress\/ -->\n<title>IT-Sicherheit Krankenkassen - LocateRisk<\/title>\n<meta name=\"description\" content=\"Maximaler Schutz f\u00fcr sensible Daten \u2013 die Erwartungen an die IT- und Cybersicherheit von Krankenkassen sind hoch. Das Bedrohungsrisiko immens. Eine Statistik zur Lage.\" \/>\n<meta name=\"robots\" content=\"index, follow, max-snippet:-1, max-image-preview:large, max-video-preview:-1\" \/>\n<link rel=\"canonical\" href=\"https:\/\/locaterisk.com\/en\/it-sicherheit-krankenkassen\/\" \/>\n<meta property=\"og:locale\" content=\"en_US\" \/>\n<meta property=\"og:type\" content=\"article\" \/>\n<meta property=\"og:title\" content=\"IT-Sicherheit Krankenkassen - LocateRisk\" \/>\n<meta property=\"og:description\" content=\"Maximaler Schutz f\u00fcr sensible Daten \u2013 die Erwartungen an die IT- und Cybersicherheit von Krankenkassen sind hoch. Das Bedrohungsrisiko immens. Eine Statistik zur Lage.\" \/>\n<meta property=\"og:url\" content=\"https:\/\/locaterisk.com\/en\/it-sicherheit-krankenkassen\/\" \/>\n<meta property=\"og:site_name\" content=\"LocateRisk\" \/>\n<meta property=\"article:modified_time\" content=\"2023-05-17T13:34:30+00:00\" \/>\n<meta property=\"og:image\" content=\"https:\/\/locaterisk.com\/wp-content\/uploads\/2023\/05\/LocateRisk_IT-Sicherheit-Krankenkassen-Kopie-1.png\" \/>\n\t<meta property=\"og:image:width\" content=\"1080\" \/>\n\t<meta property=\"og:image:height\" content=\"461\" \/>\n\t<meta property=\"og:image:type\" content=\"image\/png\" \/>\n<meta name=\"twitter:card\" content=\"summary_large_image\" \/>\n<meta name=\"twitter:label1\" content=\"Est. reading time\" \/>\n\t<meta name=\"twitter:data1\" content=\"3 minutes\" \/>\n<script type=\"application\/ld+json\" class=\"yoast-schema-graph\">{\"@context\":\"https:\\\/\\\/schema.org\",\"@graph\":[{\"@type\":\"WebPage\",\"@id\":\"https:\\\/\\\/locaterisk.com\\\/it-sicherheit-krankenkassen\\\/\",\"url\":\"https:\\\/\\\/locaterisk.com\\\/it-sicherheit-krankenkassen\\\/\",\"name\":\"IT-Sicherheit Krankenkassen - LocateRisk\",\"isPartOf\":{\"@id\":\"https:\\\/\\\/locaterisk.com\\\/de\\\/#website\"},\"primaryImageOfPage\":{\"@id\":\"https:\\\/\\\/locaterisk.com\\\/it-sicherheit-krankenkassen\\\/#primaryimage\"},\"image\":{\"@id\":\"https:\\\/\\\/locaterisk.com\\\/it-sicherheit-krankenkassen\\\/#primaryimage\"},\"thumbnailUrl\":\"https:\\\/\\\/locaterisk.com\\\/wp-content\\\/uploads\\\/2023\\\/05\\\/LocateRisk_IT-Sicherheit-Krankenkassen-Kopie-1.png\",\"datePublished\":\"2023-05-17T12:58:22+00:00\",\"dateModified\":\"2023-05-17T13:34:30+00:00\",\"description\":\"Maximaler Schutz f\u00fcr sensible Daten \u2013 die Erwartungen an die IT- und Cybersicherheit von Krankenkassen sind hoch. Das Bedrohungsrisiko immens. Eine Statistik zur Lage.\",\"breadcrumb\":{\"@id\":\"https:\\\/\\\/locaterisk.com\\\/it-sicherheit-krankenkassen\\\/#breadcrumb\"},\"inLanguage\":\"en-US\",\"potentialAction\":[{\"@type\":\"ReadAction\",\"target\":[\"https:\\\/\\\/locaterisk.com\\\/it-sicherheit-krankenkassen\\\/\"]}]},{\"@type\":\"ImageObject\",\"inLanguage\":\"en-US\",\"@id\":\"https:\\\/\\\/locaterisk.com\\\/it-sicherheit-krankenkassen\\\/#primaryimage\",\"url\":\"https:\\\/\\\/locaterisk.com\\\/wp-content\\\/uploads\\\/2023\\\/05\\\/LocateRisk_IT-Sicherheit-Krankenkassen-Kopie-1.png\",\"contentUrl\":\"https:\\\/\\\/locaterisk.com\\\/wp-content\\\/uploads\\\/2023\\\/05\\\/LocateRisk_IT-Sicherheit-Krankenkassen-Kopie-1.png\",\"width\":1080,\"height\":461},{\"@type\":\"BreadcrumbList\",\"@id\":\"https:\\\/\\\/locaterisk.com\\\/it-sicherheit-krankenkassen\\\/#breadcrumb\",\"itemListElement\":[{\"@type\":\"ListItem\",\"position\":1,\"name\":\"Home\",\"item\":\"https:\\\/\\\/locaterisk.com\\\/\"},{\"@type\":\"ListItem\",\"position\":2,\"name\":\"IT-Sicherheit Krankenkassen\"}]},{\"@type\":\"WebSite\",\"@id\":\"https:\\\/\\\/locaterisk.com\\\/de\\\/#website\",\"url\":\"https:\\\/\\\/locaterisk.com\\\/de\\\/\",\"name\":\"LocateRisk\",\"description\":\"IT-Sicherheit messen und vergleichen\",\"publisher\":{\"@id\":\"https:\\\/\\\/locaterisk.com\\\/de\\\/#organization\"},\"potentialAction\":[{\"@type\":\"SearchAction\",\"target\":{\"@type\":\"EntryPoint\",\"urlTemplate\":\"https:\\\/\\\/locaterisk.com\\\/de\\\/?s={search_term_string}\"},\"query-input\":{\"@type\":\"PropertyValueSpecification\",\"valueRequired\":true,\"valueName\":\"search_term_string\"}}],\"inLanguage\":\"en-US\"},{\"@type\":\"Organization\",\"@id\":\"https:\\\/\\\/locaterisk.com\\\/de\\\/#organization\",\"name\":\"LocateRisk\",\"url\":\"https:\\\/\\\/locaterisk.com\\\/de\\\/\",\"logo\":{\"@type\":\"ImageObject\",\"inLanguage\":\"en-US\",\"@id\":\"https:\\\/\\\/locaterisk.com\\\/de\\\/#\\\/schema\\\/logo\\\/image\\\/\",\"url\":\"https:\\\/\\\/locaterisk.com\\\/wp-content\\\/uploads\\\/2020\\\/11\\\/Kettenglieder_V0216-9.jpg\",\"contentUrl\":\"https:\\\/\\\/locaterisk.com\\\/wp-content\\\/uploads\\\/2020\\\/11\\\/Kettenglieder_V0216-9.jpg\",\"width\":1920,\"height\":1080,\"caption\":\"LocateRisk\"},\"image\":{\"@id\":\"https:\\\/\\\/locaterisk.com\\\/de\\\/#\\\/schema\\\/logo\\\/image\\\/\"},\"sameAs\":[\"https:\\\/\\\/www.linkedin.com\\\/company\\\/locaterisk\\\/\"]}]}<\/script>\n<!-- \/ Yoast SEO plugin. -->","yoast_head_json":{"title":"IT security health insurance companies - LocateRisk","description":"Maximum protection for sensitive data - the expectations of health insurance companies' IT and cyber security are high. The threat risk is immense. Statistics on the situation.","robots":{"index":"index","follow":"follow","max-snippet":"max-snippet:-1","max-image-preview":"max-image-preview:large","max-video-preview":"max-video-preview:-1"},"canonical":"https:\/\/locaterisk.com\/en\/it-sicherheit-krankenkassen\/","og_locale":"en_US","og_type":"article","og_title":"IT-Sicherheit Krankenkassen - LocateRisk","og_description":"Maximaler Schutz f\u00fcr sensible Daten \u2013 die Erwartungen an die IT- und Cybersicherheit von Krankenkassen sind hoch. Das Bedrohungsrisiko immens. Eine Statistik zur Lage.","og_url":"https:\/\/locaterisk.com\/en\/it-sicherheit-krankenkassen\/","og_site_name":"LocateRisk","article_modified_time":"2023-05-17T13:34:30+00:00","og_image":[{"width":1080,"height":461,"url":"https:\/\/locaterisk.com\/wp-content\/uploads\/2023\/05\/LocateRisk_IT-Sicherheit-Krankenkassen-Kopie-1.png","type":"image\/png"}],"twitter_card":"summary_large_image","twitter_misc":{"Est. reading time":"3 minutes"},"schema":{"@context":"https:\/\/schema.org","@graph":[{"@type":"WebPage","@id":"https:\/\/locaterisk.com\/it-sicherheit-krankenkassen\/","url":"https:\/\/locaterisk.com\/it-sicherheit-krankenkassen\/","name":"IT security health insurance companies - LocateRisk","isPartOf":{"@id":"https:\/\/locaterisk.com\/de\/#website"},"primaryImageOfPage":{"@id":"https:\/\/locaterisk.com\/it-sicherheit-krankenkassen\/#primaryimage"},"image":{"@id":"https:\/\/locaterisk.com\/it-sicherheit-krankenkassen\/#primaryimage"},"thumbnailUrl":"https:\/\/locaterisk.com\/wp-content\/uploads\/2023\/05\/LocateRisk_IT-Sicherheit-Krankenkassen-Kopie-1.png","datePublished":"2023-05-17T12:58:22+00:00","dateModified":"2023-05-17T13:34:30+00:00","description":"Maximum protection for sensitive data - the expectations of health insurance companies' IT and cyber security are high. The threat risk is immense. Statistics on the situation.","breadcrumb":{"@id":"https:\/\/locaterisk.com\/it-sicherheit-krankenkassen\/#breadcrumb"},"inLanguage":"en-US","potentialAction":[{"@type":"ReadAction","target":["https:\/\/locaterisk.com\/it-sicherheit-krankenkassen\/"]}]},{"@type":"ImageObject","inLanguage":"en-US","@id":"https:\/\/locaterisk.com\/it-sicherheit-krankenkassen\/#primaryimage","url":"https:\/\/locaterisk.com\/wp-content\/uploads\/2023\/05\/LocateRisk_IT-Sicherheit-Krankenkassen-Kopie-1.png","contentUrl":"https:\/\/locaterisk.com\/wp-content\/uploads\/2023\/05\/LocateRisk_IT-Sicherheit-Krankenkassen-Kopie-1.png","width":1080,"height":461},{"@type":"BreadcrumbList","@id":"https:\/\/locaterisk.com\/it-sicherheit-krankenkassen\/#breadcrumb","itemListElement":[{"@type":"ListItem","position":1,"name":"Home","item":"https:\/\/locaterisk.com\/"},{"@type":"ListItem","position":2,"name":"IT-Sicherheit Krankenkassen"}]},{"@type":"WebSite","@id":"https:\/\/locaterisk.com\/de\/#website","url":"https:\/\/locaterisk.com\/de\/","name":"LocateRisk","description":"Measure and compare IT security","publisher":{"@id":"https:\/\/locaterisk.com\/de\/#organization"},"potentialAction":[{"@type":"SearchAction","target":{"@type":"EntryPoint","urlTemplate":"https:\/\/locaterisk.com\/de\/?s={search_term_string}"},"query-input":{"@type":"PropertyValueSpecification","valueRequired":true,"valueName":"search_term_string"}}],"inLanguage":"en-US"},{"@type":"Organization","@id":"https:\/\/locaterisk.com\/de\/#organization","name":"LocateRisk","url":"https:\/\/locaterisk.com\/de\/","logo":{"@type":"ImageObject","inLanguage":"en-US","@id":"https:\/\/locaterisk.com\/de\/#\/schema\/logo\/image\/","url":"https:\/\/locaterisk.com\/wp-content\/uploads\/2020\/11\/Kettenglieder_V0216-9.jpg","contentUrl":"https:\/\/locaterisk.com\/wp-content\/uploads\/2020\/11\/Kettenglieder_V0216-9.jpg","width":1920,"height":1080,"caption":"LocateRisk"},"image":{"@id":"https:\/\/locaterisk.com\/de\/#\/schema\/logo\/image\/"},"sameAs":["https:\/\/www.linkedin.com\/company\/locaterisk\/"]}]}},"_links":{"self":[{"href":"https:\/\/locaterisk.com\/en\/wp-json\/wp\/v2\/pages\/4796","targetHints":{"allow":["GET"]}}],"collection":[{"href":"https:\/\/locaterisk.com\/en\/wp-json\/wp\/v2\/pages"}],"about":[{"href":"https:\/\/locaterisk.com\/en\/wp-json\/wp\/v2\/types\/page"}],"author":[{"embeddable":true,"href":"https:\/\/locaterisk.com\/en\/wp-json\/wp\/v2\/users\/8"}],"replies":[{"embeddable":true,"href":"https:\/\/locaterisk.com\/en\/wp-json\/wp\/v2\/comments?post=4796"}],"version-history":[{"count":12,"href":"https:\/\/locaterisk.com\/en\/wp-json\/wp\/v2\/pages\/4796\/revisions"}],"predecessor-version":[{"id":4815,"href":"https:\/\/locaterisk.com\/en\/wp-json\/wp\/v2\/pages\/4796\/revisions\/4815"}],"wp:featuredmedia":[{"embeddable":true,"href":"https:\/\/locaterisk.com\/en\/wp-json\/wp\/v2\/media\/4801"}],"wp:attachment":[{"href":"https:\/\/locaterisk.com\/en\/wp-json\/wp\/v2\/media?parent=4796"}],"curies":[{"name":"wp","href":"https:\/\/api.w.org\/{rel}","templated":true}]}}