{"id":6200,"date":"2025-07-02T09:11:32","date_gmt":"2025-07-02T09:11:32","guid":{"rendered":"https:\/\/locaterisk.com\/?page_id=6200"},"modified":"2026-01-12T09:08:51","modified_gmt":"2026-01-12T09:08:51","slug":"case-study-mit-fakten-gegen-unsicherheit-it-sicherheit-im-kommunalen-umfeld","status":"publish","type":"page","link":"https:\/\/locaterisk.com\/en\/case-study-mit-fakten-gegen-unsicherheit-it-sicherheit-im-kommunalen-umfeld\/","title":{"rendered":"Case study: Using facts to combat uncertainty - IT security in a municipal environment"},"content":{"rendered":"<h1 class=\"wp-block-heading blog-title\" id=\"case-study-mit-it-monitoring-in-richtung-sichere-stadt\">Using facts to combat insecurity: How VG Neumarkt systematically strengthens IT security with LocateRisk<\/h1>\n\n\n\n<p><strong>Digitalization and cyber security go hand in hand in public administration - especially when it comes to protecting sensitive citizen data. With LocateRisk, the Verwaltungsgemeinschaft (VG) Neumarkt i.d.OPf. is focusing on transparency, control and the targeted further development of its security structures.<\/strong><\/p>\n\n\n<h3 style=\"text-align: left;\"><b>Initial situation: Responsibility meets reality<\/b><\/h3>\n<p><span style=\"font-weight: 400;\">The security situation in the municipal environment is tense. Administrations are repeatedly targeted by cyber attacks - a development that significantly increases the pressure to act. VG Neumarkt is meeting this challenge with a clear awareness of its responsibility to protect sensitive data. Confidentiality, availability and integrity of the managed data are not just technical requirements, but a fundamental promise of trust. \"Every citizen basically assumes that their data is in safe hands with the administration - and it is precisely this trust that we want to live up to,\" says the administrative community.<\/span><\/p>\n\n\n<div class=\"wp-block-columns is-layout-flex wp-container-core-columns-is-layout-9d6595d7 wp-block-columns-is-layout-flex\">\n<div class=\"wp-block-column is-layout-flow wp-block-column-is-layout-flow\" style=\"flex-basis:100%\">\n<div class=\"wp-block-group\"><div class=\"wp-block-group__inner-container is-layout-flow wp-block-group-is-layout-flow\">\n<div class=\"wp-block-columns is-layout-flex wp-container-core-columns-is-layout-9d6595d7 wp-block-columns-is-layout-flex\">\n<div class=\"wp-block-column is-layout-flow wp-block-column-is-layout-flow\" style=\"flex-basis:100%\">\n<div class=\"wp-block-group\"><div class=\"wp-block-group__inner-container is-layout-flow wp-block-group-is-layout-flow\"><div class=\"wp-block-image is-style-default\">\n<figure class=\"aligncenter size-full is-resized\"><img loading=\"lazy\" decoding=\"async\" width=\"1200\" height=\"800\" src=\"https:\/\/locaterisk.com\/wp-content\/uploads\/2026\/01\/VG-Neumarkt_Casestudy_v4_1200x800px.png\" alt=\"\" class=\"wp-image-7251\" style=\"width:840px\"\/><\/figure><\/div><\/div><\/div>\n<\/div>\n<\/div>\n<\/div><\/div>\n<\/div>\n<\/div>\n\n\n\n<h3 class=\"wp-block-heading\" id=\"losung\"><strong>Measurability as the key to the ability to act<\/strong><\/h3>\n\n\n\n<p>The decision to use LocateRisk was based on the desire to objectively identify and process IT risks in a structured manner. The platform continuously provides up-to-date, automated security assessments of the externally visible IT infrastructure. The insights gained serve as a basis for qualified decisions - both in the internal implementation of measures and in dialog with service providers.<\/p>\n\n\n\n<p>A specific case underlines the effect: after the change of web host, the security values deteriorated drastically. \"The service provider was uncooperative - we terminated the contract and looked for a new provider based on the analysis reports,\" explains VG Neumarkt. The decision was made on the basis of test scans, which were discussed together with LocateRisk. \"This allowed us to choose the service provider that provided the best quality work.\"<\/p>\n\n\n\n<p><\/p>\n\n\n\n<h3 class=\"wp-block-heading\" id=\"ergebnis\"><strong>A parameter for reliable risk management<\/strong><\/h3>\n\n\n\n<p>The assessment results from LocateRisk are now an integral part of the administration's risk management. They support the exchange with service providers, progress monitoring and the regular assessment of the security level. \"If the score is critical, we derive specific measures from it - and make the requirements for the service provider clear.\"<\/p>\n\n\n\n<p>\"We don't have to analyze every vulnerability down to the last detail - we have our IT partners for that. The decisive factor is that we recognize the need for action and can check the implementation,\" says Rudolf Ehrensberger, Information Security Officer at VG Neumarkt. The platform thus provides a continuous basis for management, control and traceability.<\/p>\n\n\n\n<p><\/p>\n\n\n\n<h3 class=\"wp-block-heading\"><strong>Evaluating service providers - with figures instead of opinions<\/strong><\/h3>\n\n\n\n<p>One key result: LocateRisk can be used to objectively assess the quality of service providers. Rudolf Ehrensberger makes it clear: \"We had cases where poor work only became visible through the analysis values - without this data, we would not have noticed it.\" The score-based evaluation enables VG Neumarkt to realistically assess IT service providers, analyze their response to reports and shape the collaboration accordingly.<\/p>\n\n\n\n<p><\/p>\n\n\n\n<p class=\"has-text-color has-link-color has-medium-font-size wp-elements-3aac385061f29b6b36a76d21ad8a060f\" style=\"color:#36ddcf\"><strong>\"Today, I can see directly whether a service provider understands my business - and whether they are implementing the recommendations for action. That's real added value for us.\"<br><\/strong> - Rudolf Ehrensberger, Information Security Officer, VG Neumarkt<\/p>\n\n\n\n<p><\/p>\n\n\n\n<h3 class=\"wp-block-heading\"><strong><strong>Communication with management and auditors: clarity instead of complexity<\/strong><\/strong><\/h3>\n\n\n\n<p>Another advantage is the communication with top management. The management report provides a comprehensible presentation of the most important key figures and developments. It makes it clear how IT security performance has changed over time and creates a sound basis for discussion for decisions at management level.<\/p>\n\n\n\n<p>The report is also regularly used in external audits - as documented proof of active, structured information security management. In this way, continuous improvement is made visible and firmly anchored.<\/p>\n\n\n\n<p><\/p>\n\n\n<div class=\"wp-block-image is-resized\">\n<figure class=\"aligncenter size-large\"><img loading=\"lazy\" decoding=\"async\" width=\"1024\" height=\"672\" src=\"https:\/\/locaterisk.com\/wp-content\/uploads\/2021\/12\/Bildschirmfoto-2021-12-07-um-10.14-1024x672.png\" alt=\"LocateRisk Schwachstellenanalyse in Form eines Managementberichtes.\" class=\"wp-image-2561\" style=\"width:827px;height:auto\" srcset=\"https:\/\/locaterisk.com\/wp-content\/uploads\/2021\/12\/Bildschirmfoto-2021-12-07-um-10.14-1024x672.png 1024w, https:\/\/locaterisk.com\/wp-content\/uploads\/2021\/12\/Bildschirmfoto-2021-12-07-um-10.14-300x197.png 300w, https:\/\/locaterisk.com\/wp-content\/uploads\/2021\/12\/Bildschirmfoto-2021-12-07-um-10.14-768x504.png 768w, https:\/\/locaterisk.com\/wp-content\/uploads\/2021\/12\/Bildschirmfoto-2021-12-07-um-10.14-18x12.png 18w, https:\/\/locaterisk.com\/wp-content\/uploads\/2021\/12\/Bildschirmfoto-2021-12-07-um-10.14.png 1500w\" sizes=\"auto, (max-width: 1024px) 100vw, 1024px\" \/><figcaption class=\"wp-element-caption\">The LocateRisk management report provides the management level with an easy-to-understand overview of the IT security situation.<\/figcaption><\/figure><\/div>\n\n\n<h3 class=\"wp-block-heading\"><strong><strong>Conclusion: More safety through visibility<\/strong><\/strong><\/h3>\n\n\n\n<p>With LocateRisk, VG Neumarkt has established an effective tool that measurably advances the continuous development of its IT security. The platform helps to identify potential threats at an early stage, implement targeted measures and noticeably improve preventive protection.<br>LocateRisk is firmly anchored in security management both in day-to-day business and at a strategic level - and has proven to be a valuable support in successful collaboration with internal and external stakeholders.<br><strong>VG Neumarkt shows how fact-based transparency leads to better decisions, greater certainty of action and lasting trust.<\/strong><\/p>\n\n\n\n<p><\/p>\n\n\n\n<p class=\"has-text-color has-link-color has-medium-font-size wp-elements-06eb5d1fe6eb1ab7dfa98e652ce45866\" style=\"color:#36ddcf\"><strong>\"Without the scans, we would have to rely on assumptions. Today, we have a clear overview - and can react to facts.\"<\/strong><br>- Rudolf Ehrensberger, Information Security Officer, VG Neumarkt<\/p>\n\n\n\n<p><\/p>\n\n\n\n<div class=\"wp-block-lr-contact-post-module\">\n\t<div id=\"lr-contact-form\" class=\"wp-block-lr-contact-post-module\">\n\t\t<div id=\"formular\" class=\"content\">\n\t\t\t<div class=\"inner-content\">\n\t\t\t\t<div class=\"column-2 feature-mode\">\n\t\t\t\t\t<h2>Request your personal Live-Demo now<\/h2>\n\t\t\t\t\t\n\t\t\t\t\t\t\t\t\t\t\t\t\t<div>\n\t\t\t\t\t\t\t\t<p class=\"margin-b-36\">Identify and reduce your cyber risks through a comparable and understandable overview of your IT security. Let our experts advise you and find out how LocateRisk can help you solve your cyber risks.<\/p>\n\t\t\t\t\t\t\t<\/div>\t\n\t\t\t\t\t\t\t\t\n\t\t\t\t\t\t\n\t\t\t\t\t\t\t\t\t<\/div> \n\t\t\t\t<div class=\"column-2\">\n\t\t\t\t\t<form action=\"\" class=\"form\" method=\"post\" role=\"form\" novalidate data-trp-original-action=\"\">\n\t\t\t\t\t\t<input type=\"text\" id=\"successmessage\" name=\"successmessage\" value=\"\" hidden>\n\t\t\t\t\t\t<input type=\"text\" id=\"errormessage\" name=\"errormessage\" value=\"\" hidden>\n\t\t\t\t\t\t<input type=\"text\" id=\"slug\" name=\"slug\" value=\"case-study-mit-fakten-gegen-unsicherheit-it-sicherheit-im-kommunalen-umfeld\" hidden>\n\n\t\t\t\t\t\t\t\t\t\t\t\t\t<input\n\t\t\t\t\t\t\t\ttype=\"text\"\n\t\t\t\t\t\t\t\tid=\"name\"\n\t\t\t\t\t\t\t\tname=\"name\"\n\t\t\t\t\t\t\t\tplaceholder=\"first name\"\n\t\t\t\t\t\t\t\trequired\tmaxlength=\"50\"\/>\n\n\t\t\t\t\t\t\t<input\n\t\t\t\t\t\t\t\ttype=\"text\"\n\t\t\t\t\t\t\t\tid=\"surname\"\n\t\t\t\t\t\t\t\tname=\"surname\"\n\t\t\t\t\t\t\t\tplaceholder=\"last name\"\n\t\t\t\t\t\t\t\trequired\n\t\t\t\t\t\t\t\tmaxlength=\"50\"\/>\n\t\t\t\t\t\t\n\t\t\t\t\t\t<input\n\t\t\t\t\t\t\ttype=\"email\"\n\t\t\t\t\t\t\tid=\"email\"\n\t\t\t\t\t\t\tname=\"email\"\n\t\t\t\t\t\t\tplaceholder=\"Email\"\n\t\t\t\t\t\t\trequired\n\t\t\t\t\t\t\tmaxlength=\"50\"\/>\n\n\t\t\t\t\t\t<input\n\t\t\t\t\t\t\ttype=\"text\"\n\t\t\t\t\t\t\tid=\"phone\"\n\t\t\t\t\t\t\tname=\"phone\"\n\t\t\t\t\t\t\tplaceholder=\"phone\"\n\t\t\t\t\t\t\trequired\n\t\t\t\t\t\t\tmaxlength=\"50\"\/>\n\t\t\t\t\t\t\t\n\t\t\t\t\t\t\t\t\t\t\t\t\n\t\t\t\t\t\t<h6 class=\"error-message\" hidden>...<\/h6>\n\t\t\t\t\t\t<div class=\"checkbox_container\">\n\t\t\t\t\t\t\t<div class=\"checkbox\">\n\t\t\t\t\t\t\t\t<input\n\t\t\t\t\t\t\t\t\ttype=\"checkbox\"\n\t\t\t\t\t\t\t\t\tid=\"checkbox\"\n\t\t\t\t\t\t\t\t\tname=\"checkbox\" \/>\n\n\t\t\t\t\t\t\t\t<label for=\"checkbox\"><\/label>\n\t\t\t\t\t\t\t<\/div>\n\t\t\t\t\t\t\t<p>I agree to the <a href=\"https:\/\/locaterisk.com\/en\/datenschutz\/\" target=\"_blank\" rel=\"noreferrer noopener\">privacy policy.<\/a> read<\/p> \n\t\t\t\t\t\t<\/div>\n\t\t\t\t\t\t\n\t\t\t\t\t<div class=\"g-recaptcha\" data-sitekey=\"6LdErNoZAAAAAD1Re2jNxtDFfcDaL9iED5MRBzjR\" data-callback=\"verifyRecaptchaCallback\" data-expired-callback=\"expiredRecaptchaCallback\"><\/div>\n\t\t\t\t\t<input type=\"hidden\" name=\"g-recaptcha-response\" data-recaptcha \/>\n\n\t\t\t\t\t\t<button class=\"lr-button-link\" type=\"submit\">Schedule a Live Demo<\/button>\n\t\t\t\t\t<input type=\"hidden\" name=\"trp-form-language\" value=\"en\"\/><\/form>\n\t\t\t\t<\/div>\n\t\t\t<\/div>\n\t\t<\/div>\n\t<\/div>\n\t\n\t<\/div>\n\n\n\n<hr class=\"wp-block-separator has-css-opacity is-style-wide\"\/>\n\n\n\n<div class=\"wp-block-lr-contact-module\"><div class=\"content\"><h2>Want to find out more, book a demo or simply exchange ideas? We look forward to hearing from you!<\/h2><div class=\"contact-info-row\"><div class=\"contact-person-info\"><div class=\"avatar\"><img decoding=\"async\" src=\"https:\/\/locaterisk.com\/wp-content\/uploads\/2025\/06\/Lukas_Baumann_LocateRisk-300.png\"><\/div><p><span class=\"text before\">Your personal consultant<\/span><span class=\"bold name\"><strong>Lukas<\/strong><\/span> <span class=\"lastname\"><strong>Baumann<strong><\/strong><\/strong><\/span><strong><strong><span class=\"separator\"><\/span><span class=\"role\">CEO<\/span><\/strong><\/strong><\/p><\/div><p class=\"bold phone\"><strong><strong>+49 6151 6290246<\/strong><\/strong><\/p><strong><strong><a class=\"pr-1\" href=\"mailto: sales@locaterisk.com\">Get in Touch Now<\/a><\/strong><\/strong><\/div><\/div><\/div>\n\n\n\n<p><\/p>\n\n\n\n<div class=\"wp-block-lr-footer-module lr-footer-block\"><div class=\"content\"><div class=\"column0\"><img decoding=\"async\" src=\"https:\/\/locaterisk.com\/wp-content\/plugins\/locate-risk-prod\/lr-blocks\/assets\/img\/lr-logo.svg\"\/><\/div><div class=\"categories\"><div class=\"categories-element\"><a class=\"pr-4\" href=\"https:\/\/locaterisk.com\/en\/\">Home<\/a><\/div><div class=\"categories-element\"><a class=\"pr-4\" href=\"\/en\/blog\/\">Blog<\/a><\/div><div class=\"categories-element\"><a class=\"pr-4\" href=\"\/en\/about\/\">About Us<\/a><\/div><div class=\"categories-element\"><a class=\"pr-4\" href=\"\/en\/kontakt\/\">Contact<\/a><\/div><div class=\"categories-element\"><a class=\"pr-4\" href=\"\/en\/impressum\/\">Legal Notice<\/a><\/div><div class=\"categories-break\"><\/div><div class=\"categories-element\"><a class=\"pr-4\" href=\"\/en\/datenschutz\/\">Privacy<\/a><\/div><div class=\"categories-element\"><a class=\"pr-4\" href=\"\/files\/gtc.pdf\">General Terms and Conditions<\/a><\/div><div class=\"categories-element\"><a class=\"pr-4\" href=\"\/en\/jobs\/\">Jobs<\/a><\/div><div class=\"categories-element\"><a class=\"pr-4\" href=\"\/files\/sec-information.pdf\">Security<\/a><\/div><div class=\"categories-element\"><a class=\"pr-4\" href=\"https:\/\/app.secfix.com\/trust\/locaterisk\/d1e7d433b33643aea1880bfbfeab9f60\">Trust Center<\/a><\/div><\/div><div class=\"social\"><div class=\"social-element\"><a target=\"_blank\" href=\"https:\/\/www.linkedin.com\/company\/locaterisk\/\"><img decoding=\"async\" src=\"https:\/\/locaterisk.com\/wp-content\/uploads\/2020\/10\/gruppe-230@3x.png\"\/><\/a><\/div><div class=\"social-element\"><a target=\"_blank\" href=\"https:\/\/www.instagram.com\/locaterisk\/\"><img decoding=\"async\" src=\"https:\/\/locaterisk.com\/wp-content\/uploads\/2020\/11\/Instagram.png\"\/><\/a><\/div><div class=\"social-element\"><a target=\"_blank\" href=\"https:\/\/twitter.com\/locaterisk\"><img decoding=\"async\" src=\"https:\/\/locaterisk.com\/wp-content\/uploads\/2020\/11\/twitter.png\"\/><\/a><\/div><\/div><div class=\"description\"><h6>\u00a9 LocateRisk 2026<\/h6><\/div><\/div><\/div>","protected":false},"excerpt":{"rendered":"<p>Mit Fakten gegen Unsicherheit: Wie die VG Neumarkt mit LocateRisk die IT-Sicherheit systematisch st\u00e4rkt Digitalisierung und Cybersicherheit gehen in der \u00f6ffentlichen Verwaltung Hand in Hand \u2013 vor allem, wenn es um den Schutz sensibler B\u00fcrgerdaten geht. Die Verwaltungsgemeinschaft (VG) Neumarkt i.d.OPf. setzt mit LocateRisk auf Transparenz, Kontrolle und eine gezielte Weiterentwicklung ihrer Sicherheitsstrukturen. Ausgangslage: Verantwortung [&hellip;]<\/p>\n","protected":false},"author":15,"featured_media":0,"parent":0,"menu_order":0,"comment_status":"closed","ping_status":"closed","template":"","meta":{"footnotes":""},"class_list":["post-6200","page","type-page","status-publish","hentry"],"yoast_head":"<!-- This site is optimized with the Yoast SEO plugin v27.4 - https:\/\/yoast.com\/product\/yoast-seo-wordpress\/ -->\n<title>Case Study: Mit Fakten gegen Unsicherheit \u2013 IT-Sicherheit im kommunalen Umfeld - LocateRisk<\/title>\n<meta name=\"description\" content=\"Die VG Neumarkt setzt auf LocateRisk f\u00fcr messbare IT-Sicherheit, faktenbasierte Entscheidungen und zuverl\u00e4ssigen Schutz sensibler B\u00fcrgerdaten.\" \/>\n<meta name=\"robots\" content=\"index, follow, max-snippet:-1, max-image-preview:large, max-video-preview:-1\" \/>\n<link rel=\"canonical\" href=\"https:\/\/locaterisk.com\/en\/case-study-mit-fakten-gegen-unsicherheit-it-sicherheit-im-kommunalen-umfeld\/\" \/>\n<meta property=\"og:locale\" content=\"en_US\" \/>\n<meta property=\"og:type\" content=\"article\" \/>\n<meta property=\"og:title\" content=\"Case Study: Mit Fakten gegen Unsicherheit \u2013 IT-Sicherheit im kommunalen Umfeld - LocateRisk\" \/>\n<meta property=\"og:description\" content=\"Die VG Neumarkt setzt auf LocateRisk f\u00fcr messbare IT-Sicherheit, faktenbasierte Entscheidungen und zuverl\u00e4ssigen Schutz sensibler B\u00fcrgerdaten.\" \/>\n<meta property=\"og:url\" content=\"https:\/\/locaterisk.com\/en\/case-study-mit-fakten-gegen-unsicherheit-it-sicherheit-im-kommunalen-umfeld\/\" \/>\n<meta property=\"og:site_name\" content=\"LocateRisk\" \/>\n<meta property=\"article:modified_time\" content=\"2026-01-12T09:08:51+00:00\" \/>\n<meta property=\"og:image\" content=\"https:\/\/locaterisk.com\/wp-content\/uploads\/2025\/07\/VG-Neumarkt_Casestudy_v4-1024x683.png\" \/>\n\t<meta property=\"og:image:width\" content=\"1024\" \/>\n\t<meta property=\"og:image:height\" content=\"683\" \/>\n\t<meta property=\"og:image:type\" content=\"image\/png\" \/>\n<meta name=\"twitter:card\" content=\"summary_large_image\" \/>\n<meta name=\"twitter:label1\" content=\"Est. reading time\" \/>\n\t<meta name=\"twitter:data1\" content=\"17 minutes\" \/>\n<script type=\"application\/ld+json\" class=\"yoast-schema-graph\">{\"@context\":\"https:\\\/\\\/schema.org\",\"@graph\":[{\"@type\":\"WebPage\",\"@id\":\"https:\\\/\\\/locaterisk.com\\\/case-study-mit-fakten-gegen-unsicherheit-it-sicherheit-im-kommunalen-umfeld\\\/\",\"url\":\"https:\\\/\\\/locaterisk.com\\\/case-study-mit-fakten-gegen-unsicherheit-it-sicherheit-im-kommunalen-umfeld\\\/\",\"name\":\"Case Study: Mit Fakten gegen Unsicherheit \u2013 IT-Sicherheit im kommunalen Umfeld - LocateRisk\",\"isPartOf\":{\"@id\":\"https:\\\/\\\/locaterisk.com\\\/de\\\/#website\"},\"primaryImageOfPage\":{\"@id\":\"https:\\\/\\\/locaterisk.com\\\/case-study-mit-fakten-gegen-unsicherheit-it-sicherheit-im-kommunalen-umfeld\\\/#primaryimage\"},\"image\":{\"@id\":\"https:\\\/\\\/locaterisk.com\\\/case-study-mit-fakten-gegen-unsicherheit-it-sicherheit-im-kommunalen-umfeld\\\/#primaryimage\"},\"thumbnailUrl\":\"https:\\\/\\\/locaterisk.com\\\/wp-content\\\/uploads\\\/2026\\\/01\\\/VG-Neumarkt_Casestudy_v4_1200x800px.png\",\"datePublished\":\"2025-07-02T09:11:32+00:00\",\"dateModified\":\"2026-01-12T09:08:51+00:00\",\"description\":\"Die VG Neumarkt setzt auf LocateRisk f\u00fcr messbare IT-Sicherheit, faktenbasierte Entscheidungen und zuverl\u00e4ssigen Schutz sensibler B\u00fcrgerdaten.\",\"breadcrumb\":{\"@id\":\"https:\\\/\\\/locaterisk.com\\\/case-study-mit-fakten-gegen-unsicherheit-it-sicherheit-im-kommunalen-umfeld\\\/#breadcrumb\"},\"inLanguage\":\"en-US\",\"potentialAction\":[{\"@type\":\"ReadAction\",\"target\":[\"https:\\\/\\\/locaterisk.com\\\/case-study-mit-fakten-gegen-unsicherheit-it-sicherheit-im-kommunalen-umfeld\\\/\"]}]},{\"@type\":\"ImageObject\",\"inLanguage\":\"en-US\",\"@id\":\"https:\\\/\\\/locaterisk.com\\\/case-study-mit-fakten-gegen-unsicherheit-it-sicherheit-im-kommunalen-umfeld\\\/#primaryimage\",\"url\":\"https:\\\/\\\/locaterisk.com\\\/wp-content\\\/uploads\\\/2026\\\/01\\\/VG-Neumarkt_Casestudy_v4_1200x800px.png\",\"contentUrl\":\"https:\\\/\\\/locaterisk.com\\\/wp-content\\\/uploads\\\/2026\\\/01\\\/VG-Neumarkt_Casestudy_v4_1200x800px.png\"},{\"@type\":\"BreadcrumbList\",\"@id\":\"https:\\\/\\\/locaterisk.com\\\/case-study-mit-fakten-gegen-unsicherheit-it-sicherheit-im-kommunalen-umfeld\\\/#breadcrumb\",\"itemListElement\":[{\"@type\":\"ListItem\",\"position\":1,\"name\":\"Home\",\"item\":\"https:\\\/\\\/locaterisk.com\\\/\"},{\"@type\":\"ListItem\",\"position\":2,\"name\":\"Case Study: Mit Fakten gegen Unsicherheit \u2013 IT-Sicherheit im kommunalen Umfeld\"}]},{\"@type\":\"WebSite\",\"@id\":\"https:\\\/\\\/locaterisk.com\\\/de\\\/#website\",\"url\":\"https:\\\/\\\/locaterisk.com\\\/de\\\/\",\"name\":\"LocateRisk\",\"description\":\"IT-Sicherheit messen und vergleichen\",\"publisher\":{\"@id\":\"https:\\\/\\\/locaterisk.com\\\/de\\\/#organization\"},\"potentialAction\":[{\"@type\":\"SearchAction\",\"target\":{\"@type\":\"EntryPoint\",\"urlTemplate\":\"https:\\\/\\\/locaterisk.com\\\/de\\\/?s={search_term_string}\"},\"query-input\":{\"@type\":\"PropertyValueSpecification\",\"valueRequired\":true,\"valueName\":\"search_term_string\"}}],\"inLanguage\":\"en-US\"},{\"@type\":\"Organization\",\"@id\":\"https:\\\/\\\/locaterisk.com\\\/de\\\/#organization\",\"name\":\"LocateRisk\",\"url\":\"https:\\\/\\\/locaterisk.com\\\/de\\\/\",\"logo\":{\"@type\":\"ImageObject\",\"inLanguage\":\"en-US\",\"@id\":\"https:\\\/\\\/locaterisk.com\\\/de\\\/#\\\/schema\\\/logo\\\/image\\\/\",\"url\":\"https:\\\/\\\/locaterisk.com\\\/wp-content\\\/uploads\\\/2020\\\/11\\\/Kettenglieder_V0216-9.jpg\",\"contentUrl\":\"https:\\\/\\\/locaterisk.com\\\/wp-content\\\/uploads\\\/2020\\\/11\\\/Kettenglieder_V0216-9.jpg\",\"width\":1920,\"height\":1080,\"caption\":\"LocateRisk\"},\"image\":{\"@id\":\"https:\\\/\\\/locaterisk.com\\\/de\\\/#\\\/schema\\\/logo\\\/image\\\/\"},\"sameAs\":[\"https:\\\/\\\/www.linkedin.com\\\/company\\\/locaterisk\\\/\"]}]}<\/script>\n<!-- \/ Yoast SEO plugin. -->","yoast_head_json":{"title":"Case study: Using facts to combat uncertainty - IT security in the municipal environment - LocateRisk","description":"VG Neumarkt relies on LocateRisk for measurable IT security, fact-based decisions and reliable protection of sensitive citizen data.","robots":{"index":"index","follow":"follow","max-snippet":"max-snippet:-1","max-image-preview":"max-image-preview:large","max-video-preview":"max-video-preview:-1"},"canonical":"https:\/\/locaterisk.com\/en\/case-study-mit-fakten-gegen-unsicherheit-it-sicherheit-im-kommunalen-umfeld\/","og_locale":"en_US","og_type":"article","og_title":"Case Study: Mit Fakten gegen Unsicherheit \u2013 IT-Sicherheit im kommunalen Umfeld - LocateRisk","og_description":"Die VG Neumarkt setzt auf LocateRisk f\u00fcr messbare IT-Sicherheit, faktenbasierte Entscheidungen und zuverl\u00e4ssigen Schutz sensibler B\u00fcrgerdaten.","og_url":"https:\/\/locaterisk.com\/en\/case-study-mit-fakten-gegen-unsicherheit-it-sicherheit-im-kommunalen-umfeld\/","og_site_name":"LocateRisk","article_modified_time":"2026-01-12T09:08:51+00:00","og_image":[{"width":1024,"height":683,"url":"https:\/\/locaterisk.com\/wp-content\/uploads\/2025\/07\/VG-Neumarkt_Casestudy_v4-1024x683.png","type":"image\/png"}],"twitter_card":"summary_large_image","twitter_misc":{"Est. reading time":"17 minutes"},"schema":{"@context":"https:\/\/schema.org","@graph":[{"@type":"WebPage","@id":"https:\/\/locaterisk.com\/case-study-mit-fakten-gegen-unsicherheit-it-sicherheit-im-kommunalen-umfeld\/","url":"https:\/\/locaterisk.com\/case-study-mit-fakten-gegen-unsicherheit-it-sicherheit-im-kommunalen-umfeld\/","name":"Case study: Using facts to combat uncertainty - IT security in the municipal environment - LocateRisk","isPartOf":{"@id":"https:\/\/locaterisk.com\/de\/#website"},"primaryImageOfPage":{"@id":"https:\/\/locaterisk.com\/case-study-mit-fakten-gegen-unsicherheit-it-sicherheit-im-kommunalen-umfeld\/#primaryimage"},"image":{"@id":"https:\/\/locaterisk.com\/case-study-mit-fakten-gegen-unsicherheit-it-sicherheit-im-kommunalen-umfeld\/#primaryimage"},"thumbnailUrl":"https:\/\/locaterisk.com\/wp-content\/uploads\/2026\/01\/VG-Neumarkt_Casestudy_v4_1200x800px.png","datePublished":"2025-07-02T09:11:32+00:00","dateModified":"2026-01-12T09:08:51+00:00","description":"VG Neumarkt relies on LocateRisk for measurable IT security, fact-based decisions and reliable protection of sensitive citizen data.","breadcrumb":{"@id":"https:\/\/locaterisk.com\/case-study-mit-fakten-gegen-unsicherheit-it-sicherheit-im-kommunalen-umfeld\/#breadcrumb"},"inLanguage":"en-US","potentialAction":[{"@type":"ReadAction","target":["https:\/\/locaterisk.com\/case-study-mit-fakten-gegen-unsicherheit-it-sicherheit-im-kommunalen-umfeld\/"]}]},{"@type":"ImageObject","inLanguage":"en-US","@id":"https:\/\/locaterisk.com\/case-study-mit-fakten-gegen-unsicherheit-it-sicherheit-im-kommunalen-umfeld\/#primaryimage","url":"https:\/\/locaterisk.com\/wp-content\/uploads\/2026\/01\/VG-Neumarkt_Casestudy_v4_1200x800px.png","contentUrl":"https:\/\/locaterisk.com\/wp-content\/uploads\/2026\/01\/VG-Neumarkt_Casestudy_v4_1200x800px.png"},{"@type":"BreadcrumbList","@id":"https:\/\/locaterisk.com\/case-study-mit-fakten-gegen-unsicherheit-it-sicherheit-im-kommunalen-umfeld\/#breadcrumb","itemListElement":[{"@type":"ListItem","position":1,"name":"Home","item":"https:\/\/locaterisk.com\/"},{"@type":"ListItem","position":2,"name":"Case Study: Mit Fakten gegen Unsicherheit \u2013 IT-Sicherheit im kommunalen Umfeld"}]},{"@type":"WebSite","@id":"https:\/\/locaterisk.com\/de\/#website","url":"https:\/\/locaterisk.com\/de\/","name":"LocateRisk","description":"Measure and compare IT security","publisher":{"@id":"https:\/\/locaterisk.com\/de\/#organization"},"potentialAction":[{"@type":"SearchAction","target":{"@type":"EntryPoint","urlTemplate":"https:\/\/locaterisk.com\/de\/?s={search_term_string}"},"query-input":{"@type":"PropertyValueSpecification","valueRequired":true,"valueName":"search_term_string"}}],"inLanguage":"en-US"},{"@type":"Organization","@id":"https:\/\/locaterisk.com\/de\/#organization","name":"LocateRisk","url":"https:\/\/locaterisk.com\/de\/","logo":{"@type":"ImageObject","inLanguage":"en-US","@id":"https:\/\/locaterisk.com\/de\/#\/schema\/logo\/image\/","url":"https:\/\/locaterisk.com\/wp-content\/uploads\/2020\/11\/Kettenglieder_V0216-9.jpg","contentUrl":"https:\/\/locaterisk.com\/wp-content\/uploads\/2020\/11\/Kettenglieder_V0216-9.jpg","width":1920,"height":1080,"caption":"LocateRisk"},"image":{"@id":"https:\/\/locaterisk.com\/de\/#\/schema\/logo\/image\/"},"sameAs":["https:\/\/www.linkedin.com\/company\/locaterisk\/"]}]}},"_links":{"self":[{"href":"https:\/\/locaterisk.com\/en\/wp-json\/wp\/v2\/pages\/6200","targetHints":{"allow":["GET"]}}],"collection":[{"href":"https:\/\/locaterisk.com\/en\/wp-json\/wp\/v2\/pages"}],"about":[{"href":"https:\/\/locaterisk.com\/en\/wp-json\/wp\/v2\/types\/page"}],"author":[{"embeddable":true,"href":"https:\/\/locaterisk.com\/en\/wp-json\/wp\/v2\/users\/15"}],"replies":[{"embeddable":true,"href":"https:\/\/locaterisk.com\/en\/wp-json\/wp\/v2\/comments?post=6200"}],"version-history":[{"count":33,"href":"https:\/\/locaterisk.com\/en\/wp-json\/wp\/v2\/pages\/6200\/revisions"}],"predecessor-version":[{"id":7252,"href":"https:\/\/locaterisk.com\/en\/wp-json\/wp\/v2\/pages\/6200\/revisions\/7252"}],"wp:attachment":[{"href":"https:\/\/locaterisk.com\/en\/wp-json\/wp\/v2\/media?parent=6200"}],"curies":[{"name":"wp","href":"https:\/\/api.w.org\/{rel}","templated":true}]}}