{"id":1230,"date":"2020-11-13T18:28:03","date_gmt":"2020-11-13T18:28:03","guid":{"rendered":"https:\/\/webdev.locaterisk.com\/?page_id=1230"},"modified":"2025-06-11T14:03:35","modified_gmt":"2025-06-11T14:03:35","slug":"impressum","status":"publish","type":"page","link":"https:\/\/locaterisk.com\/fr\/impressum\/","title":{"rendered":"mentiones l\u00e9gales"},"content":{"rendered":"<p>\u00a0<\/p>\n<p><strong>Adresse professionnelle<\/strong><br \/>LocateRisk GmbH<br \/>6, rue Heinrich-Hertz<br \/>64295 Darmstadt<\/p>\n<p><strong>Directeur g\u00e9n\u00e9ral<\/strong><br \/>Lukas Baumann<\/p>\n<p><strong>Responsable du contenu<\/strong><br \/>Lukas Baumann<\/p>\n<p><strong>Contact<\/strong><br \/>T\u00e9l\u00e9phone : +49 6151 6290246<br \/>Courrier \u00e9lectronique : info@LocateRisk.com<\/p>\n<p><strong>Lieu du tribunal<\/strong><br \/>Tribunal d'instance : Darmstadt<br \/>Num\u00e9ro d'enregistrement : HRB-100470<br \/>Num\u00e9ro de TVA. NUM\u00c9RO D'IDENTIFICATION : DE330309020<\/p>\n<p><strong>Remarque conform\u00e9ment \u00e0 l'ordonnance sur le r\u00e8glement en ligne des litiges<\/strong><br \/>Conform\u00e9ment \u00e0 la l\u00e9gislation en vigueur, nous sommes tenus d'informer les consommateurs de l'existence de la plateforme europ\u00e9enne de r\u00e8glement en ligne des litiges, qui peut \u00eatre utilis\u00e9e pour r\u00e9soudre les litiges sans passer par un tribunal. La Commission europ\u00e9enne est responsable de la mise en place de cette plateforme. La plateforme europ\u00e9enne de r\u00e8glement en ligne des litiges se trouve ici : http:\/\/ec.europa.eu\/odr. Notre adresse \u00e9lectronique est la suivante : info@LocateRisk.com<\/p>\n<p>Nous attirons toutefois votre attention sur le fait que nous ne sommes pas dispos\u00e9s \u00e0 participer \u00e0 la proc\u00e9dure de r\u00e8glement des litiges dans le cadre de la plateforme europ\u00e9enne de r\u00e8glement des litiges en ligne. Pour nous contacter, veuillez utiliser notre e-mail et notre num\u00e9ro de t\u00e9l\u00e9phone ci-dessus.<\/p>\n<p><strong>Disclaimer - informations juridiques<\/strong><br \/>\u00a7 1 Avertissement sur le contenu<br \/>Les contenus gratuits et librement accessibles de ce site web ont \u00e9t\u00e9 \u00e9labor\u00e9s avec le plus grand soin. Le fournisseur de ce site web ne garantit toutefois pas l'exactitude et l'actualit\u00e9 des conseils et des informations journalistiques gratuits et librement accessibles mis \u00e0 disposition. Les articles nomm\u00e9ment d\u00e9sign\u00e9s refl\u00e8tent l'opinion de leur auteur et pas toujours celle du fournisseur. La seule consultation des contenus gratuits et librement accessibles ne donne lieu \u00e0 aucune relation contractuelle entre l'utilisateur et le fournisseur, la volont\u00e9 d'engagement juridique du fournisseur faisant d\u00e9faut \u00e0 cet \u00e9gard.<\/p>\n<p>\u00a7 2 Liens externes<br \/>Ce site web contient des liens vers des sites web de tiers (\"liens externes\"). Ces sites sont soumis \u00e0 la responsabilit\u00e9 de leurs exploitants respectifs. Lors de la premi\u00e8re mise en place des liens externes, le fournisseur a v\u00e9rifi\u00e9 si les contenus externes pr\u00e9sentaient d'\u00e9ventuelles violations de la loi. Aucune violation de la loi n'a \u00e9t\u00e9 constat\u00e9e \u00e0 ce moment-l\u00e0. Le fournisseur n'a aucune influence sur la conception actuelle et future et sur les contenus des pages li\u00e9es. La mise en place de liens externes ne signifie pas que le fournisseur s'approprie les contenus se trouvant derri\u00e8re le renvoi ou le lien. Un contr\u00f4le permanent des liens externes ne peut \u00eatre exig\u00e9 du fournisseur sans indication concr\u00e8te de violations de la loi. En cas de prise de connaissance d'une violation de la loi, de tels liens externes seront toutefois imm\u00e9diatement supprim\u00e9s.<\/p>\n<p>\u00a7 3 Droits d'auteur et droits voisins<br \/>Les contenus publi\u00e9s sur ce site Internet sont soumis au droit d'auteur et aux droits voisins allemands. Toute utilisation non autoris\u00e9e par le droit d'auteur et les droits voisins allemands requiert l'accord \u00e9crit pr\u00e9alable du fournisseur ou du d\u00e9tenteur des droits. Cela s'applique en particulier \u00e0 la reproduction, au traitement, \u00e0 la traduction, \u00e0 l'enregistrement, au traitement ou \u00e0 la restitution de contenus dans des bases de donn\u00e9es ou d'autres m\u00e9dias et syst\u00e8mes \u00e9lectroniques. Les contenus et les droits de tiers sont signal\u00e9s comme tels. La reproduction ou la transmission non autoris\u00e9e de contenus individuels ou de pages compl\u00e8tes est interdite et punissable. Seule la r\u00e9alisation de copies et de t\u00e9l\u00e9chargements pour un usage personnel, priv\u00e9 et non commercial est autoris\u00e9e.<\/p>\n<p>La repr\u00e9sentation de ce site web dans des cadres \u00e9trangers n'est autoris\u00e9e qu'avec une permission \u00e9crite.<\/p>\n<p>\u00a7 4 Conditions d'utilisation particuli\u00e8res<br \/>Dans la mesure o\u00f9 des conditions particuli\u00e8res pour certaines utilisations de ce site web diff\u00e8rent des paragraphes susmentionn\u00e9s, il en est fait express\u00e9ment mention \u00e0 l'endroit correspondant. Dans ce cas, les conditions d'utilisation particuli\u00e8res s'appliquent au cas par cas.<br \/>Source : Mod\u00e8le de mentions l\u00e9gales de JuraForum.de<\/p>\n\n\n<hr class=\"wp-block-separator has-css-opacity is-style-wide\"\/>\n\n\n\n<div class=\"wp-block-lr-contact-module\"><div class=\"content\"><h2>En savoir plus, r\u00e9server une d\u00e9mo ou simplement \u00e9changer quelques mots ? Nous nous en r\u00e9jouissons !<\/h2><div class=\"contact-info-row\"><div class=\"contact-person-info\"><div class=\"avatar\"><img decoding=\"async\" src=\"https:\/\/locaterisk.com\/wp-content\/uploads\/2025\/06\/Lukas_Baumann_LocateRisk-300.png\"><\/div><p><span class=\"text before\">Votre Contact<\/span><span class=\"bold name\"><strong>Lukas<\/strong><\/span> <span class=\"lastname\"><strong>Baumann<strong><\/strong><\/strong><\/span><strong><strong><span class=\"separator\"><\/span><span class=\"role\">PDG<\/span><\/strong><\/strong><\/p><\/div><p class=\"bold phone\"><strong><strong>+49 6151 6290246<\/strong><\/strong><\/p><strong><strong><a class=\"pr-1\" href=\"mailto: sales@locaterisk.com\">Contactez-nous maintenant<\/a><\/strong><\/strong><\/div><\/div><\/div>\n\n\n\n<p><\/p>\n\n\n\n<div class=\"wp-block-lr-footer-module lr-footer-block\"><div class=\"content\"><div class=\"column0\"><img decoding=\"async\" src=\"https:\/\/locaterisk.com\/wp-content\/plugins\/locate-risk-prod\/lr-blocks\/assets\/img\/lr-logo.svg\"\/><\/div><div class=\"categories\"><div class=\"categories-element\"><a class=\"pr-4\" href=\"https:\/\/locaterisk.com\/fr\/\">Accueil<\/a><\/div><div class=\"categories-element\"><a class=\"pr-4\" href=\"\/fr\/blog\/\">Blog<\/a><\/div><div class=\"categories-element\"><a class=\"pr-4\" href=\"\/fr\/about\/\">par rapport \u00e0 nous<\/a><\/div><div class=\"categories-element\"><a class=\"pr-4\" href=\"\/fr\/kontakt\/\">Contact<\/a><\/div><div class=\"categories-element\"><a class=\"pr-4\" href=\"\/fr\/impressum\/\">mentiones l\u00e9gales<\/a><\/div><div class=\"categories-break\"><\/div><div class=\"categories-element\"><a class=\"pr-4\" href=\"\/fr\/datenschutz\/\">Confidentialit\u00e9<\/a><\/div><div class=\"categories-element\"><a class=\"pr-4\" href=\"\/files\/agb.pdf\">CONDITIONS G\u00c9N\u00c9RALES DE VENTE<\/a><\/div><div class=\"categories-element\"><a class=\"pr-4\" href=\"\/fr\/jobs\/\">Carri\u00e8re<\/a><\/div><div class=\"categories-element\"><a class=\"pr-4\" href=\"\/files\/sec-information.pdf\">s\u00e9curit\u00e9<\/a><\/div><div class=\"categories-element\"><a class=\"pr-4\" href=\"https:\/\/app.secfix.com\/trust\/locaterisk\/d1e7d433b33643aea1880bfbfeab9f60\">Centre de confiance<\/a><\/div><\/div><div class=\"social\"><div class=\"social-element\"><a target=\"_blank\" href=\"https:\/\/www.linkedin.com\/company\/locaterisk\/\"><img decoding=\"async\" src=\"https:\/\/locaterisk.com\/wp-content\/uploads\/2020\/10\/gruppe-230@3x.png\"\/><\/a><\/div><div class=\"social-element\"><a target=\"_blank\" href=\"https:\/\/www.instagram.com\/locaterisk\/\"><img decoding=\"async\" src=\"https:\/\/locaterisk.com\/wp-content\/uploads\/2020\/11\/Instagram.png\"\/><\/a><\/div><div class=\"social-element\"><a target=\"_blank\" href=\"https:\/\/twitter.com\/locaterisk\"><img decoding=\"async\" src=\"https:\/\/locaterisk.com\/wp-content\/uploads\/2020\/11\/twitter.png\"\/><\/a><\/div><\/div><div class=\"description\"><h6>\u00a9 LocateRisk 2026<\/h6><\/div><\/div><\/div>","protected":false},"excerpt":{"rendered":"<p>\u00a0 Gesch\u00e4ftsadresseLocateRisk GmbHHeinrich-Hertz Str. 664295 Darmstadt Gesch\u00e4ftsf\u00fchrerLukas Baumann Verantwortlich f\u00fcr den InhaltLukas Baumann KontaktTelefon: +49 6151 6290246E-Mail: info@LocateRisk.com GerichtsstandortAmtsgericht: DarmstadtRegisternummer: HRB-100470Ust. ID: DE330309020 Hinweis gem\u00e4\u00df Online-Streitbeilegungs-VerordnungNach geltendem Recht sind wir verpflichtet, Verbraucher auf die Existenz der Europ\u00e4ischen Online-Streitbeilegungs-Plattform hinzuweisen, die f\u00fcr die Beilegung von Streitigkeiten genutzt werden kann, ohne dass ein Gericht eingeschaltet werden muss. [&hellip;]<\/p>\n","protected":false},"author":6,"featured_media":1214,"parent":0,"menu_order":0,"comment_status":"closed","ping_status":"closed","template":"","meta":{"footnotes":""},"class_list":["post-1230","page","type-page","status-publish","has-post-thumbnail","hentry"],"yoast_head":"<!-- This site is optimized with the Yoast SEO plugin v27.3 - https:\/\/yoast.com\/product\/yoast-seo-wordpress\/ -->\n<title>Impressum - LocateRisk<\/title>\n<meta name=\"robots\" content=\"index, follow, max-snippet:-1, max-image-preview:large, max-video-preview:-1\" \/>\n<link rel=\"canonical\" href=\"https:\/\/locaterisk.com\/fr\/impressum\/\" \/>\n<meta property=\"og:locale\" content=\"fr_FR\" \/>\n<meta property=\"og:type\" content=\"article\" \/>\n<meta property=\"og:title\" content=\"Impressum - LocateRisk\" \/>\n<meta property=\"og:description\" content=\"\u00a0 Gesch\u00e4ftsadresseLocateRisk GmbHHeinrich-Hertz Str. 664295 Darmstadt Gesch\u00e4ftsf\u00fchrerLukas Baumann Verantwortlich f\u00fcr den InhaltLukas Baumann KontaktTelefon: +49 6151 6290246E-Mail: info@LocateRisk.com GerichtsstandortAmtsgericht: DarmstadtRegisternummer: HRB-100470Ust. ID: DE330309020 Hinweis gem\u00e4\u00df Online-Streitbeilegungs-VerordnungNach geltendem Recht sind wir verpflichtet, Verbraucher auf die Existenz der Europ\u00e4ischen Online-Streitbeilegungs-Plattform hinzuweisen, die f\u00fcr die Beilegung von Streitigkeiten genutzt werden kann, ohne dass ein Gericht eingeschaltet werden muss. [&hellip;]\" \/>\n<meta property=\"og:url\" content=\"https:\/\/locaterisk.com\/fr\/impressum\/\" \/>\n<meta property=\"og:site_name\" content=\"LocateRisk\" \/>\n<meta property=\"article:modified_time\" content=\"2025-06-11T14:03:35+00:00\" \/>\n<meta property=\"og:image\" content=\"https:\/\/locaterisk.com\/wp-content\/uploads\/2020\/11\/Fussabdruck1x1_V01-1.jpg\" \/>\n\t<meta property=\"og:image:width\" content=\"1080\" \/>\n\t<meta property=\"og:image:height\" content=\"1080\" \/>\n\t<meta property=\"og:image:type\" content=\"image\/jpeg\" \/>\n<meta name=\"twitter:card\" content=\"summary_large_image\" \/>\n<meta name=\"twitter:label1\" content=\"Dur\u00e9e de lecture estim\u00e9e\" \/>\n\t<meta name=\"twitter:data1\" content=\"9 minutes\" \/>\n<script type=\"application\/ld+json\" class=\"yoast-schema-graph\">{\"@context\":\"https:\\\/\\\/schema.org\",\"@graph\":[{\"@type\":\"WebPage\",\"@id\":\"https:\\\/\\\/locaterisk.com\\\/impressum\\\/\",\"url\":\"https:\\\/\\\/locaterisk.com\\\/impressum\\\/\",\"name\":\"Impressum - LocateRisk\",\"isPartOf\":{\"@id\":\"https:\\\/\\\/locaterisk.com\\\/de\\\/#website\"},\"primaryImageOfPage\":{\"@id\":\"https:\\\/\\\/locaterisk.com\\\/impressum\\\/#primaryimage\"},\"image\":{\"@id\":\"https:\\\/\\\/locaterisk.com\\\/impressum\\\/#primaryimage\"},\"thumbnailUrl\":\"https:\\\/\\\/locaterisk.com\\\/wp-content\\\/uploads\\\/2020\\\/11\\\/Fussabdruck1x1_V01-1.jpg\",\"datePublished\":\"2020-11-13T18:28:03+00:00\",\"dateModified\":\"2025-06-11T14:03:35+00:00\",\"breadcrumb\":{\"@id\":\"https:\\\/\\\/locaterisk.com\\\/impressum\\\/#breadcrumb\"},\"inLanguage\":\"fr-FR\",\"potentialAction\":[{\"@type\":\"ReadAction\",\"target\":[\"https:\\\/\\\/locaterisk.com\\\/impressum\\\/\"]}]},{\"@type\":\"ImageObject\",\"inLanguage\":\"fr-FR\",\"@id\":\"https:\\\/\\\/locaterisk.com\\\/impressum\\\/#primaryimage\",\"url\":\"https:\\\/\\\/locaterisk.com\\\/wp-content\\\/uploads\\\/2020\\\/11\\\/Fussabdruck1x1_V01-1.jpg\",\"contentUrl\":\"https:\\\/\\\/locaterisk.com\\\/wp-content\\\/uploads\\\/2020\\\/11\\\/Fussabdruck1x1_V01-1.jpg\",\"width\":1080,\"height\":1080,\"caption\":\"Symbolbild f\u00fcr den digitalen Fu\u00dfabdruck\"},{\"@type\":\"BreadcrumbList\",\"@id\":\"https:\\\/\\\/locaterisk.com\\\/impressum\\\/#breadcrumb\",\"itemListElement\":[{\"@type\":\"ListItem\",\"position\":1,\"name\":\"Home\",\"item\":\"https:\\\/\\\/locaterisk.com\\\/\"},{\"@type\":\"ListItem\",\"position\":2,\"name\":\"Impressum\"}]},{\"@type\":\"WebSite\",\"@id\":\"https:\\\/\\\/locaterisk.com\\\/de\\\/#website\",\"url\":\"https:\\\/\\\/locaterisk.com\\\/de\\\/\",\"name\":\"LocateRisk\",\"description\":\"IT-Sicherheit messen und vergleichen\",\"publisher\":{\"@id\":\"https:\\\/\\\/locaterisk.com\\\/de\\\/#organization\"},\"potentialAction\":[{\"@type\":\"SearchAction\",\"target\":{\"@type\":\"EntryPoint\",\"urlTemplate\":\"https:\\\/\\\/locaterisk.com\\\/de\\\/?s={search_term_string}\"},\"query-input\":{\"@type\":\"PropertyValueSpecification\",\"valueRequired\":true,\"valueName\":\"search_term_string\"}}],\"inLanguage\":\"fr-FR\"},{\"@type\":\"Organization\",\"@id\":\"https:\\\/\\\/locaterisk.com\\\/de\\\/#organization\",\"name\":\"LocateRisk\",\"url\":\"https:\\\/\\\/locaterisk.com\\\/de\\\/\",\"logo\":{\"@type\":\"ImageObject\",\"inLanguage\":\"fr-FR\",\"@id\":\"https:\\\/\\\/locaterisk.com\\\/de\\\/#\\\/schema\\\/logo\\\/image\\\/\",\"url\":\"https:\\\/\\\/locaterisk.com\\\/wp-content\\\/uploads\\\/2020\\\/11\\\/Kettenglieder_V0216-9.jpg\",\"contentUrl\":\"https:\\\/\\\/locaterisk.com\\\/wp-content\\\/uploads\\\/2020\\\/11\\\/Kettenglieder_V0216-9.jpg\",\"width\":1920,\"height\":1080,\"caption\":\"LocateRisk\"},\"image\":{\"@id\":\"https:\\\/\\\/locaterisk.com\\\/de\\\/#\\\/schema\\\/logo\\\/image\\\/\"},\"sameAs\":[\"https:\\\/\\\/www.linkedin.com\\\/company\\\/locaterisk\\\/\"]}]}<\/script>\n<!-- \/ Yoast SEO plugin. -->","yoast_head_json":{"title":"Mentions l\u00e9gales - LocateRisk","robots":{"index":"index","follow":"follow","max-snippet":"max-snippet:-1","max-image-preview":"max-image-preview:large","max-video-preview":"max-video-preview:-1"},"canonical":"https:\/\/locaterisk.com\/fr\/impressum\/","og_locale":"fr_FR","og_type":"article","og_title":"Impressum - LocateRisk","og_description":"\u00a0 Gesch\u00e4ftsadresseLocateRisk GmbHHeinrich-Hertz Str. 664295 Darmstadt Gesch\u00e4ftsf\u00fchrerLukas Baumann Verantwortlich f\u00fcr den InhaltLukas Baumann KontaktTelefon: +49 6151 6290246E-Mail: info@LocateRisk.com GerichtsstandortAmtsgericht: DarmstadtRegisternummer: HRB-100470Ust. ID: DE330309020 Hinweis gem\u00e4\u00df Online-Streitbeilegungs-VerordnungNach geltendem Recht sind wir verpflichtet, Verbraucher auf die Existenz der Europ\u00e4ischen Online-Streitbeilegungs-Plattform hinzuweisen, die f\u00fcr die Beilegung von Streitigkeiten genutzt werden kann, ohne dass ein Gericht eingeschaltet werden muss. [&hellip;]","og_url":"https:\/\/locaterisk.com\/fr\/impressum\/","og_site_name":"LocateRisk","article_modified_time":"2025-06-11T14:03:35+00:00","og_image":[{"width":1080,"height":1080,"url":"https:\/\/locaterisk.com\/wp-content\/uploads\/2020\/11\/Fussabdruck1x1_V01-1.jpg","type":"image\/jpeg"}],"twitter_card":"summary_large_image","twitter_misc":{"Dur\u00e9e de lecture estim\u00e9e":"9 minutes"},"schema":{"@context":"https:\/\/schema.org","@graph":[{"@type":"WebPage","@id":"https:\/\/locaterisk.com\/impressum\/","url":"https:\/\/locaterisk.com\/impressum\/","name":"Mentions l\u00e9gales - LocateRisk","isPartOf":{"@id":"https:\/\/locaterisk.com\/de\/#website"},"primaryImageOfPage":{"@id":"https:\/\/locaterisk.com\/impressum\/#primaryimage"},"image":{"@id":"https:\/\/locaterisk.com\/impressum\/#primaryimage"},"thumbnailUrl":"https:\/\/locaterisk.com\/wp-content\/uploads\/2020\/11\/Fussabdruck1x1_V01-1.jpg","datePublished":"2020-11-13T18:28:03+00:00","dateModified":"2025-06-11T14:03:35+00:00","breadcrumb":{"@id":"https:\/\/locaterisk.com\/impressum\/#breadcrumb"},"inLanguage":"fr-FR","potentialAction":[{"@type":"ReadAction","target":["https:\/\/locaterisk.com\/impressum\/"]}]},{"@type":"ImageObject","inLanguage":"fr-FR","@id":"https:\/\/locaterisk.com\/impressum\/#primaryimage","url":"https:\/\/locaterisk.com\/wp-content\/uploads\/2020\/11\/Fussabdruck1x1_V01-1.jpg","contentUrl":"https:\/\/locaterisk.com\/wp-content\/uploads\/2020\/11\/Fussabdruck1x1_V01-1.jpg","width":1080,"height":1080,"caption":"Symbolbild f\u00fcr den digitalen Fu\u00dfabdruck"},{"@type":"BreadcrumbList","@id":"https:\/\/locaterisk.com\/impressum\/#breadcrumb","itemListElement":[{"@type":"ListItem","position":1,"name":"Home","item":"https:\/\/locaterisk.com\/"},{"@type":"ListItem","position":2,"name":"Impressum"}]},{"@type":"WebSite","@id":"https:\/\/locaterisk.com\/de\/#website","url":"https:\/\/locaterisk.com\/de\/","name":"LocateRisk","description":"Mesurer et comparer la s\u00e9curit\u00e9 informatique","publisher":{"@id":"https:\/\/locaterisk.com\/de\/#organization"},"potentialAction":[{"@type":"SearchAction","target":{"@type":"EntryPoint","urlTemplate":"https:\/\/locaterisk.com\/de\/?s={search_term_string}"},"query-input":{"@type":"PropertyValueSpecification","valueRequired":true,"valueName":"search_term_string"}}],"inLanguage":"fr-FR"},{"@type":"Organization","@id":"https:\/\/locaterisk.com\/de\/#organization","name":"LocateRisk","url":"https:\/\/locaterisk.com\/de\/","logo":{"@type":"ImageObject","inLanguage":"fr-FR","@id":"https:\/\/locaterisk.com\/de\/#\/schema\/logo\/image\/","url":"https:\/\/locaterisk.com\/wp-content\/uploads\/2020\/11\/Kettenglieder_V0216-9.jpg","contentUrl":"https:\/\/locaterisk.com\/wp-content\/uploads\/2020\/11\/Kettenglieder_V0216-9.jpg","width":1920,"height":1080,"caption":"LocateRisk"},"image":{"@id":"https:\/\/locaterisk.com\/de\/#\/schema\/logo\/image\/"},"sameAs":["https:\/\/www.linkedin.com\/company\/locaterisk\/"]}]}},"_links":{"self":[{"href":"https:\/\/locaterisk.com\/fr\/wp-json\/wp\/v2\/pages\/1230","targetHints":{"allow":["GET"]}}],"collection":[{"href":"https:\/\/locaterisk.com\/fr\/wp-json\/wp\/v2\/pages"}],"about":[{"href":"https:\/\/locaterisk.com\/fr\/wp-json\/wp\/v2\/types\/page"}],"author":[{"embeddable":true,"href":"https:\/\/locaterisk.com\/fr\/wp-json\/wp\/v2\/users\/6"}],"replies":[{"embeddable":true,"href":"https:\/\/locaterisk.com\/fr\/wp-json\/wp\/v2\/comments?post=1230"}],"version-history":[{"count":12,"href":"https:\/\/locaterisk.com\/fr\/wp-json\/wp\/v2\/pages\/1230\/revisions"}],"predecessor-version":[{"id":6151,"href":"https:\/\/locaterisk.com\/fr\/wp-json\/wp\/v2\/pages\/1230\/revisions\/6151"}],"wp:featuredmedia":[{"embeddable":true,"href":"https:\/\/locaterisk.com\/fr\/wp-json\/wp\/v2\/media\/1214"}],"wp:attachment":[{"href":"https:\/\/locaterisk.com\/fr\/wp-json\/wp\/v2\/media?parent=1230"}],"curies":[{"name":"wp","href":"https:\/\/api.w.org\/{rel}","templated":true}]}}