{"id":1927,"date":"2021-07-02T11:24:47","date_gmt":"2021-07-02T11:24:47","guid":{"rendered":"https:\/\/locaterisk.com\/?page_id=1927"},"modified":"2025-07-02T07:48:43","modified_gmt":"2025-07-02T07:48:43","slug":"about","status":"publish","type":"page","link":"https:\/\/locaterisk.com\/fr\/about\/","title":{"rendered":"\u00c0 propos de LocateRisk"},"content":{"rendered":"<div class=\"wp-block-lr-landing-header-container\"><div class=\"content\"><div class=\"content-container\"><p class=\"pre-headline\">\u00c0 propos de LocateRisk<\/p><h1 class=\"headline\">La puissance de la cybers\u00e9curit\u00e9 high-tech pour plus de s\u00e9curit\u00e9<\/h1><p class=\"subline\">Moins de surface d'attaque de l'ext\u00e9rieur, plus de s\u00e9curit\u00e9 \u00e0 l'int\u00e9rieur. Nos analyses, surveillances et notations de cybers\u00e9curit\u00e9 tr\u00e8s actuelles acc\u00e9l\u00e8rent le processus de s\u00e9curit\u00e9 informatique des entreprises de tous les secteurs et aident \u00e0 minimiser efficacement les cyberrisques.<\/p><a id=\"landing-button-ghost\" class=\"pr-2\"><\/a><a id=\"landing-button\" class=\"pr-2\" target=\"\" href=\"#lr-contact-form\" rel=\"noopener\">Prendre contact<\/a><\/div><\/div><\/div>\n\n\n\n<div class=\"wp-block-lr-image-text-module undefined light right\"><div class=\"content\"><div class=\"column-2 pad-right-128\"><h3>Notre mission<\/h3><h4>Nous transformons le processus de s\u00e9curit\u00e9 informatique<\/h4><p>Les infrastructures informatiques complexes et les attaques automatis\u00e9es font de la s\u00e9curit\u00e9 informatique une t\u00e2che hercul\u00e9enne. Les mesures de test et de protection traditionnelles ne sont plus \u00e0 la hauteur du rythme et de l'ampleur des d\u00e9veloppements - la situation de la s\u00e9curit\u00e9 informatique devient incontr\u00f4lable.<br><br>LocateRisk change cela. Nos analyses saisissent, \u00e9valuent et compriment la surface d'attaque informatique externe \u00e0 l'\u00e9chelle de l'organisation dans un score de s\u00e9curit\u00e9 bas\u00e9 sur des indicateurs cl\u00e9s de performance. Cela rend la situation de la s\u00e9curit\u00e9 informatique \u00e0 l'\u00e9chelle de l'organisation transparente et aide \u00e0 l'optimiser rapidement.<br><br>Vous gardez ainsi facilement un \u0153il sur des environnements informatiques entiers et pouvez prouver leur \u00e9tat en un seul clic.<\/p><a class=\"pr-4\" target=\"\" rel=\"noopener\"><\/a><\/div><div class=\"column-2\"><img decoding=\"async\" src=\"https:\/\/locaterisk.com\/wp-content\/uploads\/2022\/06\/LocateRisk-Beitrag-zur-IT-Sicherheit_FR.png\" class=\"image\"\/><\/div><\/div><\/div>\n\n\n\n<div class=\"wp-block-lr-image-text-module undefined dark right\"><div class=\"content\"><div class=\"column-2 pad-right-128\"><h3>Nous sommes LocateRisk<\/h3><h4>Rencontrez l'\u00e9quipe de base<\/h4><p>Nous sommes tous unis par la volont\u00e9 de faire progresser la s\u00e9curit\u00e9 informatique en Allemagne.<\/p><a class=\"pr-4\" target=\"\" rel=\"noopener\"><\/a><\/div><div class=\"column-2\"><img class=\"image\"\/><\/div><\/div><\/div>\n\n\n<div class=\"wp-block-lr-image-text-module undefined dark left teamImage\">\n<div class=\"content\">\n<div class=\"column-2\"><img decoding=\"async\" class=\"image\" src=\"https:\/\/locaterisk.com\/wp-content\/uploads\/2021\/07\/Lukas_RundHellFrei-Kopie.png\" \/><\/div>\n<div class=\"column-2 pad-left-128\">\n<h3>Lukas Baumann<\/h3>\n<h4>Notre CEO et fondateur<\/h4>\n<p>Ne tardez pas, faites-le ! - telle est sa devise. Lukas a commenc\u00e9 \u00e0 d\u00e9velopper la technologie et \u00e0 \u00e9tablir les premiers partenariats en 2018. Son \u00e9nergie, associ\u00e9e \u00e0 ses connaissances et \u00e0 sa d\u00e9termination, fait de lui le moteur des d\u00e9veloppements et le sparring-partner convoit\u00e9 par de nombreux clients. En tant qu'informaticien dipl\u00f4m\u00e9, il ma\u00eetrise parfaitement les grandes quantit\u00e9s de donn\u00e9es et transf\u00e8re les structures complexes en processus courts.<\/p>\n<p><a class=\"pr-4\" href=\"https:\/\/www.linkedin.com\/in\/lukas-baumann-476aa9b2\/\" target=\"_blank\" rel=\"noopener\">LinkedIn<\/a><\/p>\n<\/div>\n<\/div>\n<\/div>\n\n\n<div class=\"wp-block-columns is-layout-flex wp-container-core-columns-is-layout-9d6595d7 wp-block-columns-is-layout-flex\">\n<div class=\"wp-block-column is-layout-flow wp-block-column-is-layout-flow\" style=\"flex-basis:100%\">\n<div class=\"wp-block-group\"><div class=\"wp-block-group__inner-container is-layout-flow wp-block-group-is-layout-flow\">\n<div class=\"wp-block-lr-image-text-module undefined dark right teamImage\"><div class=\"content\"><div class=\"column-2 pad-right-128\"><h3>D\u00e9veloppement de l'\u00e9quipe<\/h3><h4>Peter <\/h4><p>Peter est notre expert en d\u00e9veloppement et en op\u00e9rations informatiques. Informaticien de formation, il s'occupe depuis 10 ans des piles technologiques modernes. Il dirige l'\u00e9quipe de d\u00e9veloppement chez LocateRisk et fait avancer le d\u00e9veloppement de notre plateforme SaaS.<\/p><a class=\"pr-4\" target=\"\" href=\"\" rel=\"noopener\"><\/a><\/div><div class=\"column-2\"><img decoding=\"async\" src=\"https:\/\/locaterisk.com\/wp-content\/uploads\/2021\/09\/Portrait_Peter_Beck-_700x700.png\" class=\"image\"\/><\/div><\/div><\/div>\n\n\n\n<div class=\"wp-block-lr-image-text-module undefined dark left teamImage\"><div class=\"content\"><div class=\"column-2\"><img decoding=\"async\" src=\"https:\/\/locaterisk.com\/wp-content\/uploads\/2021\/07\/Portrait_KristinaBreuer_700x700.png\" class=\"image\"\/><\/div><div class=\"column-2 pad-left-128\"><h3>Marketing et communication<\/h3><h4>Kristina<\/h4><p>Kristina a d\u00e9velopp\u00e9 pendant de nombreuses ann\u00e9es des concepts et des campagnes pour des marques telles que SICK AG, SAG, BASF, HPE, LEONI, BECHTLE, P&amp;G, etc. Jusqu'\u00e0 ce que, enthousiasm\u00e9e par un projet de start-up RHENUS, elle change de camp. Aujourd'hui, elle tient les r\u00eanes du marketing chez nous. Et, avec l'\u00e9quipe de vente, elle veille \u00e0 ce que chaque voyage de client soit une exp\u00e9rience positive de bout en bout.\n<p><a class=\"pr-4\" href=\"https:\/\/www.linkedin.com\/in\/kristina-breuer\/?originalSubdomain=de\" target=\"_blank\" rel=\"noopener\">LinkedIn<\/a><\/p>\n<\/div>\n<\/div>\n<\/div>\n<\/div><\/div>\n\n\n\n<div class=\"wp-block-lr-image-text-module undefined dark left\"><div class=\"content\"><div class=\"column-2\"><img decoding=\"async\" src=\"https:\/\/locaterisk.com\/wp-content\/uploads\/2020\/11\/Ziele.svg\" class=\"image\"><\/div><div class=\"column-2 pad-left-128\"><h3>L'histoire de LocateRisk<\/h3><p>Le lancement de LocateRisk remonte \u00e0 un hackathon organis\u00e9 par Sparkassen Versicherung en 2018. L'id\u00e9e : r\u00e9aliser une solution logicielle pour \u00e9valuer les cyber-risques dans le domaine de la client\u00e8le B2B. Le r\u00e9sultat a \u00e9t\u00e9 r\u00e9compens\u00e9 par la premi\u00e8re place et la prestation a d\u00e8s lors \u00e9t\u00e9 d\u00e9velopp\u00e9e en \u00e9change \u00e9troit avec les responsables informatiques.<br><br>Entre-temps, la solution est devenue une plateforme Saas de cybers\u00e9curit\u00e9 qui analyse et contr\u00f4le en permanence les surfaces d'attaque informatiques. Afin d'all\u00e9ger la charge de travail des administrateurs et d'acc\u00e9l\u00e9rer l'am\u00e9lioration de la s\u00e9curit\u00e9 informatique, il existe des fonctions d'assistance avec des recommandations d'action ainsi que des rapports clairs pour la direction.<br><br>De cette mani\u00e8re, nous soutenons des organisations de toutes tailles - de la petite et moyenne entreprise au groupe \u00e9nerg\u00e9tique en passant par les op\u00e9rateurs KRITIS et les minist\u00e8res. Notre objectif : sensibiliser \u00e0 la s\u00e9curit\u00e9 informatique et renforcer la cyber-r\u00e9silience des institutions priv\u00e9es et publiques.<\/p><a class=\"pr-4\" target=\"\" rel=\"noopener\"><\/a><\/div><\/div><\/div>\n<\/div>\n<\/div>\n\n\n\n<div class=\"wp-block-group\"><div class=\"wp-block-group__inner-container is-layout-flow wp-block-group-is-layout-flow\">\n<div class=\"wp-block-columns is-layout-flex wp-container-core-columns-is-layout-9d6595d7 wp-block-columns-is-layout-flex\">\n<div class=\"wp-block-column is-vertically-aligned-center is-layout-flow wp-block-column-is-layout-flow\"><\/div>\n\n\n\n<div class=\"wp-block-column is-layout-flow wp-block-column-is-layout-flow\"><\/div>\n<\/div>\n<\/div><\/div>\n\n\n\n<div class=\"wp-block-lr-contact-post-module\">\n\t<div id=\"lr-contact-form\" class=\"wp-block-lr-contact-post-module\">\n\t\t<div id=\"formular\" class=\"content\">\n\t\t\t<div class=\"inner-content\">\n\t\t\t\t<div class=\"column-2 feature-mode\">\n\t\t\t\t\t<h2>Demandez maintenant une D\u00e9mo en direct personelle<\/h2>\n\t\t\t\t\t\n\t\t\t\t\t\t\t\t\t\t\t\t\t<div>\n\t\t\t\t\t\t\t\t<p class=\"margin-b-36\">Identifiez et r\u00e9duisez vos cyber-risques gr\u00e2ce \u00e0 un aper\u00e7u comparable et compr\u00e9hensible de votre s\u00e9curit\u00e9 informatique. Demandez conseil \u00e0 nos experts et d\u00e9couvrez comment LocateRisk peut vous aider \u00e0 r\u00e9soudre vos cyber-risques.<\/p>\n\t\t\t\t\t\t\t<\/div>\t\n\t\t\t\t\t\t\t\t\n\t\t\t\t\t\t\n\t\t\t\t\t\t\t\t\t<\/div> \n\t\t\t\t<div class=\"column-2\">\n\t\t\t\t\t<form action=\"\" class=\"form\" method=\"post\" role=\"form\" novalidate data-trp-original-action=\"\">\n\t\t\t\t\t\t<input type=\"text\" id=\"successmessage\" name=\"successmessage\" value=\"\" hidden>\n\t\t\t\t\t\t<input type=\"text\" id=\"errormessage\" name=\"errormessage\" value=\"\" hidden>\n\t\t\t\t\t\t<input type=\"text\" id=\"slug\" name=\"slug\" value=\"about\" hidden>\n\n\t\t\t\t\t\t\t\t\t\t\t\t\t<input\n\t\t\t\t\t\t\t\ttype=\"text\"\n\t\t\t\t\t\t\t\tid=\"name\"\n\t\t\t\t\t\t\t\tname=\"name\"\n\t\t\t\t\t\t\t\tplaceholder=\"Pr\u00e9nom\"\n\t\t\t\t\t\t\t\trequired\tmaxlength=\"50\"\/>\n\n\t\t\t\t\t\t\t<input\n\t\t\t\t\t\t\t\ttype=\"text\"\n\t\t\t\t\t\t\t\tid=\"surname\"\n\t\t\t\t\t\t\t\tname=\"surname\"\n\t\t\t\t\t\t\t\tplaceholder=\"Nom\"\n\t\t\t\t\t\t\t\trequired\n\t\t\t\t\t\t\t\tmaxlength=\"50\"\/>\n\t\t\t\t\t\t\n\t\t\t\t\t\t<input\n\t\t\t\t\t\t\ttype=\"email\"\n\t\t\t\t\t\t\tid=\"email\"\n\t\t\t\t\t\t\tname=\"email\"\n\t\t\t\t\t\t\tplaceholder=\"Courrier \u00e9lectronique\"\n\t\t\t\t\t\t\trequired\n\t\t\t\t\t\t\tmaxlength=\"50\"\/>\n\n\t\t\t\t\t\t<input\n\t\t\t\t\t\t\ttype=\"text\"\n\t\t\t\t\t\t\tid=\"phone\"\n\t\t\t\t\t\t\tname=\"phone\"\n\t\t\t\t\t\t\tplaceholder=\"T\u00e9l\u00e9phone\"\n\t\t\t\t\t\t\trequired\n\t\t\t\t\t\t\tmaxlength=\"50\"\/>\n\t\t\t\t\t\t\t\n\t\t\t\t\t\t\t\t\t\t\t\t\n\t\t\t\t\t\t<h6 class=\"error-message\" hidden>...<\/h6>\n\t\t\t\t\t\t<div class=\"checkbox_container\">\n\t\t\t\t\t\t\t<div class=\"checkbox\">\n\t\t\t\t\t\t\t\t<input\n\t\t\t\t\t\t\t\t\ttype=\"checkbox\"\n\t\t\t\t\t\t\t\t\tid=\"checkbox\"\n\t\t\t\t\t\t\t\t\tname=\"checkbox\" \/>\n\n\t\t\t\t\t\t\t\t<label for=\"checkbox\"><\/label>\n\t\t\t\t\t\t\t<\/div>\n\t\t\t\t\t\t\t<p>J'ai fait le <a href=\"https:\/\/locaterisk.com\/fr\/datenschutz\/\" target=\"_blank\" rel=\"noreferrer noopener\">politique de confidentialit\u00e9.<\/a> lu<\/p> \n\t\t\t\t\t\t<\/div>\n\t\t\t\t\t\t\n\t\t\t\t\t<div class=\"g-recaptcha\" data-sitekey=\"6LdErNoZAAAAAD1Re2jNxtDFfcDaL9iED5MRBzjR\" data-callback=\"verifyRecaptchaCallback\" data-expired-callback=\"expiredRecaptchaCallback\"><\/div>\n\t\t\t\t\t<input type=\"hidden\" name=\"g-recaptcha-response\" data-recaptcha \/>\n\n\t\t\t\t\t\t<button class=\"lr-button-link\" type=\"submit\">Fixer un rendez-vous pour une d\u00e9mo en direct<\/button>\n\t\t\t\t\t<input type=\"hidden\" name=\"trp-form-language\" value=\"fr\"\/><\/form>\n\t\t\t\t<\/div>\n\t\t\t<\/div>\n\t\t<\/div>\n\t<\/div>\n\t\n\t<\/div>\n\n\n\n<hr class=\"wp-block-separator has-css-opacity is-style-wide\"\/>\n\n\n\n<div class=\"wp-block-lr-contact-module\"><div class=\"content\"><h2>En savoir plus, r\u00e9server une d\u00e9mo ou simplement \u00e9changer quelques mots ? Nous nous en r\u00e9jouissons !<\/h2><div class=\"contact-info-row\"><div class=\"contact-person-info\"><div class=\"avatar\"><img decoding=\"async\" src=\"https:\/\/locaterisk.com\/wp-content\/uploads\/2025\/06\/Lukas_Baumann_LocateRisk-300.png\"><\/div><p><span class=\"text before\">Votre Contact<\/span><span class=\"bold name\"><strong>Lukas<\/strong><\/span> <span class=\"lastname\"><strong>Baumann<strong><\/strong><\/strong><\/span><strong><strong><span class=\"separator\"><\/span><span class=\"role\">PDG<\/span><\/strong><\/strong><\/p><\/div><p class=\"bold phone\"><strong><strong>+49 6151 6290246<\/strong><\/strong><\/p><strong><strong><a class=\"pr-1\" href=\"mailto: sales@locaterisk.com\">Contactez-nous maintenant<\/a><\/strong><\/strong><\/div><\/div><\/div>\n\n\n\n<p><\/p>\n\n\n\n<div class=\"wp-block-lr-footer-module lr-footer-block\"><div class=\"content\"><div class=\"column0\"><img decoding=\"async\" src=\"https:\/\/locaterisk.com\/wp-content\/plugins\/locate-risk-prod\/lr-blocks\/assets\/img\/lr-logo.svg\"\/><\/div><div class=\"categories\"><div class=\"categories-element\"><a class=\"pr-4\" href=\"https:\/\/locaterisk.com\/fr\/\">Accueil<\/a><\/div><div class=\"categories-element\"><a class=\"pr-4\" href=\"\/fr\/blog\/\">Blog<\/a><\/div><div class=\"categories-element\"><a class=\"pr-4\" href=\"\/fr\/about\/\">par rapport \u00e0 nous<\/a><\/div><div class=\"categories-element\"><a class=\"pr-4\" href=\"\/fr\/kontakt\/\">Contact<\/a><\/div><div class=\"categories-element\"><a class=\"pr-4\" href=\"\/fr\/impressum\/\">mentiones l\u00e9gales<\/a><\/div><div class=\"categories-break\"><\/div><div class=\"categories-element\"><a class=\"pr-4\" href=\"\/fr\/datenschutz\/\">Confidentialit\u00e9<\/a><\/div><div class=\"categories-element\"><a class=\"pr-4\" href=\"\/files\/agb.pdf\">CONDITIONS G\u00c9N\u00c9RALES DE VENTE<\/a><\/div><div class=\"categories-element\"><a class=\"pr-4\" href=\"\/fr\/jobs\/\">Carri\u00e8re<\/a><\/div><div class=\"categories-element\"><a class=\"pr-4\" href=\"\/files\/sec-information.pdf\">s\u00e9curit\u00e9<\/a><\/div><div class=\"categories-element\"><a class=\"pr-4\" href=\"https:\/\/app.secfix.com\/trust\/locaterisk\/d1e7d433b33643aea1880bfbfeab9f60\">Centre de confiance<\/a><\/div><\/div><div class=\"social\"><div class=\"social-element\"><a target=\"_blank\" href=\"https:\/\/www.linkedin.com\/company\/locaterisk\/\"><img decoding=\"async\" src=\"https:\/\/locaterisk.com\/wp-content\/uploads\/2020\/10\/gruppe-230@3x.png\"\/><\/a><\/div><div class=\"social-element\"><a target=\"_blank\" href=\"https:\/\/www.instagram.com\/locaterisk\/\"><img decoding=\"async\" src=\"https:\/\/locaterisk.com\/wp-content\/uploads\/2020\/11\/Instagram.png\"\/><\/a><\/div><div class=\"social-element\"><a target=\"_blank\" href=\"https:\/\/twitter.com\/locaterisk\"><img decoding=\"async\" src=\"https:\/\/locaterisk.com\/wp-content\/uploads\/2020\/11\/twitter.png\"\/><\/a><\/div><\/div><div class=\"description\"><h6>\u00a9 LocateRisk 2026<\/h6><\/div><\/div><\/div>","protected":false},"excerpt":{"rendered":"<p>Lukas Baumann Unser CEO und Gr\u00fcnder Nicht lange fackeln, machen! \u2013 das ist seine Devise. Lukas hat 2018 angefangen die Technologie zu entwickeln und erste Partnerschaften aufzubauen. Seine Energie gepaart mit Wissen und Entschlossenheit macht ihn zum Treiber der Entwicklungen und begehrten Sparringspartner vieler Kunden. Als studierter Informatiker hat er gro\u00dfe Datenmengen sicher im Griff [&hellip;]<\/p>\n","protected":false},"author":8,"featured_media":0,"parent":0,"menu_order":0,"comment_status":"closed","ping_status":"closed","template":"","meta":{"footnotes":""},"class_list":["post-1927","page","type-page","status-publish","hentry"],"yoast_head":"<!-- This site is optimized with the Yoast SEO plugin v27.4 - https:\/\/yoast.com\/product\/yoast-seo-wordpress\/ -->\n<title>\u00dcber LocateRisk - LocateRisk<\/title>\n<meta name=\"description\" content=\"Ihr Team f\u00fcr mehr IT-Sicherheit. Lernen Sie uns kennen. Wir sind ein Hightech-Unternehmen aus der Cybersecurity-Hochburg Darmstadt.\" \/>\n<meta name=\"robots\" content=\"index, follow, max-snippet:-1, max-image-preview:large, max-video-preview:-1\" \/>\n<link rel=\"canonical\" href=\"https:\/\/locaterisk.com\/fr\/about\/\" \/>\n<meta property=\"og:locale\" content=\"fr_FR\" \/>\n<meta property=\"og:type\" content=\"article\" \/>\n<meta property=\"og:title\" content=\"\u00dcber LocateRisk - LocateRisk\" \/>\n<meta property=\"og:description\" content=\"Ihr Team f\u00fcr mehr IT-Sicherheit. Lernen Sie uns kennen. Wir sind ein Hightech-Unternehmen aus der Cybersecurity-Hochburg Darmstadt.\" \/>\n<meta property=\"og:url\" content=\"https:\/\/locaterisk.com\/fr\/about\/\" \/>\n<meta property=\"og:site_name\" content=\"LocateRisk\" \/>\n<meta property=\"article:modified_time\" content=\"2025-07-02T07:48:43+00:00\" \/>\n<meta property=\"og:image\" content=\"https:\/\/locaterisk.com\/wp-content\/uploads\/2022\/06\/LocateRisk-Beitrag-zur-IT-Sicherheit.png\" \/>\n<meta name=\"twitter:card\" content=\"summary_large_image\" \/>\n<meta name=\"twitter:label1\" content=\"Dur\u00e9e de lecture estim\u00e9e\" \/>\n\t<meta name=\"twitter:data1\" content=\"6 minutes\" \/>\n<script type=\"application\/ld+json\" class=\"yoast-schema-graph\">{\"@context\":\"https:\\\/\\\/schema.org\",\"@graph\":[{\"@type\":[\"WebPage\",\"AboutPage\"],\"@id\":\"https:\\\/\\\/locaterisk.com\\\/about\\\/\",\"url\":\"https:\\\/\\\/locaterisk.com\\\/about\\\/\",\"name\":\"\u00dcber LocateRisk - LocateRisk\",\"isPartOf\":{\"@id\":\"https:\\\/\\\/locaterisk.com\\\/de\\\/#website\"},\"primaryImageOfPage\":{\"@id\":\"https:\\\/\\\/locaterisk.com\\\/about\\\/#primaryimage\"},\"image\":{\"@id\":\"https:\\\/\\\/locaterisk.com\\\/about\\\/#primaryimage\"},\"thumbnailUrl\":\"https:\\\/\\\/locaterisk.com\\\/wp-content\\\/uploads\\\/2022\\\/06\\\/LocateRisk-Beitrag-zur-IT-Sicherheit.png\",\"datePublished\":\"2021-07-02T11:24:47+00:00\",\"dateModified\":\"2025-07-02T07:48:43+00:00\",\"description\":\"Ihr Team f\u00fcr mehr IT-Sicherheit. Lernen Sie uns kennen. Wir sind ein Hightech-Unternehmen aus der Cybersecurity-Hochburg Darmstadt.\",\"breadcrumb\":{\"@id\":\"https:\\\/\\\/locaterisk.com\\\/about\\\/#breadcrumb\"},\"inLanguage\":\"fr-FR\",\"potentialAction\":[{\"@type\":\"ReadAction\",\"target\":[\"https:\\\/\\\/locaterisk.com\\\/about\\\/\"]}]},{\"@type\":\"ImageObject\",\"inLanguage\":\"fr-FR\",\"@id\":\"https:\\\/\\\/locaterisk.com\\\/about\\\/#primaryimage\",\"url\":\"https:\\\/\\\/locaterisk.com\\\/wp-content\\\/uploads\\\/2022\\\/06\\\/LocateRisk-Beitrag-zur-IT-Sicherheit.png\",\"contentUrl\":\"https:\\\/\\\/locaterisk.com\\\/wp-content\\\/uploads\\\/2022\\\/06\\\/LocateRisk-Beitrag-zur-IT-Sicherheit.png\"},{\"@type\":\"BreadcrumbList\",\"@id\":\"https:\\\/\\\/locaterisk.com\\\/about\\\/#breadcrumb\",\"itemListElement\":[{\"@type\":\"ListItem\",\"position\":1,\"name\":\"Home\",\"item\":\"https:\\\/\\\/locaterisk.com\\\/\"},{\"@type\":\"ListItem\",\"position\":2,\"name\":\"\u00dcber LocateRisk\"}]},{\"@type\":\"WebSite\",\"@id\":\"https:\\\/\\\/locaterisk.com\\\/de\\\/#website\",\"url\":\"https:\\\/\\\/locaterisk.com\\\/de\\\/\",\"name\":\"LocateRisk\",\"description\":\"IT-Sicherheit messen und vergleichen\",\"publisher\":{\"@id\":\"https:\\\/\\\/locaterisk.com\\\/de\\\/#organization\"},\"potentialAction\":[{\"@type\":\"SearchAction\",\"target\":{\"@type\":\"EntryPoint\",\"urlTemplate\":\"https:\\\/\\\/locaterisk.com\\\/de\\\/?s={search_term_string}\"},\"query-input\":{\"@type\":\"PropertyValueSpecification\",\"valueRequired\":true,\"valueName\":\"search_term_string\"}}],\"inLanguage\":\"fr-FR\"},{\"@type\":\"Organization\",\"@id\":\"https:\\\/\\\/locaterisk.com\\\/de\\\/#organization\",\"name\":\"LocateRisk\",\"url\":\"https:\\\/\\\/locaterisk.com\\\/de\\\/\",\"logo\":{\"@type\":\"ImageObject\",\"inLanguage\":\"fr-FR\",\"@id\":\"https:\\\/\\\/locaterisk.com\\\/de\\\/#\\\/schema\\\/logo\\\/image\\\/\",\"url\":\"https:\\\/\\\/locaterisk.com\\\/wp-content\\\/uploads\\\/2020\\\/11\\\/Kettenglieder_V0216-9.jpg\",\"contentUrl\":\"https:\\\/\\\/locaterisk.com\\\/wp-content\\\/uploads\\\/2020\\\/11\\\/Kettenglieder_V0216-9.jpg\",\"width\":1920,\"height\":1080,\"caption\":\"LocateRisk\"},\"image\":{\"@id\":\"https:\\\/\\\/locaterisk.com\\\/de\\\/#\\\/schema\\\/logo\\\/image\\\/\"},\"sameAs\":[\"https:\\\/\\\/www.linkedin.com\\\/company\\\/locaterisk\\\/\"]}]}<\/script>\n<!-- \/ Yoast SEO plugin. -->","yoast_head_json":{"title":"\u00c0 propos de LocateRisk - LocateRisk","description":"Votre \u00e9quipe pour une meilleure s\u00e9curit\u00e9 informatique. Apprenez \u00e0 nous conna\u00eetre. Nous sommes une entreprise high-tech situ\u00e9e \u00e0 Darmstadt, haut lieu de la cybers\u00e9curit\u00e9.","robots":{"index":"index","follow":"follow","max-snippet":"max-snippet:-1","max-image-preview":"max-image-preview:large","max-video-preview":"max-video-preview:-1"},"canonical":"https:\/\/locaterisk.com\/fr\/about\/","og_locale":"fr_FR","og_type":"article","og_title":"\u00dcber LocateRisk - LocateRisk","og_description":"Ihr Team f\u00fcr mehr IT-Sicherheit. Lernen Sie uns kennen. Wir sind ein Hightech-Unternehmen aus der Cybersecurity-Hochburg Darmstadt.","og_url":"https:\/\/locaterisk.com\/fr\/about\/","og_site_name":"LocateRisk","article_modified_time":"2025-07-02T07:48:43+00:00","og_image":[{"url":"https:\/\/locaterisk.com\/wp-content\/uploads\/2022\/06\/LocateRisk-Beitrag-zur-IT-Sicherheit.png","type":"","width":"","height":""}],"twitter_card":"summary_large_image","twitter_misc":{"Dur\u00e9e de lecture estim\u00e9e":"6 minutes"},"schema":{"@context":"https:\/\/schema.org","@graph":[{"@type":["WebPage","AboutPage"],"@id":"https:\/\/locaterisk.com\/about\/","url":"https:\/\/locaterisk.com\/about\/","name":"\u00c0 propos de LocateRisk - LocateRisk","isPartOf":{"@id":"https:\/\/locaterisk.com\/de\/#website"},"primaryImageOfPage":{"@id":"https:\/\/locaterisk.com\/about\/#primaryimage"},"image":{"@id":"https:\/\/locaterisk.com\/about\/#primaryimage"},"thumbnailUrl":"https:\/\/locaterisk.com\/wp-content\/uploads\/2022\/06\/LocateRisk-Beitrag-zur-IT-Sicherheit.png","datePublished":"2021-07-02T11:24:47+00:00","dateModified":"2025-07-02T07:48:43+00:00","description":"Votre \u00e9quipe pour une meilleure s\u00e9curit\u00e9 informatique. Apprenez \u00e0 nous conna\u00eetre. Nous sommes une entreprise high-tech situ\u00e9e \u00e0 Darmstadt, haut lieu de la cybers\u00e9curit\u00e9.","breadcrumb":{"@id":"https:\/\/locaterisk.com\/about\/#breadcrumb"},"inLanguage":"fr-FR","potentialAction":[{"@type":"ReadAction","target":["https:\/\/locaterisk.com\/about\/"]}]},{"@type":"ImageObject","inLanguage":"fr-FR","@id":"https:\/\/locaterisk.com\/about\/#primaryimage","url":"https:\/\/locaterisk.com\/wp-content\/uploads\/2022\/06\/LocateRisk-Beitrag-zur-IT-Sicherheit.png","contentUrl":"https:\/\/locaterisk.com\/wp-content\/uploads\/2022\/06\/LocateRisk-Beitrag-zur-IT-Sicherheit.png"},{"@type":"BreadcrumbList","@id":"https:\/\/locaterisk.com\/about\/#breadcrumb","itemListElement":[{"@type":"ListItem","position":1,"name":"Home","item":"https:\/\/locaterisk.com\/"},{"@type":"ListItem","position":2,"name":"\u00dcber LocateRisk"}]},{"@type":"WebSite","@id":"https:\/\/locaterisk.com\/de\/#website","url":"https:\/\/locaterisk.com\/de\/","name":"LocateRisk","description":"Mesurer et comparer la s\u00e9curit\u00e9 informatique","publisher":{"@id":"https:\/\/locaterisk.com\/de\/#organization"},"potentialAction":[{"@type":"SearchAction","target":{"@type":"EntryPoint","urlTemplate":"https:\/\/locaterisk.com\/de\/?s={search_term_string}"},"query-input":{"@type":"PropertyValueSpecification","valueRequired":true,"valueName":"search_term_string"}}],"inLanguage":"fr-FR"},{"@type":"Organization","@id":"https:\/\/locaterisk.com\/de\/#organization","name":"LocateRisk","url":"https:\/\/locaterisk.com\/de\/","logo":{"@type":"ImageObject","inLanguage":"fr-FR","@id":"https:\/\/locaterisk.com\/de\/#\/schema\/logo\/image\/","url":"https:\/\/locaterisk.com\/wp-content\/uploads\/2020\/11\/Kettenglieder_V0216-9.jpg","contentUrl":"https:\/\/locaterisk.com\/wp-content\/uploads\/2020\/11\/Kettenglieder_V0216-9.jpg","width":1920,"height":1080,"caption":"LocateRisk"},"image":{"@id":"https:\/\/locaterisk.com\/de\/#\/schema\/logo\/image\/"},"sameAs":["https:\/\/www.linkedin.com\/company\/locaterisk\/"]}]}},"_links":{"self":[{"href":"https:\/\/locaterisk.com\/fr\/wp-json\/wp\/v2\/pages\/1927","targetHints":{"allow":["GET"]}}],"collection":[{"href":"https:\/\/locaterisk.com\/fr\/wp-json\/wp\/v2\/pages"}],"about":[{"href":"https:\/\/locaterisk.com\/fr\/wp-json\/wp\/v2\/types\/page"}],"author":[{"embeddable":true,"href":"https:\/\/locaterisk.com\/fr\/wp-json\/wp\/v2\/users\/8"}],"replies":[{"embeddable":true,"href":"https:\/\/locaterisk.com\/fr\/wp-json\/wp\/v2\/comments?post=1927"}],"version-history":[{"count":101,"href":"https:\/\/locaterisk.com\/fr\/wp-json\/wp\/v2\/pages\/1927\/revisions"}],"predecessor-version":[{"id":6343,"href":"https:\/\/locaterisk.com\/fr\/wp-json\/wp\/v2\/pages\/1927\/revisions\/6343"}],"wp:attachment":[{"href":"https:\/\/locaterisk.com\/fr\/wp-json\/wp\/v2\/media?parent=1927"}],"curies":[{"name":"wp","href":"https:\/\/api.w.org\/{rel}","templated":true}]}}