{"id":2716,"date":"2022-01-06T12:55:33","date_gmt":"2022-01-06T12:55:33","guid":{"rendered":"https:\/\/locaterisk.com\/?page_id=2716"},"modified":"2022-06-28T09:56:37","modified_gmt":"2022-06-28T09:56:37","slug":"case-study-mit-it-monitoring-in-richtung-sichere-stadt","status":"publish","type":"page","link":"https:\/\/locaterisk.com\/fr\/case-study-mit-it-monitoring-in-richtung-sichere-stadt\/","title":{"rendered":"\u00c9tude de cas : la surveillance informatique au service de la s\u00e9curit\u00e9 urbaine"},"content":{"rendered":"<h1 class=\"blog-title wp-block-heading\" id=\"case-study-mit-it-monitoring-in-richtung-sichere-stadt\"> \u00c9tude de cas : la surveillance informatique au service de la s\u00e9curit\u00e9 urbaine <\/h1>\n\n\n\n<p>La s\u00e9curit\u00e9 plut\u00f4t que l'aveuglement : l'\u00e9quipe informatique d'une grande ville mise sur le monitoring informatique pour la pr\u00e9vention et ma\u00eetrise la surface d'attaque gr\u00e2ce \u00e0 des analyses r\u00e9guli\u00e8res des points faibles. <\/p>\n\n\n<h3 style=\"text-align: left;\">Contexte<\/h3>\n<p>Les responsables informatiques d'une grande ville de Hesse comptant plus de 1000 employ\u00e9s \u00e9taient dans la m\u00eame situation que de nombreux autres administrateurs d'administrations et d'institutions publiques. Ils faisaient bien leur travail et faisaient de leur mieux pour que tout soit s\u00e9curis\u00e9. Mais ils ne savaient pas si cela \u00e9tait suffisant. Cela tenait notamment au fait qu'il n'y avait pas de vue ext\u00e9rieure. Il n'y avait pas d'informations fiables sur les performances de s\u00e9curit\u00e9 informatique des prestataires de services, comme les exploitants de serveurs web. Ainsi, de nombreuses vuln\u00e9rabilit\u00e9s n'\u00e9taient pas d\u00e9tect\u00e9es et la situation en mati\u00e8re de s\u00e9curit\u00e9 informatique restait dans l'ombre. Pour y rem\u00e9dier, l'\u00e9quipe d'administration assure d\u00e9sormais la transparence gr\u00e2ce \u00e0 un monitoring informatique de l'infrastructure informatique accessible de l'ext\u00e9rieur - et peut enregistrer imm\u00e9diatement les premiers succ\u00e8s.<\/p>\n<p>\u00a0<\/p>\n\n\n<div class=\"wp-block-columns is-layout-flex wp-container-core-columns-is-layout-9d6595d7 wp-block-columns-is-layout-flex\">\n<div class=\"wp-block-column is-layout-flow wp-block-column-is-layout-flow\" style=\"flex-basis:100%\">\n<div class=\"wp-block-group\"><div class=\"wp-block-group__inner-container is-layout-flow wp-block-group-is-layout-flow\">\n<div class=\"wp-block-columns is-layout-flex wp-container-core-columns-is-layout-9d6595d7 wp-block-columns-is-layout-flex\">\n<div class=\"wp-block-column is-layout-flow wp-block-column-is-layout-flow\" style=\"flex-basis:100%\">\n<div class=\"wp-block-group\"><div class=\"wp-block-group__inner-container is-layout-flow wp-block-group-is-layout-flow\"><div class=\"wp-block-image is-style-default\">\n<figure class=\"aligncenter size-full is-resized\"><img loading=\"lazy\" decoding=\"async\" src=\"https:\/\/locaterisk.com\/wp-content\/uploads\/2022\/01\/LocateRisk_Ampel.png\" alt=\"\" class=\"wp-image-2739\" width=\"840\" height=\"560\" srcset=\"https:\/\/locaterisk.com\/wp-content\/uploads\/2022\/01\/LocateRisk_Ampel.png 800w, https:\/\/locaterisk.com\/wp-content\/uploads\/2022\/01\/LocateRisk_Ampel-300x200.png 300w, https:\/\/locaterisk.com\/wp-content\/uploads\/2022\/01\/LocateRisk_Ampel-768x512.png 768w, https:\/\/locaterisk.com\/wp-content\/uploads\/2022\/01\/LocateRisk_Ampel-18x12.png 18w\" sizes=\"auto, (max-width: 840px) 100vw, 840px\" \/><\/figure><\/div><\/div><\/div>\n<\/div>\n<\/div>\n<\/div><\/div>\n<\/div>\n<\/div>\n\n\n\n<h3 class=\"wp-block-heading\" id=\"losung\">Solution<\/h3>\n\n\n\n<p>Le premier rapport d'analyse LocateRisk a \u00e9t\u00e9 une surprise douloureuse. \"En fait, nous \u00e9tions s\u00fbrs de nous\", explique le directeur informatique adjoint. Le r\u00e9sultat \u00e9tait d\u00e9j\u00e0 une piq\u00fbre d'aiguille. Mais aussi le coup de pouce pour en d\u00e9couvrir les raisons. Dans un premier temps, le fournisseur d'h\u00e9bergement du domaine principal de la ville a \u00e9t\u00e9 inform\u00e9 d'un r\u00e9sultat critique pour la s\u00e9curit\u00e9. Celui-ci s'est montr\u00e9 reconnaissant et a imm\u00e9diatement optimis\u00e9 la situation, ce qui a permis d'am\u00e9liorer consid\u00e9rablement la deuxi\u00e8me analyse. La m\u00eame chose s'est produite avec les coll\u00e8gues. Gr\u00e2ce aux rapports, il a \u00e9t\u00e9 possible d'aborder et d'optimiser concr\u00e8tement certains points faibles, par exemple dans le domaine des applications ou en ce qui concerne le Shadow IT redout\u00e9.<\/p>\n\n\n\n<p>Les d\u00e9cideurs politiques de la ville ont surtout \u00e9t\u00e9 convaincus par la vision objective de l'informatique et le traitement professionnel des donn\u00e9es. Afin de garder durablement la situation sous contr\u00f4le, les analyses sont d\u00e9sormais effectu\u00e9es r\u00e9guli\u00e8rement sous forme de monitoring informatique. Afin que la quantit\u00e9 de points faibles identifi\u00e9s ne surcharge pas l'\u00e9quipe, la direction divise le r\u00e9sultat en petites t\u00e2ches et les distribue aux responsables des serveurs correspondants pour les optimiser.<\/p>\n\n\n\n<p><\/p>\n\n\n<div class=\"wp-block-image\">\n<figure class=\"aligncenter size-large is-resized\"><img loading=\"lazy\" decoding=\"async\" src=\"https:\/\/locaterisk.com\/wp-content\/uploads\/2022\/01\/CBildschirmfoto-2022-01-06-um-11.23-1024x547.png\" alt=\"\" class=\"wp-image-2734\" width=\"844\" height=\"451\" srcset=\"https:\/\/locaterisk.com\/wp-content\/uploads\/2022\/01\/CBildschirmfoto-2022-01-06-um-11.23-1024x547.png 1024w, https:\/\/locaterisk.com\/wp-content\/uploads\/2022\/01\/CBildschirmfoto-2022-01-06-um-11.23-300x160.png 300w, https:\/\/locaterisk.com\/wp-content\/uploads\/2022\/01\/CBildschirmfoto-2022-01-06-um-11.23-768x410.png 768w, https:\/\/locaterisk.com\/wp-content\/uploads\/2022\/01\/CBildschirmfoto-2022-01-06-um-11.23-18x10.png 18w, https:\/\/locaterisk.com\/wp-content\/uploads\/2022\/01\/CBildschirmfoto-2022-01-06-um-11.23.png 1080w\" sizes=\"auto, (max-width: 844px) 100vw, 844px\" \/><figcaption>Rapport de r\u00e9sultats de la surveillance informatique : le rapport interactif fournit aux responsables informatiques des informations d\u00e9taill\u00e9es sur les d\u00e9couvertes critiques ainsi que des recommandations d'action pour y rem\u00e9dier. En outre, des fonctions utiles telles qu'un plan d'action int\u00e9gr\u00e9, une d\u00e9tection automatique des changements avec notification par e-mail et la fonction de diff\u00e9renciation acc\u00e9l\u00e8rent le processus d'optimisation.<\/figcaption><\/figure><\/div>\n\n\n<h3 class=\"wp-block-heading\" id=\"ergebnis\">R\u00e9sultat<\/h3>\n\n\n\n<p>Les \u00e9valuations des risques informatiques d'un point de vue externe sont reprises comme \u00e9l\u00e9ment constitutif du concept de s\u00e9curit\u00e9 informatique de la ville. L'\u00e9quipe informatique utilise les r\u00e9sultats comme un d\u00e9fi sportif, afin de s'am\u00e9liorer \u00e0 chaque analyse et donc de devenir plus s\u00fbre. Bien s\u00fbr, tout le monde est conscient qu'il n'existe pas de s\u00e9curit\u00e9 \u00e0 100 %. Mais \u00e0 chaque nouveau score, la motivation augmente. En outre, les rapports sont utilis\u00e9s comme preuve vis-\u00e0-vis de tiers, comme les cyberassurances. Les utilisateurs estiment que la plate-forme SaaS est particuli\u00e8rement utile dans le processus de travail quotidien. \"L'interface conviviale \u00e0 tous les niveaux, des serveurs aux recommandations d'action en passant par les points faibles, acc\u00e9l\u00e8re le travail et constitue une v\u00e9ritable valeur ajout\u00e9e\".<\/p>\n\n\n\n<p><\/p>\n\n\n\n<h3 class=\"wp-block-heading\">En savoir plus sur le sujet<\/h3>\n\n\n\n<p><a href=\"https:\/\/locaterisk.com\/fr\/it-sicherheit-kommunen\/\">Plus de s\u00e9curit\u00e9 informatique pour les communes : un soutien automatis\u00e9 pour les responsables informatiques<\/a><\/p>\n\n\n\n<p><\/p>\n\n\n\n<div class=\"wp-block-lr-blog-image-text-article-module blog-image-text-article\"><div class=\"content\"><div class=\"image\"><img decoding=\"async\" src=\"https:\/\/locaterisk.com\/wp-content\/uploads\/2022\/01\/LocateRisk_CaseStudy2_Zitat.png\"\/><\/div><h6><\/h6><\/div><\/div>\n\n\n\n<div class=\"wp-block-lr-contact-post-module\">\n\t<div id=\"lr-contact-form\" class=\"wp-block-lr-contact-post-module\">\n\t\t<div id=\"formular\" class=\"content\">\n\t\t\t<div class=\"inner-content\">\n\t\t\t\t<div class=\"column-2 feature-mode\">\n\t\t\t\t\t<h2>Demandez maintenant une D\u00e9mo en direct personelle<\/h2>\n\t\t\t\t\t\n\t\t\t\t\t\t\t\t\t\t\t\t\t<div>\n\t\t\t\t\t\t\t\t<p class=\"margin-b-36\">Identifiez et r\u00e9duisez vos cyber-risques gr\u00e2ce \u00e0 un aper\u00e7u comparable et compr\u00e9hensible de votre s\u00e9curit\u00e9 informatique. Demandez conseil \u00e0 nos experts et d\u00e9couvrez comment LocateRisk peut vous aider \u00e0 r\u00e9soudre vos cyber-risques.<\/p>\n\t\t\t\t\t\t\t<\/div>\t\n\t\t\t\t\t\t\t\t\n\t\t\t\t\t\t\n\t\t\t\t\t\t\t\t\t<\/div> \n\t\t\t\t<div class=\"column-2\">\n\t\t\t\t\t<form action=\"\" class=\"form\" method=\"post\" role=\"form\" novalidate data-trp-original-action=\"\">\n\t\t\t\t\t\t<input type=\"text\" id=\"successmessage\" name=\"successmessage\" value=\"\" hidden>\n\t\t\t\t\t\t<input type=\"text\" id=\"errormessage\" name=\"errormessage\" value=\"\" hidden>\n\t\t\t\t\t\t<input type=\"text\" id=\"slug\" name=\"slug\" value=\"case-study-mit-it-monitoring-in-richtung-sichere-stadt\" hidden>\n\n\t\t\t\t\t\t\t\t\t\t\t\t\t<input\n\t\t\t\t\t\t\t\ttype=\"text\"\n\t\t\t\t\t\t\t\tid=\"name\"\n\t\t\t\t\t\t\t\tname=\"name\"\n\t\t\t\t\t\t\t\tplaceholder=\"Pr\u00e9nom\"\n\t\t\t\t\t\t\t\trequired\tmaxlength=\"50\"\/>\n\n\t\t\t\t\t\t\t<input\n\t\t\t\t\t\t\t\ttype=\"text\"\n\t\t\t\t\t\t\t\tid=\"surname\"\n\t\t\t\t\t\t\t\tname=\"surname\"\n\t\t\t\t\t\t\t\tplaceholder=\"Nom\"\n\t\t\t\t\t\t\t\trequired\n\t\t\t\t\t\t\t\tmaxlength=\"50\"\/>\n\t\t\t\t\t\t\n\t\t\t\t\t\t<input\n\t\t\t\t\t\t\ttype=\"email\"\n\t\t\t\t\t\t\tid=\"email\"\n\t\t\t\t\t\t\tname=\"email\"\n\t\t\t\t\t\t\tplaceholder=\"Courrier \u00e9lectronique\"\n\t\t\t\t\t\t\trequired\n\t\t\t\t\t\t\tmaxlength=\"50\"\/>\n\n\t\t\t\t\t\t<input\n\t\t\t\t\t\t\ttype=\"text\"\n\t\t\t\t\t\t\tid=\"phone\"\n\t\t\t\t\t\t\tname=\"phone\"\n\t\t\t\t\t\t\tplaceholder=\"T\u00e9l\u00e9phone\"\n\t\t\t\t\t\t\trequired\n\t\t\t\t\t\t\tmaxlength=\"50\"\/>\n\t\t\t\t\t\t\t\n\t\t\t\t\t\t\t\t\t\t\t\t\n\t\t\t\t\t\t<h6 class=\"error-message\" hidden>...<\/h6>\n\t\t\t\t\t\t<div class=\"checkbox_container\">\n\t\t\t\t\t\t\t<div class=\"checkbox\">\n\t\t\t\t\t\t\t\t<input\n\t\t\t\t\t\t\t\t\ttype=\"checkbox\"\n\t\t\t\t\t\t\t\t\tid=\"checkbox\"\n\t\t\t\t\t\t\t\t\tname=\"checkbox\" \/>\n\n\t\t\t\t\t\t\t\t<label for=\"checkbox\"><\/label>\n\t\t\t\t\t\t\t<\/div>\n\t\t\t\t\t\t\t<p>J'ai fait le <a href=\"https:\/\/locaterisk.com\/fr\/datenschutz\/\" target=\"_blank\" rel=\"noreferrer noopener\">politique de confidentialit\u00e9.<\/a> lu<\/p> \n\t\t\t\t\t\t<\/div>\n\t\t\t\t\t\t\n\t\t\t\t\t<div class=\"g-recaptcha\" data-sitekey=\"6LdErNoZAAAAAD1Re2jNxtDFfcDaL9iED5MRBzjR\" data-callback=\"verifyRecaptchaCallback\" data-expired-callback=\"expiredRecaptchaCallback\"><\/div>\n\t\t\t\t\t<input type=\"hidden\" name=\"g-recaptcha-response\" data-recaptcha \/>\n\n\t\t\t\t\t\t<button class=\"lr-button-link\" type=\"submit\">Fixer un rendez-vous pour une d\u00e9mo en direct<\/button>\n\t\t\t\t\t<input type=\"hidden\" name=\"trp-form-language\" value=\"fr\"\/><\/form>\n\t\t\t\t<\/div>\n\t\t\t<\/div>\n\t\t<\/div>\n\t<\/div>\n\t\n\t<\/div>\n\n\n\n<hr class=\"wp-block-separator has-css-opacity is-style-wide\"\/>\n\n\n\n<div class=\"wp-block-lr-contact-module\"><div class=\"content\"><h2>En savoir plus, r\u00e9server une d\u00e9mo ou simplement \u00e9changer quelques mots ? Nous nous en r\u00e9jouissons !<\/h2><div class=\"contact-info-row\"><div class=\"contact-person-info\"><div class=\"avatar\"><img decoding=\"async\" src=\"https:\/\/locaterisk.com\/wp-content\/uploads\/2025\/06\/Lukas_Baumann_LocateRisk-300.png\"><\/div><p><span class=\"text before\">Votre Contact<\/span><span class=\"bold name\"><strong>Lukas<\/strong><\/span> <span class=\"lastname\"><strong>Baumann<strong><\/strong><\/strong><\/span><strong><strong><span class=\"separator\"><\/span><span class=\"role\">PDG<\/span><\/strong><\/strong><\/p><\/div><p class=\"bold phone\"><strong><strong>+49 6151 6290246<\/strong><\/strong><\/p><strong><strong><a class=\"pr-1\" href=\"mailto: sales@locaterisk.com\">Contactez-nous maintenant<\/a><\/strong><\/strong><\/div><\/div><\/div>\n\n\n\n<p><\/p>\n\n\n\n<div class=\"wp-block-lr-footer-module lr-footer-block\"><div class=\"content\"><div class=\"column0\"><img decoding=\"async\" src=\"https:\/\/locaterisk.com\/wp-content\/plugins\/locate-risk-prod\/lr-blocks\/assets\/img\/lr-logo.svg\"\/><\/div><div class=\"categories\"><div class=\"categories-element\"><a class=\"pr-4\" href=\"https:\/\/locaterisk.com\/fr\/\">Accueil<\/a><\/div><div class=\"categories-element\"><a class=\"pr-4\" href=\"\/fr\/blog\/\">Blog<\/a><\/div><div class=\"categories-element\"><a class=\"pr-4\" href=\"\/fr\/about\/\">par rapport \u00e0 nous<\/a><\/div><div class=\"categories-element\"><a class=\"pr-4\" href=\"\/fr\/kontakt\/\">Contact<\/a><\/div><div class=\"categories-element\"><a class=\"pr-4\" href=\"\/fr\/impressum\/\">mentiones l\u00e9gales<\/a><\/div><div class=\"categories-break\"><\/div><div class=\"categories-element\"><a class=\"pr-4\" href=\"\/fr\/datenschutz\/\">Confidentialit\u00e9<\/a><\/div><div class=\"categories-element\"><a class=\"pr-4\" href=\"\/files\/agb.pdf\">CONDITIONS G\u00c9N\u00c9RALES DE VENTE<\/a><\/div><div class=\"categories-element\"><a class=\"pr-4\" href=\"\/fr\/jobs\/\">Carri\u00e8re<\/a><\/div><div class=\"categories-element\"><a class=\"pr-4\" href=\"\/files\/sec-information.pdf\">s\u00e9curit\u00e9<\/a><\/div><div class=\"categories-element\"><a class=\"pr-4\" href=\"https:\/\/app.secfix.com\/trust\/locaterisk\/d1e7d433b33643aea1880bfbfeab9f60\">Centre de confiance<\/a><\/div><\/div><div class=\"social\"><div class=\"social-element\"><a target=\"_blank\" href=\"https:\/\/www.linkedin.com\/company\/locaterisk\/\"><img decoding=\"async\" src=\"https:\/\/locaterisk.com\/wp-content\/uploads\/2020\/10\/gruppe-230@3x.png\"\/><\/a><\/div><div class=\"social-element\"><a target=\"_blank\" href=\"https:\/\/www.instagram.com\/locaterisk\/\"><img decoding=\"async\" src=\"https:\/\/locaterisk.com\/wp-content\/uploads\/2020\/11\/Instagram.png\"\/><\/a><\/div><div class=\"social-element\"><a target=\"_blank\" href=\"https:\/\/twitter.com\/locaterisk\"><img decoding=\"async\" src=\"https:\/\/locaterisk.com\/wp-content\/uploads\/2020\/11\/twitter.png\"\/><\/a><\/div><\/div><div class=\"description\"><h6>\u00a9 LocateRisk 2026<\/h6><\/div><\/div><\/div>","protected":false},"excerpt":{"rendered":"<p>Case Study: Mit IT-Monitoring in Richtung sichere Stadt Sicherheit statt Blindflug: Das IT-Team einer Gro\u00dfstadt setzt auf IT-Monitoring zur Pr\u00e4vention und bringt mit regelm\u00e4\u00dfigen Schwachstellenanalysen die Angriffsfl\u00e4che unter Kontrolle. Hintergrund Den IT-Verantwortlichen einer hessischen Gro\u00dfstadt mit \u00fcber 1000 Angestellten ging es wie vielen anderen Administratoren in Beh\u00f6rden und \u00f6ffentlichen Einrichtungen. Sie erledigten ihre Arbeit gut [&hellip;]<\/p>\n","protected":false},"author":8,"featured_media":2739,"parent":0,"menu_order":0,"comment_status":"closed","ping_status":"closed","template":"","meta":{"footnotes":""},"class_list":["post-2716","page","type-page","status-publish","has-post-thumbnail","hentry"],"yoast_head":"<!-- This site is optimized with the Yoast SEO plugin v27.4 - https:\/\/yoast.com\/product\/yoast-seo-wordpress\/ -->\n<title>Case Study: Mit IT-Monitoring in Richtung sichere Stadt - LocateRisk<\/title>\n<meta name=\"description\" content=\"Case Study LocateRisk \u00b7 Wie IT-Monitoring das Admin-Team einer hessischen Gro\u00dfstadt beim Schutz der IT-Infrastruktur unterst\u00fctzt. Eine Erfolgsgeschichte.\" \/>\n<meta name=\"robots\" content=\"index, follow, max-snippet:-1, max-image-preview:large, max-video-preview:-1\" \/>\n<link rel=\"canonical\" href=\"https:\/\/locaterisk.com\/fr\/case-study-mit-it-monitoring-in-richtung-sichere-stadt\/\" \/>\n<meta property=\"og:locale\" content=\"fr_FR\" \/>\n<meta property=\"og:type\" content=\"article\" \/>\n<meta property=\"og:title\" content=\"Case Study: Mit IT-Monitoring in Richtung sichere Stadt - LocateRisk\" \/>\n<meta property=\"og:description\" content=\"Case Study LocateRisk \u00b7 Wie IT-Monitoring das Admin-Team einer hessischen Gro\u00dfstadt beim Schutz der IT-Infrastruktur unterst\u00fctzt. Eine Erfolgsgeschichte.\" \/>\n<meta property=\"og:url\" content=\"https:\/\/locaterisk.com\/fr\/case-study-mit-it-monitoring-in-richtung-sichere-stadt\/\" \/>\n<meta property=\"og:site_name\" content=\"LocateRisk\" \/>\n<meta property=\"article:modified_time\" content=\"2022-06-28T09:56:37+00:00\" \/>\n<meta property=\"og:image\" content=\"https:\/\/locaterisk.com\/wp-content\/uploads\/2022\/01\/LocateRisk_Ampel.png\" \/>\n\t<meta property=\"og:image:width\" content=\"800\" \/>\n\t<meta property=\"og:image:height\" content=\"533\" \/>\n\t<meta property=\"og:image:type\" content=\"image\/png\" \/>\n<meta name=\"twitter:card\" content=\"summary_large_image\" \/>\n<meta name=\"twitter:label1\" content=\"Dur\u00e9e de lecture estim\u00e9e\" \/>\n\t<meta name=\"twitter:data1\" content=\"3 minutes\" \/>\n<script type=\"application\/ld+json\" class=\"yoast-schema-graph\">{\"@context\":\"https:\\\/\\\/schema.org\",\"@graph\":[{\"@type\":\"WebPage\",\"@id\":\"https:\\\/\\\/locaterisk.com\\\/case-study-mit-it-monitoring-in-richtung-sichere-stadt\\\/\",\"url\":\"https:\\\/\\\/locaterisk.com\\\/case-study-mit-it-monitoring-in-richtung-sichere-stadt\\\/\",\"name\":\"Case Study: Mit IT-Monitoring in Richtung sichere Stadt - LocateRisk\",\"isPartOf\":{\"@id\":\"https:\\\/\\\/locaterisk.com\\\/de\\\/#website\"},\"primaryImageOfPage\":{\"@id\":\"https:\\\/\\\/locaterisk.com\\\/case-study-mit-it-monitoring-in-richtung-sichere-stadt\\\/#primaryimage\"},\"image\":{\"@id\":\"https:\\\/\\\/locaterisk.com\\\/case-study-mit-it-monitoring-in-richtung-sichere-stadt\\\/#primaryimage\"},\"thumbnailUrl\":\"https:\\\/\\\/locaterisk.com\\\/wp-content\\\/uploads\\\/2022\\\/01\\\/LocateRisk_Ampel.png\",\"datePublished\":\"2022-01-06T12:55:33+00:00\",\"dateModified\":\"2022-06-28T09:56:37+00:00\",\"description\":\"Case Study LocateRisk \u00b7 Wie IT-Monitoring das Admin-Team einer hessischen Gro\u00dfstadt beim Schutz der IT-Infrastruktur unterst\u00fctzt. Eine Erfolgsgeschichte.\",\"breadcrumb\":{\"@id\":\"https:\\\/\\\/locaterisk.com\\\/case-study-mit-it-monitoring-in-richtung-sichere-stadt\\\/#breadcrumb\"},\"inLanguage\":\"fr-FR\",\"potentialAction\":[{\"@type\":\"ReadAction\",\"target\":[\"https:\\\/\\\/locaterisk.com\\\/case-study-mit-it-monitoring-in-richtung-sichere-stadt\\\/\"]}]},{\"@type\":\"ImageObject\",\"inLanguage\":\"fr-FR\",\"@id\":\"https:\\\/\\\/locaterisk.com\\\/case-study-mit-it-monitoring-in-richtung-sichere-stadt\\\/#primaryimage\",\"url\":\"https:\\\/\\\/locaterisk.com\\\/wp-content\\\/uploads\\\/2022\\\/01\\\/LocateRisk_Ampel.png\",\"contentUrl\":\"https:\\\/\\\/locaterisk.com\\\/wp-content\\\/uploads\\\/2022\\\/01\\\/LocateRisk_Ampel.png\",\"width\":800,\"height\":533,\"caption\":\"Photo by Moritz Kindler\\\/Unsplash\"},{\"@type\":\"BreadcrumbList\",\"@id\":\"https:\\\/\\\/locaterisk.com\\\/case-study-mit-it-monitoring-in-richtung-sichere-stadt\\\/#breadcrumb\",\"itemListElement\":[{\"@type\":\"ListItem\",\"position\":1,\"name\":\"Home\",\"item\":\"https:\\\/\\\/locaterisk.com\\\/\"},{\"@type\":\"ListItem\",\"position\":2,\"name\":\"Case Study: Mit IT-Monitoring in Richtung sichere Stadt\"}]},{\"@type\":\"WebSite\",\"@id\":\"https:\\\/\\\/locaterisk.com\\\/de\\\/#website\",\"url\":\"https:\\\/\\\/locaterisk.com\\\/de\\\/\",\"name\":\"LocateRisk\",\"description\":\"IT-Sicherheit messen und vergleichen\",\"publisher\":{\"@id\":\"https:\\\/\\\/locaterisk.com\\\/de\\\/#organization\"},\"potentialAction\":[{\"@type\":\"SearchAction\",\"target\":{\"@type\":\"EntryPoint\",\"urlTemplate\":\"https:\\\/\\\/locaterisk.com\\\/de\\\/?s={search_term_string}\"},\"query-input\":{\"@type\":\"PropertyValueSpecification\",\"valueRequired\":true,\"valueName\":\"search_term_string\"}}],\"inLanguage\":\"fr-FR\"},{\"@type\":\"Organization\",\"@id\":\"https:\\\/\\\/locaterisk.com\\\/de\\\/#organization\",\"name\":\"LocateRisk\",\"url\":\"https:\\\/\\\/locaterisk.com\\\/de\\\/\",\"logo\":{\"@type\":\"ImageObject\",\"inLanguage\":\"fr-FR\",\"@id\":\"https:\\\/\\\/locaterisk.com\\\/de\\\/#\\\/schema\\\/logo\\\/image\\\/\",\"url\":\"https:\\\/\\\/locaterisk.com\\\/wp-content\\\/uploads\\\/2020\\\/11\\\/Kettenglieder_V0216-9.jpg\",\"contentUrl\":\"https:\\\/\\\/locaterisk.com\\\/wp-content\\\/uploads\\\/2020\\\/11\\\/Kettenglieder_V0216-9.jpg\",\"width\":1920,\"height\":1080,\"caption\":\"LocateRisk\"},\"image\":{\"@id\":\"https:\\\/\\\/locaterisk.com\\\/de\\\/#\\\/schema\\\/logo\\\/image\\\/\"},\"sameAs\":[\"https:\\\/\\\/www.linkedin.com\\\/company\\\/locaterisk\\\/\"]}]}<\/script>\n<!-- \/ Yoast SEO plugin. -->","yoast_head_json":{"title":"\u00c9tude de cas : Vers une ville plus s\u00fbre gr\u00e2ce \u00e0 la surveillance informatique - LocateRisk","description":"\u00c9tude de cas LocateRisk - Comment la surveillance informatique aide l'\u00e9quipe d'administration d'une grande ville de Hesse \u00e0 prot\u00e9ger son infrastructure informatique. Une histoire \u00e0 succ\u00e8s.","robots":{"index":"index","follow":"follow","max-snippet":"max-snippet:-1","max-image-preview":"max-image-preview:large","max-video-preview":"max-video-preview:-1"},"canonical":"https:\/\/locaterisk.com\/fr\/case-study-mit-it-monitoring-in-richtung-sichere-stadt\/","og_locale":"fr_FR","og_type":"article","og_title":"Case Study: Mit IT-Monitoring in Richtung sichere Stadt - LocateRisk","og_description":"Case Study LocateRisk \u00b7 Wie IT-Monitoring das Admin-Team einer hessischen Gro\u00dfstadt beim Schutz der IT-Infrastruktur unterst\u00fctzt. Eine Erfolgsgeschichte.","og_url":"https:\/\/locaterisk.com\/fr\/case-study-mit-it-monitoring-in-richtung-sichere-stadt\/","og_site_name":"LocateRisk","article_modified_time":"2022-06-28T09:56:37+00:00","og_image":[{"width":800,"height":533,"url":"https:\/\/locaterisk.com\/wp-content\/uploads\/2022\/01\/LocateRisk_Ampel.png","type":"image\/png"}],"twitter_card":"summary_large_image","twitter_misc":{"Dur\u00e9e de lecture estim\u00e9e":"3 minutes"},"schema":{"@context":"https:\/\/schema.org","@graph":[{"@type":"WebPage","@id":"https:\/\/locaterisk.com\/case-study-mit-it-monitoring-in-richtung-sichere-stadt\/","url":"https:\/\/locaterisk.com\/case-study-mit-it-monitoring-in-richtung-sichere-stadt\/","name":"\u00c9tude de cas : Vers une ville plus s\u00fbre gr\u00e2ce \u00e0 la surveillance informatique - LocateRisk","isPartOf":{"@id":"https:\/\/locaterisk.com\/de\/#website"},"primaryImageOfPage":{"@id":"https:\/\/locaterisk.com\/case-study-mit-it-monitoring-in-richtung-sichere-stadt\/#primaryimage"},"image":{"@id":"https:\/\/locaterisk.com\/case-study-mit-it-monitoring-in-richtung-sichere-stadt\/#primaryimage"},"thumbnailUrl":"https:\/\/locaterisk.com\/wp-content\/uploads\/2022\/01\/LocateRisk_Ampel.png","datePublished":"2022-01-06T12:55:33+00:00","dateModified":"2022-06-28T09:56:37+00:00","description":"\u00c9tude de cas LocateRisk - Comment la surveillance informatique aide l'\u00e9quipe d'administration d'une grande ville de Hesse \u00e0 prot\u00e9ger son infrastructure informatique. Une histoire \u00e0 succ\u00e8s.","breadcrumb":{"@id":"https:\/\/locaterisk.com\/case-study-mit-it-monitoring-in-richtung-sichere-stadt\/#breadcrumb"},"inLanguage":"fr-FR","potentialAction":[{"@type":"ReadAction","target":["https:\/\/locaterisk.com\/case-study-mit-it-monitoring-in-richtung-sichere-stadt\/"]}]},{"@type":"ImageObject","inLanguage":"fr-FR","@id":"https:\/\/locaterisk.com\/case-study-mit-it-monitoring-in-richtung-sichere-stadt\/#primaryimage","url":"https:\/\/locaterisk.com\/wp-content\/uploads\/2022\/01\/LocateRisk_Ampel.png","contentUrl":"https:\/\/locaterisk.com\/wp-content\/uploads\/2022\/01\/LocateRisk_Ampel.png","width":800,"height":533,"caption":"Photo by Moritz Kindler\/Unsplash"},{"@type":"BreadcrumbList","@id":"https:\/\/locaterisk.com\/case-study-mit-it-monitoring-in-richtung-sichere-stadt\/#breadcrumb","itemListElement":[{"@type":"ListItem","position":1,"name":"Home","item":"https:\/\/locaterisk.com\/"},{"@type":"ListItem","position":2,"name":"Case Study: Mit IT-Monitoring in Richtung sichere Stadt"}]},{"@type":"WebSite","@id":"https:\/\/locaterisk.com\/de\/#website","url":"https:\/\/locaterisk.com\/de\/","name":"LocateRisk","description":"Mesurer et comparer la s\u00e9curit\u00e9 informatique","publisher":{"@id":"https:\/\/locaterisk.com\/de\/#organization"},"potentialAction":[{"@type":"SearchAction","target":{"@type":"EntryPoint","urlTemplate":"https:\/\/locaterisk.com\/de\/?s={search_term_string}"},"query-input":{"@type":"PropertyValueSpecification","valueRequired":true,"valueName":"search_term_string"}}],"inLanguage":"fr-FR"},{"@type":"Organization","@id":"https:\/\/locaterisk.com\/de\/#organization","name":"LocateRisk","url":"https:\/\/locaterisk.com\/de\/","logo":{"@type":"ImageObject","inLanguage":"fr-FR","@id":"https:\/\/locaterisk.com\/de\/#\/schema\/logo\/image\/","url":"https:\/\/locaterisk.com\/wp-content\/uploads\/2020\/11\/Kettenglieder_V0216-9.jpg","contentUrl":"https:\/\/locaterisk.com\/wp-content\/uploads\/2020\/11\/Kettenglieder_V0216-9.jpg","width":1920,"height":1080,"caption":"LocateRisk"},"image":{"@id":"https:\/\/locaterisk.com\/de\/#\/schema\/logo\/image\/"},"sameAs":["https:\/\/www.linkedin.com\/company\/locaterisk\/"]}]}},"_links":{"self":[{"href":"https:\/\/locaterisk.com\/fr\/wp-json\/wp\/v2\/pages\/2716","targetHints":{"allow":["GET"]}}],"collection":[{"href":"https:\/\/locaterisk.com\/fr\/wp-json\/wp\/v2\/pages"}],"about":[{"href":"https:\/\/locaterisk.com\/fr\/wp-json\/wp\/v2\/types\/page"}],"author":[{"embeddable":true,"href":"https:\/\/locaterisk.com\/fr\/wp-json\/wp\/v2\/users\/8"}],"replies":[{"embeddable":true,"href":"https:\/\/locaterisk.com\/fr\/wp-json\/wp\/v2\/comments?post=2716"}],"version-history":[{"count":45,"href":"https:\/\/locaterisk.com\/fr\/wp-json\/wp\/v2\/pages\/2716\/revisions"}],"predecessor-version":[{"id":7426,"href":"https:\/\/locaterisk.com\/fr\/wp-json\/wp\/v2\/pages\/2716\/revisions\/7426"}],"wp:featuredmedia":[{"embeddable":true,"href":"https:\/\/locaterisk.com\/fr\/wp-json\/wp\/v2\/media\/2739"}],"wp:attachment":[{"href":"https:\/\/locaterisk.com\/fr\/wp-json\/wp\/v2\/media?parent=2716"}],"curies":[{"name":"wp","href":"https:\/\/api.w.org\/{rel}","templated":true}]}}