{"id":3491,"date":"2022-06-27T16:00:07","date_gmt":"2022-06-27T16:00:07","guid":{"rendered":"https:\/\/locaterisk.com\/?page_id=3491"},"modified":"2022-06-28T09:05:05","modified_gmt":"2022-06-28T09:05:05","slug":"it-sicherheit-kommunen","status":"publish","type":"page","link":"https:\/\/locaterisk.com\/fr\/it-sicherheit-kommunen\/","title":{"rendered":"S\u00e9curit\u00e9 informatique : collectivit\u00e9s locales"},"content":{"rendered":"<h1 class=\"blog-title wp-block-heading\" id=\"case-study-mit-it-monitoring-in-richtung-sichere-stadt\">Plus de s\u00e9curit\u00e9 informatique pour les communes : un soutien automatis\u00e9 pour les responsables informatiques<\/h1>\n\n\n\n<p>La num\u00e9risation met les communes \u00e0 rude \u00e9preuve dans tout le pays. Les attaques automatis\u00e9es contre les villes et les communes sont de plus en plus souvent couronn\u00e9es de succ\u00e8s. Les cons\u00e9quences sont graves, les administrations et leurs services sont parfois incapables d'agir ou fortement limit\u00e9s pendant des semaines ou des mois. Il est bien connu que les autorit\u00e9s et les institutions publiques sont particuli\u00e8rement vuln\u00e9rables. Les structures administratives classiques, les services d\u00e9centralis\u00e9s, les nombreux syst\u00e8mes et applications logicielles obsol\u00e8tes ainsi que le manque de personnel qualifi\u00e9 contribuent \u00e0 cette situation critique. <\/p>\n\n\n\n<p>De nombreux responsables informatiques travaillent \u00e0 la limite de leurs capacit\u00e9s et sont pourtant appel\u00e9s \u00e0 renforcer la s\u00e9curit\u00e9 informatique de collectivit\u00e9s locales enti\u00e8res sur la base de budgets g\u00e9rables. Gr\u00e2ce au monitoring de la s\u00e9curit\u00e9 informatique, LocateRisk aide les \u00e9quipes informatiques municipales \u00e0 surveiller et \u00e0 minimiser la surface d'attaque informatique externe. Les analyses acc\u00e9l\u00e8rent le processus de s\u00e9curit\u00e9, aident lors des discussions budg\u00e9taires et servent de preuve des mesures de protection mises en \u0153uvre avec succ\u00e8s.<\/p>\n\n\n<div class=\"wp-block-image\">\n<figure class=\"aligncenter size-large is-resized\"><img loading=\"lazy\" decoding=\"async\" src=\"https:\/\/locaterisk.com\/wp-content\/uploads\/2022\/06\/bdana-rivers-kirby-7cgLyMPk0CE-unsplash-1024x437.png\" alt=\"\" class=\"wp-image-3517\" width=\"846\" height=\"361\" srcset=\"https:\/\/locaterisk.com\/wp-content\/uploads\/2022\/06\/bdana-rivers-kirby-7cgLyMPk0CE-unsplash-1024x437.png 1024w, https:\/\/locaterisk.com\/wp-content\/uploads\/2022\/06\/bdana-rivers-kirby-7cgLyMPk0CE-unsplash-300x128.png 300w, https:\/\/locaterisk.com\/wp-content\/uploads\/2022\/06\/bdana-rivers-kirby-7cgLyMPk0CE-unsplash-768x328.png 768w, https:\/\/locaterisk.com\/wp-content\/uploads\/2022\/06\/bdana-rivers-kirby-7cgLyMPk0CE-unsplash-18x8.png 18w, https:\/\/locaterisk.com\/wp-content\/uploads\/2022\/06\/bdana-rivers-kirby-7cgLyMPk0CE-unsplash.png 1080w\" sizes=\"auto, (max-width: 846px) 100vw, 846px\" \/><\/figure><\/div>\n\n<h3 style=\"text-align: left;\"><b>Num\u00e9risation des collectivit\u00e9s locales<\/b><\/h3>\n<p>D'ici 2026, le march\u00e9 des villes intelligentes en Allemagne devrait cro\u00eetre de plus de 17% par an. Presque tous les domaines de la vie urbaine doivent \u00eatre num\u00e9ris\u00e9s \u00e0 moyen terme afin de rendre la vie de tous les citoyens plus agr\u00e9able et de donner \u00e0 l'urbanisme des instruments pour prendre de meilleures d\u00e9cisions. L'automatisation et la mise en r\u00e9seau des infrastructures de transport, de la mobilit\u00e9, de la sant\u00e9 et de l'\u00e9nergie sont li\u00e9es \u00e0 l'\u00e9change d'\u00e9normes quantit\u00e9s de donn\u00e9es et \u00e0 la gestion d'innombrables interfaces, souvent incompatibles ou obsol\u00e8tes, entre l'IoT et l'OT (technologie op\u00e9rationnelle). Si les villes connect\u00e9es ne disposent pas d'une s\u00e9curit\u00e9 ad\u00e9quate, elles sont extr\u00eamement vuln\u00e9rables aux cyber-attaques. Il devient donc essentiel pour les urbanistes de mettre en \u0153uvre de nouveaux concepts de s\u00e9curit\u00e9 en collaboration avec des ing\u00e9nieurs et des architectes informatiques.<\/p>\n<h3 style=\"text-align: left;\"><strong>Loi sur l'acc\u00e8s en ligne et s\u00e9curit\u00e9 informatique\u00a0<\/strong><\/h3>\n<p>D'ici fin 2022, l'\u00c9tat f\u00e9d\u00e9ral et les L\u00e4nder sont tenus par la loi sur l'acc\u00e8s en ligne (OZG) de proposer leurs prestations administratives \u00e9galement par voie \u00e9lectronique. Les prestations telles que l'allocation parentale, l'allocation de ch\u00f4mage, l'allocation de ch\u00f4mage partiel, l'allocation d'insolvabilit\u00e9, le paiement des pensions, la pension d'orphelin, le BAf\u00f6G et bien d'autres encore doivent toutes pouvoir \u00eatre demand\u00e9es en ligne. L'augmentation des donn\u00e9es personnelles et des liens entre les portails qui en d\u00e9coule pose des exigences \u00e9lev\u00e9es en mati\u00e8re de s\u00e9curit\u00e9 informatique. Le BSI a \u00e9labor\u00e9 \u00e0 cet effet un concept de s\u00e9curit\u00e9 cadre qui prescrit notamment tous les trois ans des tests d'intrusion pour les syst\u00e8mes qui ont des interfaces avec Internet. Compte tenu des attaques automatis\u00e9es et de l'\u00e9volution permanente des dangers, c'est beaucoup trop peu. Le r\u00e9sultat d'un seul test est d\u00e9j\u00e0 d\u00e9pass\u00e9 dans la minute qui suit. C'est pourquoi les experts recommandent d'effectuer un suivi r\u00e9gulier de la s\u00e9curit\u00e9 informatique \u00e0 des intervalles au moins mensuels afin de garder un \u0153il sur la situation en mati\u00e8re de s\u00e9curit\u00e9 et de la contr\u00f4ler.<\/p>\n<h3 style=\"text-align: left;\">S\u00e9curit\u00e9 informatique des grandes villes allemandes<\/h3>\n<p class=\"p1\" style=\"text-align: left;\"><span class=\"s1\"><strong>Des potentiels d'am\u00e9lioration malgr\u00e9 des progr\u00e8s visibles<br \/><\/strong><\/span><span class=\"s1\">Notre analyse de 81 grandes villes a r\u00e9v\u00e9l\u00e9 qu'en mati\u00e8re de s\u00e9curit\u00e9 informatique, malgr\u00e9 des progr\u00e8s visibles (conformit\u00e9 au RGPD), il existe encore de nombreux potentiels d'am\u00e9lioration.<\/span><span class=\"s1\">. La collecte des donn\u00e9es s'est faite par la saisie et le traitement d'informations provenant de sources accessibles au public.<span class=\"Apple-converted-space\">\u00a0<\/span><\/span><\/p>\n<h3>Les r\u00e9sultats\u00a0<\/h3>\n<p><strong>Envoi de courrier prot\u00e9g\u00e9<\/strong><br \/>62 % des grandes villes contr\u00f4l\u00e9es envoyaient des courriels partiellement non prot\u00e9g\u00e9s (sans inscription SPF), ce qui facilite les attaques de spam et de phishing par falsification de courrier.<\/p>\n<p><strong>Accessibilit\u00e9 des interfaces du syst\u00e8me<\/strong><br \/>Les syst\u00e8mes de base de donn\u00e9es de l'entreprise n'\u00e9taient pas tous prot\u00e9g\u00e9s de mani\u00e8re ad\u00e9quate contre les cyberattaques, comme l'ont montr\u00e9 51 % des personnes interrog\u00e9es. Les syst\u00e8mes accessibles de l'ext\u00e9rieur et non s\u00e9curis\u00e9s facilitent l'acc\u00e8s des pirates aux donn\u00e9es sensibles.<\/p>\n<p><strong>S\u00e9curit\u00e9 de la transmission des donn\u00e9es<br \/><\/strong>98 % autorisaient la transmission de donn\u00e9es avec un cryptage de transport obsol\u00e8te, ce qui favorise le vol de donn\u00e9es.<\/p>\n<p><strong>Applications obsol\u00e8tes<br \/><\/strong>Dans 56 % des cas, au moins une application pr\u00e9sentant une faille de s\u00e9curit\u00e9 potentielle de haute criticit\u00e9 a \u00e9t\u00e9 trouv\u00e9e. Les applications ne disposant pas de mises \u00e0 jour de s\u00e9curit\u00e9 sont une porte d'entr\u00e9e bienvenue pour les pirates.<\/p>\n<p><strong>Conformit\u00e9 au RGPD<br \/><\/strong>37 % des grandes villes utilisaient des cookies de suivi sans autorisation de l'utilisateur. Dans ces cas, des avertissements et des amendes peuvent \u00eatre inflig\u00e9s.<\/p>\n<p>\u00a0<\/p>\n<h3>Obtenez un aper\u00e7u de la surface d'attaque informatique externe de votre administration<\/h3>\n<p>Les responsables informatiques font de leur mieux pour garantir la s\u00e9curit\u00e9 informatique de leurs syst\u00e8mes. Mais comment d\u00e9montrer en permanence l'\u00e9tat actuel des performances en mati\u00e8re de s\u00e9curit\u00e9 informatique ? Avec l'analyse de la s\u00e9curit\u00e9 informatique de LocateRisk, c'est simple et rapide. Venez vous en convaincre par vous-m\u00eame : Les organisations int\u00e9ress\u00e9es peuvent obtenir gratuitement une \u00e9valuation de la s\u00e9curit\u00e9 de leur environnement informatique, y compris un aper\u00e7u de 30 minutes de l'analyse d\u00e9taill\u00e9e, en appelant le : T\u00e9l. 06151 6290246 ou par e-mail \u00e0 : em@LocateRisk.com<\/p>\n<h3>\u00c9tude de cas Collectivit\u00e9s locales, villes et communes<\/h3>\n<p>Lire maintenant : <a href=\"https:\/\/locaterisk.com\/fr\/case-study-mit-it-monitoring-in-richtung-sichere-stadt\/\">Vers une ville s\u00fbre gr\u00e2ce \u00e0 la surveillance informatique\u00a0<\/a><\/p>\n<p>\u00a0<\/p>\n\n\n<div class=\"wp-block-lr-contact-post-module\">\n\t<div id=\"lr-contact-form\" class=\"wp-block-lr-contact-post-module\">\n\t\t<div id=\"formular\" class=\"content\">\n\t\t\t<div class=\"inner-content\">\n\t\t\t\t<div class=\"column-2 feature-mode\">\n\t\t\t\t\t<h2>Demandez maintenant une D\u00e9mo en direct personelle<\/h2>\n\t\t\t\t\t\n\t\t\t\t\t\t\t\t\t\t\t\t\t<div>\n\t\t\t\t\t\t\t\t<p class=\"margin-b-36\">Identifiez et r\u00e9duisez vos cyber-risques gr\u00e2ce \u00e0 un aper\u00e7u comparable et compr\u00e9hensible de votre s\u00e9curit\u00e9 informatique. Demandez conseil \u00e0 nos experts et d\u00e9couvrez comment LocateRisk peut vous aider \u00e0 r\u00e9soudre vos cyber-risques.<\/p>\n\t\t\t\t\t\t\t<\/div>\t\n\t\t\t\t\t\t\t\t\n\t\t\t\t\t\t\n\t\t\t\t\t\t\t\t\t<\/div> \n\t\t\t\t<div class=\"column-2\">\n\t\t\t\t\t<form action=\"\" class=\"form\" method=\"post\" role=\"form\" novalidate data-trp-original-action=\"\">\n\t\t\t\t\t\t<input type=\"text\" id=\"successmessage\" name=\"successmessage\" value=\"\" hidden>\n\t\t\t\t\t\t<input type=\"text\" id=\"errormessage\" name=\"errormessage\" value=\"\" hidden>\n\t\t\t\t\t\t<input type=\"text\" id=\"slug\" name=\"slug\" value=\"it-sicherheit-kommunen\" hidden>\n\n\t\t\t\t\t\t\t\t\t\t\t\t\t<input\n\t\t\t\t\t\t\t\ttype=\"text\"\n\t\t\t\t\t\t\t\tid=\"name\"\n\t\t\t\t\t\t\t\tname=\"name\"\n\t\t\t\t\t\t\t\tplaceholder=\"Pr\u00e9nom\"\n\t\t\t\t\t\t\t\trequired\tmaxlength=\"50\"\/>\n\n\t\t\t\t\t\t\t<input\n\t\t\t\t\t\t\t\ttype=\"text\"\n\t\t\t\t\t\t\t\tid=\"surname\"\n\t\t\t\t\t\t\t\tname=\"surname\"\n\t\t\t\t\t\t\t\tplaceholder=\"Nom\"\n\t\t\t\t\t\t\t\trequired\n\t\t\t\t\t\t\t\tmaxlength=\"50\"\/>\n\t\t\t\t\t\t\n\t\t\t\t\t\t<input\n\t\t\t\t\t\t\ttype=\"email\"\n\t\t\t\t\t\t\tid=\"email\"\n\t\t\t\t\t\t\tname=\"email\"\n\t\t\t\t\t\t\tplaceholder=\"Courrier \u00e9lectronique\"\n\t\t\t\t\t\t\trequired\n\t\t\t\t\t\t\tmaxlength=\"50\"\/>\n\n\t\t\t\t\t\t<input\n\t\t\t\t\t\t\ttype=\"text\"\n\t\t\t\t\t\t\tid=\"phone\"\n\t\t\t\t\t\t\tname=\"phone\"\n\t\t\t\t\t\t\tplaceholder=\"T\u00e9l\u00e9phone\"\n\t\t\t\t\t\t\trequired\n\t\t\t\t\t\t\tmaxlength=\"50\"\/>\n\t\t\t\t\t\t\t\n\t\t\t\t\t\t\t\t\t\t\t\t\n\t\t\t\t\t\t<h6 class=\"error-message\" hidden>...<\/h6>\n\t\t\t\t\t\t<div class=\"checkbox_container\">\n\t\t\t\t\t\t\t<div class=\"checkbox\">\n\t\t\t\t\t\t\t\t<input\n\t\t\t\t\t\t\t\t\ttype=\"checkbox\"\n\t\t\t\t\t\t\t\t\tid=\"checkbox\"\n\t\t\t\t\t\t\t\t\tname=\"checkbox\" \/>\n\n\t\t\t\t\t\t\t\t<label for=\"checkbox\"><\/label>\n\t\t\t\t\t\t\t<\/div>\n\t\t\t\t\t\t\t<p>J'ai fait le <a href=\"https:\/\/locaterisk.com\/fr\/datenschutz\/\" target=\"_blank\" rel=\"noreferrer noopener\">politique de confidentialit\u00e9.<\/a> lu<\/p> \n\t\t\t\t\t\t<\/div>\n\t\t\t\t\t\t\n\t\t\t\t\t<div class=\"g-recaptcha\" data-sitekey=\"6LdErNoZAAAAAD1Re2jNxtDFfcDaL9iED5MRBzjR\" data-callback=\"verifyRecaptchaCallback\" data-expired-callback=\"expiredRecaptchaCallback\"><\/div>\n\t\t\t\t\t<input type=\"hidden\" name=\"g-recaptcha-response\" data-recaptcha \/>\n\n\t\t\t\t\t\t<button class=\"lr-button-link\" type=\"submit\">Fixer un rendez-vous pour une d\u00e9mo en direct<\/button>\n\t\t\t\t\t<input type=\"hidden\" name=\"trp-form-language\" value=\"fr\"\/><\/form>\n\t\t\t\t<\/div>\n\t\t\t<\/div>\n\t\t<\/div>\n\t<\/div>\n\t\n\t<\/div>\n\n\n\n<hr class=\"wp-block-separator has-css-opacity is-style-wide\"\/>\n\n\n\n<div class=\"wp-block-lr-contact-module\"><div class=\"content\"><h2>En savoir plus, r\u00e9server une d\u00e9mo ou simplement \u00e9changer quelques mots ? Nous nous en r\u00e9jouissons !<\/h2><div class=\"contact-info-row\"><div class=\"contact-person-info\"><div class=\"avatar\"><img decoding=\"async\" src=\"https:\/\/locaterisk.com\/wp-content\/uploads\/2025\/06\/Lukas_Baumann_LocateRisk-300.png\"><\/div><p><span class=\"text before\">Votre Contact<\/span><span class=\"bold name\"><strong>Lukas<\/strong><\/span> <span class=\"lastname\"><strong>Baumann<strong><\/strong><\/strong><\/span><strong><strong><span class=\"separator\"><\/span><span class=\"role\">PDG<\/span><\/strong><\/strong><\/p><\/div><p class=\"bold phone\"><strong><strong>+49 6151 6290246<\/strong><\/strong><\/p><strong><strong><a class=\"pr-1\" href=\"mailto: sales@locaterisk.com\">Contactez-nous maintenant<\/a><\/strong><\/strong><\/div><\/div><\/div>\n\n\n\n<p><\/p>\n\n\n\n<div class=\"wp-block-lr-footer-module lr-footer-block\"><div class=\"content\"><div class=\"column0\"><img decoding=\"async\" src=\"https:\/\/locaterisk.com\/wp-content\/plugins\/locate-risk-prod\/lr-blocks\/assets\/img\/lr-logo.svg\"\/><\/div><div class=\"categories\"><div class=\"categories-element\"><a class=\"pr-4\" href=\"https:\/\/locaterisk.com\/fr\/\">Accueil<\/a><\/div><div class=\"categories-element\"><a class=\"pr-4\" href=\"\/fr\/blog\/\">Blog<\/a><\/div><div class=\"categories-element\"><a class=\"pr-4\" href=\"\/fr\/about\/\">par rapport \u00e0 nous<\/a><\/div><div class=\"categories-element\"><a class=\"pr-4\" href=\"\/fr\/kontakt\/\">Contact<\/a><\/div><div class=\"categories-element\"><a class=\"pr-4\" href=\"\/fr\/impressum\/\">mentiones l\u00e9gales<\/a><\/div><div class=\"categories-break\"><\/div><div class=\"categories-element\"><a class=\"pr-4\" href=\"\/fr\/datenschutz\/\">Confidentialit\u00e9<\/a><\/div><div class=\"categories-element\"><a class=\"pr-4\" href=\"\/files\/agb.pdf\">CONDITIONS G\u00c9N\u00c9RALES DE VENTE<\/a><\/div><div class=\"categories-element\"><a class=\"pr-4\" href=\"\/fr\/jobs\/\">Carri\u00e8re<\/a><\/div><div class=\"categories-element\"><a class=\"pr-4\" href=\"\/files\/sec-information.pdf\">s\u00e9curit\u00e9<\/a><\/div><div class=\"categories-element\"><a class=\"pr-4\" href=\"https:\/\/app.secfix.com\/trust\/locaterisk\/d1e7d433b33643aea1880bfbfeab9f60\">Centre de confiance<\/a><\/div><\/div><div class=\"social\"><div class=\"social-element\"><a target=\"_blank\" href=\"https:\/\/www.linkedin.com\/company\/locaterisk\/\"><img decoding=\"async\" src=\"https:\/\/locaterisk.com\/wp-content\/uploads\/2020\/10\/gruppe-230@3x.png\"\/><\/a><\/div><div class=\"social-element\"><a target=\"_blank\" href=\"https:\/\/www.instagram.com\/locaterisk\/\"><img decoding=\"async\" src=\"https:\/\/locaterisk.com\/wp-content\/uploads\/2020\/11\/Instagram.png\"\/><\/a><\/div><div class=\"social-element\"><a target=\"_blank\" href=\"https:\/\/twitter.com\/locaterisk\"><img decoding=\"async\" src=\"https:\/\/locaterisk.com\/wp-content\/uploads\/2020\/11\/twitter.png\"\/><\/a><\/div><\/div><div class=\"description\"><h6>\u00a9 LocateRisk 2026<\/h6><\/div><\/div><\/div>","protected":false},"excerpt":{"rendered":"<p>Mehr IT-Sicherheit f\u00fcr Kommunen: Automatisierte Unterst\u00fctzung f\u00fcr IT-Verantwortliche Die Digitalisierung fordert die Kommunen im ganzen Land. Automatisierte Angriffe auf St\u00e4dte und Gemeinden f\u00fchren immer \u00f6fter zum Erfolg. Die Folgen sind gravierend, die Verwaltungen und deren Dienste bisweilen f\u00fcr Wochen oder Monate handlungsunf\u00e4hig bzw. massiv eingeschr\u00e4nkt. Dass Beh\u00f6rden und \u00f6ffentlichen Einrichtungen besonders anf\u00e4llig sind, ist bekannt. [&hellip;]<\/p>\n","protected":false},"author":8,"featured_media":3456,"parent":0,"menu_order":0,"comment_status":"closed","ping_status":"closed","template":"","meta":{"footnotes":""},"class_list":["post-3491","page","type-page","status-publish","has-post-thumbnail","hentry"],"yoast_head":"<!-- This site is optimized with the Yoast SEO plugin v27.3 - https:\/\/yoast.com\/product\/yoast-seo-wordpress\/ -->\n<title>IT-Sicherheit: Kommunen - LocateRisk<\/title>\n<meta name=\"description\" content=\"Kommunen, St\u00e4dte und Gemeinde sind im Fadenkreuz der Cyberindustrie. Erfahren Sie, wie Sie die Sicherheitslage Ihrer kommunalen IT-Landschaft m\u00fchelos im Blick behalten.\" \/>\n<meta name=\"robots\" content=\"index, follow, max-snippet:-1, max-image-preview:large, max-video-preview:-1\" \/>\n<link rel=\"canonical\" href=\"https:\/\/locaterisk.com\/fr\/it-sicherheit-kommunen\/\" \/>\n<meta property=\"og:locale\" content=\"fr_FR\" \/>\n<meta property=\"og:type\" content=\"article\" \/>\n<meta property=\"og:title\" content=\"IT-Sicherheit: Kommunen - LocateRisk\" \/>\n<meta property=\"og:description\" content=\"Kommunen, St\u00e4dte und Gemeinde sind im Fadenkreuz der Cyberindustrie. Erfahren Sie, wie Sie die Sicherheitslage Ihrer kommunalen IT-Landschaft m\u00fchelos im Blick behalten.\" \/>\n<meta property=\"og:url\" content=\"https:\/\/locaterisk.com\/fr\/it-sicherheit-kommunen\/\" \/>\n<meta property=\"og:site_name\" content=\"LocateRisk\" \/>\n<meta property=\"article:modified_time\" content=\"2022-06-28T09:05:05+00:00\" \/>\n<meta property=\"og:image\" content=\"https:\/\/locaterisk.com\/wp-content\/uploads\/2022\/06\/nikola-johnny-mirkovic-Z_dnvde5wxc-unsplash.png\" \/>\n\t<meta property=\"og:image:width\" content=\"1080\" \/>\n\t<meta property=\"og:image:height\" content=\"461\" \/>\n\t<meta property=\"og:image:type\" content=\"image\/png\" \/>\n<meta name=\"twitter:card\" content=\"summary_large_image\" \/>\n<meta name=\"twitter:label1\" content=\"Dur\u00e9e de lecture estim\u00e9e\" \/>\n\t<meta name=\"twitter:data1\" content=\"4 minutes\" \/>\n<script type=\"application\/ld+json\" class=\"yoast-schema-graph\">{\"@context\":\"https:\\\/\\\/schema.org\",\"@graph\":[{\"@type\":\"WebPage\",\"@id\":\"https:\\\/\\\/locaterisk.com\\\/it-sicherheit-kommunen\\\/\",\"url\":\"https:\\\/\\\/locaterisk.com\\\/it-sicherheit-kommunen\\\/\",\"name\":\"IT-Sicherheit: Kommunen - LocateRisk\",\"isPartOf\":{\"@id\":\"https:\\\/\\\/locaterisk.com\\\/de\\\/#website\"},\"primaryImageOfPage\":{\"@id\":\"https:\\\/\\\/locaterisk.com\\\/it-sicherheit-kommunen\\\/#primaryimage\"},\"image\":{\"@id\":\"https:\\\/\\\/locaterisk.com\\\/it-sicherheit-kommunen\\\/#primaryimage\"},\"thumbnailUrl\":\"https:\\\/\\\/locaterisk.com\\\/wp-content\\\/uploads\\\/2022\\\/06\\\/nikola-johnny-mirkovic-Z_dnvde5wxc-unsplash.png\",\"datePublished\":\"2022-06-27T16:00:07+00:00\",\"dateModified\":\"2022-06-28T09:05:05+00:00\",\"description\":\"Kommunen, St\u00e4dte und Gemeinde sind im Fadenkreuz der Cyberindustrie. Erfahren Sie, wie Sie die Sicherheitslage Ihrer kommunalen IT-Landschaft m\u00fchelos im Blick behalten.\",\"breadcrumb\":{\"@id\":\"https:\\\/\\\/locaterisk.com\\\/it-sicherheit-kommunen\\\/#breadcrumb\"},\"inLanguage\":\"fr-FR\",\"potentialAction\":[{\"@type\":\"ReadAction\",\"target\":[\"https:\\\/\\\/locaterisk.com\\\/it-sicherheit-kommunen\\\/\"]}]},{\"@type\":\"ImageObject\",\"inLanguage\":\"fr-FR\",\"@id\":\"https:\\\/\\\/locaterisk.com\\\/it-sicherheit-kommunen\\\/#primaryimage\",\"url\":\"https:\\\/\\\/locaterisk.com\\\/wp-content\\\/uploads\\\/2022\\\/06\\\/nikola-johnny-mirkovic-Z_dnvde5wxc-unsplash.png\",\"contentUrl\":\"https:\\\/\\\/locaterisk.com\\\/wp-content\\\/uploads\\\/2022\\\/06\\\/nikola-johnny-mirkovic-Z_dnvde5wxc-unsplash.png\",\"width\":1080,\"height\":461,\"caption\":\"Photo by Nikola Johnny Mirkovic\\\/Unsplash\"},{\"@type\":\"BreadcrumbList\",\"@id\":\"https:\\\/\\\/locaterisk.com\\\/it-sicherheit-kommunen\\\/#breadcrumb\",\"itemListElement\":[{\"@type\":\"ListItem\",\"position\":1,\"name\":\"Home\",\"item\":\"https:\\\/\\\/locaterisk.com\\\/\"},{\"@type\":\"ListItem\",\"position\":2,\"name\":\"IT-Sicherheit: Kommunen\"}]},{\"@type\":\"WebSite\",\"@id\":\"https:\\\/\\\/locaterisk.com\\\/de\\\/#website\",\"url\":\"https:\\\/\\\/locaterisk.com\\\/de\\\/\",\"name\":\"LocateRisk\",\"description\":\"IT-Sicherheit messen und vergleichen\",\"publisher\":{\"@id\":\"https:\\\/\\\/locaterisk.com\\\/de\\\/#organization\"},\"potentialAction\":[{\"@type\":\"SearchAction\",\"target\":{\"@type\":\"EntryPoint\",\"urlTemplate\":\"https:\\\/\\\/locaterisk.com\\\/de\\\/?s={search_term_string}\"},\"query-input\":{\"@type\":\"PropertyValueSpecification\",\"valueRequired\":true,\"valueName\":\"search_term_string\"}}],\"inLanguage\":\"fr-FR\"},{\"@type\":\"Organization\",\"@id\":\"https:\\\/\\\/locaterisk.com\\\/de\\\/#organization\",\"name\":\"LocateRisk\",\"url\":\"https:\\\/\\\/locaterisk.com\\\/de\\\/\",\"logo\":{\"@type\":\"ImageObject\",\"inLanguage\":\"fr-FR\",\"@id\":\"https:\\\/\\\/locaterisk.com\\\/de\\\/#\\\/schema\\\/logo\\\/image\\\/\",\"url\":\"https:\\\/\\\/locaterisk.com\\\/wp-content\\\/uploads\\\/2020\\\/11\\\/Kettenglieder_V0216-9.jpg\",\"contentUrl\":\"https:\\\/\\\/locaterisk.com\\\/wp-content\\\/uploads\\\/2020\\\/11\\\/Kettenglieder_V0216-9.jpg\",\"width\":1920,\"height\":1080,\"caption\":\"LocateRisk\"},\"image\":{\"@id\":\"https:\\\/\\\/locaterisk.com\\\/de\\\/#\\\/schema\\\/logo\\\/image\\\/\"},\"sameAs\":[\"https:\\\/\\\/www.linkedin.com\\\/company\\\/locaterisk\\\/\"]}]}<\/script>\n<!-- \/ Yoast SEO plugin. -->","yoast_head_json":{"title":"S\u00e9curit\u00e9 informatique : collectivit\u00e9s locales - LocateRisk","description":"Les communes, les villes et les municipalit\u00e9s sont dans le collimateur de la cyberindustrie. D\u00e9couvrez comment garder un \u0153il sur la s\u00e9curit\u00e9 de votre environnement informatique communal sans effort.","robots":{"index":"index","follow":"follow","max-snippet":"max-snippet:-1","max-image-preview":"max-image-preview:large","max-video-preview":"max-video-preview:-1"},"canonical":"https:\/\/locaterisk.com\/fr\/it-sicherheit-kommunen\/","og_locale":"fr_FR","og_type":"article","og_title":"IT-Sicherheit: Kommunen - LocateRisk","og_description":"Kommunen, St\u00e4dte und Gemeinde sind im Fadenkreuz der Cyberindustrie. Erfahren Sie, wie Sie die Sicherheitslage Ihrer kommunalen IT-Landschaft m\u00fchelos im Blick behalten.","og_url":"https:\/\/locaterisk.com\/fr\/it-sicherheit-kommunen\/","og_site_name":"LocateRisk","article_modified_time":"2022-06-28T09:05:05+00:00","og_image":[{"width":1080,"height":461,"url":"https:\/\/locaterisk.com\/wp-content\/uploads\/2022\/06\/nikola-johnny-mirkovic-Z_dnvde5wxc-unsplash.png","type":"image\/png"}],"twitter_card":"summary_large_image","twitter_misc":{"Dur\u00e9e de lecture estim\u00e9e":"4 minutes"},"schema":{"@context":"https:\/\/schema.org","@graph":[{"@type":"WebPage","@id":"https:\/\/locaterisk.com\/it-sicherheit-kommunen\/","url":"https:\/\/locaterisk.com\/it-sicherheit-kommunen\/","name":"S\u00e9curit\u00e9 informatique : collectivit\u00e9s locales - LocateRisk","isPartOf":{"@id":"https:\/\/locaterisk.com\/de\/#website"},"primaryImageOfPage":{"@id":"https:\/\/locaterisk.com\/it-sicherheit-kommunen\/#primaryimage"},"image":{"@id":"https:\/\/locaterisk.com\/it-sicherheit-kommunen\/#primaryimage"},"thumbnailUrl":"https:\/\/locaterisk.com\/wp-content\/uploads\/2022\/06\/nikola-johnny-mirkovic-Z_dnvde5wxc-unsplash.png","datePublished":"2022-06-27T16:00:07+00:00","dateModified":"2022-06-28T09:05:05+00:00","description":"Les communes, les villes et les municipalit\u00e9s sont dans le collimateur de la cyberindustrie. D\u00e9couvrez comment garder un \u0153il sur la s\u00e9curit\u00e9 de votre environnement informatique communal sans effort.","breadcrumb":{"@id":"https:\/\/locaterisk.com\/it-sicherheit-kommunen\/#breadcrumb"},"inLanguage":"fr-FR","potentialAction":[{"@type":"ReadAction","target":["https:\/\/locaterisk.com\/it-sicherheit-kommunen\/"]}]},{"@type":"ImageObject","inLanguage":"fr-FR","@id":"https:\/\/locaterisk.com\/it-sicherheit-kommunen\/#primaryimage","url":"https:\/\/locaterisk.com\/wp-content\/uploads\/2022\/06\/nikola-johnny-mirkovic-Z_dnvde5wxc-unsplash.png","contentUrl":"https:\/\/locaterisk.com\/wp-content\/uploads\/2022\/06\/nikola-johnny-mirkovic-Z_dnvde5wxc-unsplash.png","width":1080,"height":461,"caption":"Photo by Nikola Johnny Mirkovic\/Unsplash"},{"@type":"BreadcrumbList","@id":"https:\/\/locaterisk.com\/it-sicherheit-kommunen\/#breadcrumb","itemListElement":[{"@type":"ListItem","position":1,"name":"Home","item":"https:\/\/locaterisk.com\/"},{"@type":"ListItem","position":2,"name":"IT-Sicherheit: Kommunen"}]},{"@type":"WebSite","@id":"https:\/\/locaterisk.com\/de\/#website","url":"https:\/\/locaterisk.com\/de\/","name":"LocateRisk","description":"Mesurer et comparer la s\u00e9curit\u00e9 informatique","publisher":{"@id":"https:\/\/locaterisk.com\/de\/#organization"},"potentialAction":[{"@type":"SearchAction","target":{"@type":"EntryPoint","urlTemplate":"https:\/\/locaterisk.com\/de\/?s={search_term_string}"},"query-input":{"@type":"PropertyValueSpecification","valueRequired":true,"valueName":"search_term_string"}}],"inLanguage":"fr-FR"},{"@type":"Organization","@id":"https:\/\/locaterisk.com\/de\/#organization","name":"LocateRisk","url":"https:\/\/locaterisk.com\/de\/","logo":{"@type":"ImageObject","inLanguage":"fr-FR","@id":"https:\/\/locaterisk.com\/de\/#\/schema\/logo\/image\/","url":"https:\/\/locaterisk.com\/wp-content\/uploads\/2020\/11\/Kettenglieder_V0216-9.jpg","contentUrl":"https:\/\/locaterisk.com\/wp-content\/uploads\/2020\/11\/Kettenglieder_V0216-9.jpg","width":1920,"height":1080,"caption":"LocateRisk"},"image":{"@id":"https:\/\/locaterisk.com\/de\/#\/schema\/logo\/image\/"},"sameAs":["https:\/\/www.linkedin.com\/company\/locaterisk\/"]}]}},"_links":{"self":[{"href":"https:\/\/locaterisk.com\/fr\/wp-json\/wp\/v2\/pages\/3491","targetHints":{"allow":["GET"]}}],"collection":[{"href":"https:\/\/locaterisk.com\/fr\/wp-json\/wp\/v2\/pages"}],"about":[{"href":"https:\/\/locaterisk.com\/fr\/wp-json\/wp\/v2\/types\/page"}],"author":[{"embeddable":true,"href":"https:\/\/locaterisk.com\/fr\/wp-json\/wp\/v2\/users\/8"}],"replies":[{"embeddable":true,"href":"https:\/\/locaterisk.com\/fr\/wp-json\/wp\/v2\/comments?post=3491"}],"version-history":[{"count":26,"href":"https:\/\/locaterisk.com\/fr\/wp-json\/wp\/v2\/pages\/3491\/revisions"}],"predecessor-version":[{"id":3565,"href":"https:\/\/locaterisk.com\/fr\/wp-json\/wp\/v2\/pages\/3491\/revisions\/3565"}],"wp:featuredmedia":[{"embeddable":true,"href":"https:\/\/locaterisk.com\/fr\/wp-json\/wp\/v2\/media\/3456"}],"wp:attachment":[{"href":"https:\/\/locaterisk.com\/fr\/wp-json\/wp\/v2\/media?parent=3491"}],"curies":[{"name":"wp","href":"https:\/\/api.w.org\/{rel}","templated":true}]}}