{"id":4046,"date":"2022-08-03T12:14:07","date_gmt":"2022-08-03T12:14:07","guid":{"rendered":"https:\/\/locaterisk.com\/?page_id=4046"},"modified":"2022-08-03T16:31:12","modified_gmt":"2022-08-03T16:31:12","slug":"it-sicherheit-automobilzulieferer","status":"publish","type":"page","link":"https:\/\/locaterisk.com\/fr\/it-sicherheit-automobilzulieferer\/","title":{"rendered":"S\u00e9curit\u00e9 informatique : \u00e9quipementiers automobiles"},"content":{"rendered":"<h1 class=\"blog-title wp-block-heading\" id=\"case-study-mit-it-monitoring-in-richtung-sichere-stadt\">S\u00e9curit\u00e9 informatique pour les fournisseurs automobiles : anticiper et minimiser les cyber-risques<\/h1>\n\n\n\n<p>Les fournisseurs de l'industrie automobile sont en permanence dans le collimateur des attaquants. En raison de leurs liens \u00e9troits avec les constructeurs, ils sont consid\u00e9r\u00e9s comme une cible facile ayant une grande influence sur la cha\u00eene d'approvisionnement. Une perturbation de l'activit\u00e9, une interruption de la production ou un arr\u00eat peuvent avoir des effets d\u00e9vastateurs et constituent un moyen de pression id\u00e9al pour obtenir une ran\u00e7on. Il est donc essentiel pour les entreprises de surveiller en permanence la s\u00e9curit\u00e9 de leurs syst\u00e8mes informatiques afin de garantir un niveau de protection \u00e9lev\u00e9. En outre, il convient d'identifier et d'avertir rapidement les partenaires commerciaux des risques potentiels. <\/p>\n\n\n\n<p>Les analyses de s\u00e9curit\u00e9 informatique et le monitoring de LocateRisk assurent la transparence n\u00e9cessaire dans l'\u00e9cosyst\u00e8me et permettent une minimisation acc\u00e9l\u00e9r\u00e9e des surfaces d'attaque. Vous pouvez facilement suivre l'\u00e9volution des activit\u00e9s de s\u00e9curit\u00e9 et d\u00e9montrer leur statut \u00e0 des tiers.<\/p>\n\n\n\n<p><\/p>\n\n\n<div class=\"wp-block-image\">\n<figure class=\"aligncenter size-large is-resized\"><img loading=\"lazy\" decoding=\"async\" src=\"https:\/\/locaterisk.com\/wp-content\/uploads\/2022\/08\/IT-Sicherheit-Automobilzulieferer-1-1024x436.png\" alt=\"\" class=\"wp-image-4061\" width=\"837\" height=\"355\" srcset=\"https:\/\/locaterisk.com\/wp-content\/uploads\/2022\/08\/IT-Sicherheit-Automobilzulieferer-1-1024x436.png 1024w, https:\/\/locaterisk.com\/wp-content\/uploads\/2022\/08\/IT-Sicherheit-Automobilzulieferer-1-300x128.png 300w, https:\/\/locaterisk.com\/wp-content\/uploads\/2022\/08\/IT-Sicherheit-Automobilzulieferer-1-768x327.png 768w, https:\/\/locaterisk.com\/wp-content\/uploads\/2022\/08\/IT-Sicherheit-Automobilzulieferer-1-18x8.png 18w\" sizes=\"auto, (max-width: 837px) 100vw, 837px\" \/><\/figure><\/div>\n\n<h3>La s\u00e9curit\u00e9 informatique d'un point de vue externe : les fournisseurs de l'industrie automobile en Allemagne<\/h3>\n<p style=\"text-align: left;\">Le changement structurel dans l'industrie automobile prend de l'ampleur. L'\u00e9lectromobilit\u00e9, le covoiturage, les v\u00e9hicules connect\u00e9s et la conduite autonome sont des m\u00e9ga-tendances qui enrichissent de plus en plus notre quotidien mobile. La mise en r\u00e9seau qui en d\u00e9coule - qu'il s'agisse des interfaces des utilisateurs, des voitures, des voies de production ou des cha\u00eenes d'approvisionnement - comporte toutefois des risques consid\u00e9rables. L'espionnage, le sabotage, le vol de donn\u00e9es et l'extorsion de ran\u00e7ons posent de nouveaux d\u00e9fis aux fabricants ainsi qu'aux fournisseurs de composants et de syst\u00e8mes, car ils n\u00e9cessitent une approche globale de la s\u00e9curit\u00e9 informatique. L'importance accord\u00e9e \u00e0 la cybers\u00e9curit\u00e9 dans ce secteur est confirm\u00e9e par les r\u00e9glementations internationales de la CEE-ONU ainsi que par l'adaptation sp\u00e9cifique de la norme ISO 27001 par la norme TISAX pour la s\u00e9curit\u00e9 de l'information dans le secteur automobile.<\/p>\n<p class=\"p1\" style=\"text-align: left;\"><span class=\"s1\"><strong>Des potentiels d'am\u00e9lioration malgr\u00e9 des progr\u00e8s visibles<br \/><\/strong><\/span><span class=\"s1\">Notre analyse de 252 fournisseurs automobiles a montr\u00e9 que des progr\u00e8s visibles ont \u00e9t\u00e9 r\u00e9alis\u00e9s en ce qui concerne les mises \u00e0 jour logicielles et l'accessibilit\u00e9 des interfaces syst\u00e8me. En revanche, il reste encore beaucoup \u00e0 faire en mati\u00e8re de s\u00e9curit\u00e9 de la transmission des donn\u00e9es. <\/span><span class=\"s1\">La collecte des donn\u00e9es s'est faite par la saisie et le traitement d'informations provenant de sources accessibles au public.<span class=\"Apple-converted-space\">\u00a0<\/span><\/span><\/p>\n<h3>Les r\u00e9sultats en d\u00e9tail<\/h3>\n<p><strong>Envoi de courrier prot\u00e9g\u00e9<\/strong><br \/>52 % des grandes villes contr\u00f4l\u00e9es envoyaient des courriels partiellement non prot\u00e9g\u00e9s (sans inscription SPF), ce qui facilite les attaques de spam et de phishing par falsification de courrier.<\/p>\n<p><strong>Accessibilit\u00e9 des interfaces du syst\u00e8me<\/strong><br \/>Les syst\u00e8mes de base de donn\u00e9es de l'entreprise n'\u00e9taient pas tous prot\u00e9g\u00e9s de mani\u00e8re ad\u00e9quate contre les cyber-attaques, comme le montrent 41 % des cas. Les syst\u00e8mes accessibles de l'ext\u00e9rieur et non s\u00e9curis\u00e9s facilitent l'acc\u00e8s des pirates aux donn\u00e9es sensibles.<\/p>\n<p><strong>S\u00e9curit\u00e9 de la transmission des donn\u00e9es<br \/><\/strong>87 % autorisaient le transfert de donn\u00e9es avec un cryptage de transport obsol\u00e8te, ce qui favorise le vol de donn\u00e9es.<\/p>\n<p><strong>Applications obsol\u00e8tes<br \/><\/strong>Dans 29 % des cas, au moins une application pr\u00e9sentant une faille de s\u00e9curit\u00e9 potentielle de haute criticit\u00e9 a \u00e9t\u00e9 trouv\u00e9e. Les applications ne disposant pas de mises \u00e0 jour de s\u00e9curit\u00e9 sont une porte d'entr\u00e9e bienvenue pour les pirates.<\/p>\n<p><strong>Conformit\u00e9 au RGPD<br \/><\/strong>45 % des grandes villes utilisaient des cookies de suivi sans autorisation de l'utilisateur. Dans ces cas, des avertissements et des amendes peuvent \u00eatre inflig\u00e9s.<\/p>\n<p>\u00a0<\/p>\n<h3>Obtenez un aper\u00e7u de la surface d'attaque informatique externe de votre entreprise<\/h3>\n<p>Les responsables informatiques font de leur mieux pour garantir la s\u00e9curit\u00e9 informatique de leurs syst\u00e8mes. Mais comment d\u00e9montrer en permanence l'\u00e9tat actuel des performances en mati\u00e8re de s\u00e9curit\u00e9 informatique ? Avec l'analyse de la s\u00e9curit\u00e9 informatique de LocateRisk, c'est simple et rapide. Venez vous en convaincre par vous-m\u00eame : Les organisations int\u00e9ress\u00e9es peuvent obtenir gratuitement une \u00e9valuation de la s\u00e9curit\u00e9 de leur environnement informatique, y compris un aper\u00e7u de 30 minutes de l'analyse d\u00e9taill\u00e9e, en appelant le : T\u00e9l. 06151 6290246 ou par e-mail \u00e0 : em@LocateRisk.com<\/p>\n<p>\u00a0<\/p>\n\n\n<div class=\"wp-block-lr-contact-post-module\">\n\t<div id=\"lr-contact-form\" class=\"wp-block-lr-contact-post-module\">\n\t\t<div id=\"formular\" class=\"content\">\n\t\t\t<div class=\"inner-content\">\n\t\t\t\t<div class=\"column-2 feature-mode\">\n\t\t\t\t\t<h2>Demandez maintenant une D\u00e9mo en direct personelle<\/h2>\n\t\t\t\t\t\n\t\t\t\t\t\t\t\t\t\t\t\t\t<div>\n\t\t\t\t\t\t\t\t<p class=\"margin-b-36\">Identifiez et r\u00e9duisez vos cyber-risques gr\u00e2ce \u00e0 un aper\u00e7u comparable et compr\u00e9hensible de votre s\u00e9curit\u00e9 informatique. Demandez conseil \u00e0 nos experts et d\u00e9couvrez comment LocateRisk peut vous aider \u00e0 r\u00e9soudre vos cyber-risques.<\/p>\n\t\t\t\t\t\t\t<\/div>\t\n\t\t\t\t\t\t\t\t\n\t\t\t\t\t\t\n\t\t\t\t\t\t\t\t\t<\/div> \n\t\t\t\t<div class=\"column-2\">\n\t\t\t\t\t<form action=\"\" class=\"form\" method=\"post\" role=\"form\" novalidate data-trp-original-action=\"\">\n\t\t\t\t\t\t<input type=\"text\" id=\"successmessage\" name=\"successmessage\" value=\"\" hidden>\n\t\t\t\t\t\t<input type=\"text\" id=\"errormessage\" name=\"errormessage\" value=\"\" hidden>\n\t\t\t\t\t\t<input type=\"text\" id=\"slug\" name=\"slug\" value=\"it-sicherheit-automobilzulieferer\" hidden>\n\n\t\t\t\t\t\t\t\t\t\t\t\t\t<input\n\t\t\t\t\t\t\t\ttype=\"text\"\n\t\t\t\t\t\t\t\tid=\"name\"\n\t\t\t\t\t\t\t\tname=\"name\"\n\t\t\t\t\t\t\t\tplaceholder=\"Pr\u00e9nom\"\n\t\t\t\t\t\t\t\trequired\tmaxlength=\"50\"\/>\n\n\t\t\t\t\t\t\t<input\n\t\t\t\t\t\t\t\ttype=\"text\"\n\t\t\t\t\t\t\t\tid=\"surname\"\n\t\t\t\t\t\t\t\tname=\"surname\"\n\t\t\t\t\t\t\t\tplaceholder=\"Nom\"\n\t\t\t\t\t\t\t\trequired\n\t\t\t\t\t\t\t\tmaxlength=\"50\"\/>\n\t\t\t\t\t\t\n\t\t\t\t\t\t<input\n\t\t\t\t\t\t\ttype=\"email\"\n\t\t\t\t\t\t\tid=\"email\"\n\t\t\t\t\t\t\tname=\"email\"\n\t\t\t\t\t\t\tplaceholder=\"Courrier \u00e9lectronique\"\n\t\t\t\t\t\t\trequired\n\t\t\t\t\t\t\tmaxlength=\"50\"\/>\n\n\t\t\t\t\t\t<input\n\t\t\t\t\t\t\ttype=\"text\"\n\t\t\t\t\t\t\tid=\"phone\"\n\t\t\t\t\t\t\tname=\"phone\"\n\t\t\t\t\t\t\tplaceholder=\"T\u00e9l\u00e9phone\"\n\t\t\t\t\t\t\trequired\n\t\t\t\t\t\t\tmaxlength=\"50\"\/>\n\t\t\t\t\t\t\t\n\t\t\t\t\t\t\t\t\t\t\t\t\n\t\t\t\t\t\t<h6 class=\"error-message\" hidden>...<\/h6>\n\t\t\t\t\t\t<div class=\"checkbox_container\">\n\t\t\t\t\t\t\t<div class=\"checkbox\">\n\t\t\t\t\t\t\t\t<input\n\t\t\t\t\t\t\t\t\ttype=\"checkbox\"\n\t\t\t\t\t\t\t\t\tid=\"checkbox\"\n\t\t\t\t\t\t\t\t\tname=\"checkbox\" \/>\n\n\t\t\t\t\t\t\t\t<label for=\"checkbox\"><\/label>\n\t\t\t\t\t\t\t<\/div>\n\t\t\t\t\t\t\t<p>J'ai fait le <a href=\"https:\/\/locaterisk.com\/fr\/datenschutz\/\" target=\"_blank\" rel=\"noreferrer noopener\">politique de confidentialit\u00e9.<\/a> lu<\/p> \n\t\t\t\t\t\t<\/div>\n\t\t\t\t\t\t\n\t\t\t\t\t<div class=\"g-recaptcha\" data-sitekey=\"6LdErNoZAAAAAD1Re2jNxtDFfcDaL9iED5MRBzjR\" data-callback=\"verifyRecaptchaCallback\" data-expired-callback=\"expiredRecaptchaCallback\"><\/div>\n\t\t\t\t\t<input type=\"hidden\" name=\"g-recaptcha-response\" data-recaptcha \/>\n\n\t\t\t\t\t\t<button class=\"lr-button-link\" type=\"submit\">Fixer un rendez-vous pour une d\u00e9mo en direct<\/button>\n\t\t\t\t\t<input type=\"hidden\" name=\"trp-form-language\" value=\"fr\"\/><\/form>\n\t\t\t\t<\/div>\n\t\t\t<\/div>\n\t\t<\/div>\n\t<\/div>\n\t\n\t<\/div>\n\n\n\n<hr class=\"wp-block-separator has-css-opacity is-style-wide\"\/>\n\n\n\n<div class=\"wp-block-lr-contact-module\"><div class=\"content\"><h2>En savoir plus, r\u00e9server une d\u00e9mo ou simplement \u00e9changer quelques mots ? Nous nous en r\u00e9jouissons !<\/h2><div class=\"contact-info-row\"><div class=\"contact-person-info\"><div class=\"avatar\"><img decoding=\"async\" src=\"https:\/\/locaterisk.com\/wp-content\/uploads\/2025\/06\/Lukas_Baumann_LocateRisk-300.png\"><\/div><p><span class=\"text before\">Votre Contact<\/span><span class=\"bold name\"><strong>Lukas<\/strong><\/span> <span class=\"lastname\"><strong>Baumann<strong><\/strong><\/strong><\/span><strong><strong><span class=\"separator\"><\/span><span class=\"role\">PDG<\/span><\/strong><\/strong><\/p><\/div><p class=\"bold phone\"><strong><strong>+49 6151 6290246<\/strong><\/strong><\/p><strong><strong><a class=\"pr-1\" href=\"mailto: sales@locaterisk.com\">Contactez-nous maintenant<\/a><\/strong><\/strong><\/div><\/div><\/div>\n\n\n\n<p><\/p>\n\n\n\n<div class=\"wp-block-lr-footer-module lr-footer-block\"><div class=\"content\"><div class=\"column0\"><img decoding=\"async\" src=\"https:\/\/locaterisk.com\/wp-content\/plugins\/locate-risk-prod\/lr-blocks\/assets\/img\/lr-logo.svg\"\/><\/div><div class=\"categories\"><div class=\"categories-element\"><a class=\"pr-4\" href=\"https:\/\/locaterisk.com\/fr\/\">Accueil<\/a><\/div><div class=\"categories-element\"><a class=\"pr-4\" href=\"\/fr\/blog\/\">Blog<\/a><\/div><div class=\"categories-element\"><a class=\"pr-4\" href=\"\/fr\/about\/\">par rapport \u00e0 nous<\/a><\/div><div class=\"categories-element\"><a class=\"pr-4\" href=\"\/fr\/kontakt\/\">Contact<\/a><\/div><div class=\"categories-element\"><a class=\"pr-4\" href=\"\/fr\/impressum\/\">mentiones l\u00e9gales<\/a><\/div><div class=\"categories-break\"><\/div><div class=\"categories-element\"><a class=\"pr-4\" href=\"\/fr\/datenschutz\/\">Confidentialit\u00e9<\/a><\/div><div class=\"categories-element\"><a class=\"pr-4\" href=\"\/files\/agb.pdf\">CONDITIONS G\u00c9N\u00c9RALES DE VENTE<\/a><\/div><div class=\"categories-element\"><a class=\"pr-4\" href=\"\/fr\/jobs\/\">Carri\u00e8re<\/a><\/div><div class=\"categories-element\"><a class=\"pr-4\" href=\"\/files\/sec-information.pdf\">s\u00e9curit\u00e9<\/a><\/div><div class=\"categories-element\"><a class=\"pr-4\" href=\"https:\/\/app.secfix.com\/trust\/locaterisk\/d1e7d433b33643aea1880bfbfeab9f60\">Centre de confiance<\/a><\/div><\/div><div class=\"social\"><div class=\"social-element\"><a target=\"_blank\" href=\"https:\/\/www.linkedin.com\/company\/locaterisk\/\"><img decoding=\"async\" src=\"https:\/\/locaterisk.com\/wp-content\/uploads\/2020\/10\/gruppe-230@3x.png\"\/><\/a><\/div><div class=\"social-element\"><a target=\"_blank\" href=\"https:\/\/www.instagram.com\/locaterisk\/\"><img decoding=\"async\" src=\"https:\/\/locaterisk.com\/wp-content\/uploads\/2020\/11\/Instagram.png\"\/><\/a><\/div><div class=\"social-element\"><a target=\"_blank\" href=\"https:\/\/twitter.com\/locaterisk\"><img decoding=\"async\" src=\"https:\/\/locaterisk.com\/wp-content\/uploads\/2020\/11\/twitter.png\"\/><\/a><\/div><\/div><div class=\"description\"><h6>\u00a9 LocateRisk 2026<\/h6><\/div><\/div><\/div>","protected":false},"excerpt":{"rendered":"<p>IT-Sicherheit f\u00fcr Automobilzulieferer: Vorausschauend Cyber-Risiken minimieren Zulieferer der Automobilindustrie sind dauerhaft im Visier von Angreifern. Durch ihre enge Verzahnung mit den Herstellern gelten sie als leichtes Ziel mit gro\u00dfem Einfluss auf die Lieferkette. Eine St\u00f6rung im Betrieb, eine Produktionsunterbrechung oder ein Stillstand k\u00f6nnen verheerende Auswirkungen haben und sind ein ideales Druckmittel f\u00fcr L\u00f6segeld. F\u00fcr die [&hellip;]<\/p>\n","protected":false},"author":8,"featured_media":4061,"parent":0,"menu_order":0,"comment_status":"closed","ping_status":"closed","template":"","meta":{"footnotes":""},"class_list":["post-4046","page","type-page","status-publish","has-post-thumbnail","hentry"],"yoast_head":"<!-- This site is optimized with the Yoast SEO plugin v27.4 - https:\/\/yoast.com\/product\/yoast-seo-wordpress\/ -->\n<title>IT-Sicherheit: Automobilzulieferer - LocateRisk<\/title>\n<meta name=\"description\" content=\"F\u00fcr Zulieferer der Automobilindustrie ist ein hohes IT-Sicherheitsniveau essenziell. Das gilt auch f\u00fcr die externe, digitalen Angriffsfl\u00e4chen. IT-Sicherheitsanalysen sorgen f\u00fcr die n\u00f6tige Transparenz.\" \/>\n<meta name=\"robots\" content=\"index, follow, max-snippet:-1, max-image-preview:large, max-video-preview:-1\" \/>\n<link rel=\"canonical\" href=\"https:\/\/locaterisk.com\/fr\/it-sicherheit-automobilzulieferer\/\" \/>\n<meta property=\"og:locale\" content=\"fr_FR\" \/>\n<meta property=\"og:type\" content=\"article\" \/>\n<meta property=\"og:title\" content=\"IT-Sicherheit: Automobilzulieferer - LocateRisk\" \/>\n<meta property=\"og:description\" content=\"F\u00fcr Zulieferer der Automobilindustrie ist ein hohes IT-Sicherheitsniveau essenziell. Das gilt auch f\u00fcr die externe, digitalen Angriffsfl\u00e4chen. IT-Sicherheitsanalysen sorgen f\u00fcr die n\u00f6tige Transparenz.\" \/>\n<meta property=\"og:url\" content=\"https:\/\/locaterisk.com\/fr\/it-sicherheit-automobilzulieferer\/\" \/>\n<meta property=\"og:site_name\" content=\"LocateRisk\" \/>\n<meta property=\"article:modified_time\" content=\"2022-08-03T16:31:12+00:00\" \/>\n<meta property=\"og:image\" content=\"https:\/\/locaterisk.com\/wp-content\/uploads\/2022\/08\/IT-Sicherheit-Automobilzulieferer-1.png\" \/>\n\t<meta property=\"og:image:width\" content=\"1080\" \/>\n\t<meta property=\"og:image:height\" content=\"460\" \/>\n\t<meta property=\"og:image:type\" content=\"image\/png\" \/>\n<meta name=\"twitter:card\" content=\"summary_large_image\" \/>\n<meta name=\"twitter:label1\" content=\"Dur\u00e9e de lecture estim\u00e9e\" \/>\n\t<meta name=\"twitter:data1\" content=\"3 minutes\" \/>\n<script type=\"application\/ld+json\" class=\"yoast-schema-graph\">{\"@context\":\"https:\\\/\\\/schema.org\",\"@graph\":[{\"@type\":\"WebPage\",\"@id\":\"https:\\\/\\\/locaterisk.com\\\/it-sicherheit-automobilzulieferer\\\/\",\"url\":\"https:\\\/\\\/locaterisk.com\\\/it-sicherheit-automobilzulieferer\\\/\",\"name\":\"IT-Sicherheit: Automobilzulieferer - LocateRisk\",\"isPartOf\":{\"@id\":\"https:\\\/\\\/locaterisk.com\\\/de\\\/#website\"},\"primaryImageOfPage\":{\"@id\":\"https:\\\/\\\/locaterisk.com\\\/it-sicherheit-automobilzulieferer\\\/#primaryimage\"},\"image\":{\"@id\":\"https:\\\/\\\/locaterisk.com\\\/it-sicherheit-automobilzulieferer\\\/#primaryimage\"},\"thumbnailUrl\":\"https:\\\/\\\/locaterisk.com\\\/wp-content\\\/uploads\\\/2022\\\/08\\\/IT-Sicherheit-Automobilzulieferer-1.png\",\"datePublished\":\"2022-08-03T12:14:07+00:00\",\"dateModified\":\"2022-08-03T16:31:12+00:00\",\"description\":\"F\u00fcr Zulieferer der Automobilindustrie ist ein hohes IT-Sicherheitsniveau essenziell. Das gilt auch f\u00fcr die externe, digitalen Angriffsfl\u00e4chen. IT-Sicherheitsanalysen sorgen f\u00fcr die n\u00f6tige Transparenz.\",\"breadcrumb\":{\"@id\":\"https:\\\/\\\/locaterisk.com\\\/it-sicherheit-automobilzulieferer\\\/#breadcrumb\"},\"inLanguage\":\"fr-FR\",\"potentialAction\":[{\"@type\":\"ReadAction\",\"target\":[\"https:\\\/\\\/locaterisk.com\\\/it-sicherheit-automobilzulieferer\\\/\"]}]},{\"@type\":\"ImageObject\",\"inLanguage\":\"fr-FR\",\"@id\":\"https:\\\/\\\/locaterisk.com\\\/it-sicherheit-automobilzulieferer\\\/#primaryimage\",\"url\":\"https:\\\/\\\/locaterisk.com\\\/wp-content\\\/uploads\\\/2022\\\/08\\\/IT-Sicherheit-Automobilzulieferer-1.png\",\"contentUrl\":\"https:\\\/\\\/locaterisk.com\\\/wp-content\\\/uploads\\\/2022\\\/08\\\/IT-Sicherheit-Automobilzulieferer-1.png\",\"width\":1080,\"height\":460,\"caption\":\"Photo by thisisengineering-raeng\\\/Unsplash\"},{\"@type\":\"BreadcrumbList\",\"@id\":\"https:\\\/\\\/locaterisk.com\\\/it-sicherheit-automobilzulieferer\\\/#breadcrumb\",\"itemListElement\":[{\"@type\":\"ListItem\",\"position\":1,\"name\":\"Home\",\"item\":\"https:\\\/\\\/locaterisk.com\\\/\"},{\"@type\":\"ListItem\",\"position\":2,\"name\":\"IT-Sicherheit: Automobilzulieferer\"}]},{\"@type\":\"WebSite\",\"@id\":\"https:\\\/\\\/locaterisk.com\\\/de\\\/#website\",\"url\":\"https:\\\/\\\/locaterisk.com\\\/de\\\/\",\"name\":\"LocateRisk\",\"description\":\"IT-Sicherheit messen und vergleichen\",\"publisher\":{\"@id\":\"https:\\\/\\\/locaterisk.com\\\/de\\\/#organization\"},\"potentialAction\":[{\"@type\":\"SearchAction\",\"target\":{\"@type\":\"EntryPoint\",\"urlTemplate\":\"https:\\\/\\\/locaterisk.com\\\/de\\\/?s={search_term_string}\"},\"query-input\":{\"@type\":\"PropertyValueSpecification\",\"valueRequired\":true,\"valueName\":\"search_term_string\"}}],\"inLanguage\":\"fr-FR\"},{\"@type\":\"Organization\",\"@id\":\"https:\\\/\\\/locaterisk.com\\\/de\\\/#organization\",\"name\":\"LocateRisk\",\"url\":\"https:\\\/\\\/locaterisk.com\\\/de\\\/\",\"logo\":{\"@type\":\"ImageObject\",\"inLanguage\":\"fr-FR\",\"@id\":\"https:\\\/\\\/locaterisk.com\\\/de\\\/#\\\/schema\\\/logo\\\/image\\\/\",\"url\":\"https:\\\/\\\/locaterisk.com\\\/wp-content\\\/uploads\\\/2020\\\/11\\\/Kettenglieder_V0216-9.jpg\",\"contentUrl\":\"https:\\\/\\\/locaterisk.com\\\/wp-content\\\/uploads\\\/2020\\\/11\\\/Kettenglieder_V0216-9.jpg\",\"width\":1920,\"height\":1080,\"caption\":\"LocateRisk\"},\"image\":{\"@id\":\"https:\\\/\\\/locaterisk.com\\\/de\\\/#\\\/schema\\\/logo\\\/image\\\/\"},\"sameAs\":[\"https:\\\/\\\/www.linkedin.com\\\/company\\\/locaterisk\\\/\"]}]}<\/script>\n<!-- \/ Yoast SEO plugin. -->","yoast_head_json":{"title":"S\u00e9curit\u00e9 informatique : fournisseur automobile - LocateRisk","description":"Pour les fournisseurs de l'industrie automobile, un niveau \u00e9lev\u00e9 de s\u00e9curit\u00e9 informatique est essentiel. Cela vaut \u00e9galement pour les surfaces d'attaque num\u00e9riques externes. Les analyses de s\u00e9curit\u00e9 informatique assurent la transparence n\u00e9cessaire.","robots":{"index":"index","follow":"follow","max-snippet":"max-snippet:-1","max-image-preview":"max-image-preview:large","max-video-preview":"max-video-preview:-1"},"canonical":"https:\/\/locaterisk.com\/fr\/it-sicherheit-automobilzulieferer\/","og_locale":"fr_FR","og_type":"article","og_title":"IT-Sicherheit: Automobilzulieferer - LocateRisk","og_description":"F\u00fcr Zulieferer der Automobilindustrie ist ein hohes IT-Sicherheitsniveau essenziell. Das gilt auch f\u00fcr die externe, digitalen Angriffsfl\u00e4chen. IT-Sicherheitsanalysen sorgen f\u00fcr die n\u00f6tige Transparenz.","og_url":"https:\/\/locaterisk.com\/fr\/it-sicherheit-automobilzulieferer\/","og_site_name":"LocateRisk","article_modified_time":"2022-08-03T16:31:12+00:00","og_image":[{"width":1080,"height":460,"url":"https:\/\/locaterisk.com\/wp-content\/uploads\/2022\/08\/IT-Sicherheit-Automobilzulieferer-1.png","type":"image\/png"}],"twitter_card":"summary_large_image","twitter_misc":{"Dur\u00e9e de lecture estim\u00e9e":"3 minutes"},"schema":{"@context":"https:\/\/schema.org","@graph":[{"@type":"WebPage","@id":"https:\/\/locaterisk.com\/it-sicherheit-automobilzulieferer\/","url":"https:\/\/locaterisk.com\/it-sicherheit-automobilzulieferer\/","name":"S\u00e9curit\u00e9 informatique : fournisseur automobile - LocateRisk","isPartOf":{"@id":"https:\/\/locaterisk.com\/de\/#website"},"primaryImageOfPage":{"@id":"https:\/\/locaterisk.com\/it-sicherheit-automobilzulieferer\/#primaryimage"},"image":{"@id":"https:\/\/locaterisk.com\/it-sicherheit-automobilzulieferer\/#primaryimage"},"thumbnailUrl":"https:\/\/locaterisk.com\/wp-content\/uploads\/2022\/08\/IT-Sicherheit-Automobilzulieferer-1.png","datePublished":"2022-08-03T12:14:07+00:00","dateModified":"2022-08-03T16:31:12+00:00","description":"Pour les fournisseurs de l'industrie automobile, un niveau \u00e9lev\u00e9 de s\u00e9curit\u00e9 informatique est essentiel. Cela vaut \u00e9galement pour les surfaces d'attaque num\u00e9riques externes. Les analyses de s\u00e9curit\u00e9 informatique assurent la transparence n\u00e9cessaire.","breadcrumb":{"@id":"https:\/\/locaterisk.com\/it-sicherheit-automobilzulieferer\/#breadcrumb"},"inLanguage":"fr-FR","potentialAction":[{"@type":"ReadAction","target":["https:\/\/locaterisk.com\/it-sicherheit-automobilzulieferer\/"]}]},{"@type":"ImageObject","inLanguage":"fr-FR","@id":"https:\/\/locaterisk.com\/it-sicherheit-automobilzulieferer\/#primaryimage","url":"https:\/\/locaterisk.com\/wp-content\/uploads\/2022\/08\/IT-Sicherheit-Automobilzulieferer-1.png","contentUrl":"https:\/\/locaterisk.com\/wp-content\/uploads\/2022\/08\/IT-Sicherheit-Automobilzulieferer-1.png","width":1080,"height":460,"caption":"Photo by thisisengineering-raeng\/Unsplash"},{"@type":"BreadcrumbList","@id":"https:\/\/locaterisk.com\/it-sicherheit-automobilzulieferer\/#breadcrumb","itemListElement":[{"@type":"ListItem","position":1,"name":"Home","item":"https:\/\/locaterisk.com\/"},{"@type":"ListItem","position":2,"name":"IT-Sicherheit: Automobilzulieferer"}]},{"@type":"WebSite","@id":"https:\/\/locaterisk.com\/de\/#website","url":"https:\/\/locaterisk.com\/de\/","name":"LocateRisk","description":"Mesurer et comparer la s\u00e9curit\u00e9 informatique","publisher":{"@id":"https:\/\/locaterisk.com\/de\/#organization"},"potentialAction":[{"@type":"SearchAction","target":{"@type":"EntryPoint","urlTemplate":"https:\/\/locaterisk.com\/de\/?s={search_term_string}"},"query-input":{"@type":"PropertyValueSpecification","valueRequired":true,"valueName":"search_term_string"}}],"inLanguage":"fr-FR"},{"@type":"Organization","@id":"https:\/\/locaterisk.com\/de\/#organization","name":"LocateRisk","url":"https:\/\/locaterisk.com\/de\/","logo":{"@type":"ImageObject","inLanguage":"fr-FR","@id":"https:\/\/locaterisk.com\/de\/#\/schema\/logo\/image\/","url":"https:\/\/locaterisk.com\/wp-content\/uploads\/2020\/11\/Kettenglieder_V0216-9.jpg","contentUrl":"https:\/\/locaterisk.com\/wp-content\/uploads\/2020\/11\/Kettenglieder_V0216-9.jpg","width":1920,"height":1080,"caption":"LocateRisk"},"image":{"@id":"https:\/\/locaterisk.com\/de\/#\/schema\/logo\/image\/"},"sameAs":["https:\/\/www.linkedin.com\/company\/locaterisk\/"]}]}},"_links":{"self":[{"href":"https:\/\/locaterisk.com\/fr\/wp-json\/wp\/v2\/pages\/4046","targetHints":{"allow":["GET"]}}],"collection":[{"href":"https:\/\/locaterisk.com\/fr\/wp-json\/wp\/v2\/pages"}],"about":[{"href":"https:\/\/locaterisk.com\/fr\/wp-json\/wp\/v2\/types\/page"}],"author":[{"embeddable":true,"href":"https:\/\/locaterisk.com\/fr\/wp-json\/wp\/v2\/users\/8"}],"replies":[{"embeddable":true,"href":"https:\/\/locaterisk.com\/fr\/wp-json\/wp\/v2\/comments?post=4046"}],"version-history":[{"count":34,"href":"https:\/\/locaterisk.com\/fr\/wp-json\/wp\/v2\/pages\/4046\/revisions"}],"predecessor-version":[{"id":4806,"href":"https:\/\/locaterisk.com\/fr\/wp-json\/wp\/v2\/pages\/4046\/revisions\/4806"}],"wp:featuredmedia":[{"embeddable":true,"href":"https:\/\/locaterisk.com\/fr\/wp-json\/wp\/v2\/media\/4061"}],"wp:attachment":[{"href":"https:\/\/locaterisk.com\/fr\/wp-json\/wp\/v2\/media?parent=4046"}],"curies":[{"name":"wp","href":"https:\/\/api.w.org\/{rel}","templated":true}]}}