{"id":4495,"date":"2023-01-10T16:49:39","date_gmt":"2023-01-10T16:49:39","guid":{"rendered":"https:\/\/locaterisk.com\/?page_id=4495"},"modified":"2023-01-11T14:39:57","modified_gmt":"2023-01-11T14:39:57","slug":"it-sicherheit-krankenhaeuser","status":"publish","type":"page","link":"https:\/\/locaterisk.com\/fr\/it-sicherheit-krankenhaeuser\/","title":{"rendered":"H\u00f4pitaux &amp; cliniques"},"content":{"rendered":"<h1 class=\"blog-title wp-block-heading\" id=\"case-study-mit-it-monitoring-in-richtung-sichere-stadt\">Informatique hospitali\u00e8re : il est urgent de renforcer la protection<\/h1>\n\n\n\n<p><\/p>\n\n\n\n<p>Les donn\u00e9es de sant\u00e9 sont particuli\u00e8rement sensibles et pourtant, dans de nombreux cas, elles ne sont pas prot\u00e9g\u00e9es de mani\u00e8re ad\u00e9quate. C'est ce que r\u00e9v\u00e8le une enqu\u00eate statistique de LocateRisk sur la s\u00e9curit\u00e9 informatique des h\u00f4pitaux en Allemagne. Outre les normes existantes dans le secteur de la sant\u00e9, la directive europ\u00e9enne NIS2 imposera des obligations encore plus strictes aux exploitants d'infrastructures critiques \u00e0 partir de 2023. Les nouvelles exigences visent \u00e0 garantir que les donn\u00e9es des patients dans les h\u00f4pitaux et autres \u00e9tablissements m\u00e9dicaux soient mieux prot\u00e9g\u00e9es contre les cyberattaques et les violations de la protection des donn\u00e9es. Les obligations comprennent notamment des mises \u00e0 jour en temps opportun, la r\u00e9alisation d'audits de s\u00e9curit\u00e9, des formations \u00e0 la cybers\u00e9curit\u00e9 et des mesures visant \u00e0 renforcer la s\u00e9curit\u00e9 de la cha\u00eene d'approvisionnement. <\/p>\n\n\n\n<p><\/p>\n\n\n<div class=\"wp-block-image\">\n<figure class=\"aligncenter size-full is-resized\"><img loading=\"lazy\" decoding=\"async\" src=\"https:\/\/locaterisk.com\/wp-content\/uploads\/2023\/01\/LocateRisk_IT-Sicherheit-Krankenhaus-1.png\" alt=\"\" class=\"wp-image-4502\" width=\"840\" height=\"358\" srcset=\"https:\/\/locaterisk.com\/wp-content\/uploads\/2023\/01\/LocateRisk_IT-Sicherheit-Krankenhaus-1.png 800w, https:\/\/locaterisk.com\/wp-content\/uploads\/2023\/01\/LocateRisk_IT-Sicherheit-Krankenhaus-1-300x128.png 300w, https:\/\/locaterisk.com\/wp-content\/uploads\/2023\/01\/LocateRisk_IT-Sicherheit-Krankenhaus-1-768x327.png 768w, https:\/\/locaterisk.com\/wp-content\/uploads\/2023\/01\/LocateRisk_IT-Sicherheit-Krankenhaus-1-18x8.png 18w\" sizes=\"auto, (max-width: 840px) 100vw, 840px\" \/><\/figure><\/div>\n\n<h3 style=\"text-align: left;\">La s\u00e9curit\u00e9 informatique d'un point de vue externe : les h\u00f4pitaux en Allemagne<\/h3>\n<p><strong>La collecte de donn\u00e9es sur la situation de la s\u00e9curit\u00e9 informatique des h\u00f4pitaux met en \u00e9vidence les faiblesses<br \/><\/strong><span class=\"s1\">Plus l'importance d'un \u00e9tablissement pour le maintien du syst\u00e8me et pour la soci\u00e9t\u00e9 est centrale, plus le risque qu'il soit pris pour cible par des cybercriminels est \u00e9lev\u00e9, souvent accompagn\u00e9 de demandes de ran\u00e7on importantes. L'augmentation rapide des attaques de pirates informatiques contre les \u00e9tablissements de sant\u00e9, qui ne date pas de la pand\u00e9mie Corona, montre \u00e0 quel point la menace est r\u00e9elle. Depuis janvier 2022, la loi sur la protection des donn\u00e9es des patients (PDSG) oblige les \u00e9tablissements m\u00e9dicaux \u00e0 prendre des mesures organisationnelles et techniques appropri\u00e9es en mati\u00e8re de s\u00e9curit\u00e9 informatique, conform\u00e9ment \u00e0 l'\u00e9tat de la technique.<br \/><\/span><\/p>\n<p class=\"p1\"><span class=\"s1\">L'audit de 1 286 h\u00f4pitaux r\u00e9v\u00e8le un besoin d'action consid\u00e9rable en mati\u00e8re de s\u00e9curit\u00e9 informatique.  La collecte des donn\u00e9es s'est faite par la saisie et le traitement d'informations provenant de sources accessibles au public.<span class=\"Apple-converted-space\">\u00a0<\/span><\/span><\/p>\n<h3 style=\"text-align: left;\">Les r\u00e9sultats\u00a0<\/h3>\n<p><strong>Envoi de courrier prot\u00e9g\u00e9<\/strong><br \/>58 % des h\u00f4pitaux contr\u00f4l\u00e9s envoyaient des e-mails partiellement non prot\u00e9g\u00e9s (sans inscription SPF), ce qui facilite les attaques de spam et de phishing par falsification des e-mails.<\/p>\n<p><strong>Accessibilit\u00e9 des interfaces du syst\u00e8me<\/strong><br \/><span style=\"font-weight: 400;\">44 % ne prot\u00e8gent pas correctement tous les syst\u00e8mes de base de donn\u00e9es appartenant \u00e0 l'h\u00f4pital contre les cyberattaques. <\/span>Les syst\u00e8mes accessibles de l'ext\u00e9rieur et non s\u00e9curis\u00e9s facilitent l'acc\u00e8s des pirates aux donn\u00e9es sensibles.<\/p>\n<p><strong>S\u00e9curit\u00e9 de la transmission des donn\u00e9es<br \/><\/strong>En outre, 90 % d'entre eux autorisaient la transmission de donn\u00e9es avec un cryptage de transport obsol\u00e8te, ce qui favorise le vol de donn\u00e9es.<\/p>\n<p><strong>Applications obsol\u00e8tes<br \/><\/strong>Dans 41 % des cas, au moins une application pr\u00e9sentant une faille de s\u00e9curit\u00e9 potentielle de haute criticit\u00e9 a \u00e9t\u00e9 trouv\u00e9e. Les applications ne disposant pas de mises \u00e0 jour de s\u00e9curit\u00e9 sont une porte d'entr\u00e9e bienvenue pour les pirates.<\/p>\n<p><strong>Conformit\u00e9 au RGPD<br \/><\/strong>20 % des h\u00f4pitaux utilisaient des cookies de suivi sans autorisation de l'utilisateur. Dans ces cas, des avertissements et des amendes peuvent \u00eatre inflig\u00e9s.<\/p>\n<p>\u00a0<\/p>\n<h3>Obtenir une vision claire de la surface d'attaque informatique externe de votre \u00e9tablissement m\u00e9dical<\/h3>\n<p>Les responsables informatiques font de leur mieux pour garantir la s\u00e9curit\u00e9 de leur infrastructure informatique. Mais comment d\u00e9montrer en permanence l'\u00e9tat actuel de la s\u00e9curit\u00e9 ? Avec l'analyse de la s\u00e9curit\u00e9 informatique de LocateRisk, c'est simple, s\u00fbr et rapide. Les organisations int\u00e9ress\u00e9es peuvent obtenir gratuitement une \u00e9valuation de la s\u00e9curit\u00e9 de leur environnement informatique, y compris un premier entretien de 30 minutes avec un aper\u00e7u des d\u00e9tails, en appelant le : T\u00e9l. 06151 6290246 ou e-mail \u00e0 : <a href=\"mailto:em@LocateRisk.com\">em@LocateRisk.com<\/a><\/p>\n<h3>\u00a0<\/h3>\n<p>\u00a0<\/p>\n\n\n<div class=\"wp-block-lr-contact-post-module\">\n\t<div id=\"lr-contact-form\" class=\"wp-block-lr-contact-post-module\">\n\t\t<div id=\"formular\" class=\"content\">\n\t\t\t<div class=\"inner-content\">\n\t\t\t\t<div class=\"column-2 feature-mode\">\n\t\t\t\t\t<h2>Demandez maintenant une D\u00e9mo en direct personelle<\/h2>\n\t\t\t\t\t\n\t\t\t\t\t\t\t\t\t\t\t\t\t<div>\n\t\t\t\t\t\t\t\t<p class=\"margin-b-36\">Identifiez et r\u00e9duisez vos cyber-risques gr\u00e2ce \u00e0 un aper\u00e7u comparable et compr\u00e9hensible de votre s\u00e9curit\u00e9 informatique. Demandez conseil \u00e0 nos experts et d\u00e9couvrez comment LocateRisk peut vous aider \u00e0 r\u00e9soudre vos cyber-risques.<\/p>\n\t\t\t\t\t\t\t<\/div>\t\n\t\t\t\t\t\t\t\t\n\t\t\t\t\t\t\n\t\t\t\t\t\t\t\t\t<\/div> \n\t\t\t\t<div class=\"column-2\">\n\t\t\t\t\t<form action=\"\" class=\"form\" method=\"post\" role=\"form\" novalidate data-trp-original-action=\"\">\n\t\t\t\t\t\t<input type=\"text\" id=\"successmessage\" name=\"successmessage\" value=\"\" hidden>\n\t\t\t\t\t\t<input type=\"text\" id=\"errormessage\" name=\"errormessage\" value=\"\" hidden>\n\t\t\t\t\t\t<input type=\"text\" id=\"slug\" name=\"slug\" value=\"it-sicherheit-krankenhaeuser\" hidden>\n\n\t\t\t\t\t\t\t\t\t\t\t\t\t<input\n\t\t\t\t\t\t\t\ttype=\"text\"\n\t\t\t\t\t\t\t\tid=\"name\"\n\t\t\t\t\t\t\t\tname=\"name\"\n\t\t\t\t\t\t\t\tplaceholder=\"Pr\u00e9nom\"\n\t\t\t\t\t\t\t\trequired\tmaxlength=\"50\"\/>\n\n\t\t\t\t\t\t\t<input\n\t\t\t\t\t\t\t\ttype=\"text\"\n\t\t\t\t\t\t\t\tid=\"surname\"\n\t\t\t\t\t\t\t\tname=\"surname\"\n\t\t\t\t\t\t\t\tplaceholder=\"Nom\"\n\t\t\t\t\t\t\t\trequired\n\t\t\t\t\t\t\t\tmaxlength=\"50\"\/>\n\t\t\t\t\t\t\n\t\t\t\t\t\t<input\n\t\t\t\t\t\t\ttype=\"email\"\n\t\t\t\t\t\t\tid=\"email\"\n\t\t\t\t\t\t\tname=\"email\"\n\t\t\t\t\t\t\tplaceholder=\"Courrier \u00e9lectronique\"\n\t\t\t\t\t\t\trequired\n\t\t\t\t\t\t\tmaxlength=\"50\"\/>\n\n\t\t\t\t\t\t<input\n\t\t\t\t\t\t\ttype=\"text\"\n\t\t\t\t\t\t\tid=\"phone\"\n\t\t\t\t\t\t\tname=\"phone\"\n\t\t\t\t\t\t\tplaceholder=\"T\u00e9l\u00e9phone\"\n\t\t\t\t\t\t\trequired\n\t\t\t\t\t\t\tmaxlength=\"50\"\/>\n\t\t\t\t\t\t\t\n\t\t\t\t\t\t\t\t\t\t\t\t\n\t\t\t\t\t\t<h6 class=\"error-message\" hidden>...<\/h6>\n\t\t\t\t\t\t<div class=\"checkbox_container\">\n\t\t\t\t\t\t\t<div class=\"checkbox\">\n\t\t\t\t\t\t\t\t<input\n\t\t\t\t\t\t\t\t\ttype=\"checkbox\"\n\t\t\t\t\t\t\t\t\tid=\"checkbox\"\n\t\t\t\t\t\t\t\t\tname=\"checkbox\" \/>\n\n\t\t\t\t\t\t\t\t<label for=\"checkbox\"><\/label>\n\t\t\t\t\t\t\t<\/div>\n\t\t\t\t\t\t\t<p>J'ai fait le <a href=\"https:\/\/locaterisk.com\/fr\/datenschutz\/\" target=\"_blank\" rel=\"noreferrer noopener\">politique de confidentialit\u00e9.<\/a> lu<\/p> \n\t\t\t\t\t\t<\/div>\n\t\t\t\t\t\t\n\t\t\t\t\t<div class=\"g-recaptcha\" data-sitekey=\"6LdErNoZAAAAAD1Re2jNxtDFfcDaL9iED5MRBzjR\" data-callback=\"verifyRecaptchaCallback\" data-expired-callback=\"expiredRecaptchaCallback\"><\/div>\n\t\t\t\t\t<input type=\"hidden\" name=\"g-recaptcha-response\" data-recaptcha \/>\n\n\t\t\t\t\t\t<button class=\"lr-button-link\" type=\"submit\">Fixer un rendez-vous pour une d\u00e9mo en direct<\/button>\n\t\t\t\t\t<input type=\"hidden\" name=\"trp-form-language\" value=\"fr\"\/><\/form>\n\t\t\t\t<\/div>\n\t\t\t<\/div>\n\t\t<\/div>\n\t<\/div>\n\t\n\t<\/div>\n\n\n\n<hr class=\"wp-block-separator has-css-opacity is-style-wide\"\/>\n\n\n\n<div class=\"wp-block-lr-contact-module\"><div class=\"content\"><h2>En savoir plus, r\u00e9server une d\u00e9mo ou simplement \u00e9changer quelques mots ? Nous nous en r\u00e9jouissons !<\/h2><div class=\"contact-info-row\"><div class=\"contact-person-info\"><div class=\"avatar\"><img decoding=\"async\" src=\"https:\/\/locaterisk.com\/wp-content\/uploads\/2025\/06\/Lukas_Baumann_LocateRisk-300.png\"><\/div><p><span class=\"text before\">Votre Contact<\/span><span class=\"bold name\"><strong>Lukas<\/strong><\/span> <span class=\"lastname\"><strong>Baumann<strong><\/strong><\/strong><\/span><strong><strong><span class=\"separator\"><\/span><span class=\"role\">PDG<\/span><\/strong><\/strong><\/p><\/div><p class=\"bold phone\"><strong><strong>+49 6151 6290246<\/strong><\/strong><\/p><strong><strong><a class=\"pr-1\" href=\"mailto: sales@locaterisk.com\">Contactez-nous maintenant<\/a><\/strong><\/strong><\/div><\/div><\/div>\n\n\n\n<p><\/p>\n\n\n\n<div class=\"wp-block-lr-footer-module lr-footer-block\"><div class=\"content\"><div class=\"column0\"><img decoding=\"async\" src=\"https:\/\/locaterisk.com\/wp-content\/plugins\/locate-risk-prod\/lr-blocks\/assets\/img\/lr-logo.svg\"\/><\/div><div class=\"categories\"><div class=\"categories-element\"><a class=\"pr-4\" href=\"https:\/\/locaterisk.com\/fr\/\">Accueil<\/a><\/div><div class=\"categories-element\"><a class=\"pr-4\" href=\"\/fr\/blog\/\">Blog<\/a><\/div><div class=\"categories-element\"><a class=\"pr-4\" href=\"\/fr\/about\/\">par rapport \u00e0 nous<\/a><\/div><div class=\"categories-element\"><a class=\"pr-4\" href=\"\/fr\/kontakt\/\">Contact<\/a><\/div><div class=\"categories-element\"><a class=\"pr-4\" href=\"\/fr\/impressum\/\">mentiones l\u00e9gales<\/a><\/div><div class=\"categories-break\"><\/div><div class=\"categories-element\"><a class=\"pr-4\" href=\"\/fr\/datenschutz\/\">Confidentialit\u00e9<\/a><\/div><div class=\"categories-element\"><a class=\"pr-4\" href=\"\/files\/agb.pdf\">CONDITIONS G\u00c9N\u00c9RALES DE VENTE<\/a><\/div><div class=\"categories-element\"><a class=\"pr-4\" href=\"\/fr\/jobs\/\">Carri\u00e8re<\/a><\/div><div class=\"categories-element\"><a class=\"pr-4\" href=\"\/files\/sec-information.pdf\">s\u00e9curit\u00e9<\/a><\/div><div class=\"categories-element\"><a class=\"pr-4\" href=\"https:\/\/app.secfix.com\/trust\/locaterisk\/d1e7d433b33643aea1880bfbfeab9f60\">Centre de confiance<\/a><\/div><\/div><div class=\"social\"><div class=\"social-element\"><a target=\"_blank\" href=\"https:\/\/www.linkedin.com\/company\/locaterisk\/\"><img decoding=\"async\" src=\"https:\/\/locaterisk.com\/wp-content\/uploads\/2020\/10\/gruppe-230@3x.png\"\/><\/a><\/div><div class=\"social-element\"><a target=\"_blank\" href=\"https:\/\/www.instagram.com\/locaterisk\/\"><img decoding=\"async\" src=\"https:\/\/locaterisk.com\/wp-content\/uploads\/2020\/11\/Instagram.png\"\/><\/a><\/div><div class=\"social-element\"><a target=\"_blank\" href=\"https:\/\/twitter.com\/locaterisk\"><img decoding=\"async\" src=\"https:\/\/locaterisk.com\/wp-content\/uploads\/2020\/11\/twitter.png\"\/><\/a><\/div><\/div><div class=\"description\"><h6>\u00a9 LocateRisk 2026<\/h6><\/div><\/div><\/div>","protected":false},"excerpt":{"rendered":"<p>IT im Krankenhaus: Mehr Schutz dringend erforderlich Gesundheitsdaten sind besonders sensibel und dennoch in vielen F\u00e4llen nicht angemessen gesch\u00fctzt. Dies ergab eine statistische Erhebung zur IT-Sicherheit der Krankenh\u00e4user in Deutschland von LocateRisk. Neben bestehenden Normen im Gesundheitswesen nimmt die EU Richtlinie NIS2 ab 2023 Betreiber kritischer Infrastrukturen noch st\u00e4rker in die Pflicht. Die neuen Anforderungen [&hellip;]<\/p>\n","protected":false},"author":8,"featured_media":4502,"parent":0,"menu_order":0,"comment_status":"closed","ping_status":"closed","template":"","meta":{"footnotes":""},"class_list":["post-4495","page","type-page","status-publish","has-post-thumbnail","hentry"],"yoast_head":"<!-- This site is optimized with the Yoast SEO plugin v27.4 - https:\/\/yoast.com\/product\/yoast-seo-wordpress\/ -->\n<title>Krankenh\u00e4user &amp; Kliniken - LocateRisk<\/title>\n<meta name=\"description\" content=\"Patientendaten sind besonders sensibel und erfordern h\u00f6chsten Schutz. Erfahren Sie wie es um die IT-Sicherheit in Krankenh\u00e4usern steht und was Sie tun k\u00f6nnen, um Cyberrisiken zu minimieren.\" \/>\n<meta name=\"robots\" content=\"index, follow, max-snippet:-1, max-image-preview:large, max-video-preview:-1\" \/>\n<link rel=\"canonical\" href=\"https:\/\/locaterisk.com\/fr\/it-sicherheit-krankenhaeuser\/\" \/>\n<meta property=\"og:locale\" content=\"fr_FR\" \/>\n<meta property=\"og:type\" content=\"article\" \/>\n<meta property=\"og:title\" content=\"Krankenh\u00e4user &amp; Kliniken - LocateRisk\" \/>\n<meta property=\"og:description\" content=\"Patientendaten sind besonders sensibel und erfordern h\u00f6chsten Schutz. Erfahren Sie wie es um die IT-Sicherheit in Krankenh\u00e4usern steht und was Sie tun k\u00f6nnen, um Cyberrisiken zu minimieren.\" \/>\n<meta property=\"og:url\" content=\"https:\/\/locaterisk.com\/fr\/it-sicherheit-krankenhaeuser\/\" \/>\n<meta property=\"og:site_name\" content=\"LocateRisk\" \/>\n<meta property=\"article:modified_time\" content=\"2023-01-11T14:39:57+00:00\" \/>\n<meta property=\"og:image\" content=\"https:\/\/locaterisk.com\/wp-content\/uploads\/2023\/01\/LocateRisk_IT-Sicherheit-Krankenhaus-1.png\" \/>\n\t<meta property=\"og:image:width\" content=\"800\" \/>\n\t<meta property=\"og:image:height\" content=\"341\" \/>\n\t<meta property=\"og:image:type\" content=\"image\/png\" \/>\n<meta name=\"twitter:card\" content=\"summary_large_image\" \/>\n<meta name=\"twitter:label1\" content=\"Dur\u00e9e de lecture estim\u00e9e\" \/>\n\t<meta name=\"twitter:data1\" content=\"3 minutes\" \/>\n<script type=\"application\/ld+json\" class=\"yoast-schema-graph\">{\"@context\":\"https:\\\/\\\/schema.org\",\"@graph\":[{\"@type\":\"WebPage\",\"@id\":\"https:\\\/\\\/locaterisk.com\\\/it-sicherheit-krankenhaeuser\\\/\",\"url\":\"https:\\\/\\\/locaterisk.com\\\/it-sicherheit-krankenhaeuser\\\/\",\"name\":\"Krankenh\u00e4user & Kliniken - LocateRisk\",\"isPartOf\":{\"@id\":\"https:\\\/\\\/locaterisk.com\\\/de\\\/#website\"},\"primaryImageOfPage\":{\"@id\":\"https:\\\/\\\/locaterisk.com\\\/it-sicherheit-krankenhaeuser\\\/#primaryimage\"},\"image\":{\"@id\":\"https:\\\/\\\/locaterisk.com\\\/it-sicherheit-krankenhaeuser\\\/#primaryimage\"},\"thumbnailUrl\":\"https:\\\/\\\/locaterisk.com\\\/wp-content\\\/uploads\\\/2023\\\/01\\\/LocateRisk_IT-Sicherheit-Krankenhaus-1.png\",\"datePublished\":\"2023-01-10T16:49:39+00:00\",\"dateModified\":\"2023-01-11T14:39:57+00:00\",\"description\":\"Patientendaten sind besonders sensibel und erfordern h\u00f6chsten Schutz. Erfahren Sie wie es um die IT-Sicherheit in Krankenh\u00e4usern steht und was Sie tun k\u00f6nnen, um Cyberrisiken zu minimieren.\",\"breadcrumb\":{\"@id\":\"https:\\\/\\\/locaterisk.com\\\/it-sicherheit-krankenhaeuser\\\/#breadcrumb\"},\"inLanguage\":\"fr-FR\",\"potentialAction\":[{\"@type\":\"ReadAction\",\"target\":[\"https:\\\/\\\/locaterisk.com\\\/it-sicherheit-krankenhaeuser\\\/\"]}]},{\"@type\":\"ImageObject\",\"inLanguage\":\"fr-FR\",\"@id\":\"https:\\\/\\\/locaterisk.com\\\/it-sicherheit-krankenhaeuser\\\/#primaryimage\",\"url\":\"https:\\\/\\\/locaterisk.com\\\/wp-content\\\/uploads\\\/2023\\\/01\\\/LocateRisk_IT-Sicherheit-Krankenhaus-1.png\",\"contentUrl\":\"https:\\\/\\\/locaterisk.com\\\/wp-content\\\/uploads\\\/2023\\\/01\\\/LocateRisk_IT-Sicherheit-Krankenhaus-1.png\",\"width\":800,\"height\":341,\"caption\":\"Wegweiser-Schild zur Krankenhaus-Notaufnahme\"},{\"@type\":\"BreadcrumbList\",\"@id\":\"https:\\\/\\\/locaterisk.com\\\/it-sicherheit-krankenhaeuser\\\/#breadcrumb\",\"itemListElement\":[{\"@type\":\"ListItem\",\"position\":1,\"name\":\"Home\",\"item\":\"https:\\\/\\\/locaterisk.com\\\/\"},{\"@type\":\"ListItem\",\"position\":2,\"name\":\"Krankenh\u00e4user &#038; Kliniken\"}]},{\"@type\":\"WebSite\",\"@id\":\"https:\\\/\\\/locaterisk.com\\\/de\\\/#website\",\"url\":\"https:\\\/\\\/locaterisk.com\\\/de\\\/\",\"name\":\"LocateRisk\",\"description\":\"IT-Sicherheit messen und vergleichen\",\"publisher\":{\"@id\":\"https:\\\/\\\/locaterisk.com\\\/de\\\/#organization\"},\"potentialAction\":[{\"@type\":\"SearchAction\",\"target\":{\"@type\":\"EntryPoint\",\"urlTemplate\":\"https:\\\/\\\/locaterisk.com\\\/de\\\/?s={search_term_string}\"},\"query-input\":{\"@type\":\"PropertyValueSpecification\",\"valueRequired\":true,\"valueName\":\"search_term_string\"}}],\"inLanguage\":\"fr-FR\"},{\"@type\":\"Organization\",\"@id\":\"https:\\\/\\\/locaterisk.com\\\/de\\\/#organization\",\"name\":\"LocateRisk\",\"url\":\"https:\\\/\\\/locaterisk.com\\\/de\\\/\",\"logo\":{\"@type\":\"ImageObject\",\"inLanguage\":\"fr-FR\",\"@id\":\"https:\\\/\\\/locaterisk.com\\\/de\\\/#\\\/schema\\\/logo\\\/image\\\/\",\"url\":\"https:\\\/\\\/locaterisk.com\\\/wp-content\\\/uploads\\\/2020\\\/11\\\/Kettenglieder_V0216-9.jpg\",\"contentUrl\":\"https:\\\/\\\/locaterisk.com\\\/wp-content\\\/uploads\\\/2020\\\/11\\\/Kettenglieder_V0216-9.jpg\",\"width\":1920,\"height\":1080,\"caption\":\"LocateRisk\"},\"image\":{\"@id\":\"https:\\\/\\\/locaterisk.com\\\/de\\\/#\\\/schema\\\/logo\\\/image\\\/\"},\"sameAs\":[\"https:\\\/\\\/www.linkedin.com\\\/company\\\/locaterisk\\\/\"]}]}<\/script>\n<!-- \/ Yoast SEO plugin. -->","yoast_head_json":{"title":"H\u00f4pitaux &amp; cliniques - LocateRisk","description":"Les donn\u00e9es des patients sont particuli\u00e8rement sensibles et n\u00e9cessitent une protection maximale. D\u00e9couvrez l'\u00e9tat de la s\u00e9curit\u00e9 informatique dans les h\u00f4pitaux et ce que vous pouvez faire pour minimiser les cyber-risques.","robots":{"index":"index","follow":"follow","max-snippet":"max-snippet:-1","max-image-preview":"max-image-preview:large","max-video-preview":"max-video-preview:-1"},"canonical":"https:\/\/locaterisk.com\/fr\/it-sicherheit-krankenhaeuser\/","og_locale":"fr_FR","og_type":"article","og_title":"Krankenh\u00e4user & Kliniken - LocateRisk","og_description":"Patientendaten sind besonders sensibel und erfordern h\u00f6chsten Schutz. Erfahren Sie wie es um die IT-Sicherheit in Krankenh\u00e4usern steht und was Sie tun k\u00f6nnen, um Cyberrisiken zu minimieren.","og_url":"https:\/\/locaterisk.com\/fr\/it-sicherheit-krankenhaeuser\/","og_site_name":"LocateRisk","article_modified_time":"2023-01-11T14:39:57+00:00","og_image":[{"width":800,"height":341,"url":"https:\/\/locaterisk.com\/wp-content\/uploads\/2023\/01\/LocateRisk_IT-Sicherheit-Krankenhaus-1.png","type":"image\/png"}],"twitter_card":"summary_large_image","twitter_misc":{"Dur\u00e9e de lecture estim\u00e9e":"3 minutes"},"schema":{"@context":"https:\/\/schema.org","@graph":[{"@type":"WebPage","@id":"https:\/\/locaterisk.com\/it-sicherheit-krankenhaeuser\/","url":"https:\/\/locaterisk.com\/it-sicherheit-krankenhaeuser\/","name":"H\u00f4pitaux &amp; cliniques - LocateRisk","isPartOf":{"@id":"https:\/\/locaterisk.com\/de\/#website"},"primaryImageOfPage":{"@id":"https:\/\/locaterisk.com\/it-sicherheit-krankenhaeuser\/#primaryimage"},"image":{"@id":"https:\/\/locaterisk.com\/it-sicherheit-krankenhaeuser\/#primaryimage"},"thumbnailUrl":"https:\/\/locaterisk.com\/wp-content\/uploads\/2023\/01\/LocateRisk_IT-Sicherheit-Krankenhaus-1.png","datePublished":"2023-01-10T16:49:39+00:00","dateModified":"2023-01-11T14:39:57+00:00","description":"Les donn\u00e9es des patients sont particuli\u00e8rement sensibles et n\u00e9cessitent une protection maximale. D\u00e9couvrez l'\u00e9tat de la s\u00e9curit\u00e9 informatique dans les h\u00f4pitaux et ce que vous pouvez faire pour minimiser les cyber-risques.","breadcrumb":{"@id":"https:\/\/locaterisk.com\/it-sicherheit-krankenhaeuser\/#breadcrumb"},"inLanguage":"fr-FR","potentialAction":[{"@type":"ReadAction","target":["https:\/\/locaterisk.com\/it-sicherheit-krankenhaeuser\/"]}]},{"@type":"ImageObject","inLanguage":"fr-FR","@id":"https:\/\/locaterisk.com\/it-sicherheit-krankenhaeuser\/#primaryimage","url":"https:\/\/locaterisk.com\/wp-content\/uploads\/2023\/01\/LocateRisk_IT-Sicherheit-Krankenhaus-1.png","contentUrl":"https:\/\/locaterisk.com\/wp-content\/uploads\/2023\/01\/LocateRisk_IT-Sicherheit-Krankenhaus-1.png","width":800,"height":341,"caption":"Wegweiser-Schild zur Krankenhaus-Notaufnahme"},{"@type":"BreadcrumbList","@id":"https:\/\/locaterisk.com\/it-sicherheit-krankenhaeuser\/#breadcrumb","itemListElement":[{"@type":"ListItem","position":1,"name":"Home","item":"https:\/\/locaterisk.com\/"},{"@type":"ListItem","position":2,"name":"Krankenh\u00e4user &#038; Kliniken"}]},{"@type":"WebSite","@id":"https:\/\/locaterisk.com\/de\/#website","url":"https:\/\/locaterisk.com\/de\/","name":"LocateRisk","description":"Mesurer et comparer la s\u00e9curit\u00e9 informatique","publisher":{"@id":"https:\/\/locaterisk.com\/de\/#organization"},"potentialAction":[{"@type":"SearchAction","target":{"@type":"EntryPoint","urlTemplate":"https:\/\/locaterisk.com\/de\/?s={search_term_string}"},"query-input":{"@type":"PropertyValueSpecification","valueRequired":true,"valueName":"search_term_string"}}],"inLanguage":"fr-FR"},{"@type":"Organization","@id":"https:\/\/locaterisk.com\/de\/#organization","name":"LocateRisk","url":"https:\/\/locaterisk.com\/de\/","logo":{"@type":"ImageObject","inLanguage":"fr-FR","@id":"https:\/\/locaterisk.com\/de\/#\/schema\/logo\/image\/","url":"https:\/\/locaterisk.com\/wp-content\/uploads\/2020\/11\/Kettenglieder_V0216-9.jpg","contentUrl":"https:\/\/locaterisk.com\/wp-content\/uploads\/2020\/11\/Kettenglieder_V0216-9.jpg","width":1920,"height":1080,"caption":"LocateRisk"},"image":{"@id":"https:\/\/locaterisk.com\/de\/#\/schema\/logo\/image\/"},"sameAs":["https:\/\/www.linkedin.com\/company\/locaterisk\/"]}]}},"_links":{"self":[{"href":"https:\/\/locaterisk.com\/fr\/wp-json\/wp\/v2\/pages\/4495","targetHints":{"allow":["GET"]}}],"collection":[{"href":"https:\/\/locaterisk.com\/fr\/wp-json\/wp\/v2\/pages"}],"about":[{"href":"https:\/\/locaterisk.com\/fr\/wp-json\/wp\/v2\/types\/page"}],"author":[{"embeddable":true,"href":"https:\/\/locaterisk.com\/fr\/wp-json\/wp\/v2\/users\/8"}],"replies":[{"embeddable":true,"href":"https:\/\/locaterisk.com\/fr\/wp-json\/wp\/v2\/comments?post=4495"}],"version-history":[{"count":23,"href":"https:\/\/locaterisk.com\/fr\/wp-json\/wp\/v2\/pages\/4495\/revisions"}],"predecessor-version":[{"id":4937,"href":"https:\/\/locaterisk.com\/fr\/wp-json\/wp\/v2\/pages\/4495\/revisions\/4937"}],"wp:featuredmedia":[{"embeddable":true,"href":"https:\/\/locaterisk.com\/fr\/wp-json\/wp\/v2\/media\/4502"}],"wp:attachment":[{"href":"https:\/\/locaterisk.com\/fr\/wp-json\/wp\/v2\/media?parent=4495"}],"curies":[{"name":"wp","href":"https:\/\/api.w.org\/{rel}","templated":true}]}}