{"id":900,"date":"2020-11-04T20:45:07","date_gmt":"2020-11-04T20:45:07","guid":{"rendered":"https:\/\/webdev.locaterisk.com\/?page_id=900"},"modified":"2025-09-16T07:09:33","modified_gmt":"2025-09-16T07:09:33","slug":"jobs","status":"publish","type":"page","link":"https:\/\/locaterisk.com\/fr\/jobs\/","title":{"rendered":"Emplois actuels"},"content":{"rendered":"<h2 class=\"wp-block-heading\">Offres d'emploi actuelles<\/h2>\n\n\n\n<div id=\"join-widget\" class=\"noColor\">\n        <script\n          defer\n          type=\"text\/javascript\"\n          data-mount-in=\"#join-widget\"\n          src=\"https:\/\/join.com\/api\/widget\/bundle\/eyJhbGciOiJIUzI1NiIsInR5cCI6IkpXVCJ9.eyJzZXR0aW5ncyI6eyJzaG93Q2F0ZWdvcnlGaWx0ZXIiOnRydWUsInNob3dMb2NhdGlvbkZpbHRlciI6dHJ1ZSwic2hvd0VtcGxveW1lbnRUeXBlRmlsdGVyIjp0cnVlLCJsYW5ndWFnZSI6ImRlIiwiam9ic1BlclBhZ2UiOjI1fSwiam9icyI6e30sImRlc2lnbiI6eyJzaG93TG9nbyI6dHJ1ZSwic2hvd0xvY2F0aW9uIjp0cnVlLCJzaG93RW1wbG95bWVudFR5cGUiOnRydWUsInNob3dDYXRlZ29yeSI6dHJ1ZSwiY29sb3JzIjp7IndpZGdldCI6eyJiYWNrZ3JvdW5kIjoiI0ZGRkZGRiIsImZpbHRlckJvcmRlciI6IiNENEQ0RDgiLCJwYWdpbmF0aW9uIjoiIzI1NjNFQiJ9LCJqb2JDYXJkIjp7InNoYWRvdyI6IiNENEQ0RDgiLCJiYWNrZ3JvdW5kIjoiI0ZGRkZGRiIsInByaW1hcnlUZXh0IjoiIzNGM0Y0NiIsInNlY29uZGFyeVRleHQiOiIjNTI1MjVCIn19fSwidmVyc2lvbiI6MiwiY29tcGFueVB1YmxpY0lkIjoiZDg0ZWU1ZWQwYzc1MjM1ODgwOGZjYTVjMjVhOGYwZjciLCJpYXQiOjE2NzExNzg4NTQsImp0aSI6Ijg4OWI0Njc1LTEzN2YtNDc0NC1hNjcxLTJiYzZlMTJhNzY0NCJ9.9rD_5MhO0n1u42ab6AQD-taJDWWRngTwPiYida583Qo\"\n        ><\/script>\n      <\/div>\n\n\n\n<div class=\"wp-block-lr-faq-module\" style=\"display:none;\"><div class=\"content\"><h3><\/h3><div class=\"faq-topic\"><hr\/><div class=\"collapsible-title\"><a class=\"pr-4\">\u00c9tudiant d\u00e9veloppeur full stack (h\/f)<\/a><img class=\"collapse-toggle\" srcset=\"https:\/\/locaterisk.com\/wp-content\/plugins\/locate-risk-prod\/lr-blocks\/faq-module\/img\/ic-plus@3x.png 3x,https:\/\/locaterisk.com\/wp-content\/plugins\/locate-risk-prod\/lr-blocks\/faq-module\/img\/ic-plus@2x.png 2x,https:\/\/locaterisk.com\/wp-content\/plugins\/locate-risk-prod\/lr-blocks\/faq-module\/img\/ic-plus.png 1x\"\/><\/div><div class=\"collapsible-content\"><p class=\"font-normal\">Tu es un d\u00e9veloppeur de talent et tu veux contribuer \u00e0 rendre le monde num\u00e9rique plus s\u00fbr ? Alors tu es \u00e0 la bonne adresse chez LocateRisk. Nous sommes une jeune entreprise en plein essor qui propose une solution innovante dans le domaine de la s\u00e9curit\u00e9 informatique. Notre produit est une analyse automatis\u00e9e qui rend la s\u00e9curit\u00e9 informatique transparente, mesurable et compr\u00e9hensible pour tous. <a href=\"https:\/\/locaterisk.com\/wp-content\/uploads\/2020\/11\/LR_jobs_Werksstudent.pdf\" target=\"_blank\" rel=\"noreferrer noopener\">Consulter ici le profil complet du poste (PDF)<\/a><\/p><\/div><\/div><div class=\"faq-topic\"><hr\/><div class=\"collapsible-title\"><a class=\"pr-4\">Repr\u00e9sentant du d\u00e9veloppement des ventes (h\/f)<\/a><img class=\"collapse-toggle\" srcset=\"https:\/\/locaterisk.com\/wp-content\/plugins\/locate-risk-prod\/lr-blocks\/faq-module\/img\/ic-plus@3x.png 3x,https:\/\/locaterisk.com\/wp-content\/plugins\/locate-risk-prod\/lr-blocks\/faq-module\/img\/ic-plus@2x.png 2x,https:\/\/locaterisk.com\/wp-content\/plugins\/locate-risk-prod\/lr-blocks\/faq-module\/img\/ic-plus.png 1x\"\/><\/div><div class=\"collapsible-content\"><p class=\"font-normal\">Tu as un talent pour la vente et tu veux contribuer \u00e0 rendre le monde num\u00e9rique plus s\u00fbr ? Alors tu es \u00e0 la bonne adresse chez LocateRisk. Nous sommes une jeune entreprise en plein essor qui propose une solution innovante dans le domaine de la s\u00e9curit\u00e9 informatique. Notre produit est une analyse automatis\u00e9e qui rend la s\u00e9curit\u00e9 informatique transparente, mesurable et compr\u00e9hensible pour tous.<br><br><br><br>Chez LocateRisk, tu acquerras une exp\u00e9rience dont tu profiteras toute ta vie :<br><br>- Tu construiras un premier pipeline gr\u00e2ce \u00e0 une multitude d'activit\u00e9s outbound (cold calling, e-mail, etc.)<br>- Tu suis \u00e9galement les leads qualifi\u00e9s et, dans le meilleur des cas, tu les conclus.<br>- Tu peux marquer des points lors d'un entretien avec un client gr\u00e2ce \u00e0 tes capacit\u00e9s de communication.<br>- tu g\u00e8res et supervises ton travail \u00e0 l'aide de Pipedrive<br><br><br>Tes qualifications<br><br>- Affinit\u00e9 avec les th\u00e8mes de la s\u00e9curit\u00e9 informatique<br>- Dipl\u00f4me de fin d'\u00e9tudes dans un domaine pertinent<br>- Aimer le contact avec les gens<br>- Travail autonome et proactif<br>- Un haut niveau d'\u00e9nergie, d'enthousiasme et de t\u00e9nacit\u00e9<br><br><br>Nous offrons un environnement de travail inspirant<br><br>- D\u00e9buter dans le secteur attrayant de la s\u00e9curit\u00e9 informatique ! Apprendre de et avec des experts.<br>- Des bureaux flexibles et mobiles (temps et lieu) ne posent aucun probl\u00e8me<br>- Pas de conneries ! Des hi\u00e9rarchies plates, pas de processus compliqu\u00e9s.<br>- Notre bureau \u00e0 Darmstadt \u2192 situation cool dans un environnement de startup motivant.<br>- Jardin pour griller &amp; chiller, caf\u00e9, baby-foot etc...\u00a0<br>- \u00c9v\u00e9nements en \u00e9quipe (randonn\u00e9e, lasertag, karting)<br>- Notre chien de bureau, le cyberdog !<br><br>Acqu\u00e9rir des exp\u00e9riences vari\u00e9es dans une entreprise informatique innovante !<br>Saisis ta chance !<\/p><\/div><\/div><\/div><\/div>\n\n\n\n<hr class=\"wp-block-separator has-css-opacity is-style-wide\"\/>\n\n\n\n<div class=\"wp-block-lr-contact-module\"><div class=\"content\"><h2>En savoir plus, r\u00e9server une d\u00e9mo ou simplement \u00e9changer quelques mots ? Nous nous en r\u00e9jouissons !<\/h2><div class=\"contact-info-row\"><div class=\"contact-person-info\"><div class=\"avatar\"><img decoding=\"async\" src=\"https:\/\/locaterisk.com\/wp-content\/uploads\/2025\/06\/Lukas_Baumann_LocateRisk-300.png\"><\/div><p><span class=\"text before\">Votre Contact<\/span><span class=\"bold name\"><strong>Lukas<\/strong><\/span> <span class=\"lastname\"><strong>Baumann<strong><\/strong><\/strong><\/span><strong><strong><span class=\"separator\"><\/span><span class=\"role\">Consultant<\/span><\/strong><\/strong><\/p><\/div><p class=\"bold phone\"><strong><strong>+49 6151 6290246<\/strong><\/strong><\/p><strong><strong><a class=\"pr-1\" href=\"mailto: jobs@locaterisk.com\">Contactez-nous maintenant<\/a><\/strong><\/strong><\/div><\/div><\/div>\n\n\n\n<p><\/p>\n\n\n\n<div class=\"wp-block-lr-footer-module lr-footer-block\"><div class=\"content\"><div class=\"column0\"><img decoding=\"async\" src=\"https:\/\/locaterisk.com\/wp-content\/plugins\/locate-risk-prod\/lr-blocks\/assets\/img\/lr-logo.svg\"\/><\/div><div class=\"categories\"><div class=\"categories-element\"><a class=\"pr-4\" href=\"https:\/\/locaterisk.com\/fr\/\">Accueil<\/a><\/div><div class=\"categories-element\"><a class=\"pr-4\" href=\"\/fr\/blog\/\">Blog<\/a><\/div><div class=\"categories-element\"><a class=\"pr-4\" href=\"\/fr\/about\/\">par rapport \u00e0 nous<\/a><\/div><div class=\"categories-element\"><a class=\"pr-4\" href=\"\/fr\/kontakt\/\">Contact<\/a><\/div><div class=\"categories-element\"><a class=\"pr-4\" href=\"\/fr\/impressum\/\">mentiones l\u00e9gales<\/a><\/div><div class=\"categories-break\"><\/div><div class=\"categories-element\"><a class=\"pr-4\" href=\"\/fr\/datenschutz\/\">Confidentialit\u00e9<\/a><\/div><div class=\"categories-element\"><a class=\"pr-4\" href=\"\/files\/agb.pdf\">CONDITIONS G\u00c9N\u00c9RALES DE VENTE<\/a><\/div><div class=\"categories-element\"><a class=\"pr-4\" href=\"\/fr\/jobs\/\">Carri\u00e8re<\/a><\/div><div class=\"categories-element\"><a class=\"pr-4\" href=\"\/files\/sec-information.pdf\">s\u00e9curit\u00e9<\/a><\/div><div class=\"categories-element\"><a class=\"pr-4\" href=\"https:\/\/app.secfix.com\/trust\/locaterisk\/d1e7d433b33643aea1880bfbfeab9f60\">Centre de confiance<\/a><\/div><\/div><div class=\"social\"><div class=\"social-element\"><a target=\"_blank\" href=\"https:\/\/www.linkedin.com\/company\/locaterisk\/\"><img decoding=\"async\" src=\"https:\/\/locaterisk.com\/wp-content\/uploads\/2020\/10\/gruppe-230@3x.png\"\/><\/a><\/div><div class=\"social-element\"><a target=\"_blank\" href=\"https:\/\/www.instagram.com\/locaterisk\/\"><img decoding=\"async\" src=\"https:\/\/locaterisk.com\/wp-content\/uploads\/2020\/11\/Instagram.png\"\/><\/a><\/div><div class=\"social-element\"><a target=\"_blank\" href=\"https:\/\/twitter.com\/locaterisk\"><img decoding=\"async\" src=\"https:\/\/locaterisk.com\/wp-content\/uploads\/2020\/11\/twitter.png\"\/><\/a><\/div><\/div><div class=\"description\"><h6>\u00a9 LocateRisk 2026<\/h6><\/div><\/div><\/div>","protected":false},"excerpt":{"rendered":"<p>Aktuelle Stellenausschreibungen Mehr erfahren, Demo buchen oder einfach mal kurz austauschen? Wir freuen uns! Ihr AnsprechpartnerLukas BaumannBeratung Jetzt Kontakt aufnehmen<\/p>","protected":false},"author":6,"featured_media":0,"parent":0,"menu_order":0,"comment_status":"closed","ping_status":"closed","template":"","meta":{"footnotes":""},"class_list":["post-900","page","type-page","status-publish","hentry"],"yoast_head":"<!-- This site is optimized with the Yoast SEO plugin v27.3 - https:\/\/yoast.com\/product\/yoast-seo-wordpress\/ -->\n<title>Aktuelle Jobs - LocateRisk<\/title>\n<meta name=\"robots\" content=\"index, follow, max-snippet:-1, max-image-preview:large, max-video-preview:-1\" \/>\n<link rel=\"canonical\" href=\"https:\/\/locaterisk.com\/fr\/jobs\/\" \/>\n<meta property=\"og:locale\" content=\"fr_FR\" \/>\n<meta property=\"og:type\" content=\"article\" \/>\n<meta property=\"og:title\" content=\"Aktuelle Jobs - LocateRisk\" \/>\n<meta property=\"og:description\" content=\"Aktuelle Stellenausschreibungen Mehr erfahren, Demo buchen oder einfach mal kurz austauschen? Wir freuen uns! Ihr AnsprechpartnerLukas BaumannBeratung Jetzt Kontakt aufnehmen\" \/>\n<meta property=\"og:url\" content=\"https:\/\/locaterisk.com\/fr\/jobs\/\" \/>\n<meta property=\"og:site_name\" content=\"LocateRisk\" \/>\n<meta property=\"article:modified_time\" content=\"2025-09-16T07:09:33+00:00\" \/>\n<meta property=\"og:image\" content=\"https:\/\/locaterisk.com\/wp-content\/uploads\/2025\/06\/Lukas_Baumann_LocateRisk-300.png\" \/>\n<meta name=\"twitter:card\" content=\"summary_large_image\" \/>\n<meta name=\"twitter:label1\" content=\"Dur\u00e9e de lecture estim\u00e9e\" \/>\n\t<meta name=\"twitter:data1\" content=\"4 minutes\" \/>\n<script type=\"application\/ld+json\" class=\"yoast-schema-graph\">{\"@context\":\"https:\\\/\\\/schema.org\",\"@graph\":[{\"@type\":\"WebPage\",\"@id\":\"https:\\\/\\\/locaterisk.com\\\/jobs\\\/\",\"url\":\"https:\\\/\\\/locaterisk.com\\\/jobs\\\/\",\"name\":\"Aktuelle Jobs - LocateRisk\",\"isPartOf\":{\"@id\":\"https:\\\/\\\/locaterisk.com\\\/de\\\/#website\"},\"primaryImageOfPage\":{\"@id\":\"https:\\\/\\\/locaterisk.com\\\/jobs\\\/#primaryimage\"},\"image\":{\"@id\":\"https:\\\/\\\/locaterisk.com\\\/jobs\\\/#primaryimage\"},\"thumbnailUrl\":\"https:\\\/\\\/locaterisk.com\\\/wp-content\\\/uploads\\\/2025\\\/06\\\/Lukas_Baumann_LocateRisk-300.png\",\"datePublished\":\"2020-11-04T20:45:07+00:00\",\"dateModified\":\"2025-09-16T07:09:33+00:00\",\"breadcrumb\":{\"@id\":\"https:\\\/\\\/locaterisk.com\\\/jobs\\\/#breadcrumb\"},\"inLanguage\":\"fr-FR\",\"potentialAction\":[{\"@type\":\"ReadAction\",\"target\":[\"https:\\\/\\\/locaterisk.com\\\/jobs\\\/\"]}]},{\"@type\":\"ImageObject\",\"inLanguage\":\"fr-FR\",\"@id\":\"https:\\\/\\\/locaterisk.com\\\/jobs\\\/#primaryimage\",\"url\":\"https:\\\/\\\/locaterisk.com\\\/wp-content\\\/uploads\\\/2025\\\/06\\\/Lukas_Baumann_LocateRisk-300.png\",\"contentUrl\":\"https:\\\/\\\/locaterisk.com\\\/wp-content\\\/uploads\\\/2025\\\/06\\\/Lukas_Baumann_LocateRisk-300.png\"},{\"@type\":\"BreadcrumbList\",\"@id\":\"https:\\\/\\\/locaterisk.com\\\/jobs\\\/#breadcrumb\",\"itemListElement\":[{\"@type\":\"ListItem\",\"position\":1,\"name\":\"Home\",\"item\":\"https:\\\/\\\/locaterisk.com\\\/\"},{\"@type\":\"ListItem\",\"position\":2,\"name\":\"Aktuelle Jobs\"}]},{\"@type\":\"WebSite\",\"@id\":\"https:\\\/\\\/locaterisk.com\\\/de\\\/#website\",\"url\":\"https:\\\/\\\/locaterisk.com\\\/de\\\/\",\"name\":\"LocateRisk\",\"description\":\"IT-Sicherheit messen und vergleichen\",\"publisher\":{\"@id\":\"https:\\\/\\\/locaterisk.com\\\/de\\\/#organization\"},\"potentialAction\":[{\"@type\":\"SearchAction\",\"target\":{\"@type\":\"EntryPoint\",\"urlTemplate\":\"https:\\\/\\\/locaterisk.com\\\/de\\\/?s={search_term_string}\"},\"query-input\":{\"@type\":\"PropertyValueSpecification\",\"valueRequired\":true,\"valueName\":\"search_term_string\"}}],\"inLanguage\":\"fr-FR\"},{\"@type\":\"Organization\",\"@id\":\"https:\\\/\\\/locaterisk.com\\\/de\\\/#organization\",\"name\":\"LocateRisk\",\"url\":\"https:\\\/\\\/locaterisk.com\\\/de\\\/\",\"logo\":{\"@type\":\"ImageObject\",\"inLanguage\":\"fr-FR\",\"@id\":\"https:\\\/\\\/locaterisk.com\\\/de\\\/#\\\/schema\\\/logo\\\/image\\\/\",\"url\":\"https:\\\/\\\/locaterisk.com\\\/wp-content\\\/uploads\\\/2020\\\/11\\\/Kettenglieder_V0216-9.jpg\",\"contentUrl\":\"https:\\\/\\\/locaterisk.com\\\/wp-content\\\/uploads\\\/2020\\\/11\\\/Kettenglieder_V0216-9.jpg\",\"width\":1920,\"height\":1080,\"caption\":\"LocateRisk\"},\"image\":{\"@id\":\"https:\\\/\\\/locaterisk.com\\\/de\\\/#\\\/schema\\\/logo\\\/image\\\/\"},\"sameAs\":[\"https:\\\/\\\/www.linkedin.com\\\/company\\\/locaterisk\\\/\"]}]}<\/script>\n<!-- \/ Yoast SEO plugin. -->","yoast_head_json":{"title":"Emplois actuels - LocateRisk","robots":{"index":"index","follow":"follow","max-snippet":"max-snippet:-1","max-image-preview":"max-image-preview:large","max-video-preview":"max-video-preview:-1"},"canonical":"https:\/\/locaterisk.com\/fr\/jobs\/","og_locale":"fr_FR","og_type":"article","og_title":"Aktuelle Jobs - LocateRisk","og_description":"Aktuelle Stellenausschreibungen Mehr erfahren, Demo buchen oder einfach mal kurz austauschen? Wir freuen uns! Ihr AnsprechpartnerLukas BaumannBeratung Jetzt Kontakt aufnehmen","og_url":"https:\/\/locaterisk.com\/fr\/jobs\/","og_site_name":"LocateRisk","article_modified_time":"2025-09-16T07:09:33+00:00","og_image":[{"url":"https:\/\/locaterisk.com\/wp-content\/uploads\/2025\/06\/Lukas_Baumann_LocateRisk-300.png","type":"","width":"","height":""}],"twitter_card":"summary_large_image","twitter_misc":{"Dur\u00e9e de lecture estim\u00e9e":"4 minutes"},"schema":{"@context":"https:\/\/schema.org","@graph":[{"@type":"WebPage","@id":"https:\/\/locaterisk.com\/jobs\/","url":"https:\/\/locaterisk.com\/jobs\/","name":"Emplois actuels - LocateRisk","isPartOf":{"@id":"https:\/\/locaterisk.com\/de\/#website"},"primaryImageOfPage":{"@id":"https:\/\/locaterisk.com\/jobs\/#primaryimage"},"image":{"@id":"https:\/\/locaterisk.com\/jobs\/#primaryimage"},"thumbnailUrl":"https:\/\/locaterisk.com\/wp-content\/uploads\/2025\/06\/Lukas_Baumann_LocateRisk-300.png","datePublished":"2020-11-04T20:45:07+00:00","dateModified":"2025-09-16T07:09:33+00:00","breadcrumb":{"@id":"https:\/\/locaterisk.com\/jobs\/#breadcrumb"},"inLanguage":"fr-FR","potentialAction":[{"@type":"ReadAction","target":["https:\/\/locaterisk.com\/jobs\/"]}]},{"@type":"ImageObject","inLanguage":"fr-FR","@id":"https:\/\/locaterisk.com\/jobs\/#primaryimage","url":"https:\/\/locaterisk.com\/wp-content\/uploads\/2025\/06\/Lukas_Baumann_LocateRisk-300.png","contentUrl":"https:\/\/locaterisk.com\/wp-content\/uploads\/2025\/06\/Lukas_Baumann_LocateRisk-300.png"},{"@type":"BreadcrumbList","@id":"https:\/\/locaterisk.com\/jobs\/#breadcrumb","itemListElement":[{"@type":"ListItem","position":1,"name":"Home","item":"https:\/\/locaterisk.com\/"},{"@type":"ListItem","position":2,"name":"Aktuelle Jobs"}]},{"@type":"WebSite","@id":"https:\/\/locaterisk.com\/de\/#website","url":"https:\/\/locaterisk.com\/de\/","name":"LocateRisk","description":"Mesurer et comparer la s\u00e9curit\u00e9 informatique","publisher":{"@id":"https:\/\/locaterisk.com\/de\/#organization"},"potentialAction":[{"@type":"SearchAction","target":{"@type":"EntryPoint","urlTemplate":"https:\/\/locaterisk.com\/de\/?s={search_term_string}"},"query-input":{"@type":"PropertyValueSpecification","valueRequired":true,"valueName":"search_term_string"}}],"inLanguage":"fr-FR"},{"@type":"Organization","@id":"https:\/\/locaterisk.com\/de\/#organization","name":"LocateRisk","url":"https:\/\/locaterisk.com\/de\/","logo":{"@type":"ImageObject","inLanguage":"fr-FR","@id":"https:\/\/locaterisk.com\/de\/#\/schema\/logo\/image\/","url":"https:\/\/locaterisk.com\/wp-content\/uploads\/2020\/11\/Kettenglieder_V0216-9.jpg","contentUrl":"https:\/\/locaterisk.com\/wp-content\/uploads\/2020\/11\/Kettenglieder_V0216-9.jpg","width":1920,"height":1080,"caption":"LocateRisk"},"image":{"@id":"https:\/\/locaterisk.com\/de\/#\/schema\/logo\/image\/"},"sameAs":["https:\/\/www.linkedin.com\/company\/locaterisk\/"]}]}},"_links":{"self":[{"href":"https:\/\/locaterisk.com\/fr\/wp-json\/wp\/v2\/pages\/900","targetHints":{"allow":["GET"]}}],"collection":[{"href":"https:\/\/locaterisk.com\/fr\/wp-json\/wp\/v2\/pages"}],"about":[{"href":"https:\/\/locaterisk.com\/fr\/wp-json\/wp\/v2\/types\/page"}],"author":[{"embeddable":true,"href":"https:\/\/locaterisk.com\/fr\/wp-json\/wp\/v2\/users\/6"}],"replies":[{"embeddable":true,"href":"https:\/\/locaterisk.com\/fr\/wp-json\/wp\/v2\/comments?post=900"}],"version-history":[{"count":22,"href":"https:\/\/locaterisk.com\/fr\/wp-json\/wp\/v2\/pages\/900\/revisions"}],"predecessor-version":[{"id":6521,"href":"https:\/\/locaterisk.com\/fr\/wp-json\/wp\/v2\/pages\/900\/revisions\/6521"}],"wp:attachment":[{"href":"https:\/\/locaterisk.com\/fr\/wp-json\/wp\/v2\/media?parent=900"}],"curies":[{"name":"wp","href":"https:\/\/api.w.org\/{rel}","templated":true}]}}